{"id":14290,"date":"2023-03-13T08:46:19","date_gmt":"2023-03-13T08:46:19","guid":{"rendered":"https:\/\/sinoptix.eu\/about-us\/customer-references\/"},"modified":"2023-05-30T02:43:06","modified_gmt":"2023-05-30T02:43:06","slug":"kundenreferenzen","status":"publish","type":"page","link":"https:\/\/sinoptix.eu\/de\/uber-uns\/kundenreferenzen\/","title":{"rendered":"Kundenreferenzen"},"content":{"rendered":"<section  class='av_textblock_section av-lf2d8vm4-a50799ea640a6b67800c1010203e8ffb '   itemscope=\"itemscope\" itemtype=\"https:\/\/schema.org\/CreativeWork\" ><div class='avia_textblock'  itemprop=\"text\" ><h1>Kundenreferenzen<\/h1>\n<p>Da ein zufriedener Kunde mehr \u00fcber unsere Qualit\u00e4t aussagt als tonnenweise Marketing-Inhalte, stellen wir hier offen im Internet ver\u00f6ffentlichte Kommentare \u00fcber von uns gelieferte und von unseren Kunden verwendete Teile zur Verf\u00fcgung.<\/p>\n<p>Es wurden zahlreiche NDAs unterzeichnet und SINOPTIX h\u00e4lt sich zu 100% daran, daher beziehen wir uns hier nur auf offen zug\u00e4ngliche Informationen \u00fcber Kunden und Projekte.<\/p>\n<\/div><\/section>\n\n<style type=\"text\/css\" data-created_by=\"avia_inline_auto\" id=\"style-css-av-n9t8wyz-30323440bbc0ec61f34f0aa5094d43b1\">\n#top .hr.hr-invisible.av-n9t8wyz-30323440bbc0ec61f34f0aa5094d43b1{\nheight:30px;\n}\n<\/style>\n<div  class='hr av-n9t8wyz-30323440bbc0ec61f34f0aa5094d43b1 hr-invisible  avia-builder-el-1  el_after_av_textblock  el_before_av_textblock '><span class='hr-inner '><span class=\"hr-inner-style\"><\/span><\/span><\/div>\n<section  class='av_textblock_section av-lf2db6lj-229db0f1bba73d221ff74268b5cff1df '   itemscope=\"itemscope\" itemtype=\"https:\/\/schema.org\/CreativeWork\" ><div class='avia_textblock'  itemprop=\"text\" ><h2>Tabelle der Kundenreferenzen<\/h2>\n<\/div><\/section>\n<div class='avia-data-table-wrap av-85mefbf-66e5589e33228871f33f321479104c46 avia_responsive_table avia-table-1'><table  class='avia-table avia-data-table avia_pricing_default  avia-builder-el-3  el_after_av_textblock  el_before_av_textblock '  itemscope=\"itemscope\" itemtype=\"https:\/\/schema.org\/Table\" ><caption>SINOPTIX components users feedback<\/caption><tbody><tr class='avia-heading-row'><th class=''>Kunde<\/th><th class=''>Land<\/th><th class=''>Gelieferte Komponente<\/th><th class=''>Detail zum Projekt<\/th><th class=''>Link<\/th><\/tr><tr class=''><td class=''>NTUT &#8211; Norwegian University of Science and Technology<\/td><td class=''>Norwegen<\/td><td class=''>ZnS &#8211; Zinksulfidprisma<\/td><td class=''>Faseroptische Kopplung eines Quantenkaskadenlasers f\u00fcr Messungen der abgeschw\u00e4chten Gesamtreflexion f\u00fcr biomedizinische Anwendungen.<\/td><td class=''><a href=\"https:\/\/www.ncbi.nlm.nih.gov\/pmc\/articles\/PMC6929073\/\n\" target=\"_blank\" rel=\"noopener\">National Library of Medicine article.<\/a><\/td><\/tr><tr class=''><td class=''>Nicolas Lefaudeux<\/td><td class=''>Frankreich<\/td><td class=''>D50mm, H-ZF13 Keilfenster &#038; Doppellinse (H-K10 + H-FK61) f\u00fcr kundenspezifische ADC (Atmospheric Dispersion Corrector)<\/td><td class=''>HDR-Astrofotografie einer Sonnenfinsternis. <\/td><td class=''><a href=\"https:\/\/hdr-astrophotography.com\/high-resolution-2019-total-solar-eclipse\/\" target=\"_blank\" rel=\"noopener\">HDR photography Website<\/a><\/td><\/tr><tr class=''><td class=''>Space Laser Awarness<\/td><td class=''>USA<\/td><td class=''>JGS1 (Quarzglas), D296mm, Lambda\/4-Polieren, 7\u00b0-Winkel-Keilprisma<\/td><td class=''>Laserastronomie<\/td><td class=''><a href=\"http:\/\/www.spacelaserawareness.org\/wedge-prism\/\" target=\"_blank\" rel=\"noopener\">Space Laser awareness website<\/a><\/td><\/tr><tr class=''><td class=''>Victoria University of Wellington <\/td><td class=''>Neuseeland<\/td><td class=''>BF33 Schott<br \/>\n60\u00b0, 20\/10 Kratz-\/Dig-Prismen<\/td><td class=''>Ultraglatter D\u00fcnnfilm und<br \/>\nNanostrukturen<br \/>\nHerstellung von Strukturen zur Erweiterung der<br \/>\nGrenzen der optischen Mikroskopie<\/td><td class=''><a href=\"https:\/\/researcharchive.vuw.ac.nz\/xmlui\/bitstream\/handle\/10063\/5432\/thesis.pdf?sequence=1\" target=\"_blank\" rel=\"noopener\">Download thesis PDF<\/a><\/td><\/tr><tr class=''><td class=''>Observatoire de Paris<\/td><td class=''>Frankreich<\/td><td class=''>H-ZF52, 1,5 mm optisches Prisma mit konkaver Linse auf einer Oberfl\u00e4che. <\/td><td class=''>Glasfaserverbindungen f\u00fcr das WEAVE-Ger\u00e4t<\/td><td class=''><a href=\"https:\/\/ora.ox.ac.uk\/objects\/uuid:46147fb6-f7c3-43e5-8e6b-d043b3477a1a\/download_file?safe_filename=114502F.pdf&#038;file_format=pdf&#038;type_of_work=Journal+article\" target=\"_blank\" rel=\"noopener\">SPIE digital library on Oxford University Research Archive<\/a><\/td><\/tr><tr class=''><td class=''>Space Laser Awarness<\/td><td class=''>USA<\/td><td class=''>CDGM F4, Lamdba \/4, Keilprisma <\/td><td class=''>Laserkommunikation mit Proxima und Alpha Centauri durch die Gravitationslinse der Sonne<\/td><td class=''><a href=\"https:\/\/academic.oup.com\/mnras\/article\/509\/3\/3798\/6409837\" target=\"_blank\" rel=\"noopener\">Oxford academic : Monthly notice of the Royal Astronomical Society<\/a><\/td><\/tr><tr class=''><td class=''>NTUT<\/td><td class=''>Norwegen<\/td><td class=''>24x6x2.4mm ZnS prismen<\/td><td class=''>Abstimmbarer Laser im mittleren Infrarot<br \/>\nSpektroskopie f\u00fcr Glukosesensorik<br \/>\n<\/td><td class=''><a href=\"https:\/\/ntnuopen.ntnu.no\/ntnu-xmlui\/bitstream\/handle\/11250\/2670937\/Ine_Jernelv_PhD.pdf?sequence=1\" target=\"_blank\" rel=\"noopener\">NTUT link to Doctoral Thesis PDF<\/a><\/td><\/tr><\/tbody><\/table><\/div><style type='text\/css'>.avia-table-1 td:nth-of-type(1):before { content: 'Kunde'; } .avia-table-1 td:nth-of-type(2):before { content: 'Land'; } .avia-table-1 td:nth-of-type(3):before { content: 'Gelieferte Komponente'; } .avia-table-1 td:nth-of-type(4):before { content: 'Detail zum Projekt'; } .avia-table-1 td:nth-of-type(5):before { content: 'Link'; } <\/style>\n<section  class='av_textblock_section av-lf2daawz-3510120010ee5239704af86f657171f8 '   itemscope=\"itemscope\" itemtype=\"https:\/\/schema.org\/CreativeWork\" ><div class='avia_textblock'  itemprop=\"text\" ><p>Sie sind bereits Kunde von SINOPTIX? Z\u00f6gern Sie nicht, von uns zu sprechen und uns dar\u00fcber zu informieren, damit wir einen Link zu Ihrer Website \/ Ihren Kommentaren einrichten k\u00f6nnen.<\/p>\n<\/div><\/section>\n\n<style type=\"text\/css\" data-created_by=\"avia_inline_auto\" id=\"style-css-av-mccx6z-b1f22c93116d671bffcdbc57fea2be13\">\n#top .hr.hr-invisible.av-mccx6z-b1f22c93116d671bffcdbc57fea2be13{\nheight:30px;\n}\n<\/style>\n<div  class='hr av-mccx6z-b1f22c93116d671bffcdbc57fea2be13 hr-invisible  avia-builder-el-5  el_after_av_textblock  el_before_av_textblock '><span class='hr-inner '><span class=\"hr-inner-style\"><\/span><\/span><\/div>\n<section  class='av_textblock_section av-lf2dbosa-713974d336b2ce97671665f057e923f2 '   itemscope=\"itemscope\" itemtype=\"https:\/\/schema.org\/CreativeWork\" ><div class='avia_textblock'  itemprop=\"text\" ><h2>Andere SINOPTIX-Kunden<\/h2>\n<\/div><\/section>\n\n<style type=\"text\/css\" data-created_by=\"avia_inline_auto\" id=\"style-css-av-oos6rv-19fb051ca2dcd8031dcfeed09ea0a82f\">\n.avia-logo-element-container.av-oos6rv-19fb051ca2dcd8031dcfeed09ea0a82f .av-partner-fake-img{\nbackground-size:cover;\n}\n<\/style>\n<div  class='avia-logo-element-container av-oos6rv-19fb051ca2dcd8031dcfeed09ea0a82f avia-logo-grid avia-content-slider avia-smallarrow-slider avia-content-grid-active noHover avia-content-slider-even  avia-builder-el-7  el_after_av_textblock  avia-builder-el-last  avia-content-slider1' ><div class='avia-smallarrow-slider-heading  no-logo-slider-heading '><div class='new-special-heading'>&nbsp;<\/div><\/div><div class=\"avia-content-slider-inner\"><div class=\"slide-entry-wrap\"><div data-avia-tooltip=\"Aalto University\" class='slide-entry av-lf6i82am-9bade0f9c4d87a04c8eb625f692d27c8 flex_column no_margin av_one_eighth real-thumbnail post-entry slide-entry-overview slide-loop-1 slide-parity-odd  first'><a href=\"https:\/\/www.aalto.fi\/\" data-rel=\"slide-1\" class=\"slide-image\" title=\"\" target=\"_blank\" rel=\"noopener\"><span class='av-partner-fake-img' style='padding-bottom:94.135802469136%; background-image:url(https:\/\/sinoptix.eu\/wp-content\/uploads\/2023\/03\/aalto.jpg);'><\/span><\/a><\/div><div data-avia-tooltip=\"Fraunhofer\" class='slide-entry av-li9obmia-010374cfd069a2011bd15f3da23edd08 flex_column no_margin av_one_eighth real-thumbnail post-entry slide-entry-overview slide-loop-2 slide-parity-even  '><span class='av-partner-fake-img' style='padding-bottom:94.135802469136%; background-image:url(https:\/\/sinoptix.eu\/wp-content\/uploads\/2023\/05\/fhg.svg);'><\/span><\/div><div  class='slide-entry av-lf6icsh6-453ace24b3028844ca6000f5ca567252 flex_column no_margin av_one_eighth real-thumbnail post-entry slide-entry-overview slide-loop-3 slide-parity-odd  '><a href=\"https:\/\/www.cea.fr\/\" data-rel=\"slide-1\" class=\"slide-image\" title=\"\" target=\"_blank\" rel=\"noopener\"><span class='av-partner-fake-img' style='padding-bottom:94.135802469136%; background-image:url(https:\/\/sinoptix.eu\/wp-content\/uploads\/2023\/03\/cea.jpg);'><\/span><\/a><\/div><div  class='slide-entry av-lf6if894-e6adfdacd7830110d4889cc3d10f107a flex_column no_margin av_one_eighth real-thumbnail post-entry slide-entry-overview slide-loop-4 slide-parity-even  '><a href=\"https:\/\/centralelille.fr\/\" data-rel=\"slide-1\" class=\"slide-image\" title=\"\" target=\"_blank\" rel=\"noopener\"><span class='av-partner-fake-img' style='padding-bottom:94.135802469136%; background-image:url(https:\/\/sinoptix.eu\/wp-content\/uploads\/2023\/03\/Centrale-Lille@x2.png);'><\/span><\/a><\/div><div  class='slide-entry av-lf6ihjr3-f4c5db28428888cb348952542ca19981 flex_column no_margin av_one_eighth real-thumbnail post-entry slide-entry-overview slide-loop-5 slide-parity-odd  '><a href=\"https:\/\/www.cesyco.com\/\" data-rel=\"slide-1\" class=\"slide-image\" title=\"\" target=\"_blank\" rel=\"noopener\"><span class='av-partner-fake-img' style='padding-bottom:94.135802469136%; background-image:url(https:\/\/sinoptix.eu\/wp-content\/uploads\/2023\/03\/logo-CESYCO-1.webp);'><\/span><\/a><\/div><div  class='slide-entry av-lf6ij6la-391c171ca68da8d5a47fa593115d30fe flex_column no_margin av_one_eighth real-thumbnail post-entry slide-entry-overview slide-loop-6 slide-parity-even  '><a href=\"https:\/\/www.cnrs.fr\/\" data-rel=\"slide-1\" class=\"slide-image\" title=\"\" target=\"_blank\" rel=\"noopener\"><span class='av-partner-fake-img' style='padding-bottom:94.135802469136%; background-image:url(https:\/\/sinoptix.eu\/wp-content\/uploads\/2023\/03\/cnrs.svg);'><\/span><\/a><\/div><div  class='slide-entry av-lf6imm25-b98c8826a2e62a5d0d40a8916d0cadc3 flex_column no_margin av_one_eighth real-thumbnail post-entry slide-entry-overview slide-loop-7 slide-parity-odd  '><a href=\"https:\/\/www.polytechnique.edu\/\" data-rel=\"slide-1\" class=\"slide-image\" title=\"\" target=\"_blank\" rel=\"noopener\"><span class='av-partner-fake-img' style='padding-bottom:94.135802469136%; background-image:url(https:\/\/sinoptix.eu\/wp-content\/uploads\/2023\/03\/x.jpg);'><\/span><\/a><\/div><div  class='slide-entry av-lf6iq2ve-6d67ae2989a71b3787826a8c27aad65c flex_column no_margin av_one_eighth real-thumbnail post-entry slide-entry-overview slide-loop-8 slide-parity-even  '><a href=\"https:\/\/goodmanmedical.ie\/\" data-rel=\"slide-1\" class=\"slide-image\" title=\"\" target=\"_blank\" rel=\"noopener\"><span class='av-partner-fake-img' style='padding-bottom:94.135802469136%; background-image:url(https:\/\/sinoptix.eu\/wp-content\/uploads\/2023\/03\/goodman-medical.jpg);'><\/span><\/a><\/div><\/div><div class=\"slide-entry-wrap\"><div  class='slide-entry av-lf6itqhp-6e3cd759313844701c46057549f5d23f flex_column no_margin av_one_eighth real-thumbnail post-entry slide-entry-overview slide-loop-9 slide-parity-odd  first'><a href=\"http:\/\/www.hanamuraoptics.com\/\" data-rel=\"slide-1\" class=\"slide-image\" title=\"\" target=\"_blank\" rel=\"noopener\"><span class='av-partner-fake-img' style='padding-bottom:94.135802469136%; background-image:url(https:\/\/sinoptix.eu\/wp-content\/uploads\/2023\/03\/hanamura-optics.jpg);'><\/span><\/a><\/div><div  class='slide-entry av-lf6iwmvc-0ed6f5cc1de0f1b375645adbb56173f5 flex_column no_margin av_one_eighth real-thumbnail post-entry slide-entry-overview slide-loop-10 slide-parity-even  '><a href=\"https:\/\/www.icfo.eu\/\" data-rel=\"slide-1\" class=\"slide-image\" title=\"\" target=\"_blank\" rel=\"noopener\"><span class='av-partner-fake-img' style='padding-bottom:94.135802469136%; background-image:url(https:\/\/sinoptix.eu\/wp-content\/uploads\/2023\/03\/ICFO.svg);'><\/span><\/a><\/div><div  class='slide-entry av-lf6iz26r-9f83ab9bbe8ef96fb0290753a011ef28 flex_column no_margin av_one_eighth real-thumbnail post-entry slide-entry-overview slide-loop-11 slide-parity-odd  '><a href=\"https:\/\/www.ifremer.fr\/\" data-rel=\"slide-1\" class=\"slide-image\" title=\"\" target=\"_blank\" rel=\"noopener\"><span class='av-partner-fake-img' style='padding-bottom:94.135802469136%; background-image:url(https:\/\/sinoptix.eu\/wp-content\/uploads\/2023\/03\/ifremer.jpg);'><\/span><\/a><\/div><div  class='slide-entry av-lf6j316q-ce8cebed557f8cae960cdca003643ab8 flex_column no_margin av_one_eighth real-thumbnail post-entry slide-entry-overview slide-loop-12 slide-parity-even  '><a href=\"https:\/\/imt-nord-europe.fr\/\" data-rel=\"slide-1\" class=\"slide-image\" title=\"\" target=\"_blank\" rel=\"noopener\"><span class='av-partner-fake-img' style='padding-bottom:94.135802469136%; background-image:url(https:\/\/sinoptix.eu\/wp-content\/uploads\/2023\/03\/IMT.png);'><\/span><\/a><\/div><div  class='slide-entry av-lf6j74fy-e11a85024f389744c9a49561d3e5d4cd flex_column no_margin av_one_eighth real-thumbnail post-entry slide-entry-overview slide-loop-13 slide-parity-odd  '><a href=\"https:\/\/www.ino.ca\/\" data-rel=\"slide-1\" class=\"slide-image\" title=\"\" target=\"_blank\" rel=\"noopener\"><span class='av-partner-fake-img' style='padding-bottom:94.135802469136%; background-image:url(https:\/\/sinoptix.eu\/wp-content\/uploads\/2023\/03\/INO.jpg);'><\/span><\/a><\/div><div  class='slide-entry av-lf6j8w7z-9125b79db4f7d95ea6ef7936d3040097 flex_column no_margin av_one_eighth real-thumbnail post-entry slide-entry-overview slide-loop-14 slide-parity-even  '><a href=\"https:\/\/www.integralife.com\/\" data-rel=\"slide-1\" class=\"slide-image\" title=\"\" target=\"_blank\" rel=\"noopener\"><span class='av-partner-fake-img' style='padding-bottom:94.135802469136%; background-image:url(https:\/\/sinoptix.eu\/wp-content\/uploads\/2023\/03\/integra.png);'><\/span><\/a><\/div><div  class='slide-entry av-lf6jdn0a-ab3485c3632021abaeb9847dc98c6b2b flex_column no_margin av_one_eighth real-thumbnail post-entry slide-entry-overview slide-loop-15 slide-parity-odd  '><a href=\"https:\/\/lambda-x.com\/\" data-rel=\"slide-1\" class=\"slide-image\" title=\"\" target=\"_blank\" rel=\"noopener\"><span class='av-partner-fake-img' style='padding-bottom:94.135802469136%; background-image:url(https:\/\/sinoptix.eu\/wp-content\/uploads\/2023\/03\/lambda-x.jpg);'><\/span><\/a><\/div><div  class='slide-entry av-lf6jfdxq-b94089206a7c07c40ce58add0062314e flex_column no_margin av_one_eighth real-thumbnail post-entry slide-entry-overview slide-loop-16 slide-parity-even  '><a href=\"https:\/\/www.lmu.de\/en\/\" data-rel=\"slide-1\" class=\"slide-image\" title=\"\" target=\"_blank\" rel=\"noopener\"><span class='av-partner-fake-img' style='padding-bottom:94.135802469136%; background-image:url(https:\/\/sinoptix.eu\/wp-content\/uploads\/2023\/03\/Logo_LMU.svg);'><\/span><\/a><\/div><\/div><div class=\"slide-entry-wrap\"><div  class='slide-entry av-lf6jitqo-247227e8fa9139ed74acf89553cf429c flex_column no_margin av_one_eighth real-thumbnail post-entry slide-entry-overview slide-loop-17 slide-parity-odd  first'><a href=\"https:\/\/lukasiewicz.gov.pl\/en\/\" data-rel=\"slide-1\" class=\"slide-image\" title=\"\" target=\"_blank\" rel=\"noopener\"><span class='av-partner-fake-img' style='padding-bottom:94.135802469136%; background-image:url(https:\/\/sinoptix.eu\/wp-content\/uploads\/2023\/03\/Lukasiewicz_Siec_EN_podstawowy_pozytyw_normal4.svg);'><\/span><\/a><\/div><div  class='slide-entry av-lf6jmvje-0593f3c79f0a98a5648075a9f4061dc2 flex_column no_margin av_one_eighth real-thumbnail post-entry slide-entry-overview slide-loop-18 slide-parity-even  '><a href=\"https:\/\/www.ntnu.edu\/\" data-rel=\"slide-1\" class=\"slide-image\" title=\"\" target=\"_blank\" rel=\"noopener\"><span class='av-partner-fake-img' style='padding-bottom:94.135802469136%; background-image:url(https:\/\/sinoptix.eu\/wp-content\/uploads\/2023\/03\/logo_ntnu.svg);'><\/span><\/a><\/div><div  class='slide-entry av-lf6jqgd1-84637ccb113d8a951c5b419316ba9dc3 flex_column no_margin av_one_eighth real-thumbnail post-entry slide-entry-overview slide-loop-19 slide-parity-odd  '><a href=\"https:\/\/www.observatoiredeparis.psl.eu\/\" data-rel=\"slide-1\" class=\"slide-image\" title=\"\" target=\"_blank\" rel=\"noopener\"><span class='av-partner-fake-img' style='padding-bottom:94.135802469136%; background-image:url(https:\/\/sinoptix.eu\/wp-content\/uploads\/2023\/03\/obs.jpg);'><\/span><\/a><\/div><div  class='slide-entry av-lf6jsaod-3a7578687304defa2610247c527a2b73 flex_column no_margin av_one_eighth real-thumbnail post-entry slide-entry-overview slide-loop-20 slide-parity-even  '><a href=\"https:\/\/www.rwth-aachen.de\/\" data-rel=\"slide-1\" class=\"slide-image\" title=\"\" target=\"_blank\" rel=\"noopener\"><span class='av-partner-fake-img' style='padding-bottom:94.135802469136%; background-image:url(https:\/\/sinoptix.eu\/wp-content\/uploads\/2023\/03\/show_picture.png);'><\/span><\/a><\/div><div  class='slide-entry av-lf6jv23p-96fa5faef4de6679c381ac53b070a5c9 flex_column no_margin av_one_eighth real-thumbnail post-entry slide-entry-overview slide-loop-21 slide-parity-odd  '><a href=\"https:\/\/searchmaster.dk\/\" data-rel=\"slide-1\" class=\"slide-image\" title=\"\" target=\"_blank\" rel=\"noopener\"><span class='av-partner-fake-img' style='padding-bottom:94.135802469136%; background-image:url(https:\/\/sinoptix.eu\/wp-content\/uploads\/2023\/03\/searchmaster.png);'><\/span><\/a><\/div><div  class='slide-entry av-lf6jxufd-9f1607bedcc3d8ff73c358561e5df22b flex_column no_margin av_one_eighth real-thumbnail post-entry slide-entry-overview slide-loop-22 slide-parity-even  '><a href=\"https:\/\/silicon-austria-labs.com\/\" data-rel=\"slide-1\" class=\"slide-image\" title=\"\" target=\"_blank\" rel=\"noopener\"><span class='av-partner-fake-img' style='padding-bottom:94.135802469136%; background-image:url(https:\/\/sinoptix.eu\/wp-content\/uploads\/2023\/03\/sal-silicon-austria-labs-logo.svg);'><\/span><\/a><\/div><div  class='slide-entry av-lf6k1csk-284f6b550b0ab27b4e4c9e24790a10b9 flex_column no_margin av_one_eighth real-thumbnail post-entry slide-entry-overview slide-loop-23 slide-parity-odd  '><a href=\"https:\/\/www.tuni.fi\/en\" data-rel=\"slide-1\" class=\"slide-image\" title=\"\" target=\"_blank\" rel=\"noopener\"><span class='av-partner-fake-img' style='padding-bottom:94.135802469136%; background-image:url(https:\/\/sinoptix.eu\/wp-content\/uploads\/2023\/03\/tampere-univ.jpg);'><\/span><\/a><\/div><div  class='slide-entry av-lf6k41zt-4ee57f7e126d06905ca92aead0f9ede9 flex_column no_margin av_one_eighth real-thumbnail post-entry slide-entry-overview slide-loop-24 slide-parity-even  '><a href=\"https:\/\/www.tuwien.at\/\" data-rel=\"slide-1\" class=\"slide-image\" title=\"\" target=\"_blank\" rel=\"noopener\"><span class='av-partner-fake-img' style='padding-bottom:94.135802469136%; background-image:url(https:\/\/sinoptix.eu\/wp-content\/uploads\/2023\/03\/tu-wien.jpg);'><\/span><\/a><\/div><\/div><div class=\"slide-entry-wrap\"><div  class='slide-entry av-lf6k8yvz-f4ebbd03db7ba22f4b40baa777e7030e flex_column no_margin av_one_eighth real-thumbnail post-entry slide-entry-overview slide-loop-25 slide-parity-odd  first'><a href=\"https:\/\/www.trios.de\/en\/\" data-rel=\"slide-1\" class=\"slide-image\" title=\"\" target=\"_blank\" rel=\"noopener\"><span class='av-partner-fake-img' style='padding-bottom:94.135802469136%; background-image:url(https:\/\/sinoptix.eu\/wp-content\/uploads\/2023\/03\/TriOS_Logo.png);'><\/span><\/a><\/div><div  class='slide-entry av-lf6kd7ld-518ab8fddeb9244c92bb8983eeb84cfa flex_column no_margin av_one_eighth real-thumbnail post-entry slide-entry-overview slide-loop-26 slide-parity-even  '><a href=\"https:\/\/www.ucsb.edu\/\" data-rel=\"slide-1\" class=\"slide-image\" title=\"\" target=\"_blank\" rel=\"noopener\"><span class='av-partner-fake-img' style='padding-bottom:94.135802469136%; background-image:url(https:\/\/sinoptix.eu\/wp-content\/uploads\/2023\/03\/UCSB.jpg);'><\/span><\/a><\/div><div  class='slide-entry av-lf6kerhu-cd549c05a2be7966e3c03f716b2547a1 flex_column no_margin av_one_eighth real-thumbnail post-entry slide-entry-overview slide-loop-27 slide-parity-odd  '><a href=\"https:\/\/www.univ-lorraine.fr\/\" data-rel=\"slide-1\" class=\"slide-image\" title=\"\" target=\"_blank\" rel=\"noopener\"><span class='av-partner-fake-img' style='padding-bottom:94.135802469136%; background-image:url(https:\/\/sinoptix.eu\/wp-content\/uploads\/2023\/03\/LOGO_UL.png);'><\/span><\/a><\/div><div  class='slide-entry av-lf6ki6kn-887e3e5a13ad40ac7921fd6f97974b45 flex_column no_margin av_one_eighth real-thumbnail post-entry slide-entry-overview slide-loop-28 slide-parity-even  '><a href=\"https:\/\/www.ovgu.de\/\" data-rel=\"slide-1\" class=\"slide-image\" title=\"\" target=\"_blank\" rel=\"noopener\"><span class='av-partner-fake-img' style='padding-bottom:94.135802469136%; background-image:url(https:\/\/sinoptix.eu\/wp-content\/uploads\/2023\/03\/logo_std.png);'><\/span><\/a><\/div><div  class='slide-entry av-lf6kjncx-0734d05aa02ceaa950a6730afe76ecc4 flex_column no_margin av_one_eighth real-thumbnail post-entry slide-entry-overview slide-loop-29 slide-parity-odd  '><a href=\"https:\/\/www.univ-grenoble-alpes.fr\/\" data-rel=\"slide-1\" class=\"slide-image\" title=\"\" target=\"_blank\" rel=\"noopener\"><span class='av-partner-fake-img' style='padding-bottom:94.135802469136%; background-image:url(https:\/\/sinoptix.eu\/wp-content\/uploads\/2023\/03\/UGA.svg);'><\/span><\/a><\/div><div  class='slide-entry av-lf6klemm-820216984708fe9a4c1ea416cf2eb51b flex_column no_margin av_one_eighth real-thumbnail post-entry slide-entry-overview slide-loop-30 slide-parity-even  '><a href=\"https:\/\/www.auckland.ac.nz\/en.html\" data-rel=\"slide-1\" class=\"slide-image\" title=\"\" target=\"_blank\" rel=\"noopener\"><span class='av-partner-fake-img' style='padding-bottom:94.135802469136%; background-image:url(https:\/\/sinoptix.eu\/wp-content\/uploads\/2023\/03\/univ-auckland.jpg);'><\/span><\/a><\/div><div  class='slide-entry av-lf6kms52-0c8055e99f0dbc3bb93d4efd3263107f flex_column no_margin av_one_eighth real-thumbnail post-entry slide-entry-overview slide-loop-31 slide-parity-odd  '><a href=\"https:\/\/www.exeter.ac.uk\/\" data-rel=\"slide-1\" class=\"slide-image\" title=\"\" target=\"_blank\" rel=\"noopener\"><span class='av-partner-fake-img' style='padding-bottom:94.135802469136%; background-image:url(https:\/\/sinoptix.eu\/wp-content\/uploads\/2023\/03\/uoe-logo.svg);'><\/span><\/a><\/div><div  class='slide-entry av-lf6kpe0r-bcd571071d493755e591cfeb5e844dc5 flex_column no_margin av_one_eighth real-thumbnail post-entry slide-entry-overview slide-loop-32 slide-parity-even  '><a href=\"https:\/\/www.ox.ac.uk\/\" data-rel=\"slide-1\" class=\"slide-image\" title=\"\" target=\"_blank\" rel=\"noopener\"><span class='av-partner-fake-img' style='padding-bottom:94.135802469136%; background-image:url(https:\/\/sinoptix.eu\/wp-content\/uploads\/2023\/03\/oxford.jpg);'><\/span><\/a><\/div><\/div><div class=\"slide-entry-wrap\"><div  class='slide-entry av-lf6krxev-af444438216ac673984eaf0ab26b344e flex_column no_margin av_one_eighth real-thumbnail post-entry slide-entry-overview slide-loop-33 slide-parity-odd post-entry-last first'><a href=\"https:\/\/www.uni-lj.si\/\" data-rel=\"slide-1\" class=\"slide-image\" title=\"\" target=\"_blank\" rel=\"noopener\"><span class='av-partner-fake-img' style='padding-bottom:94.135802469136%; background-image:url(https:\/\/sinoptix.eu\/wp-content\/uploads\/2023\/03\/univ-lubljana.jpg);'><\/span><\/a><\/div><\/div><\/div><\/div>\n","protected":false},"excerpt":{"rendered":"","protected":false},"author":1,"featured_media":0,"parent":4908,"menu_order":0,"comment_status":"closed","ping_status":"closed","template":"","meta":{"footnotes":""},"class_list":["post-14290","page","type-page","status-publish","hentry"],"_links":{"self":[{"href":"https:\/\/sinoptix.eu\/de\/wp-json\/wp\/v2\/pages\/14290","targetHints":{"allow":["GET"]}}],"collection":[{"href":"https:\/\/sinoptix.eu\/de\/wp-json\/wp\/v2\/pages"}],"about":[{"href":"https:\/\/sinoptix.eu\/de\/wp-json\/wp\/v2\/types\/page"}],"author":[{"embeddable":true,"href":"https:\/\/sinoptix.eu\/de\/wp-json\/wp\/v2\/users\/1"}],"replies":[{"embeddable":true,"href":"https:\/\/sinoptix.eu\/de\/wp-json\/wp\/v2\/comments?post=14290"}],"version-history":[{"count":4,"href":"https:\/\/sinoptix.eu\/de\/wp-json\/wp\/v2\/pages\/14290\/revisions"}],"predecessor-version":[{"id":14995,"href":"https:\/\/sinoptix.eu\/de\/wp-json\/wp\/v2\/pages\/14290\/revisions\/14995"}],"up":[{"embeddable":true,"href":"https:\/\/sinoptix.eu\/de\/wp-json\/wp\/v2\/pages\/4908"}],"wp:attachment":[{"href":"https:\/\/sinoptix.eu\/de\/wp-json\/wp\/v2\/media?parent=14290"}],"curies":[{"name":"wp","href":"https:\/\/api.w.org\/{rel}","templated":true}]}}