{"id":14931,"date":"2023-05-22T09:29:45","date_gmt":"2023-05-22T09:29:45","guid":{"rendered":"https:\/\/sinoptix.eu\/optical-crystals\/"},"modified":"2025-10-10T03:29:14","modified_gmt":"2025-10-10T03:29:14","slug":"optische-kristalle","status":"publish","type":"page","link":"https:\/\/sinoptix.eu\/de\/optische-kristalle\/","title":{"rendered":"Optische Kristalle"},"content":{"rendered":"<section  class='av_textblock_section av-lhyihvbs-aefcf71032ef250334333a76a65a5bd2 '   itemscope=\"itemscope\" itemtype=\"https:\/\/schema.org\/CreativeWork\" ><div class='avia_textblock'  itemprop=\"text\" ><h1>Kristalle<\/h1>\n<\/div><\/section>\n\n<style type=\"text\/css\" data-created_by=\"avia_inline_auto\" id=\"style-css-av-lhymwe2h-3fd5a9d69ab702c87185b23bd5180cf1\">\n.avia-image-container.av-lhymwe2h-3fd5a9d69ab702c87185b23bd5180cf1 img.avia_image{\nbox-shadow:none;\n}\n.avia-image-container.av-lhymwe2h-3fd5a9d69ab702c87185b23bd5180cf1 .av-image-caption-overlay-center{\ncolor:#ffffff;\n}\n<\/style>\n<div  class='avia-image-container av-lhymwe2h-3fd5a9d69ab702c87185b23bd5180cf1 av-styling- avia-align-center  avia-builder-el-1  el_after_av_textblock  el_before_av_textblock '   itemprop=\"image\" itemscope=\"itemscope\" itemtype=\"https:\/\/schema.org\/ImageObject\" ><div class=\"avia-image-container-inner\"><div class=\"avia-image-overlay-wrap\"><img decoding=\"async\" fetchpriority=\"high\" class='wp-image-14923 avia-img-lazy-loading-not-14923 avia_image ' src=\"https:\/\/sinoptix.eu\/wp-content\/uploads\/2023\/05\/optical-crystals-300x86.png\" alt='Optische Kristalle' title='Optische-Kristalle'  height=\"86\" width=\"300\"  itemprop=\"thumbnailUrl\" srcset=\"https:\/\/sinoptix.eu\/wp-content\/uploads\/2023\/05\/optical-crystals-300x86.png 300w, https:\/\/sinoptix.eu\/wp-content\/uploads\/2023\/05\/optical-crystals.png 694w\" sizes=\"(max-width: 300px) 100vw, 300px\" \/><\/div><\/div><\/div>\n<section  class='av_textblock_section av-lhyl2iq7-8276542848d9207ad2f9aaae4c73e673 '   itemscope=\"itemscope\" itemtype=\"https:\/\/schema.org\/CreativeWork\" ><div class='avia_textblock'  itemprop=\"text\" ><p>Kristalle sind feste Materialien mit einem sich wiederholenden Muster der Molekularstruktur, die ein dreidimensionales Gitter bilden.<\/p>\n<h2>Optische Kristalle<\/h2>\n<p>Optische Kristalle werden haupts\u00e4chlich in Labors gez\u00fcchtet und daher als synthetische Kristalle bezeichnet, im Gegensatz zu nat\u00fcrlichen Kristallen, die direkt in der Natur vorkommen.<\/p>\n<p>Jede Art von Kristall weist spezifische optische Eigenschaften auf, die zu einer aktiven Ver\u00e4nderung des Lichts f\u00fchren, das durch sie hindurchgeht.<\/p>\n<p>Diese Eigenschaften sind der Grund, warum sie in vielen verschiedenen photonischen Anwendungen n\u00fctzlich sind.<\/p>\n<h3>Zwei Haupttypen Optischer Kristalle<\/h3>\n<p>Es lassen sich zwei Haupttypen der Lichtmodifikation unterscheiden, die zwei Hauptkristalltypen entsprechen:<\/p>\n<h3>Laserkristalle<\/h3>\n<p>Diese synthetischen Kristalle werden speziell f\u00fcr den Einsatz in Lasern entwickelt. Sie sind ein optisches Verst\u00e4rkungsmedium, d. h. die Kristalle verst\u00e4rken das durch sie hindurchgehende Licht. Aufgrund ihrer guten W\u00e4rmeableitungseigenschaften sind sie in der Lage, die von Lasern erzeugte hohe Leistung zu bew\u00e4ltigen.<\/p>\n<p>Laserkristalle werden h\u00e4ufig in Diodenpumplasern als Verst\u00e4rker des Diodenausgangslichts eingesetzt.<\/p>\n<p>Zu den g\u00e4ngigsten Laserkristallen geh\u00f6ren: <a href=\"https:\/\/sinoptix.eu\/de\/portfolio-item\/ndyag-kristall\/\">nd:YAG<\/a>, Ti:Saphir und Er:YAG.<\/p>\n<p>Die Benennung der Kristalle erfolgt nach folgendem Muster:<\/p>\n<p>dd:XX<\/p>\n<p>Dabei steht dd f\u00fcr den Dotierstoff und XX f\u00fcr das Kristallmaterial, z. B. ist Er:YAG ein mit Erbium dotierter Yttrium-Aluminium-Granat-Kristall.<\/p>\n<h3>Nichtlineare Kristalle<\/h3>\n<p>Nichtlineare Kristalle sorgen nicht f\u00fcr optische Verst\u00e4rkung, sondern ver\u00e4ndern die Eigenschaften des Lichts. So k\u00f6nnen sie beispielsweise die Lichtfrequenz ver\u00e4ndern.<\/p>\n<p>Die gebr\u00e4uchlichsten nichtlinearen Kristalle sind KTP, BBO und LBO.<\/p>\n<\/div><\/section>\n<div  class='avia-button-wrap av-lhynaqpb-0e7ce3d6c3899c32693601ca4a889915-wrap avia-button-center  avia-builder-el-3  el_after_av_textblock  avia-builder-el-last '><a href='https:\/\/sinoptix.eu\/de\/contact-us\/'  class='avia-button av-lhynaqpb-0e7ce3d6c3899c32693601ca4a889915 av-link-btn avia-icon_select-yes-left-icon avia-size-small avia-position-center avia-color-theme-color'   aria-label=\"Anfrage f\u00fcr optische Kristalle\"><span class='avia_button_icon avia_button_icon_left avia-iconfont avia-font-entypo-fontello' data-av_icon='\ue805' data-av_iconfont='entypo-fontello' ><\/span><span class='avia_iconbox_title' >Anfrage f\u00fcr optische Kristalle<\/span><\/a><\/div>\n","protected":false},"excerpt":{"rendered":"","protected":false},"author":1,"featured_media":14923,"parent":0,"menu_order":0,"comment_status":"closed","ping_status":"closed","template":"","meta":{"footnotes":""},"class_list":["post-14931","page","type-page","status-publish","has-post-thumbnail","hentry"],"_links":{"self":[{"href":"https:\/\/sinoptix.eu\/de\/wp-json\/wp\/v2\/pages\/14931","targetHints":{"allow":["GET"]}}],"collection":[{"href":"https:\/\/sinoptix.eu\/de\/wp-json\/wp\/v2\/pages"}],"about":[{"href":"https:\/\/sinoptix.eu\/de\/wp-json\/wp\/v2\/types\/page"}],"author":[{"embeddable":true,"href":"https:\/\/sinoptix.eu\/de\/wp-json\/wp\/v2\/users\/1"}],"replies":[{"embeddable":true,"href":"https:\/\/sinoptix.eu\/de\/wp-json\/wp\/v2\/comments?post=14931"}],"version-history":[{"count":3,"href":"https:\/\/sinoptix.eu\/de\/wp-json\/wp\/v2\/pages\/14931\/revisions"}],"predecessor-version":[{"id":22421,"href":"https:\/\/sinoptix.eu\/de\/wp-json\/wp\/v2\/pages\/14931\/revisions\/22421"}],"wp:featuredmedia":[{"embeddable":true,"href":"https:\/\/sinoptix.eu\/de\/wp-json\/wp\/v2\/media\/14923"}],"wp:attachment":[{"href":"https:\/\/sinoptix.eu\/de\/wp-json\/wp\/v2\/media?parent=14931"}],"curies":[{"name":"wp","href":"https:\/\/api.w.org\/{rel}","templated":true}]}}