{"id":14971,"date":"2023-05-29T09:44:12","date_gmt":"2023-05-29T09:44:12","guid":{"rendered":"https:\/\/sinoptix.eu\/optische-kristalle\/laser-crystals\/"},"modified":"2025-10-10T03:34:39","modified_gmt":"2025-10-10T03:34:39","slug":"laser-kristalle","status":"publish","type":"page","link":"https:\/\/sinoptix.eu\/de\/optische-kristalle\/laser-kristalle\/","title":{"rendered":"Laser-Kristalle"},"content":{"rendered":"<section  class='av_textblock_section av-li03juhj-119a89bca06bd58fc3a5b870d614e54a '   itemscope=\"itemscope\" itemtype=\"https:\/\/schema.org\/CreativeWork\" ><div class='avia_textblock'  itemprop=\"text\" ><h1>Laser-Kristalle<\/h1>\n<\/div><\/section>\n\n<style type=\"text\/css\" data-created_by=\"avia_inline_auto\" id=\"style-css-av-li8ntr2g-a1148b964b7065b9c4cf3f43df8c9c60\">\n.avia-image-container.av-li8ntr2g-a1148b964b7065b9c4cf3f43df8c9c60 img.avia_image{\nbox-shadow:none;\n}\n.avia-image-container.av-li8ntr2g-a1148b964b7065b9c4cf3f43df8c9c60 .av-image-caption-overlay-center{\ncolor:#ffffff;\n}\n<\/style>\n<div  class='avia-image-container av-li8ntr2g-a1148b964b7065b9c4cf3f43df8c9c60 av-styling- avia-align-center  avia-builder-el-1  el_after_av_textblock  el_before_av_textblock '   itemprop=\"image\" itemscope=\"itemscope\" itemtype=\"https:\/\/schema.org\/ImageObject\" ><div class=\"avia-image-container-inner\"><div class=\"avia-image-overlay-wrap\"><img decoding=\"async\" fetchpriority=\"high\" class='wp-image-14965 avia-img-lazy-loading-not-14965 avia_image ' src=\"https:\/\/sinoptix.eu\/wp-content\/uploads\/2023\/05\/laser-crystals2.jpg\" alt='Laser-Kristalle' title='Laser-Kristalle'  height=\"209\" width=\"281\"  itemprop=\"thumbnailUrl\"  \/><\/div><\/div><\/div>\n<section  class='av_textblock_section av-li03o626-219b5d743d4ab34f4bf6d487cb83f92b '   itemscope=\"itemscope\" itemtype=\"https:\/\/schema.org\/CreativeWork\" ><div class='avia_textblock'  itemprop=\"text\" ><p>Laserkristalle werden in Festk\u00f6rperlasern als Verst\u00e4rkungsmedium zur Verst\u00e4rkung von diodengepumptem Licht verwendet. Sie k\u00f6nnen mit nichtlinearen Kristallen gekoppelt werden, um eine Laserleistung mit anderen Eigenschaften als das gepumpte Licht zu erzeugen.<\/p>\n<p>YAG-Kristalle (Yttrium-Aluminium-Granat) weisen eine sehr hohe W\u00e4rmeleitf\u00e4higkeit auf und werden daher h\u00e4ufig zum Pumpen von Lasern verwendet.<\/p>\n<h2>Art der Laserkristalle<\/h2>\n<p>In der untenstehenden Tabelle finden Sie die von uns angebotenen Laserkristalle:<\/p>\n<\/div><\/section>\n<div  class='avia-table av-r3ncjw-3c06b4b2d9a0f279b837817801a69878 main_color avia-pricing-table-container avia_pricing_default  avia-builder-el-3  el_after_av_textblock  el_before_av_textblock  avia-table-1'  itemscope=\"itemscope\" itemtype=\"https:\/\/schema.org\/Table\" ><div class=\"pricing-table-wrap\"><ul class='pricing-table '><li class='avia-heading-row'><div class='first-table-item'>Abk\u00fcrzung<\/div><span class='pricing-extra'><\/span><\/li><li class=''>Nd:YVO4<\/li><li class=''><a href=\"https:\/\/sinoptix.eu\/de\/portfolio-item\/ndyag-kristall\/\">Nd:YAG<\/a><\/li><li class=''>Nd,Ce:YAG<\/li><li class=''>Cr4+:YAG<\/li><li class=''>Yb:YAG<\/li><li class=''>Er:YAG<\/li><li class=''>Ho:YAG<\/li><li class=''>Tm:YAG<\/li><\/ul><\/div><div class=\"pricing-table-wrap\"><ul class='pricing-table '><li class='avia-heading-row'><div class='first-table-item'>Elemente<\/div><span class='pricing-extra'><\/span><\/li><li class=''>Neodym-dotierte Yttrium-Vanadat-Kristalle<\/li><li class=''>Neodym-dotierte Yttrium-Aluminium-Granat-Kristalle<\/li><li class=''>Mit Neodym und Cerium dotierte Yttrium-Aluminium-Granat-Kristalle<\/li><li class=''>Chromdotierte Yttrium-Aluminium-Granat-Kristalle<\/li><li class=''>Ytterbium-dotierte Yttrium-Aluminium-Granat-Kristalle<\/li><li class=''>Erbium-dotierte Yttrium-Aluminium-Granat-Kristalle<\/li><li class=''>Holmium-dotierte Yttrium-Aluminium-Granat-Kristalle<\/li><li class=''>Thulium-dotierte Yttrium-Aluminium-Granat-Kristalle<\/li><\/ul><\/div><div class=\"pricing-table-wrap\"><ul class='pricing-table '><li class='avia-heading-row'><div class='first-table-item'>Einzelheiten<\/div><span class='pricing-extra'><\/span><\/li><li class=''>&#8211; Hohe Schadensschwelle<br \/>\n&#8211; hoher Absorptionskoeffizient<br \/>\n&#8211; gro\u00dfer stimulierter Emissionsquerschnitt<br \/>\n&#8211; uniaxialer Kristall<\/li><li class=''>&#8211; Meistverwendeter Laserkristall<br \/>\n&#8211; Doppelte Fluoreszenzlebensdauer von Nd:YVO4<br \/>\n&#8211; Gute W\u00e4rmeleitf\u00e4higkeit<\/li><li class=''>&#8211; H\u00f6here Ausgangsenergie als Nd:YAG3<br \/>\n&#8211; Starke Absorption im UV-Bereich<\/li><li class=''>&#8211; starke Absorption zwischen 0,8 und 1,2\u00b5m<br \/>\n&#8211; hohe Zerst\u00f6rungsschwelle (>500W\/cm2)<br \/>\n&#8211; Leicht herstellbar<\/li><li class=''>&#8211; Absorptionsbereich vom Sichtbaren bis zum NIR<br \/>\n&#8211; hohe Quanteneffizienz<br \/>\n&#8211; lange Fluoreszenzlebensdauer<\/li><li class=''>&#8211; Mittlere IR-Emission (2,94\u00b5m), nahe dem Absorptionsmaximum von Wasser<br \/><\/li><li class=''>-Emission im mittleren IR-Bereich (insbesondere 2,1 \u00b5m) augensichere Wellenl\u00e4nge<\/li><li class=''>&#8211; Emission im mittleren IR (insbesondere 2,0 &#038; 2,1\u00b5m)<\/li><\/ul><\/div><div class=\"pricing-table-wrap\"><ul class='pricing-table '><li class='avia-heading-row'><div class='first-table-item'>Anwendungen<\/div><span class='pricing-extra'><\/span><\/li><li class=''>&#8211; Kompaktes Design und hohe Leistung<br \/>\n&#8211; Spitzenabsorption bei 808nm<br \/>\n&#8211; Kann durch Frequenzverdopplung gr\u00fcnes, blaues oder UV-Licht erzeugen<\/li><li class=''>&#8211; industrielle, medizinische, milit\u00e4rische und wissenschaftliche Laser<\/li><li class=''>&#8211; Luftgek\u00fchlte Laser<br \/>\n&#8211; Miniatur-Lasersysteme<br \/>\n&#8211; Kann f\u00fcr g\u00fctegeschaltete, gepulste, modengekoppelte Laser verwendet werden<\/li><li class=''>Passiver Q-Switch<\/li><li class=''>&#8211; kann je nach Dotierstoffkonzentration bei 1030nm, 1064nm und 1120nm verwendet werden<br \/>\n&#8211; Lasermarkierung, Mikrobearbeitung, wissenschaftliche Forschungen<\/li><li class=''>&#8211; Zahnmedizinische Laser<br \/>\n&#8211; medizinische Laser<br \/>\n&#8211; Dermatologie-Laser<br \/>\n&#8211; ophthalmologische Laser<\/li><li class=''>&#8211; Ophtalmische Laser<br \/>\n&#8211; Entfernung von Nierensteinen<br \/>\n&#8211; Weichteilablation<br \/>\n&#8211; Abf\u00fchlen<br \/>\n&#8211; LIBS<\/li><li class=''>&#8211; Ophtalmische Laser<br \/>\n&#8211; Entfernung von Nierensteinen<br \/>\n&#8211; Weichteilablation<br \/>\n&#8211; Abtasten<\/li><\/ul><\/div><\/div>\n<section  class='av_textblock_section av-li03upf9-9aba93a782c7bb28847d7b55acb23777 '   itemscope=\"itemscope\" itemtype=\"https:\/\/schema.org\/CreativeWork\" ><div class='avia_textblock'  itemprop=\"text\" ><h2>Kristall Angebot<\/h2>\n<h3>Formen<\/h3>\n<p>Laserkristalle werden in Form von Kristallkugeln hergestellt und k\u00f6nnen in verschiedenen Formen angeboten werden. Die gebr\u00e4uchlichsten Formen sind Zylinder, Platten, Scheiben, Keile und gerillte St\u00e4be.<\/p>\n<h3>Fertigstellung<\/h3>\n<p>Laserkristalle sind hochpr\u00e4zise Optiken, sie werden mit :<\/p>\n<ul>\n<li>Ebenheit bis zu lambda\/10<\/li>\n<li>S&#038;D bis zu 5\/1<\/li>\n<li>Parallelit\u00e4t kann besser als 10 Bogensekunden sein<\/li>\n<li>Rechtwinkligkeit 5 Bogensekunden<\/li>\n<\/ul>\n<h3>Beschichtungen<\/h3>\n<p>Die Kristalle k\u00f6nnen mit AR- und HR-Beschichtungen versehen werden, die bei bestimmten Wellenl\u00e4ngen zentriert sind.<\/p>\n<\/div><\/section>\n","protected":false},"excerpt":{"rendered":"","protected":false},"author":1,"featured_media":14965,"parent":14931,"menu_order":0,"comment_status":"closed","ping_status":"closed","template":"","meta":{"footnotes":""},"class_list":["post-14971","page","type-page","status-publish","has-post-thumbnail","hentry"],"_links":{"self":[{"href":"https:\/\/sinoptix.eu\/de\/wp-json\/wp\/v2\/pages\/14971","targetHints":{"allow":["GET"]}}],"collection":[{"href":"https:\/\/sinoptix.eu\/de\/wp-json\/wp\/v2\/pages"}],"about":[{"href":"https:\/\/sinoptix.eu\/de\/wp-json\/wp\/v2\/types\/page"}],"author":[{"embeddable":true,"href":"https:\/\/sinoptix.eu\/de\/wp-json\/wp\/v2\/users\/1"}],"replies":[{"embeddable":true,"href":"https:\/\/sinoptix.eu\/de\/wp-json\/wp\/v2\/comments?post=14971"}],"version-history":[{"count":3,"href":"https:\/\/sinoptix.eu\/de\/wp-json\/wp\/v2\/pages\/14971\/revisions"}],"predecessor-version":[{"id":22425,"href":"https:\/\/sinoptix.eu\/de\/wp-json\/wp\/v2\/pages\/14971\/revisions\/22425"}],"up":[{"embeddable":true,"href":"https:\/\/sinoptix.eu\/de\/wp-json\/wp\/v2\/pages\/14931"}],"wp:featuredmedia":[{"embeddable":true,"href":"https:\/\/sinoptix.eu\/de\/wp-json\/wp\/v2\/media\/14965"}],"wp:attachment":[{"href":"https:\/\/sinoptix.eu\/de\/wp-json\/wp\/v2\/media?parent=14971"}],"curies":[{"name":"wp","href":"https:\/\/api.w.org\/{rel}","templated":true}]}}