{"id":15013,"date":"2023-05-31T09:20:50","date_gmt":"2023-05-31T09:20:50","guid":{"rendered":"https:\/\/sinoptix.eu\/optische-kristalle\/non-linear-crystals\/"},"modified":"2023-05-31T09:53:24","modified_gmt":"2023-05-31T09:53:24","slug":"nichtlineare-kristalle","status":"publish","type":"page","link":"https:\/\/sinoptix.eu\/de\/optische-kristalle\/nichtlineare-kristalle\/","title":{"rendered":"Nichtlineare Kristalle"},"content":{"rendered":"<section  class='av_textblock_section av-libdbcs5-98aa3d0ba7d113ae7ecd08329f7ec0dc '   itemscope=\"itemscope\" itemtype=\"https:\/\/schema.org\/CreativeWork\" ><div class='avia_textblock'  itemprop=\"text\" ><h1>Nichtlineare Kristalle<\/h1>\n<\/div><\/section>\n<section  class='av_textblock_section av-libg4a1r-2f8ad9d0ad69f901ae87b37e0097430d '   itemscope=\"itemscope\" itemtype=\"https:\/\/schema.org\/CreativeWork\" ><div class='avia_textblock'  itemprop=\"text\" ><p>Nichtlineare Kristalle, auch LNO-Kristalle (f\u00fcr non-linear optics crystals) genannt, sind aufgrund ihrer F\u00e4higkeit, die Eigenschaften des Lichts zu ver\u00e4ndern, in der Laserfertigung sehr beliebt.<\/p>\n<p>Wie der Name schon sagt, weisen sie nichtlineare optische Eigenschaften auf (siehe Erkl\u00e4rung am Ende der Seite), die dazu f\u00fchren, dass sich die Lichteigenschaften beim Durchgang durch die Kristalle ver\u00e4ndern.<\/p>\n<p>Nichtlineare Kristalle zeigen auch Doppelbrechung, d. h. der Brechungsindex \u00e4ndert sich mit der Polarisation des Lichts. Bei ihrer Verwendung ist es wichtig, die Bedingungen f\u00fcr die Phasenanpassung einzuhalten.<\/p>\n<\/div><\/section>\n\n<style type=\"text\/css\" data-created_by=\"avia_inline_auto\" id=\"style-css-av-libdlhuc-dda81783d0221366ac94d543a796e7d1\">\n.avia-image-container.av-libdlhuc-dda81783d0221366ac94d543a796e7d1 img.avia_image{\nbox-shadow:none;\n}\n.avia-image-container.av-libdlhuc-dda81783d0221366ac94d543a796e7d1 .av-image-caption-overlay-center{\ncolor:#ffffff;\n}\n<\/style>\n<div  class='avia-image-container av-libdlhuc-dda81783d0221366ac94d543a796e7d1 av-styling- avia-align-center  avia-builder-el-2  el_after_av_textblock  el_before_av_textblock '   itemprop=\"image\" itemscope=\"itemscope\" itemtype=\"https:\/\/schema.org\/ImageObject\" ><div class=\"avia-image-container-inner\"><div class=\"avia-image-overlay-wrap\"><img decoding=\"async\" fetchpriority=\"high\" class='wp-image-15005 avia-img-lazy-loading-not-15005 avia_image ' src=\"https:\/\/sinoptix.eu\/wp-content\/uploads\/2023\/05\/Non-linear-crystals-300x204.jpg\" alt='non-linear crystals' title='Non-linear-crystals'  height=\"204\" width=\"300\"  itemprop=\"thumbnailUrl\" srcset=\"https:\/\/sinoptix.eu\/wp-content\/uploads\/2023\/05\/Non-linear-crystals-300x204.jpg 300w, https:\/\/sinoptix.eu\/wp-content\/uploads\/2023\/05\/Non-linear-crystals.jpg 339w\" sizes=\"(max-width: 300px) 100vw, 300px\" \/><\/div><\/div><\/div>\n<section  class='av_textblock_section av-libf41mr-411f2ec007e986d489813098ff50c51b '   itemscope=\"itemscope\" itemtype=\"https:\/\/schema.org\/CreativeWork\" ><div class='avia_textblock'  itemprop=\"text\" ><h2>Tabelle der h\u00e4ufigsten NLO-Kristalle, die wir anbieten:<\/h2>\n<\/div><\/section>\n<div  class='avia-table av-c52m81k-162f7e01a86f3a2e5f81e0e4360889a6 main_color avia-pricing-table-container avia_pricing_default  avia-builder-el-4  el_after_av_textblock  el_before_av_textblock  avia-table-1'  itemscope=\"itemscope\" itemtype=\"https:\/\/schema.org\/Table\" ><div class=\"pricing-table-wrap\"><ul class='pricing-table '><li class='avia-heading-row'><div class='first-table-item'>Kurzer Name<\/div><span class='pricing-extra'><\/span><\/li><li class=''>LBO<\/li><li class=''>BBO<\/li><li class=''>KTP<\/li><li class=''>LiNBO3<\/li><\/ul><\/div><div class=\"pricing-table-wrap\"><ul class='pricing-table '><li class='avia-heading-row'><div class='first-table-item'>Chemische Bezeichnung<\/div><span class='pricing-extra'><\/span><\/li><li class=''>Lithium-Triborat<\/li><li class=''>Beta-Bariumborat<\/li><li class=''>Kaliumtitanylphosphat<\/li><li class=''>Lithium-Niobat<\/li><\/ul><\/div><div class=\"pricing-table-wrap\"><ul class='pricing-table '><li class='avia-heading-row'><div class='first-table-item'>Einzelheiten<\/div><span class='pricing-extra'><\/span><\/li><li class=''>&#8211; gute Erzeugung der zweiten Harmonischen (SHG)<br \/>\n&#8211; gute Summenfrequenzerzeugung (SFG)<br \/>\n&#8211; Breiter Transparenzbereich von 160nm bis 2600nm<br \/>\n-hohe Schadensschwelle<br \/>\n&#8211; Gro\u00dfer Akzeptanzwinkel<\/li><li class=''>-geringerer nichtlinearer Koeffizient als LBO<br \/>\n-breiterer Transparenzbereich als LBO im mittleren IR<br \/>\n&#8211; geringere Absorption im UV und im sichtbaren Bereich als LBO<br \/>\n&#8211; h\u00f6here Zerst\u00f6rungsschwelle als LBO<\/li><li class=''>&#8211; Der nichtlineare Koeffizient bei 1064 nm ist 1,5-mal so hoch wie der von BBO<br \/>\n&#8211; SHG bei 1064nm betr\u00e4gt 80%<br \/>\n&#8211; niedrigere Schadensschwelle als BBO-Kristalle<\/li><li class=''>-Gro\u00dfer elektro-optischer Koeffizient (E-O)<br \/>\n&#8211; Gro\u00df Akusto-Optik (A-O) Koeffizient<\/li><\/ul><\/div><div class=\"pricing-table-wrap\"><ul class='pricing-table '><li class='avia-heading-row'><div class='first-table-item'>Verwendung<\/div><span class='pricing-extra'><\/span><\/li><li class=''>&#8211; Laser-Frequenzverdopplung<br \/>\n&#8211; fortschrittliches optisches Ger\u00e4t<\/li><li class=''>&#8211; Verdoppelung und Verdreifachung der Laserfrequenz<br \/>\n&#8211; fortschrittliches optisches Ger\u00e4t<br \/>\n&#8211; Q-Schalter<\/li><li class=''>&#8211; Frequenzmischung von Nd-Lasern f\u00fcr blaue Leistung<br \/>\n&#8211; Frequenzverdopplung von Nd-Lasern f\u00fcr gr\u00fcne\/rote Ausgabe<br \/>\n&#8211; optische Schalter<\/li><li class=''>&#8211; Frequenzverdopplung f\u00fcr Wellenl\u00e4ngen > 1\u00b5m<br \/>\n&#8211; Elektrooptische Modulatoren<br \/>\n&#8211; Q-Switch<\/li><\/ul><\/div><\/div>\n<section  class='av_textblock_section av-libfg7kp-74f8445d1adceead5a11ec3ff4198943 '   itemscope=\"itemscope\" itemtype=\"https:\/\/schema.org\/CreativeWork\" ><div class='avia_textblock'  itemprop=\"text\" ><h2>Lieferung von Kristallen<\/h2>\n<p>Kristalle k\u00f6nnen in vielen Formen wie St\u00e4ben, Platten oder W\u00fcrfeln geliefert werden. AR- und HR-Beschichtungen k\u00f6nnen auf bestimmte Fl\u00e4chen aufgebracht werden.<\/p>\n<ul>\n<li>Transmittierte Wellenfrontverzerrung: besser als Lambda \/4<\/li>\n<li>Klare Apertur: besser als 90%<\/li>\n<li>Ebenheit: Lambda \/8<\/li>\n<li>Streuung: S&amp;D 20\/10<\/li>\n<li>Parallelit\u00e4t: &lt; 20 Bogensekunden<\/li>\n<li>Rechtwinkligkeit: &lt; 5 Bogenminuten<\/li>\n<li>Ausrichtungstoleranz: &lt; 0,5\u00b0<\/li>\n<\/ul>\n<h2>Was ist Nichtlinearit\u00e4t in optischen Kristallen?<\/h2>\n<p>Nichtlineare Optik bezieht sich auf Optiken, bei denen die Lichtleistung nicht direkt proportional zur einfallenden Lichtintensit\u00e4t ist.<\/p>\n<p>Erh\u00f6ht man zum Beispiel die einfallende Lichtintensit\u00e4t einer linearen Optik um den Faktor zehn, so steigt die Lichtleistung proportional (x10). Bei nichtlinearen Optiken ist dies nicht der Fall.<\/p>\n<p>Diese Nichtlinearit\u00e4t kann zu anderen Ver\u00e4nderungen der Lichteigenschaften f\u00fchren, wie Frequenzumwandlung, Erzeugung von Oberwellen, nichtlineare Verst\u00e4rkung usw..<\/p>\n<p>Die Eigenschaften der nichtlinearen Kristalle h\u00e4ngen mit den Kristallelementen selbst zusammen, daher ist es wichtig, den richtigen Kristall f\u00fcr einen bestimmten Bedarf auszuw\u00e4hlen.<\/p>\n<\/div><\/section>\n","protected":false},"excerpt":{"rendered":"","protected":false},"author":1,"featured_media":15005,"parent":14931,"menu_order":0,"comment_status":"closed","ping_status":"closed","template":"","meta":{"footnotes":""},"class_list":["post-15013","page","type-page","status-publish","has-post-thumbnail","hentry"],"_links":{"self":[{"href":"https:\/\/sinoptix.eu\/de\/wp-json\/wp\/v2\/pages\/15013","targetHints":{"allow":["GET"]}}],"collection":[{"href":"https:\/\/sinoptix.eu\/de\/wp-json\/wp\/v2\/pages"}],"about":[{"href":"https:\/\/sinoptix.eu\/de\/wp-json\/wp\/v2\/types\/page"}],"author":[{"embeddable":true,"href":"https:\/\/sinoptix.eu\/de\/wp-json\/wp\/v2\/users\/1"}],"replies":[{"embeddable":true,"href":"https:\/\/sinoptix.eu\/de\/wp-json\/wp\/v2\/comments?post=15013"}],"version-history":[{"count":2,"href":"https:\/\/sinoptix.eu\/de\/wp-json\/wp\/v2\/pages\/15013\/revisions"}],"predecessor-version":[{"id":15021,"href":"https:\/\/sinoptix.eu\/de\/wp-json\/wp\/v2\/pages\/15013\/revisions\/15021"}],"up":[{"embeddable":true,"href":"https:\/\/sinoptix.eu\/de\/wp-json\/wp\/v2\/pages\/14931"}],"wp:featuredmedia":[{"embeddable":true,"href":"https:\/\/sinoptix.eu\/de\/wp-json\/wp\/v2\/media\/15005"}],"wp:attachment":[{"href":"https:\/\/sinoptix.eu\/de\/wp-json\/wp\/v2\/media?parent=15013"}],"curies":[{"name":"wp","href":"https:\/\/api.w.org\/{rel}","templated":true}]}}