{"id":19300,"date":"2024-09-26T07:00:22","date_gmt":"2024-09-26T07:00:22","guid":{"rendered":"https:\/\/sinoptix.eu\/optische-komponenten\/uv-komponenten\/caf2-optical-components\/"},"modified":"2025-04-11T02:39:24","modified_gmt":"2025-04-11T02:39:24","slug":"optische-caf2-komponenten","status":"publish","type":"page","link":"https:\/\/sinoptix.eu\/de\/optische-komponenten\/uv-komponenten\/optische-caf2-komponenten\/","title":{"rendered":"Optische CaF2-Komponenten"},"content":{"rendered":"<section  class='av_textblock_section av-m1ivii3k-7ada764ad9aec9e8ae45b6ecde11fbb9 '   itemscope=\"itemscope\" itemtype=\"https:\/\/schema.org\/CreativeWork\" ><div class='avia_textblock'  itemprop=\"text\" ><h1>Optische CaF2-Komponenten<\/h1>\n<p><span style=\"color: #ba3726;\">SINOPTIX<\/span> liefert verschiedene optische Komponenten aus optischem Calciumfluorid. CaF2 wird aufgrund seiner guten Transmission bei niedrigeren Wellenl\u00e4ngen h\u00e4ufig als UV-Optikkomponente verwendet. Dennoch ist es bis zum NIR-Spektrum transparent und kann daher in vielen Anwendungsbereichen als Substrat verwendet werden.<\/p>\n<\/div><\/section>\n<section  class='av_textblock_section av-m1iw4aab-ca02233f19163ef64b4fe0293f411909 '   itemscope=\"itemscope\" itemtype=\"https:\/\/schema.org\/CreativeWork\" ><div class='avia_textblock'  itemprop=\"text\" ><h2>CaF2-Eigenschaften<\/h2>\n<h3>Diagramm der Eigenschaften von Calciumfluorid<\/h3>\n<table>\n<tbody>\n<tr>\n<td><strong>Materialbezeichnung<\/strong><\/td>\n<td>Calciumfluorid<\/td>\n<\/tr>\n<tr>\n<td><strong>Chemische Formel<\/strong><\/td>\n<td>CaF2<\/td>\n<\/tr>\n<tr>\n<td><strong>Brechungsindex<\/strong><\/td>\n<td>nd=1,43384<\/td>\n<\/tr>\n<tr>\n<td><strong>Abbe-Zahl<\/strong><\/td>\n<td>Vd = 95,23<\/td>\n<\/tr>\n<tr>\n<td><strong>\u00dcbertragungsbereich<\/strong><\/td>\n<td>130 nm bis 9,5 \u00b5m<\/td>\n<\/tr>\n<tr>\n<td><strong>Dichte<\/strong><\/td>\n<td>3,18 g\/cm3<\/td>\n<\/tr>\n<tr>\n<td><strong>H\u00e4rte<\/strong><\/td>\n<td>MOHS 4<\/td>\n<\/tr>\n<tr>\n<td><strong>Elastizit\u00e4tsmodul<\/strong><\/td>\n<td>146 GPa &lt;100&gt;<\/p>\n<p>101 GPa &lt;110&gt;<\/p>\n<p>91 GPa &lt;111&gt;<\/td>\n<\/tr>\n<tr>\n<td><strong>W\u00e4rmeausdehnung<\/strong><\/td>\n<td>20,8*10-6 \u00b0K-1<\/td>\n<\/tr>\n<tr>\n<td><strong>W\u00e4rmeleitf\u00e4higkeit<\/strong><\/td>\n<td>9,7 W\/(m*\u00b0K)<\/td>\n<\/tr>\n<tr>\n<td><strong>Schmelzpunkt<\/strong><\/td>\n<td>1420 \u00b0K<\/td>\n<\/tr>\n<\/tbody>\n<\/table>\n<p>Diese Werte gelten f\u00fcr generisches CaF2, es gibt verschiedene f\u00fcr Excimerlaser (193 nm oder 248 nm) optimierte CaF2-Qualit\u00e4ten mit abweichenden Spezifikationen.<\/p>\n<\/div><\/section>\n<div id='avia-messagebox-' class='avia_message_box av_notification av-m1iwjg65-5a822e05500508cbba49b320977371d0 avia-color-blue avia-size-normal avia-icon_select-yes avia-border-dashed  avia-builder-el-2  el_after_av_textblock  el_before_av_textblock ' ><span class='avia_message_box_title' >Note<\/span><div class=\"avia_message_box_content\"><span class='avia_message_box_icon avia-iconfont avia-font-entypo-fontello' data-av_icon='\ue83e' data-av_iconfont='entypo-fontello' ><\/span><p>+ CaF2 kann sich in Umgebungen mit hoher Luftfeuchtigkeit zersetzen.<br \/>\n+ Es sollte darauf geachtet werden, schnelle Temperaturwechsel zu vermeiden, da dies zu Rissen im Material f\u00fchren kann.<\/p>\n<\/div><\/div>\n<section  class='av_textblock_section av-m1iwqt9r-8a5736dbe9d975c898128f38e9b4bfcf '   itemscope=\"itemscope\" itemtype=\"https:\/\/schema.org\/CreativeWork\" ><div class='avia_textblock'  itemprop=\"text\" ><h2>Realisierung optischer CaF2-Komponenten<\/h2>\n<h3>Fertigungsm\u00f6glichkeiten<\/h3>\n<table>\n<tbody>\n<tr>\n<th>Eigenschaften<\/th>\n<th>Werte<\/th>\n<\/tr>\n<tr>\n<td><strong>Verf\u00fcgbare Abmessungen<\/strong><\/td>\n<td>Durchmesser bis zu D320 mm<\/td>\n<\/tr>\n<tr>\n<td><strong>Ma\u00dftoleranzen<\/strong><\/td>\n<td>+\/-0,01 mm<\/td>\n<\/tr>\n<tr>\n<td><strong>Dicke<\/strong><\/td>\n<td>1\u201350 mm<\/td>\n<\/tr>\n<tr>\n<td><strong>Oberfl\u00e4chenqualit\u00e4t<\/strong><\/td>\n<td>S&amp;D: 20\/10 normale Qualit\u00e4t; 10\/5 f\u00fcr hohe Qualit\u00e4t<\/td>\n<\/tr>\n<tr>\n<td><strong>Verf\u00fcgbare Ausrichtungen<\/strong><\/td>\n<td>&lt;111&gt;\/&lt;001&gt;; &lt;100&gt; in begrenzten Abmessungen<\/td>\n<\/tr>\n<tr>\n<td><strong>Ebenheit<\/strong><\/td>\n<td>bestenfalls 1\/10 Lambda<\/td>\n<\/tr>\n<tr>\n<td><strong>Parallelit\u00e4t<\/strong><\/td>\n<td>besser als 10\u2033<\/td>\n<\/tr>\n<tr>\n<td><strong>Beschichtungen<\/strong><\/td>\n<td>AR \/ BBAR<\/td>\n<\/tr>\n<\/tbody>\n<\/table>\n<h3><\/h3>\n<h3><\/h3>\n<h3>Referenzen zu gefertigten CaF2-Komponenten:<\/h3>\n<\/div><\/section>\n<div  class='flex_column av-2kfqid4-ed0b3bdb79c2c360c94f091d93bfb054 av_one_full  avia-builder-el-4  el_after_av_textblock  el_before_av_hr  first flex_column_div  column-top-margin'     ><div  id=\"av-sc-portfolio-1\"  class=' grid-sort-container isotope   no_margin-container with-title-container grid-total-odd grid-col-4 grid-links-' data-portfolio-id='1'><div data-ajax-id='12166' class=' grid-entry flex_column isotope-item all_sort no_margin post-entry post-entry-12166 grid-entry-overview grid-loop-1 grid-parity-odd  ir-optik_sort optische-caf2-komponenten_sort optishe-fenster_sort  av_one_fourth first default_av_fullwidth '><article class='main_color inner-entry'  itemscope=\"itemscope\" itemtype=\"https:\/\/schema.org\/CreativeWork\" ><a href=\"https:\/\/sinoptix.eu\/de\/portfolio-item\/caf2-fenster\/\" title='CaF2-Fenster'  data-rel='grid-1' class='grid-image avia-hover-fx'> <img decoding=\"async\" fetchpriority=\"high\" width=\"251\" height=\"185\" src=\"https:\/\/sinoptix.eu\/wp-content\/uploads\/2022\/02\/CAF2-window-251x185.jpg\" class=\"wp-image-11955 avia-img-lazy-loading-not-11955 attachment-portfolio_small size-portfolio_small wp-post-image\" alt=\"CaF2\" \/><\/a><div class='grid-content'><div class='avia-arrow'><\/div><header class=\"entry-content-header\" aria-label=\"Portfolio: CaF2-Fenster\"><h3 class='grid-entry-title entry-title '  itemprop=\"headline\" ><a href='https:\/\/sinoptix.eu\/de\/portfolio-item\/caf2-fenster\/' title='CaF2-Fenster'>CaF2-Fenster<\/a><\/h3><\/header><\/div><footer class=\"entry-footer\"><\/footer><\/article><\/div><div data-ajax-id='22848' class=' grid-entry flex_column isotope-item all_sort no_margin post-entry post-entry-22848 grid-entry-overview grid-loop-2 grid-parity-even  optische-caf2-komponenten_sort  av_one_fourth  default_av_fullwidth '><article class='main_color inner-entry'  itemscope=\"itemscope\" itemtype=\"https:\/\/schema.org\/CreativeWork\" ><a href=\"https:\/\/sinoptix.eu\/de\/portfolio-item\/caf2-rundprisma\/\" title='CaF2-Rundprisma'  data-rel='grid-1' class='grid-image avia-hover-fx'> <img decoding=\"async\" fetchpriority=\"high\" width=\"260\" height=\"185\" src=\"https:\/\/sinoptix.eu\/wp-content\/uploads\/2026\/01\/CaF2-round-prism-260x185.png\" class=\"wp-image-22844 avia-img-lazy-loading-not-22844 attachment-portfolio_small size-portfolio_small wp-post-image\" alt=\"CaF2 round prism\" \/><\/a><div class='grid-content'><div class='avia-arrow'><\/div><header class=\"entry-content-header\" aria-label=\"Portfolio: CaF2-Rundprisma\"><h3 class='grid-entry-title entry-title '  itemprop=\"headline\" ><a href='https:\/\/sinoptix.eu\/de\/portfolio-item\/caf2-rundprisma\/' title='CaF2-Rundprisma'>CaF2-Rundprisma<\/a><\/h3><\/header><\/div><footer class=\"entry-footer\"><\/footer><\/article><\/div><div data-ajax-id='18596' class=' grid-entry flex_column isotope-item all_sort no_margin post-entry post-entry-18596 grid-entry-overview grid-loop-3 grid-parity-odd  ir-optik_sort optische-caf2-komponenten_sort wafers-de_sort  av_one_fourth  default_av_fullwidth '><article class='main_color inner-entry'  itemscope=\"itemscope\" itemtype=\"https:\/\/schema.org\/CreativeWork\" ><a href=\"https:\/\/sinoptix.eu\/de\/portfolio-item\/wafer-in-caf2\/\" title='Wafer in CaF2'  data-rel='grid-1' class='grid-image avia-hover-fx'> <img decoding=\"async\" fetchpriority=\"high\" width=\"260\" height=\"185\" src=\"https:\/\/sinoptix.eu\/wp-content\/uploads\/2024\/08\/CAF2-wafer-260x185.png\" class=\"wp-image-18592 avia-img-lazy-loading-not-18592 attachment-portfolio_small size-portfolio_small wp-post-image\" alt=\"CaF2 wafer\" \/><\/a><div class='grid-content'><div class='avia-arrow'><\/div><header class=\"entry-content-header\" aria-label=\"Portfolio: Wafer in CaF2\"><h3 class='grid-entry-title entry-title '  itemprop=\"headline\" ><a href='https:\/\/sinoptix.eu\/de\/portfolio-item\/wafer-in-caf2\/' title='Wafer in CaF2'>Wafer in CaF2<\/a><\/h3><\/header><\/div><footer class=\"entry-footer\"><\/footer><\/article><\/div><div data-ajax-id='6025' class=' grid-entry flex_column isotope-item all_sort no_margin post-entry post-entry-6025 grid-entry-overview grid-loop-4 grid-parity-even  ir-optik_sort optische-caf2-komponenten_sort prismen_sort  av_one_fourth  default_av_fullwidth '><article class='main_color inner-entry'  itemscope=\"itemscope\" itemtype=\"https:\/\/schema.org\/CreativeWork\" ><a href=\"https:\/\/sinoptix.eu\/de\/portfolio-item\/caf2-prisma\/\" title='CAF2-Prisma'  data-rel='grid-1' class='grid-image avia-hover-fx'> <img decoding=\"async\" fetchpriority=\"high\" width=\"210\" height=\"185\" src=\"https:\/\/sinoptix.eu\/wp-content\/uploads\/2020\/08\/CAF2-prism.jpg\" class=\"wp-image-3970 avia-img-lazy-loading-not-3970 attachment-portfolio_small size-portfolio_small wp-post-image\" alt=\"optical CAF2 prism\" \/><\/a><div class='grid-content'><div class='avia-arrow'><\/div><header class=\"entry-content-header\" aria-label=\"Portfolio: CAF2-Prisma\"><h3 class='grid-entry-title entry-title '  itemprop=\"headline\" ><a href='https:\/\/sinoptix.eu\/de\/portfolio-item\/caf2-prisma\/' title='CAF2-Prisma'>CAF2-Prisma<\/a><\/h3><\/header><\/div><footer class=\"entry-footer\"><\/footer><\/article><\/div><div data-ajax-id='5985' class=' grid-entry flex_column isotope-item all_sort no_margin post-entry post-entry-5985 grid-entry-overview grid-loop-5 grid-parity-odd  post-entry-last  ir-optik_sort optische-caf2-komponenten_sort optishe-fenster_sort  av_one_fourth first default_av_fullwidth '><article class='main_color inner-entry'  itemscope=\"itemscope\" itemtype=\"https:\/\/schema.org\/CreativeWork\" ><a href=\"https:\/\/sinoptix.eu\/de\/portfolio-item\/caf2-fenster-2\/\" title='CaF2 Fenster'  data-rel='grid-1' class='grid-image avia-hover-fx'> <img decoding=\"async\" fetchpriority=\"high\" width=\"247\" height=\"185\" src=\"https:\/\/sinoptix.eu\/wp-content\/uploads\/2020\/08\/Caf2_window-e1621235703325.jpg\" class=\"wp-image-4091 avia-img-lazy-loading-not-4091 attachment-portfolio_small size-portfolio_small wp-post-image\" alt=\"\" \/><\/a><div class='grid-content'><div class='avia-arrow'><\/div><header class=\"entry-content-header\" aria-label=\"Portfolio: CaF2 Fenster\"><h3 class='grid-entry-title entry-title '  itemprop=\"headline\" ><a href='https:\/\/sinoptix.eu\/de\/portfolio-item\/caf2-fenster-2\/' title='CaF2 Fenster'>CaF2 Fenster<\/a><\/h3><\/header><\/div><footer class=\"entry-footer\"><\/footer><\/article><\/div><\/div><\/div>\n\n<style type=\"text\/css\" data-created_by=\"avia_inline_auto\" id=\"style-css-av-1ijuprs-bc82ba4a61efffe93061670a68433b07\">\n#top .hr.hr-invisible.av-1ijuprs-bc82ba4a61efffe93061670a68433b07{\nheight:30px;\n}\n<\/style>\n<div  class='hr av-1ijuprs-bc82ba4a61efffe93061670a68433b07 hr-invisible  avia-builder-el-6  el_after_av_one_full  el_before_av_textblock '><span class='hr-inner '><span class=\"hr-inner-style\"><\/span><\/span><\/div>\n<section  class='av_textblock_section av-m1iwzv39-f7fa164a57aa644ba7d3fe4b0d38e57c '   itemscope=\"itemscope\" itemtype=\"https:\/\/schema.org\/CreativeWork\" ><div class='avia_textblock'  itemprop=\"text\" ><h2>Verf\u00fcgbare Komponenten aus Calciumfluorid<\/h2>\n<p>Wir bieten die folgenden Arten optischer Komponenten an:<\/p>\n<ul>\n<li><a href=\"https:\/\/sinoptix.eu\/de\/portfolio-item\/caf2-fenster-2\/\">CaF2-Fenster<\/a><\/li>\n<li>CaF2-Linsen<\/li>\n<li><a href=\"https:\/\/sinoptix.eu\/de\/portfolio-item\/caf2-prisma\/\">CaF2-Prismen<\/a><\/li>\n<li><a href=\"https:\/\/sinoptix.eu\/de\/portfolio-item\/wafer-in-caf2\/\">CaF2-Wafer<\/a><\/li>\n<\/ul>\n<p>Calciumfluorid hat eine nat\u00fcrlich hohe LIDT (Laser-induced damage threshold), was ein gro\u00dfer Vorteil f\u00fcr UV- und IR-Laseranwendungen ist. Um diese Laserschadensresistenz jedoch nicht zu verschlechtern, ist die Qualit\u00e4t der Optik sowohl hinsichtlich der Oberfl\u00e4chenqualit\u00e4t als auch der Materialreinheit sehr wichtig.<\/p>\n<p>Teilen Sie uns gerne den Anwendungsbereich Ihrer CaF2-Optik mit, um die Qualit\u00e4tsanforderungen Ihrer Optiken von uns gegenpr\u00fcfen zu lassen. Unterschiedliche Anwendungen erfordern unterschiedliche Qualit\u00e4tsstandards.<\/p>\n<\/div><\/section>\n\n<style type=\"text\/css\" data-created_by=\"avia_inline_auto\" id=\"style-css-av-17cuee0-608f1280cdfb5676c8090133bff68390\">\n#top .hr.hr-invisible.av-17cuee0-608f1280cdfb5676c8090133bff68390{\nheight:30px;\n}\n<\/style>\n<div  class='hr av-17cuee0-608f1280cdfb5676c8090133bff68390 hr-invisible  avia-builder-el-8  el_after_av_textblock  el_before_av_button '><span class='hr-inner '><span class=\"hr-inner-style\"><\/span><\/span><\/div>\n<div  class='avia-button-wrap av-o04yag-706306147f0c725630106914ebdcc079-wrap avia-button-center  avia-builder-el-9  el_after_av_hr  avia-builder-el-last '><a href='https:\/\/sinoptix.eu\/de\/contact-us\/'  class='avia-button av-o04yag-706306147f0c725630106914ebdcc079 av-link-btn avia-icon_select-yes-left-icon avia-size-small avia-position-center avia-color-theme-color'   aria-label=\"Angebotsanfrage f\u00fcr optische Siliziumkomponenten\"><span class='avia_button_icon avia_button_icon_left avia-iconfont avia-font-entypo-fontello' data-av_icon='\ue805' data-av_iconfont='entypo-fontello' ><\/span><span class='avia_iconbox_title' >Angebotsanfrage f\u00fcr optische Siliziumkomponenten<\/span><\/a><\/div>\n","protected":false},"excerpt":{"rendered":"","protected":false},"author":1,"featured_media":4091,"parent":6404,"menu_order":0,"comment_status":"closed","ping_status":"closed","template":"","meta":{"footnotes":""},"class_list":["post-19300","page","type-page","status-publish","has-post-thumbnail","hentry"],"_links":{"self":[{"href":"https:\/\/sinoptix.eu\/de\/wp-json\/wp\/v2\/pages\/19300","targetHints":{"allow":["GET"]}}],"collection":[{"href":"https:\/\/sinoptix.eu\/de\/wp-json\/wp\/v2\/pages"}],"about":[{"href":"https:\/\/sinoptix.eu\/de\/wp-json\/wp\/v2\/types\/page"}],"author":[{"embeddable":true,"href":"https:\/\/sinoptix.eu\/de\/wp-json\/wp\/v2\/users\/1"}],"replies":[{"embeddable":true,"href":"https:\/\/sinoptix.eu\/de\/wp-json\/wp\/v2\/comments?post=19300"}],"version-history":[{"count":2,"href":"https:\/\/sinoptix.eu\/de\/wp-json\/wp\/v2\/pages\/19300\/revisions"}],"predecessor-version":[{"id":21085,"href":"https:\/\/sinoptix.eu\/de\/wp-json\/wp\/v2\/pages\/19300\/revisions\/21085"}],"up":[{"embeddable":true,"href":"https:\/\/sinoptix.eu\/de\/wp-json\/wp\/v2\/pages\/6404"}],"wp:featuredmedia":[{"embeddable":true,"href":"https:\/\/sinoptix.eu\/de\/wp-json\/wp\/v2\/media\/4091"}],"wp:attachment":[{"href":"https:\/\/sinoptix.eu\/de\/wp-json\/wp\/v2\/media?parent=19300"}],"curies":[{"name":"wp","href":"https:\/\/api.w.org\/{rel}","templated":true}]}}