{"id":20843,"date":"2025-02-25T06:50:39","date_gmt":"2025-02-25T06:50:39","guid":{"rendered":"https:\/\/sinoptix.eu\/optische-komponenten\/ir-optische-komponenten\/zns-optical-components\/"},"modified":"2025-04-11T02:20:10","modified_gmt":"2025-04-11T02:20:10","slug":"optische-zns-komponenten","status":"publish","type":"page","link":"https:\/\/sinoptix.eu\/de\/optische-komponenten\/ir-optische-komponenten\/optische-zns-komponenten\/","title":{"rendered":"Optische ZnS-Komponenten"},"content":{"rendered":"<section  class='av_textblock_section av-m1g922qw-e52a5fb5f70b3480dd9aad1389d477b0 '   itemscope=\"itemscope\" itemtype=\"https:\/\/schema.org\/CreativeWork\" ><div class='avia_textblock'  itemprop=\"text\" ><h1>Optische ZnS-Komponenten<\/h1>\n<p><span style=\"color: #ba3726;\">SINOPTIX<\/span> liefert verschiedene optische Komponenten aus Zinksulfid in optischer Qualit\u00e4t. ZnS ist ein klares bis leicht gelbliches Material, teilweise transparent im sichtbaren Bereich. Es ist in zwei optischen Klassen verf\u00fcgar: multispektral oder f\u00fcr FLIR optimiert.<\/p>\n<\/div><\/section>\n\n<style type=\"text\/css\" data-created_by=\"avia_inline_auto\" id=\"style-css-av-m8zs1u09-94cb18091b7d33a82c6ee286206cfcd5\">\n.avia-image-container.av-m8zs1u09-94cb18091b7d33a82c6ee286206cfcd5 img.avia_image{\nbox-shadow:none;\n}\n.avia-image-container.av-m8zs1u09-94cb18091b7d33a82c6ee286206cfcd5 .av-image-caption-overlay-center{\ncolor:#ffffff;\n}\n<\/style>\n<div  class='avia-image-container av-m8zs1u09-94cb18091b7d33a82c6ee286206cfcd5 av-styling- avia-align-center  avia-builder-el-1  el_after_av_textblock  el_before_av_textblock '   itemprop=\"image\" itemscope=\"itemscope\" itemtype=\"https:\/\/schema.org\/ImageObject\" ><div class=\"avia-image-container-inner\"><div class=\"avia-image-overlay-wrap\"><img decoding=\"async\" fetchpriority=\"high\" class='wp-image-20643 avia-img-lazy-loading-not-20643 avia_image ' src=\"https:\/\/sinoptix.eu\/wp-content\/uploads\/2025\/02\/ZnS-lens-300x225.jpg\" alt='ZnS lens' title='_cuva'  height=\"225\" width=\"300\"  itemprop=\"thumbnailUrl\" srcset=\"https:\/\/sinoptix.eu\/wp-content\/uploads\/2025\/02\/ZnS-lens-300x225.jpg 300w, https:\/\/sinoptix.eu\/wp-content\/uploads\/2025\/02\/ZnS-lens-1030x773.jpg 1030w, https:\/\/sinoptix.eu\/wp-content\/uploads\/2025\/02\/ZnS-lens-768x576.jpg 768w, https:\/\/sinoptix.eu\/wp-content\/uploads\/2025\/02\/ZnS-lens-1536x1152.jpg 1536w, https:\/\/sinoptix.eu\/wp-content\/uploads\/2025\/02\/ZnS-lens-2048x1536.jpg 2048w, https:\/\/sinoptix.eu\/wp-content\/uploads\/2025\/02\/ZnS-lens-1500x1125.jpg 1500w, https:\/\/sinoptix.eu\/wp-content\/uploads\/2025\/02\/ZnS-lens-705x529.jpg 705w\" sizes=\"(max-width: 300px) 100vw, 300px\" \/><\/div><\/div><\/div>\n<section  class='av_textblock_section av-m1g933fe-a6278f0913d849d86331b2c64d64af0a '   itemscope=\"itemscope\" itemtype=\"https:\/\/schema.org\/CreativeWork\" ><div class='avia_textblock'  itemprop=\"text\" ><h2>Eigenschaften von Zinksulfid<\/h2>\n<p>Die von SINOPTIX verwendeten Zinksulfidsubstrate werden in China mithilfe der CVD-Technologie (Chemical Vacuum Deposition) hergestellt.<\/p>\n<h3>Diagramm der ZnS-Eigenschaften<\/h3>\n<table>\n<tbody>\n<tr>\n<td><strong>Materialbezeichnung<\/strong><\/td>\n<td>Zinksulfid<\/td>\n<\/tr>\n<tr>\n<td><strong>Chemische Formel<\/strong><\/td>\n<td>ZnS<\/td>\n<\/tr>\n<tr>\n<td><strong>Brechungsindex<\/strong><\/td>\n<td>2,2 im Sichtbaren\u00a0 (2,89 @ FLIR)<\/td>\n<\/tr>\n<tr>\n<td><strong>\u00dcbertragungsreichweite<\/strong><\/td>\n<td>0,37 \u00b5m bis 14 \u00b5m<\/td>\n<\/tr>\n<tr>\n<td><strong>Dichte<\/strong><\/td>\n<td>4,09 g\/cm3<\/td>\n<\/tr>\n<tr>\n<td><strong>H\u00e4rte<\/strong><\/td>\n<td>210-240 kg\/mm2<\/td>\n<\/tr>\n<tr>\n<td><strong>E-Modul<\/strong><\/td>\n<td>74,5 GPa<\/td>\n<\/tr>\n<tr>\n<td><strong>W\u00e4rmeausdehnung<\/strong><\/td>\n<td>6,8*10-6 \u00b0K-1<\/td>\n<\/tr>\n<tr>\n<td><strong>W\u00e4rmeleitf\u00e4higkeit<\/strong><\/td>\n<td>16,7 W\/(m*\u00b0K)<\/td>\n<\/tr>\n<tr>\n<td><strong>Schmelzpunkt<\/strong><\/td>\n<td>1293 \u00b0K\u00a0 (1020\u00b0C)<\/td>\n<\/tr>\n<\/tbody>\n<\/table>\n<p>Weitere Informationen finden Sie in unserem <a href=\"https:\/\/sinoptix.eu\/de\/optische-ir-komponente-aus-zns\/\">vollst\u00e4ndigen Leitfaden zu ZnS-Optiken<\/a>.<\/p>\n<\/div><\/section>\n\n<style type=\"text\/css\" data-created_by=\"avia_inline_auto\" id=\"style-css-av-m8zs28gd-27c7c01e1269bb81adfb3bbc7a6e5941\">\n.avia-image-container.av-m8zs28gd-27c7c01e1269bb81adfb3bbc7a6e5941 img.avia_image{\nbox-shadow:none;\n}\n.avia-image-container.av-m8zs28gd-27c7c01e1269bb81adfb3bbc7a6e5941 .av-image-caption-overlay-center{\ncolor:#ffffff;\n}\n<\/style>\n<div  class='avia-image-container av-m8zs28gd-27c7c01e1269bb81adfb3bbc7a6e5941 av-styling- avia-align-center  avia-builder-el-3  el_after_av_textblock  el_before_av_notification '   itemprop=\"image\" itemscope=\"itemscope\" itemtype=\"https:\/\/schema.org\/ImageObject\" ><div class=\"avia-image-container-inner\"><div class=\"avia-image-overlay-wrap\"><img decoding=\"async\" fetchpriority=\"high\" class='wp-image-20981 avia-img-lazy-loading-not-20981 avia_image ' src=\"https:\/\/sinoptix.eu\/wp-content\/uploads\/2025\/04\/ZnS-transmission-curve-SINOPTIX-300x180.png\" alt='ZnS transmission curve' title='ZnS-transmission-curve-SINOPTIX'  height=\"180\" width=\"300\"  itemprop=\"thumbnailUrl\" srcset=\"https:\/\/sinoptix.eu\/wp-content\/uploads\/2025\/04\/ZnS-transmission-curve-SINOPTIX-300x180.png 300w, https:\/\/sinoptix.eu\/wp-content\/uploads\/2025\/04\/ZnS-transmission-curve-SINOPTIX-1030x619.png 1030w, https:\/\/sinoptix.eu\/wp-content\/uploads\/2025\/04\/ZnS-transmission-curve-SINOPTIX-768x461.png 768w, https:\/\/sinoptix.eu\/wp-content\/uploads\/2025\/04\/ZnS-transmission-curve-SINOPTIX-1536x923.png 1536w, https:\/\/sinoptix.eu\/wp-content\/uploads\/2025\/04\/ZnS-transmission-curve-SINOPTIX-1500x901.png 1500w, https:\/\/sinoptix.eu\/wp-content\/uploads\/2025\/04\/ZnS-transmission-curve-SINOPTIX-705x424.png 705w, https:\/\/sinoptix.eu\/wp-content\/uploads\/2025\/04\/ZnS-transmission-curve-SINOPTIX.png 1653w\" sizes=\"(max-width: 300px) 100vw, 300px\" \/><\/div><\/div><\/div>\n<div id='avia-messagebox-' class='avia_message_box av_notification av-m1g9ai0v-eced008c6f3787ee6ad40fadd0dabd5e avia-color-blue avia-size-normal avia-icon_select-yes avia-border-dashed  avia-builder-el-4  el_after_av_image  el_before_av_textblock ' ><span class='avia_message_box_title' > Aufmerksamkeit<\/span><div class=\"avia_message_box_content\"><span class='avia_message_box_icon avia-iconfont avia-font-entypo-fontello' data-av_icon='\ue83e' data-av_iconfont='entypo-fontello' ><\/span><p>Es stehen 2 ZnS-Qualit\u00e4ten zur Verf\u00fcgung. Fragen Sie unbedingt nach der Sorte, die Sie ben\u00f6tigen.<\/p>\n<\/div><\/div>\n<section  class='av_textblock_section av-m1g9dc7k-a79fd36f4cdd77219f98cbda9f14a5e2 '   itemscope=\"itemscope\" itemtype=\"https:\/\/schema.org\/CreativeWork\" ><div class='avia_textblock'  itemprop=\"text\" ><h2>Fertigungsm\u00f6glichkeiten f\u00fcr optische Komponenten aus Zinksulfid<\/h2>\n<h3>Fertigungsm\u00f6glichkeiten<\/h3>\n<table>\n<tbody>\n<tr>\n<th>Eigenschaften<\/th>\n<th>Werte<\/th>\n<\/tr>\n<tr>\n<td><strong>Verf\u00fcgbare Abmessungen<\/strong><\/td>\n<td>Durchmesser 3 bis D200 mm<\/td>\n<\/tr>\n<tr>\n<td><strong>Ma\u00dftoleranzen<\/strong><\/td>\n<td>+\/-0,05 mm<\/td>\n<\/tr>\n<tr>\n<td><strong>Dicke<\/strong><\/td>\n<td>bis zu 100 mm<\/td>\n<\/tr>\n<tr>\n<td><strong>Oberfl\u00e4chenqualit\u00e4t<\/strong><\/td>\n<td>S&amp;D: 40\/20<\/td>\n<\/tr>\n<tr>\n<td><strong>Ebenheit<\/strong><\/td>\n<td>lambda\/2<\/td>\n<\/tr>\n<tr>\n<td><strong>Rauheit<\/strong><\/td>\n<td>Lambda\/20 nm<\/td>\n<\/tr>\n<tr>\n<td><strong>Parallelit\u00e4t<\/strong><\/td>\n<td>besser als 5\u2033<\/td>\n<\/tr>\n<tr>\n<td><strong>Dickentoleranz<\/strong><\/td>\n<td>+\/- 0,02 mm<\/td>\n<\/tr>\n<tr>\n<td><strong>Zentrierung<\/strong><\/td>\n<td>30 bis 60 Bogensekunden<\/td>\n<\/tr>\n<tr>\n<td><strong>Beschichtungen<\/strong><\/td>\n<td>multispektrale AR oder 7,5\u201312 \u00b5m (thermische) AR<\/td>\n<\/tr>\n<\/tbody>\n<\/table>\n<h3>Referenzen zu optischen SINOPTIX ZnS-Komponenten:<\/h3>\n<\/div><\/section>\n<div  class='flex_column av-1imcqh3-d847f2ae9f168575bf54a5b151a11a03 av_one_full  avia-builder-el-6  el_after_av_textblock  el_before_av_hr  first flex_column_div  column-top-margin'     ><div  id=\"av-sc-portfolio-1\"  class=' grid-sort-container isotope   no_margin-container with-title-container grid-total-odd grid-col-4 grid-links-' data-portfolio-id='1'><div data-ajax-id='20654' class=' grid-entry flex_column isotope-item all_sort no_margin post-entry post-entry-20654 grid-entry-overview grid-loop-1 grid-parity-odd  zns_sort  av_one_fourth first default_av_fullwidth '><article class='main_color inner-entry'  itemscope=\"itemscope\" itemtype=\"https:\/\/schema.org\/CreativeWork\" ><a href=\"https:\/\/sinoptix.eu\/de\/portfolio-item\/zns-linse\/\" title='ZnS-Linse'  data-rel='grid-1' class='grid-image avia-hover-fx'> <img decoding=\"async\" fetchpriority=\"high\" width=\"260\" height=\"185\" src=\"https:\/\/sinoptix.eu\/wp-content\/uploads\/2025\/02\/ZnS-lens-260x185.jpg\" class=\"wp-image-20643 avia-img-lazy-loading-not-20643 attachment-portfolio_small size-portfolio_small wp-post-image\" alt=\"ZnS lens\" \/><\/a><div class='grid-content'><div class='avia-arrow'><\/div><header class=\"entry-content-header\" aria-label=\"Portfolio: ZnS-Linse\"><h3 class='grid-entry-title entry-title '  itemprop=\"headline\" ><a href='https:\/\/sinoptix.eu\/de\/portfolio-item\/zns-linse\/' title='ZnS-Linse'>ZnS-Linse<\/a><\/h3><\/header><\/div><footer class=\"entry-footer\"><\/footer><\/article><\/div><div data-ajax-id='22775' class=' grid-entry flex_column isotope-item all_sort no_margin post-entry post-entry-22775 grid-entry-overview grid-loop-2 grid-parity-even  zns_sort  av_one_fourth  default_av_fullwidth '><article class='main_color inner-entry'  itemscope=\"itemscope\" itemtype=\"https:\/\/schema.org\/CreativeWork\" ><a href=\"https:\/\/sinoptix.eu\/de\/portfolio-item\/spdt-zns-linse\/\" title='SPDT ZnS Linse'  data-rel='grid-1' class='grid-image avia-hover-fx'> <img decoding=\"async\" fetchpriority=\"high\" width=\"260\" height=\"185\" src=\"https:\/\/sinoptix.eu\/wp-content\/uploads\/2025\/11\/SPDT-ZnS-lens-260x185.png\" class=\"wp-image-22771 avia-img-lazy-loading-not-22771 attachment-portfolio_small size-portfolio_small wp-post-image\" alt=\"SPDT ZnS lens\" \/><\/a><div class='grid-content'><div class='avia-arrow'><\/div><header class=\"entry-content-header\" aria-label=\"Portfolio: SPDT ZnS Linse\"><h3 class='grid-entry-title entry-title '  itemprop=\"headline\" ><a href='https:\/\/sinoptix.eu\/de\/portfolio-item\/spdt-zns-linse\/' title='SPDT ZnS Linse'>SPDT ZnS Linse<\/a><\/h3><\/header><\/div><footer class=\"entry-footer\"><\/footer><\/article><\/div><div data-ajax-id='21357' class=' grid-entry flex_column isotope-item all_sort no_margin post-entry post-entry-21357 grid-entry-overview grid-loop-3 grid-parity-odd  zns_sort  av_one_fourth  default_av_fullwidth '><article class='main_color inner-entry'  itemscope=\"itemscope\" itemtype=\"https:\/\/schema.org\/CreativeWork\" ><a href=\"https:\/\/sinoptix.eu\/de\/portfolio-item\/zns-keilfenster\/\" title='ZnS-Keilfenster'  data-rel='grid-1' class='grid-image avia-hover-fx'> <img decoding=\"async\" fetchpriority=\"high\" width=\"260\" height=\"185\" src=\"https:\/\/sinoptix.eu\/wp-content\/uploads\/2025\/05\/ZnS-wedge-window-260x185.png\" class=\"wp-image-21352 avia-img-lazy-loading-not-21352 attachment-portfolio_small size-portfolio_small wp-post-image\" alt=\"ZnS wedge window\" \/><\/a><div class='grid-content'><div class='avia-arrow'><\/div><header class=\"entry-content-header\" aria-label=\"Portfolio: ZnS-Keilfenster\"><h3 class='grid-entry-title entry-title '  itemprop=\"headline\" ><a href='https:\/\/sinoptix.eu\/de\/portfolio-item\/zns-keilfenster\/' title='ZnS-Keilfenster'>ZnS-Keilfenster<\/a><\/h3><\/header><\/div><footer class=\"entry-footer\"><\/footer><\/article><\/div><div data-ajax-id='20549' class=' grid-entry flex_column isotope-item all_sort no_margin post-entry post-entry-20549 grid-entry-overview grid-loop-4 grid-parity-even  zns_sort zns-optical-components_sort  av_one_fourth  default_av_fullwidth '><article class='main_color inner-entry'  itemscope=\"itemscope\" itemtype=\"https:\/\/schema.org\/CreativeWork\" ><a href=\"https:\/\/sinoptix.eu\/de\/portfolio-item\/zns-fenster\/\" title='ZnS-Fenster'  data-rel='grid-1' class='grid-image avia-hover-fx'> <img decoding=\"async\" fetchpriority=\"high\" width=\"260\" height=\"185\" src=\"https:\/\/sinoptix.eu\/wp-content\/uploads\/2025\/01\/ZnS-window-260x185.png\" class=\"wp-image-20545 avia-img-lazy-loading-not-20545 attachment-portfolio_small size-portfolio_small wp-post-image\" alt=\"ZnS window\" \/><\/a><div class='grid-content'><div class='avia-arrow'><\/div><header class=\"entry-content-header\" aria-label=\"Portfolio: ZnS-Fenster\"><h3 class='grid-entry-title entry-title '  itemprop=\"headline\" ><a href='https:\/\/sinoptix.eu\/de\/portfolio-item\/zns-fenster\/' title='ZnS-Fenster'>ZnS-Fenster<\/a><\/h3><\/header><\/div><footer class=\"entry-footer\"><\/footer><\/article><\/div><div data-ajax-id='20885' class=' grid-entry flex_column isotope-item all_sort no_margin post-entry post-entry-20885 grid-entry-overview grid-loop-5 grid-parity-odd  post-entry-last  zns_sort  av_one_fourth first default_av_fullwidth '><article class='main_color inner-entry'  itemscope=\"itemscope\" itemtype=\"https:\/\/schema.org\/CreativeWork\" ><a href=\"https:\/\/sinoptix.eu\/de\/portfolio-item\/zns-prisma\/\" title='ZnS-Prisma'  data-rel='grid-1' class='grid-image avia-hover-fx'> <img decoding=\"async\" fetchpriority=\"high\" width=\"260\" height=\"185\" src=\"https:\/\/sinoptix.eu\/wp-content\/uploads\/2025\/02\/ZnS-prism-260x185.png\" class=\"wp-image-20879 avia-img-lazy-loading-not-20879 attachment-portfolio_small size-portfolio_small wp-post-image\" alt=\"ZnS prism\" \/><\/a><div class='grid-content'><div class='avia-arrow'><\/div><header class=\"entry-content-header\" aria-label=\"Portfolio: ZnS-Prisma\"><h3 class='grid-entry-title entry-title '  itemprop=\"headline\" ><a href='https:\/\/sinoptix.eu\/de\/portfolio-item\/zns-prisma\/' title='ZnS-Prisma'>ZnS-Prisma<\/a><\/h3><\/header><\/div><footer class=\"entry-footer\"><\/footer><\/article><\/div><\/div><\/div>\n\n<style type=\"text\/css\" data-created_by=\"avia_inline_auto\" id=\"style-css-av-s395tz-0105b4bf2c0fe42f1a6c02353352f134\">\n#top .hr.hr-invisible.av-s395tz-0105b4bf2c0fe42f1a6c02353352f134{\nheight:30px;\n}\n<\/style>\n<div  class='hr av-s395tz-0105b4bf2c0fe42f1a6c02353352f134 hr-invisible  avia-builder-el-8  el_after_av_one_full  el_before_av_textblock '><span class='hr-inner '><span class=\"hr-inner-style\"><\/span><\/span><\/div>\n<section  class='av_textblock_section av-m1g9ge6m-bd75231adca52ffd0cc046e563b95438 '   itemscope=\"itemscope\" itemtype=\"https:\/\/schema.org\/CreativeWork\" ><div class='avia_textblock'  itemprop=\"text\" ><h2>Verf\u00fcgbare Zinksulfid-Komponenten<\/h2>\n<p>Die folgenden Komponenten werden h\u00e4ufig in den Bereichen W\u00e4rmebildtechnik, Medizin, Nachtsicht oder Verteidigung eingesetzt.<\/p>\n<h3>Wir bieten folgende Arten optischer Komponenten an:<\/h3>\n<ul>\n<li style=\"list-style-type: none;\">\n<ul>\n<li><a href=\"https:\/\/sinoptix.eu\/de\/portfolio-item\/zns-fenster\/\">ZnS-Fenster<\/a><\/li>\n<li><a href=\"https:\/\/sinoptix.eu\/de\/portfolio-item\/zns-linse\/\">ZnS-Linsen<\/a><\/li>\n<li>ZnS-Kuppeln<\/li>\n<li>ZnS-Prismen<\/li>\n<\/ul>\n<\/li>\n<\/ul>\n<h3>Zinksulfid als L\u00f6sung f\u00fcr IR-Anwendungen<\/h3>\n<p>ZnS hat eine gute optische Transmission im thermischen IR (8 bis 12 \u00b5m) und im mittleren IR. Mit der multispektralen ZnS-Klasse kann die optische Transmission auch im sichtbaren Bereich verbessert werden. Es ist daher ein sehr interessantes Material f\u00fcr IR-\/W\u00e4rmebildkameras und Sensoren.<\/p>\n<p>Dar\u00fcber hinaus ist das Material vergleichsweise resistent und ist f\u00fcr ein Umfeld mit rauen Arbeitsbedingungen geeignet. Es ist beispielsweise bei IR Anwendungen im Au\u00dfenbereich zu priorisieren.<\/p>\n<\/div><\/section>\n\n<style type=\"text\/css\" data-created_by=\"avia_inline_auto\" id=\"style-css-av-vd0paf-1affda66146964dbee7ecff732b3af1c\">\n#top .hr.hr-invisible.av-vd0paf-1affda66146964dbee7ecff732b3af1c{\nheight:30px;\n}\n<\/style>\n<div  class='hr av-vd0paf-1affda66146964dbee7ecff732b3af1c hr-invisible  avia-builder-el-10  el_after_av_textblock  el_before_av_button '><span class='hr-inner '><span class=\"hr-inner-style\"><\/span><\/span><\/div>\n<div  class='avia-button-wrap av-m1g9gs73-16f9171c36b1c398a60aad45e78640e4-wrap avia-button-center  avia-builder-el-11  el_after_av_hr  avia-builder-el-last '><a href='https:\/\/sinoptix.eu\/de\/contact-us\/'  class='avia-button av-m1g9gs73-16f9171c36b1c398a60aad45e78640e4 av-link-btn avia-icon_select-yes-left-icon avia-size-small avia-position-center avia-color-theme-color'   aria-label=\"Angebot f\u00fcr ZnS-Komponenten anfordern\"><span class='avia_button_icon avia_button_icon_left avia-iconfont avia-font-entypo-fontello' data-av_icon='\ue805' data-av_iconfont='entypo-fontello' ><\/span><span class='avia_iconbox_title' >Angebot f\u00fcr ZnS-Komponenten anfordern<\/span><\/a><\/div>\n","protected":false},"excerpt":{"rendered":"","protected":false},"author":1,"featured_media":20643,"parent":6388,"menu_order":0,"comment_status":"closed","ping_status":"closed","template":"","meta":{"footnotes":""},"class_list":["post-20843","page","type-page","status-publish","has-post-thumbnail","hentry"],"_links":{"self":[{"href":"https:\/\/sinoptix.eu\/de\/wp-json\/wp\/v2\/pages\/20843","targetHints":{"allow":["GET"]}}],"collection":[{"href":"https:\/\/sinoptix.eu\/de\/wp-json\/wp\/v2\/pages"}],"about":[{"href":"https:\/\/sinoptix.eu\/de\/wp-json\/wp\/v2\/types\/page"}],"author":[{"embeddable":true,"href":"https:\/\/sinoptix.eu\/de\/wp-json\/wp\/v2\/users\/1"}],"replies":[{"embeddable":true,"href":"https:\/\/sinoptix.eu\/de\/wp-json\/wp\/v2\/comments?post=20843"}],"version-history":[{"count":2,"href":"https:\/\/sinoptix.eu\/de\/wp-json\/wp\/v2\/pages\/20843\/revisions"}],"predecessor-version":[{"id":21082,"href":"https:\/\/sinoptix.eu\/de\/wp-json\/wp\/v2\/pages\/20843\/revisions\/21082"}],"up":[{"embeddable":true,"href":"https:\/\/sinoptix.eu\/de\/wp-json\/wp\/v2\/pages\/6388"}],"wp:featuredmedia":[{"embeddable":true,"href":"https:\/\/sinoptix.eu\/de\/wp-json\/wp\/v2\/media\/20643"}],"wp:attachment":[{"href":"https:\/\/sinoptix.eu\/de\/wp-json\/wp\/v2\/media?parent=20843"}],"curies":[{"name":"wp","href":"https:\/\/api.w.org\/{rel}","templated":true}]}}