{"id":4908,"date":"2020-08-29T07:02:53","date_gmt":"2020-08-29T07:02:53","guid":{"rendered":"http:\/\/sinoptix.eu\/about-us\/"},"modified":"2024-06-12T04:13:02","modified_gmt":"2024-06-12T04:13:02","slug":"uber-uns","status":"publish","type":"page","link":"https:\/\/sinoptix.eu\/de\/uber-uns\/","title":{"rendered":"\u00dcBER UNS"},"content":{"rendered":"\n<style type=\"text\/css\" data-created_by=\"avia_inline_auto\" id=\"style-css-av-kefbht3o-750334927d767a835a7b2f5ec60d822a\">\n.avia-image-container.av-kefbht3o-750334927d767a835a7b2f5ec60d822a img.avia_image{\nbox-shadow:none;\n}\n.avia-image-container.av-kefbht3o-750334927d767a835a7b2f5ec60d822a .av-image-caption-overlay-center{\ncolor:#ffffff;\n}\n<\/style>\n<div  id=\"banner-about-us\"  class='avia-image-container av-kefbht3o-750334927d767a835a7b2f5ec60d822a av-styling- avia-align-center  avia-builder-el-0  el_before_av_textblock  avia-builder-el-first '   itemprop=\"image\" itemscope=\"itemscope\" itemtype=\"https:\/\/schema.org\/ImageObject\" ><div class=\"avia-image-container-inner\"><div class=\"avia-image-overlay-wrap\"><img decoding=\"async\" fetchpriority=\"high\" class='wp-image-4909 avia-img-lazy-loading-not-4909 avia_image ' src=\"https:\/\/sinoptix.eu\/wp-content\/uploads\/2020\/08\/About-us-page.jpg\" alt='' title='About-us-page'  height=\"319\" width=\"930\"  itemprop=\"thumbnailUrl\"  \/><\/div><\/div><\/div>\n<section  id=\"main-title-about-us\"  class='av_textblock_section av-kefbnb4u-ff62b88a8bbd3e3c5cc8eb6f50576074 '   itemscope=\"itemscope\" itemtype=\"https:\/\/schema.org\/CreativeWork\" ><div class='avia_textblock'  itemprop=\"text\" ><h1 style=\"text-align: center;\">\u00dcBER<strong> SINOPTIX<\/strong><\/h1>\n<\/div><\/section>\n\n<style type=\"text\/css\" data-created_by=\"avia_inline_auto\" id=\"style-css-av-kefckjll-f0727cbabd3323dd2768d2de0c66e27f\">\n#top .hr.av-kefckjll-f0727cbabd3323dd2768d2de0c66e27f{\nmargin-top:0;\nmargin-bottom:20px;\n}\n.hr.av-kefckjll-f0727cbabd3323dd2768d2de0c66e27f .hr-inner{\nwidth:100%;\n}\n<\/style>\n<div  class='hr av-kefckjll-f0727cbabd3323dd2768d2de0c66e27f hr-custom  avia-builder-el-2  el_after_av_textblock  el_before_av_textblock  hr-center hr-icon-no'><span class='hr-inner inner-border-av-border-thin'><span class=\"hr-inner-style\"><\/span><\/span><\/div>\n<section  id=\"content-about-us\"  class='av_textblock_section av-kefbol7k-397b6cfcafd6385b25032404ef3ae2fe '   itemscope=\"itemscope\" itemtype=\"https:\/\/schema.org\/CreativeWork\" ><div class='avia_textblock'  itemprop=\"text\" ><div class=\"dynamic_textarea_p dynamic_element dynamic_el_5\">\n<div align=\"justify\">\n<p>Sinoptix reagiert auf den wachsenden Bedarf von Unternehmen an einem zuverl\u00e4ssigen Partner f\u00fcr die Herstellung von Optik und Glas in China.<\/p>\n<p>Sinoptix wurde 2006 in Frankreich gegr\u00fcndet und hatte von Anfang an das Ziel, eine zuverl\u00e4ssige L\u00f6sung f\u00fcr den Einkauf von optischen Komponenten und verarbeitetem Glas aus China anzubieten.<\/p>\n<p>Das Angebot wurde bald erweitert und umfasst auch die Herstellung kundenspezifischer Optiken mit wichtigen Lieferanten, die Preis- und Lieferzeitenvorteile bieten.<\/p>\n<p>Im Jahr 2010 fusionierte Sinoptix mit dem belgischen Unternehmen AGC Business Consulting, das seinen Sitz in Shanghai, China, hat. Dies st\u00e4rkte die F\u00e4higkeit von Sinoptix, komplexe Projekte zu bearbeiten und einen Integrationsgewinn f\u00fcr beide Strukturen zu bieten.<\/p>\n<p>Im Jahr 2011 entwickelte Sinoptix eine neue Abteilung innerhalb des Unternehmens mit dem Namen Sinoptix Distribution, die sich speziell auf die Unterst\u00fctzung westlicher Hochtechnologieunternehmen beim Vertrieb ihrer Produkte in China konzentriert.<\/p>\n<p>Die umfassende Erfahrung von Sinoptix in der Optik- und Glasindustrie und das breite Portfolio an auditierten Lieferanten bedeutet, dass unsere Kunden Zugang zu Fertigungsl\u00f6sungen f\u00fcr Standard- und kundenspezifische Anforderungen, Klein- und Serienbestellungen, k\u00fcrzeren Lieferzeiten und besseren Preisvorteilen haben, w\u00e4hrend wir vor dem weltweiten Versand eine umfassende Qualit\u00e4tskontrolle durchf\u00fchren.<\/p>\n<\/div>\n<\/div>\n<div class=\"hr dynamic_element dynamic_el_6\"><\/div>\n<\/div><\/section>\n\n<style type=\"text\/css\" data-created_by=\"avia_inline_auto\" id=\"style-css-av-kefcbyjc-aa95dbfe16f27c3168b1ad200c2c09d0\">\n#top .hr.av-kefcbyjc-aa95dbfe16f27c3168b1ad200c2c09d0{\nmargin-top:0px;\nmargin-bottom:30px;\n}\n.hr.av-kefcbyjc-aa95dbfe16f27c3168b1ad200c2c09d0 .hr-inner{\nwidth:100%;\n}\n<\/style>\n<div  class='hr av-kefcbyjc-aa95dbfe16f27c3168b1ad200c2c09d0 hr-custom  avia-builder-el-4  el_after_av_textblock  el_before_av_textblock  hr-center hr-icon-no'><span class='hr-inner inner-border-av-border-thin'><span class=\"hr-inner-style\"><\/span><\/span><\/div>\n<section  class='av_textblock_section av-kefbppwf-c0d2545963ab6409001bde1215d183be '   itemscope=\"itemscope\" itemtype=\"https:\/\/schema.org\/CreativeWork\" ><div class='avia_textblock'  itemprop=\"text\" ><h2 style=\"text-align: center;\">Unsere St\u00e4rken<\/h2>\n<\/div><\/section>\n\n<style type=\"text\/css\" data-created_by=\"avia_inline_auto\" id=\"style-css-av-5h9uc8-c1b180b97040e7052feb436dcc864aae\">\n.flex_column.av-5h9uc8-c1b180b97040e7052feb436dcc864aae{\nborder-radius:0px 0px 0px 0px;\npadding:0px 0px 0px 0px;\n}\n<\/style>\n<div  class='flex_column av-5h9uc8-c1b180b97040e7052feb436dcc864aae av_one_third  avia-builder-el-6  el_after_av_textblock  el_before_av_one_third  first flex_column_div av-zero-column-padding  column-top-margin'     ><p>\n<style type=\"text\/css\" data-created_by=\"avia_inline_auto\" id=\"style-css-av-kefby9xl-b4d76d0f4e0d1451373aac8afb2f8e39\">\n.avia-image-container.av-kefby9xl-b4d76d0f4e0d1451373aac8afb2f8e39 img.avia_image{\nbox-shadow:none;\n}\n.avia-image-container.av-kefby9xl-b4d76d0f4e0d1451373aac8afb2f8e39 .av-image-caption-overlay-center{\ncolor:#ffffff;\n}\n<\/style>\n<div  class='avia-image-container av-kefby9xl-b4d76d0f4e0d1451373aac8afb2f8e39 av-styling- avia-align-center  avia-builder-el-7  el_before_av_heading  avia-builder-el-first '   itemprop=\"image\" itemscope=\"itemscope\" itemtype=\"https:\/\/schema.org\/ImageObject\" ><div class=\"avia-image-container-inner\"><div class=\"avia-image-overlay-wrap\"><img decoding=\"async\" fetchpriority=\"high\" class='wp-image-6636 avia-img-lazy-loading-not-6636 avia_image ' src=\"https:\/\/sinoptix.eu\/wp-content\/uploads\/2020\/11\/team-1.png\" alt='' title='team-1'  height=\"263\" width=\"279\"  itemprop=\"thumbnailUrl\"  \/><\/div><\/div><\/div><br \/>\n\n<style type=\"text\/css\" data-created_by=\"avia_inline_auto\" id=\"style-css-av-40micc-2d44065ffc705585fad2dcaac4cf675d\">\n#top .av-special-heading.av-40micc-2d44065ffc705585fad2dcaac4cf675d{\nmargin:20px 0 0 0;\npadding-bottom:0;\n}\nbody .av-special-heading.av-40micc-2d44065ffc705585fad2dcaac4cf675d .av-special-heading-tag .heading-char{\nfont-size:25px;\n}\n.av-special-heading.av-40micc-2d44065ffc705585fad2dcaac4cf675d .av-subheading{\nfont-size:15px;\n}\n<\/style>\n<div  class='av-special-heading av-40micc-2d44065ffc705585fad2dcaac4cf675d av-special-heading-h3 blockquote modern-quote modern-centered  avia-builder-el-8  el_after_av_image  el_before_av_hr '><h3 class='av-special-heading-tag '  itemprop=\"headline\"  >DAS TEAM<\/h3><div class=\"special-heading-border\"><div class=\"special-heading-inner-border\"><\/div><\/div><\/div><br \/>\n\n<style type=\"text\/css\" data-created_by=\"avia_inline_auto\" id=\"style-css-av-kefc0grk-1fd4738fd0f8f4a98f0689e7f968f579\">\n#top .hr.av-kefc0grk-1fd4738fd0f8f4a98f0689e7f968f579{\nmargin-top:15px;\nmargin-bottom:15px;\n}\n.hr.av-kefc0grk-1fd4738fd0f8f4a98f0689e7f968f579 .hr-inner{\nwidth:50px;\nborder-color:#0c73b7;\nmax-width:45%;\n}\n.hr.av-kefc0grk-1fd4738fd0f8f4a98f0689e7f968f579 .av-seperator-icon{\ncolor:#de3a0c;\n}\n.hr.av-kefc0grk-1fd4738fd0f8f4a98f0689e7f968f579 .av-seperator-icon.avia-svg-icon svg:first-child{\nfill:#de3a0c;\nstroke:#de3a0c;\n}\n<\/style>\n<div  class='hr av-kefc0grk-1fd4738fd0f8f4a98f0689e7f968f579 hr-custom  avia-builder-el-9  el_after_av_heading  el_before_av_textblock  hr-center hr-icon-yes'><span class='hr-inner inner-border-av-border-fat'><span class=\"hr-inner-style\"><\/span><\/span><span class='av-seperator-icon avia-iconfont avia-font-entypo-fontello' data-av_icon='\ue80b' data-av_iconfont='entypo-fontello' ><\/span><span class='hr-inner inner-border-av-border-fat'><span class=\"hr-inner-style\"><\/span><\/span><\/div><br \/>\n<section  class='av_textblock_section av-kefc1eej-da5b61b5d318da259c6151c6a10e0c3d '   itemscope=\"itemscope\" itemtype=\"https:\/\/schema.org\/CreativeWork\" ><div class='avia_textblock'  itemprop=\"text\" ><p style=\"text-align: left;\">Das Verst\u00e4ndnis f\u00fcr die Bed\u00fcrfnisse der Kunden ist von entscheidender Bedeutung. Deshalb vereint Sinoptix ein multikulturelles und mehrsprachiges Team aus chinesischen und ausl\u00e4ndischen Ingenieuren und Fachleuten, um Missverst\u00e4ndnisse zu vermeiden und technische Kompetenz, Transparenz und Reaktionsf\u00e4higkeit zu gew\u00e4hrleisten.<\/p>\n<\/div><\/section><\/p><\/div>\n<style type=\"text\/css\" data-created_by=\"avia_inline_auto\" id=\"style-css-av-4nhqns-00dbe12a29116e5556f951b86e533e1a\">\n.flex_column.av-4nhqns-00dbe12a29116e5556f951b86e533e1a{\nborder-radius:0px 0px 0px 0px;\npadding:0px 0px 0px 0px;\n}\n<\/style>\n<div  class='flex_column av-4nhqns-00dbe12a29116e5556f951b86e533e1a av_one_third  avia-builder-el-11  el_after_av_one_third  el_before_av_one_third  flex_column_div av-zero-column-padding  column-top-margin'     ><p>\n<style type=\"text\/css\" data-created_by=\"avia_inline_auto\" id=\"style-css-av-kefby9xl-6-a0d1af91fb089532f3fddfbcf6390425\">\n.avia-image-container.av-kefby9xl-6-a0d1af91fb089532f3fddfbcf6390425 img.avia_image{\nbox-shadow:none;\n}\n.avia-image-container.av-kefby9xl-6-a0d1af91fb089532f3fddfbcf6390425 .av-image-caption-overlay-center{\ncolor:#ffffff;\n}\n<\/style>\n<div  class='avia-image-container av-kefby9xl-6-a0d1af91fb089532f3fddfbcf6390425 av-styling- avia-align-center  avia-builder-el-12  el_before_av_heading  avia-builder-el-first '   itemprop=\"image\" itemscope=\"itemscope\" itemtype=\"https:\/\/schema.org\/ImageObject\" ><div class=\"avia-image-container-inner\"><div class=\"avia-image-overlay-wrap\"><img decoding=\"async\" fetchpriority=\"high\" class='wp-image-6647 avia-img-lazy-loading-not-6647 avia_image ' src=\"https:\/\/sinoptix.eu\/wp-content\/uploads\/2020\/08\/factories.png\" alt='optical coating' title='factories'  height=\"263\" width=\"279\"  itemprop=\"thumbnailUrl\"  \/><\/div><\/div><\/div><br \/>\n\n<style type=\"text\/css\" data-created_by=\"avia_inline_auto\" id=\"style-css-av-3wph6k-d156d2b0d4353b2fb4bc49338cb48145\">\n#top .av-special-heading.av-3wph6k-d156d2b0d4353b2fb4bc49338cb48145{\nmargin:20px 0 0 0;\npadding-bottom:0;\n}\nbody .av-special-heading.av-3wph6k-d156d2b0d4353b2fb4bc49338cb48145 .av-special-heading-tag .heading-char{\nfont-size:25px;\n}\n.av-special-heading.av-3wph6k-d156d2b0d4353b2fb4bc49338cb48145 .av-subheading{\nfont-size:15px;\n}\n<\/style>\n<div  class='av-special-heading av-3wph6k-d156d2b0d4353b2fb4bc49338cb48145 av-special-heading-h3 blockquote modern-quote modern-centered  avia-builder-el-13  el_after_av_image  el_before_av_hr '><h3 class='av-special-heading-tag '  itemprop=\"headline\"  >UNSERE FABRIKEN<\/h3><div class=\"special-heading-border\"><div class=\"special-heading-inner-border\"><\/div><\/div><\/div><br \/>\n\n<style type=\"text\/css\" data-created_by=\"avia_inline_auto\" id=\"style-css-av-kefc0grk-5-05eec1079c424dd0a9b3a8ab08ee1880\">\n#top .hr.av-kefc0grk-5-05eec1079c424dd0a9b3a8ab08ee1880{\nmargin-top:15px;\nmargin-bottom:15px;\n}\n.hr.av-kefc0grk-5-05eec1079c424dd0a9b3a8ab08ee1880 .hr-inner{\nwidth:50px;\nborder-color:#0c73b7;\nmax-width:45%;\n}\n.hr.av-kefc0grk-5-05eec1079c424dd0a9b3a8ab08ee1880 .av-seperator-icon{\ncolor:#de3a0c;\n}\n.hr.av-kefc0grk-5-05eec1079c424dd0a9b3a8ab08ee1880 .av-seperator-icon.avia-svg-icon svg:first-child{\nfill:#de3a0c;\nstroke:#de3a0c;\n}\n<\/style>\n<div  class='hr av-kefc0grk-5-05eec1079c424dd0a9b3a8ab08ee1880 hr-custom  avia-builder-el-14  el_after_av_heading  el_before_av_textblock  hr-center hr-icon-yes'><span class='hr-inner inner-border-av-border-fat'><span class=\"hr-inner-style\"><\/span><\/span><span class='av-seperator-icon avia-iconfont avia-font-entypo-fontello' data-av_icon='\ue821' data-av_iconfont='entypo-fontello' ><\/span><span class='hr-inner inner-border-av-border-fat'><span class=\"hr-inner-style\"><\/span><\/span><\/div><br \/>\n<section  class='av_textblock_section av-kefc1eej-4-139717ffdc1b88f97f4d256ec6c03832 '   itemscope=\"itemscope\" itemtype=\"https:\/\/schema.org\/CreativeWork\" ><div class='avia_textblock'  itemprop=\"text\" ><p style=\"text-align: left;\">Im Laufe der Jahre hat Sinoptix Erfahrungen gesammelt und ein solides Netz von konformen Fabriken aufgebaut, die sich auf verschiedene Verfahren spezialisiert haben. So kann Ihr Unternehmen auch bei begrenzten St\u00fcckzahlen auf spezifische Produktionskapazit\u00e4ten zur\u00fcckgreifen.<\/p>\n<\/div><\/section><\/p><\/div>\n<style type=\"text\/css\" data-created_by=\"avia_inline_auto\" id=\"style-css-av-2hidug-5b2e8d7417f4296fe624bb2fa3177bc4\">\n.flex_column.av-2hidug-5b2e8d7417f4296fe624bb2fa3177bc4{\nborder-radius:0px 0px 0px 0px;\npadding:0px 0px 0px 0px;\n}\n<\/style>\n<div  class='flex_column av-2hidug-5b2e8d7417f4296fe624bb2fa3177bc4 av_one_third  avia-builder-el-16  el_after_av_one_third  avia-builder-el-last  flex_column_div av-zero-column-padding  column-top-margin'     ><p>\n<style type=\"text\/css\" data-created_by=\"avia_inline_auto\" id=\"style-css-av-kefby9xl-3-c7a291aee99d5c0554d40cf655dbaf5c\">\n.avia-image-container.av-kefby9xl-3-c7a291aee99d5c0554d40cf655dbaf5c img.avia_image{\nbox-shadow:none;\n}\n.avia-image-container.av-kefby9xl-3-c7a291aee99d5c0554d40cf655dbaf5c .av-image-caption-overlay-center{\ncolor:#ffffff;\n}\n<\/style>\n<div  class='avia-image-container av-kefby9xl-3-c7a291aee99d5c0554d40cf655dbaf5c av-styling- avia-align-center  avia-builder-el-17  el_before_av_heading  avia-builder-el-first '   itemprop=\"image\" itemscope=\"itemscope\" itemtype=\"https:\/\/schema.org\/ImageObject\" ><div class=\"avia-image-container-inner\"><div class=\"avia-image-overlay-wrap\"><img decoding=\"async\" fetchpriority=\"high\" class='wp-image-6907 avia-img-lazy-loading-not-6907 avia_image ' src=\"https:\/\/sinoptix.eu\/wp-content\/uploads\/2021\/01\/optical-analysis--300x225.png\" alt='optics-maping' title='optical-analysis--'  height=\"225\" width=\"300\"  itemprop=\"thumbnailUrl\" srcset=\"https:\/\/sinoptix.eu\/wp-content\/uploads\/2021\/01\/optical-analysis--300x225.png 300w, https:\/\/sinoptix.eu\/wp-content\/uploads\/2021\/01\/optical-analysis-.png 611w\" sizes=\"(max-width: 300px) 100vw, 300px\" \/><\/div><\/div><\/div><br \/>\n\n<style type=\"text\/css\" data-created_by=\"avia_inline_auto\" id=\"style-css-av-3afv5o-12d476441b8ab3f191ee44c6b7b29f23\">\n#top .av-special-heading.av-3afv5o-12d476441b8ab3f191ee44c6b7b29f23{\nmargin:20px 0 0 0;\npadding-bottom:0;\n}\nbody .av-special-heading.av-3afv5o-12d476441b8ab3f191ee44c6b7b29f23 .av-special-heading-tag .heading-char{\nfont-size:25px;\n}\n.av-special-heading.av-3afv5o-12d476441b8ab3f191ee44c6b7b29f23 .av-subheading{\nfont-size:15px;\n}\n<\/style>\n<div  class='av-special-heading av-3afv5o-12d476441b8ab3f191ee44c6b7b29f23 av-special-heading-h3 blockquote modern-quote modern-centered  avia-builder-el-18  el_after_av_image  el_before_av_hr '><h3 class='av-special-heading-tag '  itemprop=\"headline\"  >QUALIT\u00c4TSKONTROLLE<\/h3><div class=\"special-heading-border\"><div class=\"special-heading-inner-border\"><\/div><\/div><\/div><br \/>\n\n<style type=\"text\/css\" data-created_by=\"avia_inline_auto\" id=\"style-css-av-kefc0grk-2-b22fae3b758d2a0c7ae4aa14c22fae8b\">\n#top .hr.av-kefc0grk-2-b22fae3b758d2a0c7ae4aa14c22fae8b{\nmargin-top:15px;\nmargin-bottom:15px;\n}\n.hr.av-kefc0grk-2-b22fae3b758d2a0c7ae4aa14c22fae8b .hr-inner{\nwidth:50px;\nborder-color:#0c73b7;\nmax-width:45%;\n}\n.hr.av-kefc0grk-2-b22fae3b758d2a0c7ae4aa14c22fae8b .av-seperator-icon{\ncolor:#de3a0c;\n}\n.hr.av-kefc0grk-2-b22fae3b758d2a0c7ae4aa14c22fae8b .av-seperator-icon.avia-svg-icon svg:first-child{\nfill:#de3a0c;\nstroke:#de3a0c;\n}\n<\/style>\n<div  class='hr av-kefc0grk-2-b22fae3b758d2a0c7ae4aa14c22fae8b hr-custom  avia-builder-el-19  el_after_av_heading  el_before_av_textblock  hr-center hr-icon-yes'><span class='hr-inner inner-border-av-border-fat'><span class=\"hr-inner-style\"><\/span><\/span><span class='av-seperator-icon avia-iconfont avia-font-entypo-fontello' data-av_icon='\ue803' data-av_iconfont='entypo-fontello' ><\/span><span class='hr-inner inner-border-av-border-fat'><span class=\"hr-inner-style\"><\/span><\/span><\/div><br \/>\n<section  class='av_textblock_section av-kefc1eej-1-f6217be19164220a00c6bde738a348bf '   itemscope=\"itemscope\" itemtype=\"https:\/\/schema.org\/CreativeWork\" ><div class='avia_textblock'  itemprop=\"text\" ><p style=\"text-align: left;\">Qualit\u00e4t ist der Schl\u00fcssel zur Nachhaltigkeit; sie erfordert Erfahrung, Organisation und Klarheit. Die von Sinoptix geschulten Techniker und die internen Qualit\u00e4tskontrollen stellen sicher, dass die Komponenten Ihre Anforderungen erf\u00fcllen, bevor sie China verlassen, um ein reibungsloses Lieferkettenmanagement zu gew\u00e4hrleisten.<\/p>\n<\/div><\/section><\/p><\/div><\/p>\n","protected":false},"excerpt":{"rendered":"","protected":false},"author":1,"featured_media":0,"parent":0,"menu_order":0,"comment_status":"closed","ping_status":"closed","template":"","meta":{"footnotes":""},"class_list":["post-4908","page","type-page","status-publish","hentry"],"_links":{"self":[{"href":"https:\/\/sinoptix.eu\/de\/wp-json\/wp\/v2\/pages\/4908","targetHints":{"allow":["GET"]}}],"collection":[{"href":"https:\/\/sinoptix.eu\/de\/wp-json\/wp\/v2\/pages"}],"about":[{"href":"https:\/\/sinoptix.eu\/de\/wp-json\/wp\/v2\/types\/page"}],"author":[{"embeddable":true,"href":"https:\/\/sinoptix.eu\/de\/wp-json\/wp\/v2\/users\/1"}],"replies":[{"embeddable":true,"href":"https:\/\/sinoptix.eu\/de\/wp-json\/wp\/v2\/comments?post=4908"}],"version-history":[{"count":3,"href":"https:\/\/sinoptix.eu\/de\/wp-json\/wp\/v2\/pages\/4908\/revisions"}],"predecessor-version":[{"id":17676,"href":"https:\/\/sinoptix.eu\/de\/wp-json\/wp\/v2\/pages\/4908\/revisions\/17676"}],"wp:attachment":[{"href":"https:\/\/sinoptix.eu\/de\/wp-json\/wp\/v2\/media?parent=4908"}],"curies":[{"name":"wp","href":"https:\/\/api.w.org\/{rel}","templated":true}]}}