{"id":5002,"date":"2020-08-29T11:46:43","date_gmt":"2020-08-29T11:46:43","guid":{"rendered":"http:\/\/sinoptix.eu\/3669-2\/"},"modified":"2024-06-25T10:23:50","modified_gmt":"2024-06-25T10:23:50","slug":"glas","status":"publish","type":"page","link":"https:\/\/sinoptix.eu\/de\/dienstleistungen\/glas\/","title":{"rendered":"Glas"},"content":{"rendered":"\n<style type=\"text\/css\" data-created_by=\"avia_inline_auto\" id=\"style-css-av-kefcp5se-550bc2555cc2d68da5dd96e433df697f\">\n.avia-image-container.av-kefcp5se-550bc2555cc2d68da5dd96e433df697f img.avia_image{\nbox-shadow:none;\n}\n.avia-image-container.av-kefcp5se-550bc2555cc2d68da5dd96e433df697f .av-image-caption-overlay-center{\ncolor:#ffffff;\n}\n<\/style>\n<div  id=\"service-banner\"  class='avia-image-container av-kefcp5se-550bc2555cc2d68da5dd96e433df697f av-styling- avia-align-center  avia-builder-el-0  el_before_av_textblock  avia-builder-el-first '   itemprop=\"image\" itemscope=\"itemscope\" itemtype=\"https:\/\/schema.org\/ImageObject\" ><div class=\"avia-image-container-inner\"><div class=\"avia-image-overlay-wrap\"><img decoding=\"async\" fetchpriority=\"high\" class='wp-image-5003 avia-img-lazy-loading-not-5003 avia_image ' src=\"https:\/\/sinoptix.eu\/wp-content\/uploads\/2020\/08\/Glass-Header.jpg\" alt='glass working' title='Glass-Header'  height=\"319\" width=\"930\"  itemprop=\"thumbnailUrl\"  \/><\/div><\/div><\/div>\n<section  id=\"main-title-services\"  class='av_textblock_section av-kefj9l32-ddbcdee396541976fcfc8439bf07c63a '   itemscope=\"itemscope\" itemtype=\"https:\/\/schema.org\/CreativeWork\" ><div class='avia_textblock'  itemprop=\"text\" ><h1 class=\"av-special-heading-tag \" style=\"text-align: center;\"> GLAS<\/h1>\n<\/div><\/section>\n<section  class='av_textblock_section av-kefcr84d-28bb729d7d65d62a4bd7f188d321e8db '   itemscope=\"itemscope\" itemtype=\"https:\/\/schema.org\/CreativeWork\" ><div class='avia_textblock'  itemprop=\"text\" ><div class=\"dynamic_textarea_p dynamic_element dynamic_el_5\">\n<p>Sinoptix bietet eine \u201eEin-Schritt-L\u00f6sung\u201c f\u00fcr die Fertigung von technischem Spezialglas nach Ihren Anforderungen. Unsere breite Palette von gepr\u00fcften Lieferanten in der Glasindustrie erm\u00f6glichen es uns, qualifizierte L\u00f6sungen f\u00fcr ein breites Spektrum Anfragen anzubieten. Von speziellen Sonderanfertigungen bis zu hochqualitativen Massenfertigungen, Sinoptix bietet die effizientesten L\u00f6sung. In Kooperation mit den kompetentesten, Herstellern garantiert Sinoptix hohe Qualit\u00e4t und sorgt f\u00fcr die weltweite Lieferung.<\/p>\n<p>Zu unserem Lieferumfang geh\u00f6ren verschiedenste Arten von Glasrohren und Glasst\u00e4ben, aber auch Glasbearbeitungsteile oder Glasformteile. Das Glasmaterial, das wir liefern k\u00f6nnen, reicht von einfachem Flachglas bis zu Borosilikat, Quarz und Saphir.<\/p>\n<\/div>\n<\/div><\/section>\n<div  class='hr av-2mqzzn-3e58bf8273916b1febbcb49e74a984e6 hr-default  avia-builder-el-3  el_after_av_textblock  el_before_av_textblock '><span class='hr-inner '><span class=\"hr-inner-style\"><\/span><\/span><\/div>\n<section  class='av_textblock_section av-kefcsxyo-afa3a5b6e6868537786458377f2439f3 '   itemscope=\"itemscope\" itemtype=\"https:\/\/schema.org\/CreativeWork\" ><div class='avia_textblock'  itemprop=\"text\" ><h2 style=\"text-align: center;\">Individuelle Glasarbeit<\/h2>\n<\/div><\/section>\n\n<style type=\"text\/css\" data-created_by=\"avia_inline_auto\" id=\"style-css-av-kefd1jux-9cf8b8d32da900f388a5db16d451442f\">\n.flex_column.av-kefd1jux-9cf8b8d32da900f388a5db16d451442f{\nborder-radius:0px 0px 0px 0px;\npadding:0px 0px 0px 0px;\n}\n<\/style>\n<div  class='flex_column av-kefd1jux-9cf8b8d32da900f388a5db16d451442f av_one_third  avia-builder-el-5  el_after_av_textblock  el_before_av_one_third  first flex_column_div av-zero-column-padding  column-top-margin'     ><p>\n<style type=\"text\/css\" data-created_by=\"avia_inline_auto\" id=\"style-css-av-kefcx0q6-a831eb7ed517612d343897655b4811e2\">\n.avia-image-container.av-kefcx0q6-a831eb7ed517612d343897655b4811e2 img.avia_image{\nbox-shadow:none;\n}\n.avia-image-container.av-kefcx0q6-a831eb7ed517612d343897655b4811e2 .av-image-caption-overlay-center{\ncolor:#ffffff;\n}\n<\/style>\n<div  class='avia-image-container av-kefcx0q6-a831eb7ed517612d343897655b4811e2 av-styling- avia-align-center  avia-builder-el-6  el_before_av_icon_box  avia-builder-el-first '   itemprop=\"image\" itemscope=\"itemscope\" itemtype=\"https:\/\/schema.org\/ImageObject\" ><div class=\"avia-image-container-inner\"><div class=\"avia-image-overlay-wrap\"><img decoding=\"async\" fetchpriority=\"high\" class='wp-image-6560 avia-img-lazy-loading-not-6560 avia_image ' src=\"https:\/\/sinoptix.eu\/wp-content\/uploads\/2020\/10\/glass1.png\" alt='' title='glass1'  height=\"263\" width=\"279\"  itemprop=\"thumbnailUrl\"  \/><\/div><\/div><\/div><br \/>\n<article  class='iconbox iconbox_top av-kefju6w9-2dbf259607c920c33ccd5eaa12ff5214  avia-builder-el-7  el_after_av_image  el_before_av_hr  wrapper-services main_color'  itemscope=\"itemscope\" itemtype=\"https:\/\/schema.org\/CreativeWork\" ><div class=\"iconbox_content\"><header class=\"entry-content-header\" aria-label=\"Icon: HERSTELLUNGSPROZESSE\"><div class='iconbox_icon heading-color avia-iconfont avia-font-entypo-fontello' data-av_icon='\ue8d6' data-av_iconfont='entypo-fontello'  ><\/div><h3 class='iconbox_content_title header-service-title'  itemprop=\"headline\" >HERSTELLUNGSPROZESSE<\/h3><\/header><div class='iconbox_content_container '  itemprop=\"text\" ><p style=\"text-align: center;\">Glasguss<\/p>\n<p style=\"text-align: center;\">Glasbl\u00e4serei<\/p>\n<p style=\"text-align: center;\">Glaspressung<\/p>\n<p style=\"text-align: center;\">Glasbearbeitung<\/p>\n<p style=\"text-align: center;\">Glasextrusionsrohre<\/p>\n<p style=\"text-align: center;\">Glasschwei\u00dfen<\/p>\n<\/div><\/div><footer class=\"entry-footer\"><\/footer><\/article><br \/>\n\n<style type=\"text\/css\" data-created_by=\"avia_inline_auto\" id=\"style-css-av-kefd0x85-250f7f479ceaec2f66c493744f6cdce5\">\n#top .hr.av-kefd0x85-250f7f479ceaec2f66c493744f6cdce5{\nmargin-top:15px;\nmargin-bottom:15px;\n}\n.hr.av-kefd0x85-250f7f479ceaec2f66c493744f6cdce5 .hr-inner{\nwidth:50px;\nborder-color:#0c73b7;\nmax-width:45%;\n}\n.hr.av-kefd0x85-250f7f479ceaec2f66c493744f6cdce5 .av-seperator-icon{\ncolor:#de3a0c;\n}\n.hr.av-kefd0x85-250f7f479ceaec2f66c493744f6cdce5 .av-seperator-icon.avia-svg-icon svg:first-child{\nfill:#de3a0c;\nstroke:#de3a0c;\n}\n<\/style>\n<div  class='hr av-kefd0x85-250f7f479ceaec2f66c493744f6cdce5 hr-custom  avia-builder-el-8  el_after_av_icon_box  el_before_av_textblock  hr-center hr-icon-yes'><span class='hr-inner inner-border-av-border-fat'><span class=\"hr-inner-style\"><\/span><\/span><span class='av-seperator-icon avia-iconfont avia-font-entypo-fontello' data-av_icon='\ue82a' data-av_iconfont='entypo-fontello' ><\/span><span class='hr-inner inner-border-av-border-fat'><span class=\"hr-inner-style\"><\/span><\/span><\/div><br \/>\n<section  class='av_textblock_section av-kefd164q-e056aa871d41cd13409b3f1aa6357f3a '   itemscope=\"itemscope\" itemtype=\"https:\/\/schema.org\/CreativeWork\" ><div class='avia_textblock'  itemprop=\"text\" ><p>Sinoptix bietet Standard-und Mass angefertigt Glas L\u00f6sungen f\u00fcr eine breite Palette von Anwendungen. Kundenanforderungen konform, Sinoptix sichert eine schnelle, effizient und preisg\u00fcnstige L\u00f6sung f\u00fcr ihre Glas Projekte, alles vom dem gleichen vertrauensw\u00fcrdigen Partner in China.<\/p>\n<\/div><\/section><\/p><\/div>\n<style type=\"text\/css\" data-created_by=\"avia_inline_auto\" id=\"style-css-av-kefd1jux-10-1f6f29b67c97613e8392a7a1dc701be7\">\n.flex_column.av-kefd1jux-10-1f6f29b67c97613e8392a7a1dc701be7{\nborder-radius:0px 0px 0px 0px;\npadding:0px 0px 0px 0px;\n}\n<\/style>\n<div  class='flex_column av-kefd1jux-10-1f6f29b67c97613e8392a7a1dc701be7 av_one_third  avia-builder-el-10  el_after_av_one_third  el_before_av_one_third  flex_column_div av-zero-column-padding  column-top-margin'     ><p>\n<style type=\"text\/css\" data-created_by=\"avia_inline_auto\" id=\"style-css-av-kefcx0q6-9-3ac456f41a897e204988acccb80df6dd\">\n.avia-image-container.av-kefcx0q6-9-3ac456f41a897e204988acccb80df6dd img.avia_image{\nbox-shadow:none;\n}\n.avia-image-container.av-kefcx0q6-9-3ac456f41a897e204988acccb80df6dd .av-image-caption-overlay-center{\ncolor:#ffffff;\n}\n<\/style>\n<div  class='avia-image-container av-kefcx0q6-9-3ac456f41a897e204988acccb80df6dd av-styling- avia-align-center  avia-builder-el-11  el_before_av_icon_box  avia-builder-el-first '   itemprop=\"image\" itemscope=\"itemscope\" itemtype=\"https:\/\/schema.org\/ImageObject\" ><div class=\"avia-image-container-inner\"><div class=\"avia-image-overlay-wrap\"><img decoding=\"async\" fetchpriority=\"high\" class='wp-image-6563 avia-img-lazy-loading-not-6563 avia_image ' src=\"https:\/\/sinoptix.eu\/wp-content\/uploads\/2020\/10\/glass2.png\" alt='borosilicate glass with colors' title='glass2'  height=\"263\" width=\"279\"  itemprop=\"thumbnailUrl\"  \/><\/div><\/div><\/div><br \/>\n<article  class='iconbox iconbox_top av-kefju6w9-8-bb755a9439f0ac212c937c344fff0293  avia-builder-el-12  el_after_av_image  el_before_av_hr  wrapper-services main_color'  itemscope=\"itemscope\" itemtype=\"https:\/\/schema.org\/CreativeWork\" ><div class=\"iconbox_content\"><header class=\"entry-content-header\" aria-label=\"Icon: MATERIAL\"><div class='iconbox_icon heading-color avia-iconfont avia-font-entypo-fontello' data-av_icon='\ue84d' data-av_iconfont='entypo-fontello'  ><\/div><h3 class='iconbox_content_title header-service-title'  itemprop=\"headline\" >MATERIAL<\/h3><\/header><div class='iconbox_content_container '  itemprop=\"text\" ><p style=\"text-align: center;\">Borosilikatglas (Pyrex, Schott)<\/p>\n<p style=\"text-align: center;\">Silicium (Si)<\/p>\n<p style=\"text-align: center;\">Quarzglas<\/p>\n<p style=\"text-align: center;\">Floatglas<\/p>\n<p style=\"text-align: center;\">Kieselglas<\/p>\n<p style=\"text-align: center;\">Kristall<\/p>\n<p style=\"text-align: center;\">Farbiges Glas<\/p>\n<\/div><\/div><footer class=\"entry-footer\"><\/footer><\/article><br \/>\n\n<style type=\"text\/css\" data-created_by=\"avia_inline_auto\" id=\"style-css-av-kefd0x85-7-7858af5817362e5f1d8a1bd32dcf5b47\">\n#top .hr.av-kefd0x85-7-7858af5817362e5f1d8a1bd32dcf5b47{\nmargin-top:15px;\nmargin-bottom:15px;\n}\n.hr.av-kefd0x85-7-7858af5817362e5f1d8a1bd32dcf5b47 .hr-inner{\nwidth:50px;\nborder-color:#0c73b7;\nmax-width:45%;\n}\n.hr.av-kefd0x85-7-7858af5817362e5f1d8a1bd32dcf5b47 .av-seperator-icon{\ncolor:#de3a0c;\n}\n.hr.av-kefd0x85-7-7858af5817362e5f1d8a1bd32dcf5b47 .av-seperator-icon.avia-svg-icon svg:first-child{\nfill:#de3a0c;\nstroke:#de3a0c;\n}\n<\/style>\n<div  class='hr av-kefd0x85-7-7858af5817362e5f1d8a1bd32dcf5b47 hr-custom  avia-builder-el-13  el_after_av_icon_box  el_before_av_textblock  hr-center hr-icon-yes'><span class='hr-inner inner-border-av-border-fat'><span class=\"hr-inner-style\"><\/span><\/span><span class='av-seperator-icon avia-iconfont avia-font-entypo-fontello' data-av_icon='\ue82a' data-av_iconfont='entypo-fontello' ><\/span><span class='hr-inner inner-border-av-border-fat'><span class=\"hr-inner-style\"><\/span><\/span><\/div><br \/>\n<section  class='av_textblock_section av-kefd164q-6-0c74758a0bd9c54d40e1506c24e50bd9 '   itemscope=\"itemscope\" itemtype=\"https:\/\/schema.org\/CreativeWork\" ><div class='avia_textblock'  itemprop=\"text\" ><p>Ein breite Palette von Materialien bietet Ihnen die Auswahl an geeignete Materialien f\u00fcr Ihre Glas Anforderungen. Zertifizierungen stellen sicher, dass alle Materialien und ihre chinesischen \u00c4quivalente die erforderlichen Standards erf\u00fcllen f\u00fcr die erfolgreiche Nutzung in ihrer gew\u00fcnschten Einsatzbereich.<\/p>\n<\/div><\/section><\/p><\/div><\/p>\n\n<style type=\"text\/css\" data-created_by=\"avia_inline_auto\" id=\"style-css-av-kefd1jux-5-34f3fcd6000089aaee2adddd94d0cac7\">\n.flex_column.av-kefd1jux-5-34f3fcd6000089aaee2adddd94d0cac7{\nborder-radius:0px 0px 0px 0px;\npadding:0px 0px 0px 0px;\n}\n<\/style>\n<div  class='flex_column av-kefd1jux-5-34f3fcd6000089aaee2adddd94d0cac7 av_one_third  avia-builder-el-15  el_after_av_one_third  el_before_av_button  flex_column_div av-zero-column-padding  column-top-margin'     ><p>\n<style type=\"text\/css\" data-created_by=\"avia_inline_auto\" id=\"style-css-av-kefcx0q6-4-207dffdd6c3835e07cd53c6419e06f0e\">\n.avia-image-container.av-kefcx0q6-4-207dffdd6c3835e07cd53c6419e06f0e img.avia_image{\nbox-shadow:none;\n}\n.avia-image-container.av-kefcx0q6-4-207dffdd6c3835e07cd53c6419e06f0e .av-image-caption-overlay-center{\ncolor:#ffffff;\n}\n<\/style>\n<div  class='avia-image-container av-kefcx0q6-4-207dffdd6c3835e07cd53c6419e06f0e av-styling- avia-align-center  avia-builder-el-16  el_before_av_icon_box  avia-builder-el-first '   itemprop=\"image\" itemscope=\"itemscope\" itemtype=\"https:\/\/schema.org\/ImageObject\" ><div class=\"avia-image-container-inner\"><div class=\"avia-image-overlay-wrap\"><img decoding=\"async\" fetchpriority=\"high\" class='wp-image-6566 avia-img-lazy-loading-not-6566 avia_image ' src=\"https:\/\/sinoptix.eu\/wp-content\/uploads\/2020\/10\/glass3.png\" alt='' title='glass3'  height=\"263\" width=\"277\"  itemprop=\"thumbnailUrl\"  \/><\/div><\/div><\/div><br \/>\n<article  class='iconbox iconbox_top av-kefju6w9-3-66bf3d8da43e50d0efee86b6b0103acd  avia-builder-el-17  el_after_av_image  el_before_av_hr  wrapper-services main_color'  itemscope=\"itemscope\" itemtype=\"https:\/\/schema.org\/CreativeWork\" ><div class=\"iconbox_content\"><header class=\"entry-content-header\" aria-label=\"Icon: POLISHING\"><div class='iconbox_icon heading-color avia-iconfont avia-font-entypo-fontello' data-av_icon='\ue849' data-av_iconfont='entypo-fontello'  ><\/div><h3 class='iconbox_content_title header-service-title'  itemprop=\"headline\" >POLISHING<\/h3><\/header><div class='iconbox_content_container '  itemprop=\"text\" ><p style=\"text-align: center;\">Polieren<\/p>\n<p style=\"text-align: center;\">Sandstrahlen<\/p>\n<p style=\"text-align: center;\">Brennen<\/p>\n<p style=\"text-align: center;\">Siebdruck<\/p>\n<p style=\"text-align: center;\">Versilbern<\/p>\n<\/div><\/div><footer class=\"entry-footer\"><\/footer><\/article><br \/>\n\n<style type=\"text\/css\" data-created_by=\"avia_inline_auto\" id=\"style-css-av-kefd0x85-2-a36ff71b8f591849c2257468674e68c3\">\n#top .hr.av-kefd0x85-2-a36ff71b8f591849c2257468674e68c3{\nmargin-top:15px;\nmargin-bottom:15px;\n}\n.hr.av-kefd0x85-2-a36ff71b8f591849c2257468674e68c3 .hr-inner{\nwidth:50px;\nborder-color:#0c73b7;\nmax-width:45%;\n}\n.hr.av-kefd0x85-2-a36ff71b8f591849c2257468674e68c3 .av-seperator-icon{\ncolor:#de3a0c;\n}\n.hr.av-kefd0x85-2-a36ff71b8f591849c2257468674e68c3 .av-seperator-icon.avia-svg-icon svg:first-child{\nfill:#de3a0c;\nstroke:#de3a0c;\n}\n<\/style>\n<div  class='hr av-kefd0x85-2-a36ff71b8f591849c2257468674e68c3 hr-custom  avia-builder-el-18  el_after_av_icon_box  el_before_av_textblock  hr-center hr-icon-yes'><span class='hr-inner inner-border-av-border-fat'><span class=\"hr-inner-style\"><\/span><\/span><span class='av-seperator-icon avia-iconfont avia-font-entypo-fontello' data-av_icon='\ue82a' data-av_iconfont='entypo-fontello' ><\/span><span class='hr-inner inner-border-av-border-fat'><span class=\"hr-inner-style\"><\/span><\/span><\/div><br \/>\n<section  class='av_textblock_section av-kefd164q-1-de3dbde62e2356e3737845fda18dffdc '   itemscope=\"itemscope\" itemtype=\"https:\/\/schema.org\/CreativeWork\" ><div class='avia_textblock'  itemprop=\"text\" ><div class=\"dynamic_textarea_p dynamic_element dynamic_el_8\">\n<div class=\"one_third flex_column\">\n<div align=\"justify\">Sinoptix bietet eine breite Palette von Glasbeschichtung f\u00fcr individuelle Anwendungen. Ob das Produkt einem intensiven Umgebung verwendet warden oder zur Ausstellung, Sinoptix bieten eine Reihe von Beschichtungen, die die meisten Anfragen erf\u00fcllen k\u00f6nnen. F\u00fcr spezielle Beschichtung Anfragen kontaktieren Sie uns direkt.<\/div>\n<\/div>\n<\/div>\n<\/div><\/section><\/p><\/div>\n<div  id=\"contact-us-service\"  class='avia-button-wrap av-kefjblhn-602ffb8973b6b79d037f2a7b30e0dff6-wrap avia-button-center  avia-builder-el-20  el_after_av_one_third  avia-builder-el-last '><a href=''  class='avia-button av-kefjblhn-602ffb8973b6b79d037f2a7b30e0dff6 av-link-btn avia-icon_select-no avia-size-x-large avia-position-center avia-color-theme-color-highlight'   aria-label=\"Kontakt\"><span class='avia_iconbox_title' >Kontakt<\/span><\/a><\/div>\n","protected":false},"excerpt":{"rendered":"","protected":false},"author":1,"featured_media":0,"parent":6338,"menu_order":0,"comment_status":"closed","ping_status":"closed","template":"","meta":{"footnotes":""},"class_list":["post-5002","page","type-page","status-publish","hentry"],"_links":{"self":[{"href":"https:\/\/sinoptix.eu\/de\/wp-json\/wp\/v2\/pages\/5002","targetHints":{"allow":["GET"]}}],"collection":[{"href":"https:\/\/sinoptix.eu\/de\/wp-json\/wp\/v2\/pages"}],"about":[{"href":"https:\/\/sinoptix.eu\/de\/wp-json\/wp\/v2\/types\/page"}],"author":[{"embeddable":true,"href":"https:\/\/sinoptix.eu\/de\/wp-json\/wp\/v2\/users\/1"}],"replies":[{"embeddable":true,"href":"https:\/\/sinoptix.eu\/de\/wp-json\/wp\/v2\/comments?post=5002"}],"version-history":[{"count":2,"href":"https:\/\/sinoptix.eu\/de\/wp-json\/wp\/v2\/pages\/5002\/revisions"}],"predecessor-version":[{"id":18041,"href":"https:\/\/sinoptix.eu\/de\/wp-json\/wp\/v2\/pages\/5002\/revisions\/18041"}],"up":[{"embeddable":true,"href":"https:\/\/sinoptix.eu\/de\/wp-json\/wp\/v2\/pages\/6338"}],"wp:attachment":[{"href":"https:\/\/sinoptix.eu\/de\/wp-json\/wp\/v2\/media?parent=5002"}],"curies":[{"name":"wp","href":"https:\/\/api.w.org\/{rel}","templated":true}]}}