{"id":6338,"date":"2020-08-29T07:37:16","date_gmt":"2020-08-29T07:37:16","guid":{"rendered":"http:\/\/sinoptix.eu\/services\/"},"modified":"2024-06-12T09:50:01","modified_gmt":"2024-06-12T09:50:01","slug":"dienstleistungen","status":"publish","type":"page","link":"https:\/\/sinoptix.eu\/de\/dienstleistungen\/","title":{"rendered":"Dienstleistungen"},"content":{"rendered":"\n<style type=\"text\/css\" data-created_by=\"avia_inline_auto\" id=\"style-css-av-kefcp5se-c4d9a39c1af81fd9f9701ac5722a4388\">\n.avia-image-container.av-kefcp5se-c4d9a39c1af81fd9f9701ac5722a4388 img.avia_image{\nbox-shadow:none;\n}\n.avia-image-container.av-kefcp5se-c4d9a39c1af81fd9f9701ac5722a4388 .av-image-caption-overlay-center{\ncolor:#ffffff;\n}\n<\/style>\n<div  id=\"service-banner\"  class='avia-image-container av-kefcp5se-c4d9a39c1af81fd9f9701ac5722a4388 av-styling- avia-align-center  avia-builder-el-0  el_before_av_textblock  avia-builder-el-first '   itemprop=\"image\" itemscope=\"itemscope\" itemtype=\"https:\/\/schema.org\/ImageObject\" ><div class=\"avia-image-container-inner\"><div class=\"avia-image-overlay-wrap\"><img decoding=\"async\" fetchpriority=\"high\" class='wp-image-6339 avia-img-lazy-loading-not-6339 avia_image ' src=\"https:\/\/sinoptix.eu\/wp-content\/uploads\/2020\/08\/services_sinoptix.jpg\" alt='optics and technical glass components' title='services_sinoptix'  height=\"319\" width=\"930\"  itemprop=\"thumbnailUrl\"  \/><\/div><\/div><\/div>\n<section  id=\"main-title-services\"  class='av_textblock_section av-kefj9l32-15725cd8d8c9429e51089c3b8fbff614 '   itemscope=\"itemscope\" itemtype=\"https:\/\/schema.org\/CreativeWork\" ><div class='avia_textblock'  itemprop=\"text\" ><div class=\"dynamic_textarea_p dynamic_element dynamic_el_3\">\n<h1>Ihr Partner f\u00fcr Optik- und Glasfertigung in China<\/h1>\n<\/div>\n<\/div><\/section>\n<section  class='av_textblock_section av-kefcr84d-28bb729d7d65d62a4bd7f188d321e8db '   itemscope=\"itemscope\" itemtype=\"https:\/\/schema.org\/CreativeWork\" ><div class='avia_textblock'  itemprop=\"text\" ><p>Wenn Sie optische Komponenten oder bearbeitetes Glas ben\u00f6tigen, spart Sinoptix Ihnen Zeit und Geld und gew\u00e4hrleistet eine effiziente Qualit\u00e4t. Ob Sie einen Partner f\u00fcr Ihre Produktion suchen, bestimmte Teile auslagern m\u00f6chten oder einen Spezialisten f\u00fcr ein Projekt ben\u00f6tigen, das Ihre Fertigungskapazit\u00e4ten \u00fcbersteigt &#8211; Sinoptix kann Ihnen helfen. Unser breites Spektrum an Fertigungsm\u00f6glichkeiten sorgt f\u00fcr zeitsparende L\u00f6sungen und garantiert Ihnen zu jedem Zeitpunkt Kosteneinsparungen.<\/p>\n<\/div><\/section>\n<div  class='hr av-2mqzzn-3e58bf8273916b1febbcb49e74a984e6 hr-default  avia-builder-el-3  el_after_av_textblock  el_before_av_textblock '><span class='hr-inner '><span class=\"hr-inner-style\"><\/span><\/span><\/div>\n<section  class='av_textblock_section av-kefcsxyo-afa3a5b6e6868537786458377f2439f3 '   itemscope=\"itemscope\" itemtype=\"https:\/\/schema.org\/CreativeWork\" ><div class='avia_textblock'  itemprop=\"text\" ><h2 style=\"text-align: center;\">Dienstleistungen<\/h2>\n<\/div><\/section>\n\n<style type=\"text\/css\" data-created_by=\"avia_inline_auto\" id=\"style-css-av-kefd1jux-e10801c85cd311b01ad42b91bb15ec26\">\n.flex_column.av-kefd1jux-e10801c85cd311b01ad42b91bb15ec26{\nborder-radius:0px 0px 0px 0px;\npadding:0px 0px 0px 0px;\n}\n<\/style>\n<div  class='flex_column av-kefd1jux-e10801c85cd311b01ad42b91bb15ec26 av_one_half  avia-builder-el-5  el_after_av_textblock  el_before_av_one_half  first flex_column_div av-zero-column-padding avia-link-column av-column-link  column-top-margin'    data-link-column-url=\"https:\/\/sinoptix.eu\/de\/dienstleistungen\/optik\/\"   ><a class=\"av-screen-reader-only\" href=https:\/\/sinoptix.eu\/de\/dienstleistungen\/optik\/ >Link zu: Optik<\/a><p>\n<style type=\"text\/css\" data-created_by=\"avia_inline_auto\" id=\"style-css-av-kefcx0q6-b03020164657f7dc4b64adeb489b7272\">\n.avia-image-container.av-kefcx0q6-b03020164657f7dc4b64adeb489b7272 img.avia_image{\nbox-shadow:none;\n}\n.avia-image-container.av-kefcx0q6-b03020164657f7dc4b64adeb489b7272 .av-image-caption-overlay-center{\ncolor:#ffffff;\n}\n<\/style>\n<div  class='avia-image-container av-kefcx0q6-b03020164657f7dc4b64adeb489b7272 av-styling- av-hover-grow av-hide-overflow av-img-linked avia-align-center  avia-builder-el-6  el_before_av_heading  avia-builder-el-first '   itemprop=\"image\" itemscope=\"itemscope\" itemtype=\"https:\/\/schema.org\/ImageObject\" ><div class=\"avia-image-container-inner\"><div class=\"avia-image-overlay-wrap\"><a href=\"https:\/\/sinoptix.eu\/de\/dienstleistungen\/optik\/\" class='avia_image '  aria-label='optical-components'><img decoding=\"async\" fetchpriority=\"high\" class='wp-image-12952 avia-img-lazy-loading-not-12952 avia_image ' src=\"https:\/\/sinoptix.eu\/wp-content\/uploads\/2020\/08\/slide1png.png\" alt='optical components picture' title='optical-components'  height=\"366\" width=\"494\"  itemprop=\"thumbnailUrl\"  \/><\/a><\/div><\/div><\/div><br \/>\n\n<style type=\"text\/css\" data-created_by=\"avia_inline_auto\" id=\"style-css-av-ki08mx2o-03ddafcce291be90efc653790516d942\">\n#top .av-special-heading.av-ki08mx2o-03ddafcce291be90efc653790516d942{\nmargin:20px 0 0 0;\npadding-bottom:0;\n}\nbody .av-special-heading.av-ki08mx2o-03ddafcce291be90efc653790516d942 .av-special-heading-tag .heading-char{\nfont-size:25px;\n}\n.av-special-heading.av-ki08mx2o-03ddafcce291be90efc653790516d942 .av-subheading{\nfont-size:15px;\n}\n<\/style>\n<div  class='av-special-heading av-ki08mx2o-03ddafcce291be90efc653790516d942 av-special-heading-h3 blockquote modern-quote modern-centered  avia-builder-el-7  el_after_av_image  el_before_av_hr  av-linked-heading'><h3 class='av-special-heading-tag '  itemprop=\"headline\"  ><a class=\"av-heading-link\" href=\"https:\/\/sinoptix.eu\/de\/dienstleistungen\/optik\/\" >OPTIK<\/a><\/h3><div class=\"special-heading-border\"><div class=\"special-heading-inner-border\"><\/div><\/div><\/div><br \/>\n\n<style type=\"text\/css\" data-created_by=\"avia_inline_auto\" id=\"style-css-av-kefd0x85-676b7d70e50c6475c0cc123f4321b1ba\">\n#top .hr.av-kefd0x85-676b7d70e50c6475c0cc123f4321b1ba{\nmargin-top:15px;\nmargin-bottom:15px;\n}\n.hr.av-kefd0x85-676b7d70e50c6475c0cc123f4321b1ba .hr-inner{\nwidth:50px;\nborder-color:#ba3726;\nmax-width:45%;\n}\n.hr.av-kefd0x85-676b7d70e50c6475c0cc123f4321b1ba .av-seperator-icon{\ncolor:#ba3726;\n}\n.hr.av-kefd0x85-676b7d70e50c6475c0cc123f4321b1ba .av-seperator-icon.avia-svg-icon svg:first-child{\nfill:#ba3726;\nstroke:#ba3726;\n}\n<\/style>\n<div  class='hr av-kefd0x85-676b7d70e50c6475c0cc123f4321b1ba hr-custom  avia-builder-el-8  el_after_av_heading  el_before_av_textblock  hr-center hr-icon-yes'><span class='hr-inner inner-border-av-border-fat'><span class=\"hr-inner-style\"><\/span><\/span><span class='av-seperator-icon avia-iconfont avia-font-entypo-fontello' data-av_icon='\ue82a' data-av_iconfont='entypo-fontello' ><\/span><span class='hr-inner inner-border-av-border-fat'><span class=\"hr-inner-style\"><\/span><\/span><\/div><br \/>\n<section  class='av_textblock_section av-kefd164q-5c0927b26e4b85cb55bbe2e314083e61 '   itemscope=\"itemscope\" itemtype=\"https:\/\/schema.org\/CreativeWork\" ><div class='avia_textblock'  itemprop=\"text\" ><div class=\"one_half first flex_column\">\n<div align=\"justify\">Nach Ihren Vorgaben organisiert Sinoptix die Herstellung, Qualit\u00e4tskontrolle und weltweite Lieferung Ihrer optischen Komponenten. Pr\u00e4zisionsoptiklinsen oder optische Baugruppen, von PMMA-Kollimatoren f\u00fcr die Kunststoffeinspritzung bis hin zu Germanium-Fenstern oder optischen Prismen &#8211; wir sind der Lieferant, den Sie brauchen, um die hohe Qualit\u00e4t Ihrer Produkte zu gew\u00e4hrleisten und gleichzeitig einen niedrigen Preis zu garantieren.<\/div>\n<\/div>\n<\/div><\/section><br \/>\n<div  class='avia-button-wrap av-kefjblhn-f9498c07f553fa4a196b5961d1e311f1-wrap avia-button-center  avia-builder-el-10  el_after_av_textblock  avia-builder-el-last '><a href='https:\/\/sinoptix.eu\/de\/dienstleistungen\/optik\/'  class='avia-button av-kefjblhn-f9498c07f553fa4a196b5961d1e311f1 av-link-btn avia-icon_select-no avia-size-small avia-position-center avia-color-theme-color-highlight'   aria-label=\"Mehr\"><span class='avia_iconbox_title' >Mehr<\/span><\/a><\/div><\/p><\/div>\n<style type=\"text\/css\" data-created_by=\"avia_inline_auto\" id=\"style-css-av-kefd1jux-5-696af16ab8ef0c4204a665e1f3be6c61\">\n.flex_column.av-kefd1jux-5-696af16ab8ef0c4204a665e1f3be6c61{\nborder-radius:0px 0px 0px 0px;\npadding:0px 0px 0px 0px;\n}\n<\/style>\n<div  class='flex_column av-kefd1jux-5-696af16ab8ef0c4204a665e1f3be6c61 av_one_half  avia-builder-el-11  el_after_av_one_half  avia-builder-el-last  flex_column_div av-zero-column-padding avia-link-column av-column-link  column-top-margin'    data-link-column-url=\"https:\/\/sinoptix.eu\/de\/dienstleistungen\/glas\/\"   ><a class=\"av-screen-reader-only\" href=https:\/\/sinoptix.eu\/de\/dienstleistungen\/glas\/ >Link zu: Glas<\/a><p>\n<style type=\"text\/css\" data-created_by=\"avia_inline_auto\" id=\"style-css-av-kefcx0q6-4-451821a6ddead1b45c760d141c81882c\">\n.avia-image-container.av-kefcx0q6-4-451821a6ddead1b45c760d141c81882c img.avia_image{\nbox-shadow:none;\n}\n.avia-image-container.av-kefcx0q6-4-451821a6ddead1b45c760d141c81882c .av-image-caption-overlay-center{\ncolor:#ffffff;\n}\n<\/style>\n<div  class='avia-image-container av-kefcx0q6-4-451821a6ddead1b45c760d141c81882c av-styling- av-hover-grow av-hide-overflow av-img-linked avia-align-center  avia-builder-el-12  el_before_av_heading  avia-builder-el-first '   itemprop=\"image\" itemscope=\"itemscope\" itemtype=\"https:\/\/schema.org\/ImageObject\" ><div class=\"avia-image-container-inner\"><div class=\"avia-image-overlay-wrap\"><a href=\"https:\/\/sinoptix.eu\/de\/dienstleistungen\/glas\/\" class='avia_image '  aria-label='glass-tubes'><img decoding=\"async\" fetchpriority=\"high\" class='wp-image-3322 avia-img-lazy-loading-not-3322 avia_image ' src=\"https:\/\/sinoptix.eu\/wp-content\/uploads\/2020\/08\/glass-tubes.png\" alt='' title='glass-tubes'  height=\"329\" width=\"453\"  itemprop=\"thumbnailUrl\"  \/><\/a><\/div><\/div><\/div><br \/>\n\n<style type=\"text\/css\" data-created_by=\"avia_inline_auto\" id=\"style-css-av-2fwscy-7d7ba659ea7581c1f5005bcd4e58a770\">\n#top .av-special-heading.av-2fwscy-7d7ba659ea7581c1f5005bcd4e58a770{\nmargin:20px 0 0 0;\npadding-bottom:0;\n}\nbody .av-special-heading.av-2fwscy-7d7ba659ea7581c1f5005bcd4e58a770 .av-special-heading-tag .heading-char{\nfont-size:25px;\n}\n.av-special-heading.av-2fwscy-7d7ba659ea7581c1f5005bcd4e58a770 .av-subheading{\nfont-size:15px;\n}\n<\/style>\n<div  class='av-special-heading av-2fwscy-7d7ba659ea7581c1f5005bcd4e58a770 av-special-heading-h3 blockquote modern-quote modern-centered  avia-builder-el-13  el_after_av_image  el_before_av_hr  av-linked-heading'><h3 class='av-special-heading-tag '  itemprop=\"headline\"  ><a class=\"av-heading-link\" href=\"https:\/\/sinoptix.eu\/de\/dienstleistungen\/glas\/\" >GLASTEILE<\/a><\/h3><div class=\"special-heading-border\"><div class=\"special-heading-inner-border\"><\/div><\/div><\/div><br \/>\n\n<style type=\"text\/css\" data-created_by=\"avia_inline_auto\" id=\"style-css-av-kefd0x85-3-a61ae55bc8100a152c42c60245a35939\">\n#top .hr.av-kefd0x85-3-a61ae55bc8100a152c42c60245a35939{\nmargin-top:15px;\nmargin-bottom:15px;\n}\n.hr.av-kefd0x85-3-a61ae55bc8100a152c42c60245a35939 .hr-inner{\nwidth:50px;\nborder-color:#ba3726;\nmax-width:45%;\n}\n.hr.av-kefd0x85-3-a61ae55bc8100a152c42c60245a35939 .av-seperator-icon{\ncolor:#ba3726;\n}\n.hr.av-kefd0x85-3-a61ae55bc8100a152c42c60245a35939 .av-seperator-icon.avia-svg-icon svg:first-child{\nfill:#ba3726;\nstroke:#ba3726;\n}\n<\/style>\n<div  class='hr av-kefd0x85-3-a61ae55bc8100a152c42c60245a35939 hr-custom  avia-builder-el-14  el_after_av_heading  el_before_av_textblock  hr-center hr-icon-yes'><span class='hr-inner inner-border-av-border-fat'><span class=\"hr-inner-style\"><\/span><\/span><span class='av-seperator-icon avia-iconfont avia-font-entypo-fontello' data-av_icon='\ue849' data-av_iconfont='entypo-fontello' ><\/span><span class='hr-inner inner-border-av-border-fat'><span class=\"hr-inner-style\"><\/span><\/span><\/div><br \/>\n<section  class='av_textblock_section av-kefd164q-2-19e1f3f91b038d578978698573d8518b '   itemscope=\"itemscope\" itemtype=\"https:\/\/schema.org\/CreativeWork\" ><div class='avia_textblock'  itemprop=\"text\" ><div class=\"dynamic_textarea_p dynamic_element dynamic_el_9\">\n<div class=\"one_half flex_column\">\n<div align=\"justify\">Auf Ihren Wunsch hin organisiert Sinoptix die Herstellung, Qualit\u00e4tskontrolle und weltweite Lieferung Ihrer Glaskomponenten. Von einfachen Glasr\u00f6hren bis hin zu komplexen mundgeblasenen Glasformen, Ziergegenst\u00e4nden und einzigartigen Sonderanfertigungen aus einer breiten Palette von Materialien. Sinoptix ist der Partner, den Sie brauchen, um hohe Qualit\u00e4tsstandards f\u00fcr Glas zu gew\u00e4hrleisten und gleichzeitig einen niedrigen Preis zu garantieren.<\/div>\n<\/div>\n<\/div>\n<\/div><\/section><br \/>\n<div  class='avia-button-wrap av-kefjblhn-1-56dd6693ea1a6a226499174b38a10e72-wrap avia-button-center  avia-builder-el-16  el_after_av_textblock  avia-builder-el-last '><a href='https:\/\/sinoptix.eu\/de\/dienstleistungen\/glas\/'  class='avia-button av-kefjblhn-1-56dd6693ea1a6a226499174b38a10e72 av-link-btn avia-icon_select-no avia-size-small avia-position-center avia-color-theme-color-highlight'   aria-label=\"Mehr\"><span class='avia_iconbox_title' >Mehr<\/span><\/a><\/div><\/p><\/div><\/p>\n","protected":false},"excerpt":{"rendered":"","protected":false},"author":1,"featured_media":0,"parent":0,"menu_order":0,"comment_status":"closed","ping_status":"closed","template":"","meta":{"footnotes":""},"class_list":["post-6338","page","type-page","status-publish","hentry"],"_links":{"self":[{"href":"https:\/\/sinoptix.eu\/de\/wp-json\/wp\/v2\/pages\/6338","targetHints":{"allow":["GET"]}}],"collection":[{"href":"https:\/\/sinoptix.eu\/de\/wp-json\/wp\/v2\/pages"}],"about":[{"href":"https:\/\/sinoptix.eu\/de\/wp-json\/wp\/v2\/types\/page"}],"author":[{"embeddable":true,"href":"https:\/\/sinoptix.eu\/de\/wp-json\/wp\/v2\/users\/1"}],"replies":[{"embeddable":true,"href":"https:\/\/sinoptix.eu\/de\/wp-json\/wp\/v2\/comments?post=6338"}],"version-history":[{"count":4,"href":"https:\/\/sinoptix.eu\/de\/wp-json\/wp\/v2\/pages\/6338\/revisions"}],"predecessor-version":[{"id":18024,"href":"https:\/\/sinoptix.eu\/de\/wp-json\/wp\/v2\/pages\/6338\/revisions\/18024"}],"wp:attachment":[{"href":"https:\/\/sinoptix.eu\/de\/wp-json\/wp\/v2\/media?parent=6338"}],"curies":[{"name":"wp","href":"https:\/\/api.w.org\/{rel}","templated":true}]}}