{"id":6349,"date":"2020-08-25T13:59:58","date_gmt":"2020-08-25T13:59:58","guid":{"rendered":"http:\/\/sinoptix.eu\/faq\/"},"modified":"2022-07-13T04:03:30","modified_gmt":"2022-07-13T04:03:30","slug":"faq","status":"publish","type":"page","link":"https:\/\/sinoptix.eu\/de\/faq\/","title":{"rendered":"FAQ"},"content":{"rendered":"\n<style type=\"text\/css\" data-created_by=\"avia_inline_auto\" id=\"style-css-av-snezod-e0895db6155e32e6d7e3b237799485c7\">\n.flex_column.av-snezod-e0895db6155e32e6d7e3b237799485c7{\nborder-radius:0px 0px 0px 0px;\npadding:0px 0px 0px 0px;\n}\n<\/style>\n<div  class='flex_column av-snezod-e0895db6155e32e6d7e3b237799485c7 av_one_full  avia-builder-el-0  avia-builder-el-no-sibling  first flex_column_div av-zero-column-padding  '     ><p>\n<style type=\"text\/css\" data-created_by=\"avia_inline_auto\" id=\"style-css-av-kea04ctj-8f427710726519810a404ba5c68c24b9\">\n.avia-image-container.av-kea04ctj-8f427710726519810a404ba5c68c24b9 img.avia_image{\nbox-shadow:none;\n}\n.avia-image-container.av-kea04ctj-8f427710726519810a404ba5c68c24b9 .av-image-caption-overlay-center{\ncolor:#ffffff;\n}\n<\/style>\n<div  id=\"faq-banner\"  class='avia-image-container av-kea04ctj-8f427710726519810a404ba5c68c24b9 av-styling- avia-align-center  avia-builder-el-1  el_before_av_textblock  avia-builder-el-first '   itemprop=\"image\" itemscope=\"itemscope\" itemtype=\"https:\/\/schema.org\/ImageObject\" ><div class=\"avia-image-container-inner\"><div class=\"avia-image-overlay-wrap\"><img decoding=\"async\" fetchpriority=\"high\" class='wp-image-6350 avia-img-lazy-loading-not-6350 avia_image ' src=\"https:\/\/sinoptix.eu\/wp-content\/uploads\/2020\/08\/slide.jpg\" alt='' title='slide'  height=\"376\" width=\"930\"  itemprop=\"thumbnailUrl\"  \/><\/div><\/div><\/div><br \/>\n<section  id=\"main-title-faq\"  class='av_textblock_section av-kefmee0r-344fc9ad34de8cc62b29305a80c8a76e '   itemscope=\"itemscope\" itemtype=\"https:\/\/schema.org\/CreativeWork\" ><div class='avia_textblock'  itemprop=\"text\" ><h1 style=\"text-align: center;\">FAQ<\/h1>\n<\/div><\/section><br \/>\n\n<style type=\"text\/css\" data-created_by=\"avia_inline_auto\" id=\"style-css-av-kea0m8ws-83ef80a6a3c5740170a3867cf5dad905\">\n#top .togglecontainer.av-kea0m8ws-83ef80a6a3c5740170a3867cf5dad905 p.toggler.activeTitle{\ncolor:#ba3726;\nborder-color:#ba3726;\n}\n#top .togglecontainer.av-kea0m8ws-83ef80a6a3c5740170a3867cf5dad905 p.toggler:not(.activeTitle):hover{\ncolor:#ffffff;\nbackground-color:#ba3726;\n}\n#top .togglecontainer.av-kea0m8ws-83ef80a6a3c5740170a3867cf5dad905 p.toggler:not(.activeTitle):hover .toggle_icon, #top .togglecontainer.av-kea0m8ws-83ef80a6a3c5740170a3867cf5dad905 p.toggler:not(.activeTitle):hover .toggle_icon *{\nborder-color:#ffffff !important;\n}\n<\/style>\n<div  id=\"faq\"  class='togglecontainer av-kea0m8ws-83ef80a6a3c5740170a3867cf5dad905 av-minimal-toggle  avia-builder-el-3  el_after_av_textblock  el_before_av_textblock  toggle_close_all hasCurrentStyle' >\n<section class='av_toggle_section av-reew8t-9bc8c8fca2670ae29b13bf2d09b5cbbf'  itemscope=\"itemscope\" itemtype=\"https:\/\/schema.org\/CreativeWork\" ><div role=\"tablist\" class=\"single_toggle\" data-tags=\"{Alle} \"  ><p id='toggle-toggle-id-1' data-fake-id='#toggle-id-1' class='toggler  activeTitle av-title-above '  itemprop=\"headline\"  role='tab' tabindex='0' aria-controls='toggle-id-1' data-slide-speed=\"200\" data-title=\"Warum AGC?\" data-title-open=\"\" data-aria_collapsed=\"Click to expand: Warum AGC?\" data-aria_expanded=\"Click to collapse: Warum AGC?\">Warum AGC?<span class=\"toggle_icon\"><span class=\"vert_icon\"><\/span><span class=\"hor_icon\"><\/span><\/span><\/p><div id='toggle-id-1' aria-labelledby='toggle-toggle-id-1' role='region' class='toggle_wrap  active_tc av-title-above' style='display:block;' ><div class='toggle_content invers-color '  itemprop=\"text\" ><p>Prism, Fenster, Linsen, Strahlteiler, Wellenplatten, Dubletten, Ringkern-Linsen, Pressglas, mundgeblasenes Glas, Farbglas und vieles mehr mit Sinoptix.<br \/>\nEin internationales Team folgt jeder Schritt, von der Analyse der technischen Zeichnungen, Produktion, Qualit\u00e4tskontrolle und sicheren Lieferung weltweit.<br \/>\nSinoptix ist Ihr Partner f\u00fcr alle Ihre Optik und Glas-Anforderungen in China.<\/p>\n<\/div><\/div><\/div><\/section>\n<section class='av_toggle_section av-prt765-56d761ff410cfe4d0a47bdba86bb2be6'  itemscope=\"itemscope\" itemtype=\"https:\/\/schema.org\/CreativeWork\" ><div role=\"tablist\" class=\"single_toggle\" data-tags=\"{Alle} \"  ><p id='toggle-toggle-id-2' data-fake-id='#toggle-id-2' class='toggler  av-title-above '  itemprop=\"headline\"  role='tab' tabindex='0' aria-controls='toggle-id-2' data-slide-speed=\"200\" data-title=\"Wie kann AGC mich in mein Projekt unterst\u00fctzen?\" data-title-open=\"\" data-aria_collapsed=\"Click to expand: Wie kann AGC mich in mein Projekt unterst\u00fctzen?\" data-aria_expanded=\"Click to collapse: Wie kann AGC mich in mein Projekt unterst\u00fctzen?\">Wie kann AGC mich in mein Projekt unterst\u00fctzen?<span class=\"toggle_icon\"><span class=\"vert_icon\"><\/span><span class=\"hor_icon\"><\/span><\/span><\/p><div id='toggle-id-2' aria-labelledby='toggle-toggle-id-2' role='region' class='toggle_wrap  av-title-above'  ><div class='toggle_content invers-color '  itemprop=\"text\" ><p>Sinoptix langj\u00e4hrige Erfahrung, Netzwerk und technisches Know-how erm\u00f6glicht es uns, als Ihr zuverl\u00e4ssiger Partner in China einzutreten und\u00a0Flexible L\u00f6sungen und Reaktivit\u00e4t f\u00fcr Ihr Projekt zu sichern.<\/p>\n<\/div><\/div><\/div><\/section>\n<section class='av_toggle_section av-2g8kr1-f50a7e24aa8b79c55d721e76aae811e9'  itemscope=\"itemscope\" itemtype=\"https:\/\/schema.org\/CreativeWork\" ><div role=\"tablist\" class=\"single_toggle\" data-tags=\"{Alle} \"  ><p id='toggle-toggle-id-3' data-fake-id='#toggle-id-3' class='toggler  av-title-above '  itemprop=\"headline\"  role='tab' tabindex='0' aria-controls='toggle-id-3' data-slide-speed=\"200\" data-title=\"Welche Komponenten kann AGC herstellen?\" data-title-open=\"\" data-aria_collapsed=\"Click to expand: Welche Komponenten kann AGC herstellen?\" data-aria_expanded=\"Click to collapse: Welche Komponenten kann AGC herstellen?\">Welche Komponenten kann AGC herstellen?<span class=\"toggle_icon\"><span class=\"vert_icon\"><\/span><span class=\"hor_icon\"><\/span><\/span><\/p><div id='toggle-id-3' aria-labelledby='toggle-toggle-id-3' role='region' class='toggle_wrap  av-title-above'  ><div class='toggle_content invers-color '  itemprop=\"text\" ><p>A Sinoptix spezialisiert sich auf die Auftragsfertigung von Optik und Glas. Das hei\u00dft, wir k\u00f6nnen eine breite Palette von Komponenten f\u00fcr Ihre Bed\u00fcrfnisse herstellen. Senden Sie uns Ihre Anfrage, und wir werden Ihnen eine L\u00f6sung anbieten.<\/p>\n<\/div><\/div><\/div><\/section>\n<section class='av_toggle_section av-l378nh-0db2d82d855a5ab9685e2c0e9cffbee5'  itemscope=\"itemscope\" itemtype=\"https:\/\/schema.org\/CreativeWork\" ><div role=\"tablist\" class=\"single_toggle\" data-tags=\"{Alle} \"  ><p id='toggle-toggle-id-4' data-fake-id='#toggle-id-4' class='toggler  av-title-above '  itemprop=\"headline\"  role='tab' tabindex='0' aria-controls='toggle-id-4' data-slide-speed=\"200\" data-title=\"Was sind Ihre Lieferzeiten?\" data-title-open=\"\" data-aria_collapsed=\"Click to expand: Was sind Ihre Lieferzeiten?\" data-aria_expanded=\"Click to collapse: Was sind Ihre Lieferzeiten?\">Was sind Ihre Lieferzeiten?<span class=\"toggle_icon\"><span class=\"vert_icon\"><\/span><span class=\"hor_icon\"><\/span><\/span><\/p><div id='toggle-id-4' aria-labelledby='toggle-toggle-id-4' role='region' class='toggle_wrap  av-title-above'  ><div class='toggle_content invers-color '  itemprop=\"text\" ><p>Lieferzeiten variieren je nach Projekten, Schwierigkeiten und Komplexit\u00e4t der Komponenten; f\u00fcr Standard-Glaskomponenten kann etwa 10 Tage eingerechnet werden. F\u00fcr komplexere Anfragen sollten 30 Tage ber\u00fccksichtigt werden.<\/p>\n<\/div><\/div><\/div><\/section>\n<section class='av_toggle_section av-jmk3cd-2ca56bd5863c42a894df0b3134bfbbbd'  itemscope=\"itemscope\" itemtype=\"https:\/\/schema.org\/CreativeWork\" ><div role=\"tablist\" class=\"single_toggle\" data-tags=\"{Alle} \"  ><p id='toggle-toggle-id-5' data-fake-id='#toggle-id-5' class='toggler  av-title-above '  itemprop=\"headline\"  role='tab' tabindex='0' aria-controls='toggle-id-5' data-slide-speed=\"200\" data-title=\"Wann erhalte ich ein Angebot?\" data-title-open=\"\" data-aria_collapsed=\"Click to expand: Wann erhalte ich ein Angebot?\" data-aria_expanded=\"Click to collapse: Wann erhalte ich ein Angebot?\">Wann erhalte ich ein Angebot?<span class=\"toggle_icon\"><span class=\"vert_icon\"><\/span><span class=\"hor_icon\"><\/span><\/span><\/p><div id='toggle-id-5' aria-labelledby='toggle-toggle-id-5' role='region' class='toggle_wrap  av-title-above'  ><div class='toggle_content invers-color '  itemprop=\"text\" ><p>Alle Anforderungen sind unterschiedlich, aber nach alle Angaben klar sind, kann innerhalb von 3 bis 5 Werktagen ein Angebot zur Verf\u00fcgung gestellt werden. Sinoptix k\u00fcmmert sich um der Auswahl des am besten geeigneten Werk f\u00fcr Ihr Projekt, die erfolgreich Verhandlung vom Preis.<\/p>\n<\/div><\/div><\/div><\/section>\n<section class='av_toggle_section av-hyq8rh-c840c091a6ed8b883b68a838675cc776'  itemscope=\"itemscope\" itemtype=\"https:\/\/schema.org\/CreativeWork\" ><div role=\"tablist\" class=\"single_toggle\" data-tags=\"{Alle} \"  ><p id='toggle-toggle-id-6' data-fake-id='#toggle-id-6' class='toggler  av-title-above '  itemprop=\"headline\"  role='tab' tabindex='0' aria-controls='toggle-id-6' data-slide-speed=\"200\" data-title=\"Was sind Ihre Lieferbedingungen?\" data-title-open=\"\" data-aria_collapsed=\"Click to expand: Was sind Ihre Lieferbedingungen?\" data-aria_expanded=\"Click to collapse: Was sind Ihre Lieferbedingungen?\">Was sind Ihre Lieferbedingungen?<span class=\"toggle_icon\"><span class=\"vert_icon\"><\/span><span class=\"hor_icon\"><\/span><\/span><\/p><div id='toggle-id-6' aria-labelledby='toggle-toggle-id-6' role='region' class='toggle_wrap  av-title-above'  ><div class='toggle_content invers-color '  itemprop=\"text\" ><p>Die meisten Fabriken Liefern \u201cFree on Board\u201d (FOB); jedoch organisiert Sinoptix \u201cDelivered at place\u201d (DAP) \u201cDelivered duty paid\u201d (DDP), das hei\u00dft, wir organisieren die Abholung, Verpackung, Transport und Zollabfertigung, zu Ihren weltweiten Produktionsst\u00e4tten.<\/p>\n<\/div><\/div><\/div><\/section>\n<section class='av_toggle_section av-g3hbzh-89744141a68cb75e7c0ab073d92dbcd6'  itemscope=\"itemscope\" itemtype=\"https:\/\/schema.org\/CreativeWork\" ><div role=\"tablist\" class=\"single_toggle\" data-tags=\"{Alle} \"  ><p id='toggle-toggle-id-7' data-fake-id='#toggle-id-7' class='toggler  av-title-above '  itemprop=\"headline\"  role='tab' tabindex='0' aria-controls='toggle-id-7' data-slide-speed=\"200\" data-title=\"Wo kann ich meine Anfrage zuschicken?\" data-title-open=\"\" data-aria_collapsed=\"Click to expand: Wo kann ich meine Anfrage zuschicken?\" data-aria_expanded=\"Click to collapse: Wo kann ich meine Anfrage zuschicken?\">Wo kann ich meine Anfrage zuschicken?<span class=\"toggle_icon\"><span class=\"vert_icon\"><\/span><span class=\"hor_icon\"><\/span><\/span><\/p><div id='toggle-id-7' aria-labelledby='toggle-toggle-id-7' role='region' class='toggle_wrap  av-title-above'  ><div class='toggle_content invers-color '  itemprop=\"text\" ><p>F\u00fchlen Sie unseren Online-Formular aus die Sie auf der Kontakt Seite finden.<br \/>\nSenden Sie uns Ihre Zeichnungen, Spezifikationen und Mindestbestellmenge (MOQ) und wir warden uns in kurze mit Ihnen in Verbindung setzen. Falls ein tempor\u00e4re technische Problem auftritt, k\u00f6nnen Sie auch Ihren Vorgaben und Zeichnungen an <a href=\"mailto:contact@sinoptix.fr?cc=info@asiaglobalconsulting.com\">contact@sinoptix.fr<\/a> senden.<\/p>\n<\/div><\/div><\/div><\/section>\n<section class='av_toggle_section av-eegm71-9a8f6adc14e59cdfee6068813f58aaeb'  itemscope=\"itemscope\" itemtype=\"https:\/\/schema.org\/CreativeWork\" ><div role=\"tablist\" class=\"single_toggle\" data-tags=\"{Alle} \"  ><p id='toggle-toggle-id-8' data-fake-id='#toggle-id-8' class='toggler  av-title-above '  itemprop=\"headline\"  role='tab' tabindex='0' aria-controls='toggle-id-8' data-slide-speed=\"200\" data-title=\"Sind Sie ein chinesisches Unternehmen?\" data-title-open=\"\" data-aria_collapsed=\"Click to expand: Sind Sie ein chinesisches Unternehmen?\" data-aria_expanded=\"Click to collapse: Sind Sie ein chinesisches Unternehmen?\">Sind Sie ein chinesisches Unternehmen?<span class=\"toggle_icon\"><span class=\"vert_icon\"><\/span><span class=\"hor_icon\"><\/span><\/span><\/p><div id='toggle-id-8' aria-labelledby='toggle-toggle-id-8' role='region' class='toggle_wrap  av-title-above'  ><div class='toggle_content invers-color '  itemprop=\"text\" ><p>Unserem Hauptsitz ist in Namur, Belgien. Allerdings ist unsere operativen Niederlassungen in Shanghai, wo wir alle Anforderungen annehmen.<br \/>\nDas Status unseres Unternehmens ist WOFE, das bedeutet, dass wir von den gleichen Verg\u00fcnstigungen wie lokale Unternehmen profitieren und lokale Steuerrechnungen vorlegen k\u00f6nnen. Wir sprechen, Englisch, Franz\u00f6sisch, Deutsch und Chinesisch f\u00fcr ein besseres Verst\u00e4ndnis des Projekts und dessen Management.<\/p>\n<\/div><\/div><\/div><\/section>\n<section class='av_toggle_section av-c7rr65-b13b47221965adce71d46f2f8f2677f1'  itemscope=\"itemscope\" itemtype=\"https:\/\/schema.org\/CreativeWork\" ><div role=\"tablist\" class=\"single_toggle\" data-tags=\"{Alle} \"  ><p id='toggle-toggle-id-9' data-fake-id='#toggle-id-9' class='toggler  av-title-above '  itemprop=\"headline\"  role='tab' tabindex='0' aria-controls='toggle-id-9' data-slide-speed=\"200\" data-title=\"Kann ich Sinoptix besuchen?\" data-title-open=\"\" data-aria_collapsed=\"Click to expand: Kann ich Sinoptix besuchen?\" data-aria_expanded=\"Click to collapse: Kann ich Sinoptix besuchen?\">Kann ich Sinoptix besuchen?<span class=\"toggle_icon\"><span class=\"vert_icon\"><\/span><span class=\"hor_icon\"><\/span><\/span><\/p><div id='toggle-id-9' aria-labelledby='toggle-toggle-id-9' role='region' class='toggle_wrap  av-title-above'  ><div class='toggle_content invers-color '  itemprop=\"text\" ><p>Nat\u00fcrlich, Sinoptix Betriebsb\u00fcro in Shanghai kann jederzeit von Kunden besucht werden. Kontaktieren Sie uns um einen Termin festzulegen, informieren sie uns \u00fcber Ihre Projektanforderungen und wir werden Lieferantenbesuche planen.<\/p>\n<\/div><\/div><\/div><\/section>\n<section class='av_toggle_section av-b7gqp9-dc207ffb3002a3c599d2d53633eea264'  itemscope=\"itemscope\" itemtype=\"https:\/\/schema.org\/CreativeWork\" ><div role=\"tablist\" class=\"single_toggle\" data-tags=\"{Alle} \"  ><p id='toggle-toggle-id-10' data-fake-id='#toggle-id-10' class='toggler  av-title-above '  itemprop=\"headline\"  role='tab' tabindex='0' aria-controls='toggle-id-10' data-slide-speed=\"200\" data-title=\"In Welche Branchen spezialisiert sich Sinoptix?\" data-title-open=\"\" data-aria_collapsed=\"Click to expand: In Welche Branchen spezialisiert sich Sinoptix?\" data-aria_expanded=\"Click to collapse: In Welche Branchen spezialisiert sich Sinoptix?\">In Welche Branchen spezialisiert sich Sinoptix?<span class=\"toggle_icon\"><span class=\"vert_icon\"><\/span><span class=\"hor_icon\"><\/span><\/span><\/p><div id='toggle-id-10' aria-labelledby='toggle-toggle-id-10' role='region' class='toggle_wrap  av-title-above'  ><div class='toggle_content invers-color '  itemprop=\"text\" ><p>Sinoptix ist in den meisten Branchen t\u00e4tig, darunter Automobil, Luftfahrt, Eisenbahn, Milit\u00e4r, Telekommunikation und auch I Medizintechnik beteiligt. Allerdings ist Sinoptix nicht immer \u00fcber die Endanwendung der Produkte bewusst.<\/p>\n<\/div><\/div><\/div><\/section>\n<section class='av_toggle_section av-8pyv1p-540147840ea598ee6d2785150795d2f0'  itemscope=\"itemscope\" itemtype=\"https:\/\/schema.org\/CreativeWork\" ><div role=\"tablist\" class=\"single_toggle\" data-tags=\"{Alle} \"  ><p id='toggle-toggle-id-11' data-fake-id='#toggle-id-11' class='toggler  av-title-above '  itemprop=\"headline\"  role='tab' tabindex='0' aria-controls='toggle-id-11' data-slide-speed=\"200\" data-title=\"Was ist mit meiner IP-Schutz in China?\" data-title-open=\"\" data-aria_collapsed=\"Click to expand: Was ist mit meiner IP-Schutz in China?\" data-aria_expanded=\"Click to collapse: Was ist mit meiner IP-Schutz in China?\">Was ist mit meiner IP-Schutz in China?<span class=\"toggle_icon\"><span class=\"vert_icon\"><\/span><span class=\"hor_icon\"><\/span><\/span><\/p><div id='toggle-id-11' aria-labelledby='toggle-toggle-id-11' role='region' class='toggle_wrap  av-title-above'  ><div class='toggle_content invers-color '  itemprop=\"text\" ><p>Schutzes vertraulicher Informationen und die Unterzeichnung der Vertraulichkeitsvereinbarungen (NDA) mit Kunden und Lieferanten ist eine g\u00e4ngige Praxis mit Sinoptix. Nach Abschluss des Projekts werden alle vertraulichen Informationen an den Kunden zur\u00fcckgegeben.<\/p>\n<\/div><\/div><\/div><\/section>\n<section class='av_toggle_section av-7j2d71-1978c82046779997049675f20c783ed4'  itemscope=\"itemscope\" itemtype=\"https:\/\/schema.org\/CreativeWork\" ><div role=\"tablist\" class=\"single_toggle\" data-tags=\"{Alle} \"  ><p id='toggle-toggle-id-12' data-fake-id='#toggle-id-12' class='toggler  av-title-above '  itemprop=\"headline\"  role='tab' tabindex='0' aria-controls='toggle-id-12' data-slide-speed=\"200\" data-title=\"K\u00f6nnen Sie Prototypen Organisieren?\" data-title-open=\"\" data-aria_collapsed=\"Click to expand: K\u00f6nnen Sie Prototypen Organisieren?\" data-aria_expanded=\"Click to collapse: K\u00f6nnen Sie Prototypen Organisieren?\">K\u00f6nnen Sie Prototypen Organisieren?<span class=\"toggle_icon\"><span class=\"vert_icon\"><\/span><span class=\"hor_icon\"><\/span><\/span><\/p><div id='toggle-id-12' aria-labelledby='toggle-toggle-id-12' role='region' class='toggle_wrap  av-title-above'  ><div class='toggle_content invers-color '  itemprop=\"text\" ><p>Ja, Prototyping und Probenahme ist mit Sinoptix m\u00f6glich. Es ist normalerweise eine Stufe unserer Kooperationsprozess.<\/p>\n<\/div><\/div><\/div><\/section>\n<section class='av_toggle_section av-5eelcd-286c3b8cb2e4c5873abb7238b9eb2fe0'  itemscope=\"itemscope\" itemtype=\"https:\/\/schema.org\/CreativeWork\" ><div role=\"tablist\" class=\"single_toggle\" data-tags=\"{Alle} \"  ><p id='toggle-toggle-id-13' data-fake-id='#toggle-id-13' class='toggler  av-title-above '  itemprop=\"headline\"  role='tab' tabindex='0' aria-controls='toggle-id-13' data-slide-speed=\"200\" data-title=\"Wie kann mit Sinoptix Geld einsparen?\" data-title-open=\"\" data-aria_collapsed=\"Click to expand: Wie kann mit Sinoptix Geld einsparen?\" data-aria_expanded=\"Click to collapse: Wie kann mit Sinoptix Geld einsparen?\">Wie kann mit Sinoptix Geld einsparen?<span class=\"toggle_icon\"><span class=\"vert_icon\"><\/span><span class=\"hor_icon\"><\/span><\/span><\/p><div id='toggle-id-13' aria-labelledby='toggle-toggle-id-13' role='region' class='toggle_wrap  av-title-above'  ><div class='toggle_content invers-color '  itemprop=\"text\" ><p>Mit \u00fcber einem Jahrzehnt Erfahrung hat Sinopix Zugriff auf exklusive Lieferanten mit exklusiven Preisvorteilen. Dies erm\u00f6glicht uns, unseren Kunden eine durchschnittliche Einsparung von 20 bis 40% auf ihre Anforderungen anzubieten.<\/p>\n<\/div><\/div><\/div><\/section>\n<section class='av_toggle_section av-44bfel-4e8c6e34e0b220c885508beee9e96d1c'  itemscope=\"itemscope\" itemtype=\"https:\/\/schema.org\/CreativeWork\" ><div role=\"tablist\" class=\"single_toggle\" data-tags=\"{Alle} \"  ><p id='toggle-toggle-id-14' data-fake-id='#toggle-id-14' class='toggler  av-title-above '  itemprop=\"headline\"  role='tab' tabindex='0' aria-controls='toggle-id-14' data-slide-speed=\"200\" data-title=\"Wer sind Ihre Kunden?\" data-title-open=\"\" data-aria_collapsed=\"Click to expand: Wer sind Ihre Kunden?\" data-aria_expanded=\"Click to collapse: Wer sind Ihre Kunden?\">Wer sind Ihre Kunden?<span class=\"toggle_icon\"><span class=\"vert_icon\"><\/span><span class=\"hor_icon\"><\/span><\/span><\/p><div id='toggle-id-14' aria-labelledby='toggle-toggle-id-14' role='region' class='toggle_wrap  av-title-above'  ><div class='toggle_content invers-color '  itemprop=\"text\" ><p>Sinoptix arbeitet mit einer gro\u00dfen Anzahl von kleinen und mittleren Unternehmen (SMEs) weltweit, um einen reibungslosen Betrieb ihrer Produktions Anforderungen zu sichern. Sinoptix arbeitet aber auch mit gr\u00f6\u00dferen Unternehmen die Flexibilit\u00e4t fehlt aufgrund ihrer gro\u00dfen Struktur. F\u00fcr weitere Informationen, z\u00f6gern Sie nicht, uns zu fragen, und wir werden Ihnen Referenzen zur Verf\u00fcgungen stellen.<\/p>\n<\/div><\/div><\/div><\/section>\n<section class='av_toggle_section av-2fwsd9-324397bd8e1746e0d0ae7667dfc25fb3'  itemscope=\"itemscope\" itemtype=\"https:\/\/schema.org\/CreativeWork\" ><div role=\"tablist\" class=\"single_toggle\" data-tags=\"{Alle} \"  ><p id='toggle-toggle-id-15' data-fake-id='#toggle-id-15' class='toggler  av-title-above '  itemprop=\"headline\"  role='tab' tabindex='0' aria-controls='toggle-id-15' data-slide-speed=\"200\" data-title=\"Welche Art von Problem kann ich mit vermeiden?\" data-title-open=\"\" data-aria_collapsed=\"Click to expand: Welche Art von Problem kann ich mit vermeiden?\" data-aria_expanded=\"Click to collapse: Welche Art von Problem kann ich mit vermeiden?\">Welche Art von Problem kann ich mit vermeiden?<span class=\"toggle_icon\"><span class=\"vert_icon\"><\/span><span class=\"hor_icon\"><\/span><\/span><\/p><div id='toggle-id-15' aria-labelledby='toggle-toggle-id-15' role='region' class='toggle_wrap  av-title-above'  ><div class='toggle_content invers-color '  itemprop=\"text\" ><p>Sinoptix vermeidet Ihnen die gesamte Lieferantensuche, Pr\u00fcfungsprozess, potenzielle kulturelle Missverst\u00e4ndnisse und gesch\u00e4ftsbezogenen Probleme die auftreten k\u00f6nnen. Sinoptix bietet Ihnen g\u00fcnstigen Losungen, flexiblen Produktions Mengen inklusive Qualit\u00e4tsbewertung Berichte, damit Sie erhebliche Kosten, Zeit und Stress einsparen.<\/p>\n<\/div><\/div><\/div><\/section>\n<\/div><br \/>\n<section  class='av_textblock_section av-kea13lbl-e923f0ff23efd2ee98f21faad1fb8f79 '   itemscope=\"itemscope\" itemtype=\"https:\/\/schema.org\/CreativeWork\" ><div class='avia_textblock'  itemprop=\"text\" ><p style=\"text-align: center; padding: 25px 0;\">Wenn Sie die Antwort auf Ihre Frage nicht finden, senden Sie uns eine E-Mail und wir werden so schnell wie m\u00f6glich Antworten.<\/p>\n<\/div><\/section><br \/>\n<div  class='avia-button-wrap av-kea158h6-b8bdfc52505d232f7b044702c4fe184f-wrap avia-button-center  avia-builder-el-5  el_after_av_textblock  avia-builder-el-last '><a href='https:\/\/sinoptix.eu\/de\/dienstleistungen\/'  class='avia-button av-kea158h6-b8bdfc52505d232f7b044702c4fe184f av-link-btn avia-icon_select-no avia-size-x-large avia-position-center avia-color-theme-color-highlight'   aria-label=\"KONTAKT\"><span class='avia_iconbox_title' >KONTAKT<\/span><\/a><\/div><\/p><\/div>\n","protected":false},"excerpt":{"rendered":"","protected":false},"author":1,"featured_media":0,"parent":0,"menu_order":0,"comment_status":"closed","ping_status":"closed","template":"","meta":{"footnotes":""},"class_list":["post-6349","page","type-page","status-publish","hentry"],"_links":{"self":[{"href":"https:\/\/sinoptix.eu\/de\/wp-json\/wp\/v2\/pages\/6349","targetHints":{"allow":["GET"]}}],"collection":[{"href":"https:\/\/sinoptix.eu\/de\/wp-json\/wp\/v2\/pages"}],"about":[{"href":"https:\/\/sinoptix.eu\/de\/wp-json\/wp\/v2\/types\/page"}],"author":[{"embeddable":true,"href":"https:\/\/sinoptix.eu\/de\/wp-json\/wp\/v2\/users\/1"}],"replies":[{"embeddable":true,"href":"https:\/\/sinoptix.eu\/de\/wp-json\/wp\/v2\/comments?post=6349"}],"version-history":[{"count":3,"href":"https:\/\/sinoptix.eu\/de\/wp-json\/wp\/v2\/pages\/6349\/revisions"}],"predecessor-version":[{"id":13154,"href":"https:\/\/sinoptix.eu\/de\/wp-json\/wp\/v2\/pages\/6349\/revisions\/13154"}],"wp:attachment":[{"href":"https:\/\/sinoptix.eu\/de\/wp-json\/wp\/v2\/media?parent=6349"}],"curies":[{"name":"wp","href":"https:\/\/api.w.org\/{rel}","templated":true}]}}