{"id":9593,"date":"2021-05-19T04:01:59","date_gmt":"2021-05-19T04:01:59","guid":{"rendered":"https:\/\/sinoptix.eu\/terms-of-service\/"},"modified":"2024-06-21T03:16:24","modified_gmt":"2024-06-21T03:16:24","slug":"terms-of-service","status":"publish","type":"page","link":"https:\/\/sinoptix.eu\/de\/terms-of-service\/","title":{"rendered":"Nutzungsbedingungen"},"content":{"rendered":"\n<style type=\"text\/css\" data-created_by=\"avia_inline_auto\" id=\"style-css-av-2ztdm9-0cdf26a3850b84f8e19d0458dd7dfe6f\">\n.flex_column.av-2ztdm9-0cdf26a3850b84f8e19d0458dd7dfe6f{\nborder-radius:0px 0px 0px 0px;\npadding:0px 0px 0px 0px;\n}\n<\/style>\n<div  class='flex_column av-2ztdm9-0cdf26a3850b84f8e19d0458dd7dfe6f av_one_full  avia-builder-el-0  avia-builder-el-no-sibling  first flex_column_div av-zero-column-padding  '     ><section  class='av_textblock_section av-kouxtywc-f0a37a45fcf25d0224a7dc3a3c5c3046 '   itemscope=\"itemscope\" itemtype=\"https:\/\/schema.org\/CreativeWork\" ><div class='avia_textblock'  itemprop=\"text\" ><h1>Nutzungsbedingungen<\/h1>\n<h2>VORSCHAU<\/h2>\n<div class=\"FFpbKc\"><\/div>\n<p id=\"c257\" class=\"oBOnKe\"><span style=\"font-size: 16px;\">Diese Website wird von der AGC BUSINESS CONSULTING Group betrieben. Auf der gesamten Website beziehen sich die Begriffe &#8222;wir&#8220;, &#8222;unser&#8220; und &#8222;unser&#8220; auf AGC BUSINESS CONSULTING Group und SINOPTIX. Wir bieten diese Website einschlie\u00dflich aller Informationen, Tools und Dienste, die Ihnen, dem Benutzer, auf dieser Website zur Verf\u00fcgung stehen, unter der Bedingung, dass Sie alle hier aufgef\u00fchrten Bedingungen, Richtlinien und Hinweise akzeptieren. Wenn Sie unsere Website besuchen und \/ oder etwas von uns kaufen, nehmen Sie an unserem &#8222;Service&#8220; teil und erkl\u00e4ren sich damit einverstanden, an die folgenden Allgemeinen Gesch\u00e4ftsbedingungen (&#8222;Nutzungsbedingungen&#8220;, &#8222;Nutzungsbedingungen&#8220;) gebunden zu sein, einschlie\u00dflich dieser zus\u00e4tzlichen Allgemeinen Gesch\u00e4ftsbedingungen und Richtlinien hier referenziert und \/ oder per Hyperlink verf\u00fcgbar. Diese Nutzungsbedingungen gelten f\u00fcr alle Benutzer der Website, einschlie\u00dflich, jedoch nicht beschr\u00e4nkt auf Benutzer, die Browser, Lieferanten, Kunden, H\u00e4ndler und \/ oder Mitwirkende von Inhalten sind. Bitte lesen Sie diese Nutzungsbedingungen sorgf\u00e4ltig durch, bevor Sie auf unsere Website zugreifen oder sie nutzen. Durch den Zugriff auf oder die Nutzung eines Teils der Website erkl\u00e4ren Sie sich mit diesen Nutzungsbedingungen einverstanden. Wenn Sie nicht allen Bedingungen dieser Vereinbarung zustimmen, d\u00fcrfen Sie nicht auf die Website zugreifen oder Dienste nutzen. Wenn diese Nutzungsbedingungen als Angebot betrachtet werden, ist die Annahme ausdr\u00fccklich auf diese Nutzungsbedingungen beschr\u00e4nkt.<\/span><\/p>\n<div class=\"dePhmb\">\n<div class=\"eyKpYb\" data-language=\"de\" data-original-language=\"fr\" data-result-index=\"0\">\n<div><\/div>\n<h2 class=\"J0lOec\"><span class=\"VIiyi\" lang=\"de\"><span class=\"JLqJ4b\" data-language-for-alternatives=\"de\" data-language-to-translate-into=\"fr\" data-phrase-index=\"0\">ABSCHNITT 1: BEDINGUNGEN DES ONLINE-STORE <\/span><\/span><\/h2>\n<div><\/div>\n<div class=\"J0lOec\"><span class=\"VIiyi\" lang=\"de\"><span class=\"JLqJ4b\" data-language-for-alternatives=\"de\" data-language-to-translate-into=\"fr\" data-phrase-index=\"0\">Durch die Zustimmung zu diesen Nutzungsbedingungen erkl\u00e4ren Sie, dass Sie in Ihrem Bundesstaat oder Ihrer Wohnprovinz mindestens das Alter der Mehrheit erreicht haben oder dass Sie in Ihrem Bundesstaat oder Ihrer Wohnprovinz das Alter der Mehrheit erreicht haben und dass Sie Ihre Zustimmung erteilt haben damit Ihre abh\u00e4ngigen Minderj\u00e4hrigen diese Website nutzen k\u00f6nnen. Sie d\u00fcrfen unsere Produkte weder f\u00fcr illegale oder nicht autorisierte Zwecke verwenden, noch d\u00fcrfen Sie bei der Nutzung des Dienstes gegen die Gesetze Ihrer Gerichtsbarkeit versto\u00dfen (einschlie\u00dflich, aber nicht beschr\u00e4nkt auf die Gesetze des Urheberrechts). Sie d\u00fcrfen keine W\u00fcrmer, Viren oder Codes destruktiver Art \u00fcbertragen. Ein Versto\u00df oder eine Verletzung einer der Bedingungen f\u00fchrt zur sofortigen Beendigung Ihrer Dienste. <\/span><\/span><\/div>\n<h2><\/h2>\n<h2 class=\"J0lOec\"><span class=\"VIiyi\" lang=\"de\"><span class=\"JLqJ4b\" data-language-for-alternatives=\"de\" data-language-to-translate-into=\"fr\" data-phrase-index=\"0\">ABSCHNITT 2: ALLGEMEINE BEDINGUNGEN <\/span><\/span><\/h2>\n<div><\/div>\n<div class=\"J0lOec\"><span class=\"VIiyi\" lang=\"de\"><span class=\"JLqJ4b\" data-language-for-alternatives=\"de\" data-language-to-translate-into=\"fr\" data-phrase-index=\"0\">Wir behalten uns das Recht vor, den Service jederzeit aus irgendeinem Grund zu verweigern. Sie verstehen, dass Ihre Inhalte (ohne Kreditkarteninformationen) unverschl\u00fcsselt \u00fcbertragen werden k\u00f6nnen und (a) \u00dcbertragungen \u00fcber verschiedene Netzwerke beinhalten; und (b) \u00c4nderungen zur Anpassung an technische Anforderungen von Netzwerken oder Verbindungsger\u00e4ten. Kreditkarteninformationen werden bei der \u00dcbertragung \u00fcber Netzwerke immer verschl\u00fcsselt. Sie erkl\u00e4ren sich damit einverstanden, keinen Teil des Dienstes, die Nutzung des Dienstes oder den Zugang zum Dienst oder zu Kontakten auf der Website, \u00fcber die der Dienst bereitgestellt wird, ohne schriftliche Genehmigung zu reproduzieren, zu vervielf\u00e4ltigen, zu kopieren, zu verkaufen, weiterzuverkaufen oder zu verwerten uns. . Die in dieser Vereinbarung verwendeten Header sind nur zur Vereinfachung enthalten und werden diese Bedingungen nicht einschr\u00e4nken oder anderweitig beeinflussen. <\/span><\/span><\/div>\n<div><\/div>\n<h2 class=\"J0lOec\"><span class=\"VIiyi\" lang=\"de\"><span class=\"JLqJ4b\" data-language-for-alternatives=\"de\" data-language-to-translate-into=\"fr\" data-phrase-index=\"0\">ABSCHNITT 3: GENAUIGKEIT, VOLLST\u00c4NDIGKEIT UND P\u00dcNKTLICHKEIT DER INFORMATIONEN<\/span><\/span><\/h2>\n<div><\/div>\n<div class=\"J0lOec\"><span class=\"VIiyi\" lang=\"de\"><span class=\"JLqJ4b\" data-language-for-alternatives=\"de\" data-language-to-translate-into=\"fr\" data-phrase-index=\"0\"> Wir sind nicht verantwortlich, wenn die auf dieser Website zur Verf\u00fcgung gestellten Informationen nicht korrekt, vollst\u00e4ndig oder aktuell sind. Der Inhalt dieser Website dient nur der allgemeinen Information und sollte nicht als alleinige Grundlage f\u00fcr Entscheidungen herangezogen oder verwendet werden, ohne prim\u00e4re, genauere, vollst\u00e4ndigere oder aktuellere Informationsquellen zu konsultieren. Das Vertrauen in den Inhalt dieser Website erfolgt auf eigenes Risiko. Diese Site kann bestimmte historische Informationen enthalten. Historische Informationen sind notwendigerweise nicht aktuell und werden nur zu Informationszwecken bereitgestellt. Wir behalten uns das Recht vor, den Inhalt dieser Website jederzeit zu \u00e4ndern, sind jedoch nicht verpflichtet, Informationen auf unserer Website zu aktualisieren. Sie stimmen zu, dass es in Ihrer Verantwortung liegt, \u00c4nderungen an unserer Website zu \u00fcberwachen. <\/span><\/span><\/div>\n<h2 class=\"J0lOec\"><span class=\"VIiyi\" lang=\"de\"><span class=\"JLqJ4b\" data-language-for-alternatives=\"de\" data-language-to-translate-into=\"fr\" data-phrase-index=\"0\">ABSCHNITT 4: \u00c4NDERUNGEN VON DIENSTLEISTUNGEN UND PREISEN <\/span><\/span><\/h2>\n<div><\/div>\n<div class=\"J0lOec\"><span class=\"VIiyi\" lang=\"de\"><span class=\"JLqJ4b\" data-language-for-alternatives=\"de\" data-language-to-translate-into=\"fr\" data-phrase-index=\"0\">Die Preise unserer Produkte k\u00f6nnen ohne vorherige Ank\u00fcndigung ge\u00e4ndert werden. Wir behalten uns das Recht vor, den Service (oder Teile oder Inhalte davon) jederzeit ohne vorherige Ank\u00fcndigung zu \u00e4ndern oder einzustellen. Wir haften weder Ihnen noch Dritten gegen\u00fcber f\u00fcr \u00c4nderungen, Preis\u00e4nderungen, Aussetzungen oder Unterbrechungen des Dienstes.<\/span><\/span><\/div>\n<\/div>\n<\/div>\n<h2>ABSCHNITT 5: PRODUKTE ODER DIENSTLEISTUNGEN<\/h2>\n<p>Bestimmte Produkte oder Dienstleistungen sind m\u00f6glicherweise ausschlie\u00dflich online auf der Website verf\u00fcgbar. Diese Produkte oder Dienstleistungen haben m\u00f6glicherweise begrenzte Mengen und k\u00f6nnen nur gem\u00e4\u00df unseren R\u00fcckgabebedingungen zur\u00fcckgegeben oder umgetauscht werden.<\/p>\n<p>Wir haben alle Anstrengungen unternommen, um die Farben und Bilder unserer Produkte, die im Gesch\u00e4ft erscheinen, so genau wie m\u00f6glich wiederzugeben. Wir k\u00f6nnen nicht garantieren, dass die Anzeige einer Farbe auf Ihrem Computerbildschirm korrekt ist.<\/p>\n<p>Wir behalten uns das Recht vor, sind jedoch nicht verpflichtet, den Verkauf unserer Produkte oder Dienstleistungen auf eine Person, eine geografische Region oder eine Gerichtsbarkeit zu beschr\u00e4nken. Wir k\u00f6nnen dieses Recht von Fall zu Fall aus\u00fcben. Wir behalten uns das Recht vor, die Menge der von uns angebotenen Produkte oder Dienstleistungen zu begrenzen. Alle Produktbeschreibungen oder Produktpreise k\u00f6nnen jederzeit nach eigenem Ermessen ohne vorherige Ank\u00fcndigung ge\u00e4ndert werden. Wir behalten uns das Recht vor, Produkte jederzeit einzustellen.<\/p>\n<h2>ABSCHNITT 6: GENAUIGKEIT DER RECHNUNGS- UND KONTOINFORMATIONEN<\/h2>\n<p>Wir behalten uns das Recht vor, Bestellungen, die Sie bei uns aufgeben, abzulehnen. Wir k\u00f6nnen nach eigenem Ermessen die pro Person, pro Haushalt oder pro Bestellung gekauften Mengen begrenzen oder stornieren. Diese Einschr\u00e4nkungen k\u00f6nnen Bestellungen von oder unter demselben Kundenkonto, derselben Kreditkarte und \/ oder Bestellungen mit derselben Rechnungs- und \/ oder Lieferadresse umfassen. Falls wir eine Bestellung \u00e4ndern oder stornieren, k\u00f6nnen wir versuchen, Sie zu benachrichtigen, indem wir die zum Zeitpunkt der Bestellung angegebene E-Mail-Adresse und \/ oder Rechnungsadresse \/ Telefonnummer kontaktieren. Wir behalten uns das Recht vor, Bestellungen zu beschr\u00e4nken oder zu verbieten, die nach unserem alleinigen Ermessen \u00fcber Wiederverk\u00e4ufer, Wiederverk\u00e4ufer oder H\u00e4ndler get\u00e4tigt werden.<\/p>\n<p>Sie erkl\u00e4ren sich damit einverstanden, aktuelle, vollst\u00e4ndige und genaue Kauf- und Kontoinformationen f\u00fcr alle Eink\u00e4ufe in unserem Gesch\u00e4ft bereitzustellen. Sie erkl\u00e4ren sich damit einverstanden, Ihr Konto und andere Informationen, einschlie\u00dflich Ihrer E-Mail-Adresse, Kreditkartennummern und Ablaufdaten, umgehend zu aktualisieren, damit wir Ihre Transaktionen abschlie\u00dfen und Sie bei Bedarf kontaktieren k\u00f6nnen.<\/p>\n<h2>ABSCHNITT 7: OPTIONALE WERKZEUGE<\/h2>\n<p>Wir bieten Ihnen m\u00f6glicherweise Zugriff auf Tools von Drittanbietern, \u00fcber die wir keine \u00dcberwachung, Kontrolle oder Beitr\u00e4ge leisten.<\/p>\n<p>Sie erkennen an und stimmen zu, dass wir den Zugriff auf diese Tools &#8222;wie besehen&#8220; und &#8222;wie verf\u00fcgbar&#8220; ohne Gew\u00e4hrleistungen, Zusicherungen oder Bedingungen jeglicher Art und ohne jegliche Billigung gew\u00e4hren. Wir \u00fcbernehmen keine Haftung f\u00fcr oder im Zusammenhang mit Ihrer Verwendung optionaler Tools von Drittanbietern.<\/p>\n<p>Die Verwendung der auf der Website angebotenen optionalen Tools durch Sie erfolgt auf eigenes Risiko und nach eigenem Ermessen. Sie sollten sicherstellen, dass Sie die Bedingungen kennen und genehmigen, unter denen die Tools von den betreffenden Drittanbietern bereitgestellt werden .<\/p>\n<p>In Zukunft k\u00f6nnen wir auch neue Dienste und \/ oder Funktionen \u00fcber die Website anbieten (einschlie\u00dflich der Ver\u00f6ffentlichung neuer Tools und Ressourcen). Diese neuen Funktionen und \/ oder Dienste unterliegen ebenfalls diesen Nutzungsbedingungen.<\/p>\n<h2>ABSCHNITT 8: LINKS VON DRITTANBIETERN<\/h2>\n<p>Bestimmte Inhalte, Produkte und Dienstleistungen, die \u00fcber unseren Service verf\u00fcgbar sind, k\u00f6nnen Material von Dritten enthalten.<\/p>\n<p>Links von Drittanbietern auf dieser Website k\u00f6nnen Sie zu Websites von Drittanbietern weiterleiten, die nicht mit uns verbunden sind. Wir sind nicht verantwortlich f\u00fcr die \u00dcberpr\u00fcfung oder Bewertung des Inhalts oder der Richtigkeit und \u00fcbernehmen keine Garantie und Haftung f\u00fcr Material oder Website Dritter oder f\u00fcr anderes Material, Produkt oder Dienstleistung Dritter.<\/p>\n<p>Wir sind nicht verantwortlich f\u00fcr Sch\u00e4den oder Sch\u00e4den im Zusammenhang mit dem Kauf oder der Nutzung von Waren, Dienstleistungen, Ressourcen, Inhalten oder anderen Transaktionen, die im Zusammenhang mit Websites Dritter get\u00e4tigt werden. Bitte lesen Sie die Richtlinien und Praktiken Dritter sorgf\u00e4ltig durch und stellen Sie sicher, dass Sie sie verstanden haben, bevor Sie eine Transaktion abschlie\u00dfen. Beschwerden, Anspr\u00fcche, Bedenken oder Fragen zu Produkten Dritter sind an Dritte zu richten.<\/p>\n<h2>ABSCHNITT 9: BENUTZER-FEEDBACK, FEEDBACK UND ANDERE EINREICHUNGEN<\/h2>\n<p>Wenn Sie auf unsere Anfrage bestimmte Einsendungen (z. B. Wettbewerbsbeitr\u00e4ge) oder ohne Anfrage von uns senden, senden Sie kreative Ideen, Vorschl\u00e4ge, Vorschl\u00e4ge, Pl\u00e4ne oder anderes Material, sei es online, per E-Mail, per Post oder auf andere Weise. (zusammen &#8222;Kommentare&#8220;) erkl\u00e4ren Sie sich damit einverstanden, dass wir die Kommentare, die Sie uns zur Verf\u00fcgung stellen, jederzeit ohne Einschr\u00e4nkung bearbeiten, kopieren, ver\u00f6ffentlichen, verteilen, \u00fcbersetzen und anderweitig in einem beliebigen Medium verwenden k\u00f6nnen.<\/p>\n<h2>ABSCHNITT 10: PERS\u00d6NLICHE INFORMATIONEN<\/h2>\n<p>Ihre \u00dcbermittlung pers\u00f6nlicher Daten \u00fcber den Shop unterliegt unseren Datenschutzbestimmungen. Zum Anzeigen unserer Datenschutzbestimmungen.<\/p>\n<h2>ABSCHNITT 11: FEHLER, UNGENAUIGKEITEN UND AUSLASSUNGEN<\/h2>\n<p>Manchmal gibt es auf unserer Website oder im Service Informationen, die Tippfehler, Ungenauigkeiten oder Auslassungen enthalten, die sich auf Produktbeschreibungen und Preise beziehen k\u00f6nnen.<\/p>\n<h2>ABSCHNITT 12: VERBOTENE VERWENDUNGEN<\/h2>\n<p>Zus\u00e4tzlich zu den anderen in den Nutzungsbedingungen festgelegten Verboten ist es Ihnen untersagt, die Website oder ihren Inhalt zu verwenden: (a) f\u00fcr illegale Zwecke; (b) andere zu bitten, rechtswidrige Handlungen durchzuf\u00fchren oder daran teilzunehmen; (c) gegen lokale internationale, f\u00f6derale, provinzielle oder staatliche Vorschriften, Regeln, Gesetze oder Verordnungen zu versto\u00dfen; (d) unsere Rechte an geistigem Eigentum oder die Rechte an geistigem Eigentum anderer zu verletzen oder zu verletzen; (e) Bel\u00e4stigung, Missbrauch, Beleidigung, Schaden, Verleumdung, Verleumdung, Verunglimpfung, Einsch\u00fcchterung oder Diskriminierung aufgrund des Geschlechts, der sexuellen Orientierung, der Religion, der ethnischen Zugeh\u00f6rigkeit, der Rasse, des Alters, der nationalen Herkunft oder einer Behinderung; (f) falsche oder irref\u00fchrende Informationen \u00fcbermitteln; (g) zum Herunterladen oder \u00dcbertragen von Viren oder anderen Arten von Schadcode, die in einer Weise verwendet werden oder verwendet werden k\u00f6nnten, die die Funktionalit\u00e4t oder den Betrieb des Dienstes oder einer zugeh\u00f6rigen Website, anderer Websites oder des Internets beeintr\u00e4chtigt; (h) um die pers\u00f6nlichen Informationen anderer zu sammeln oder zu verfolgen; (i) Spam, Phishing, Ausbeutung, Vort\u00e4uschung, Spinne, Kriechen oder Kratzen; (j) f\u00fcr obsz\u00f6ne oder unmoralische Zwecke; oder (k) die Sicherheitsfunktionen des Dienstes oder einer zugeh\u00f6rigen Website, anderer Websites oder des Internets zu beeintr\u00e4chtigen oder zu umgehen. Wir behalten uns das Recht vor, Ihre Nutzung des Dienstes oder einer damit verbundenen Website wegen Versto\u00dfes gegen eine der verbotenen Nutzungen zu beenden.<\/p>\n<h2>ABSCHNITT 13: HAFTUNGSAUSSCHLUSS ODER GEW\u00c4HRLEISTUNGEN; HAFTUNGSBESCHR\u00c4NKUNG<\/h2>\n<p>Wir \u00fcbernehmen keine Garantie, Zusicherung oder Garantie daf\u00fcr, dass Ihre Nutzung unseres Dienstes ununterbrochen, rechtzeitig, sicher oder fehlerfrei erfolgt.<\/p>\n<p>Wir \u00fcbernehmen keine Garantie daf\u00fcr, dass die Ergebnisse, die durch die Nutzung des Dienstes erzielt werden k\u00f6nnen, korrekt oder zuverl\u00e4ssig sind.<\/p>\n<p>Sie erkl\u00e4ren sich damit einverstanden, dass wir den Dienst von Zeit zu Zeit auf unbestimmte Zeit einstellen oder den Dienst jederzeit ohne vorherige Ank\u00fcndigung k\u00fcndigen k\u00f6nnen.<\/p>\n<p>Sie erkl\u00e4ren sich ausdr\u00fccklich damit einverstanden, dass Ihre Nutzung oder Unf\u00e4higkeit, den Service zu nutzen, auf eigenes Risiko erfolgt. Der Service und alle Produkte und Services, die Ihnen durch den Service zur Verf\u00fcgung gestellt werden, werden (sofern nicht ausdr\u00fccklich von uns angegeben) &#8222;wie besehen&#8220; und &#8222;wie verf\u00fcgbar&#8220; f\u00fcr Ihre Nutzung bereitgestellt, ohne jegliche Zusicherung, Garantie oder Bedingung jeglicher Art. ausdr\u00fccklich oder stillschweigend, einschlie\u00dflich aller stillschweigenden Garantien oder Bedingungen der Marktg\u00e4ngigkeit, Handelsf\u00e4higkeit, Eignung f\u00fcr einen bestimmten Zweck, Haltbarkeit, Titel und Nichtverletzung.<\/p>\n<p>Unter keinen Umst\u00e4nden haften wir, unsere Direktoren, leitenden Angestellten, Mitarbeiter, verbundenen Unternehmen, Vertreter, Subunternehmer, Praktikanten, Lieferanten oder Dienstleister f\u00fcr direkte, indirekte, zuf\u00e4llige, strafende, besondere oder aufeinanderfolgende Verletzungen, Verluste, Anspr\u00fcche oder Sch\u00e4den. jeglicher Art, einschlie\u00dflich, ohne Einschr\u00e4nkung, entgangenen Gewinns, entgangenen Einkommens, entgangenen Ersparnisses, entgangenen Daten, Wiederbeschaffungskosten oder \u00e4hnlichen Sch\u00e4den, sei es aufgrund von Vertr\u00e4gen, unerlaubter Handlung (einschlie\u00dflich Fahrl\u00e4ssigkeit), verschuldensunabh\u00e4ngiger Haftung oder auf andere Weise \u00fcber Ihre Nutzung eines Dienstes oder eines Produkts, das \u00fcber den Dienst gekauft wurde, oder f\u00fcr andere Anspr\u00fcche, die sich in irgendeiner Weise auf Ihre Nutzung des Dienstes oder eines Produkts beziehen, einschlie\u00dflich, aber nicht beschr\u00e4nkt auf Fehler oder Auslassungen in Inhalten oder anderen Verlust oder Besch\u00e4digung jeglicher Art, die durch die Nutzung des Dienstes oder von Inhalten (oder Produkten) entstehen, die \u00fcber den Dienst ver\u00f6ffentlicht, \u00fcbertragen oder anderweitig verf\u00fcgbar gemacht werden, selbst wenn sie \u00fcber ihre M\u00f6glichkeit informiert werden. Da in einigen Staaten oder Gerichtsbarkeiten der Ausschluss oder die Beschr\u00e4nkung der Haftung f\u00fcr Folgesch\u00e4den oder Nebensch\u00e4den nicht zul\u00e4ssig ist, ist unsere Haftung in diesen Staaten oder Gerichtsbarkeiten auf das gesetzlich zul\u00e4ssige H\u00f6chstma\u00df beschr\u00e4nkt.<\/p>\n<h2>ABSCHNITT 14: SCHADENSERKL\u00c4RUNG<\/h2>\n<p>Sie erkl\u00e4ren sich damit einverstanden, unser Unternehmen und unsere Muttergesellschaft, Tochterunternehmen, verbundenen Unternehmen, Partner, leitenden Angestellten, Direktoren, Vertreter, Subunternehmer, Dienstleister, Subunternehmer, Lieferanten, Praktikanten und Mitarbeiter von jeglichen Anspr\u00fcchen oder Forderungen, einschlie\u00dflich angemessener Anspr\u00fcche, freizustellen, zu verteidigen und schadlos zu halten Anw\u00e4lte. Geb\u00fchren, die von einem Dritten aufgrund oder aufgrund Ihrer Verletzung dieser Nutzungsbedingungen oder der darin enthaltenen Dokumente oder Ihrer Verletzung eines Gesetzes oder der Rechte eines Dritten erhoben werden.<\/p>\n<h2>ABSCHNITT 15: SEVERABILIT\u00c4T<\/h2>\n<p>F\u00fcr den Fall, dass eine Bestimmung dieser Nutzungsbedingungen als rechtswidrig, nichtig oder nicht durchsetzbar angesehen wird, ist diese Bestimmung dennoch im gesetzlich zul\u00e4ssigen Umfang durchsetzbar, und der nicht durchsetzbare Teil gilt als von diesen Nutzungsbedingungen getrennt Service, eine solche Feststellung hat keinen Einfluss auf die G\u00fcltigkeit und Durchsetzbarkeit der verbleibenden verbleibenden Bestimmungen.<\/p>\n<h2>ABSCHNITT 16: K\u00dcNDIGUNG<\/h2>\n<p>Die Verpflichtungen und Verantwortlichkeiten der Parteien, die vor dem K\u00fcndigungstermin entstanden sind, bleiben auch nach Beendigung dieser Vereinbarung f\u00fcr alle Zwecke bestehen.<\/p>\n<p>Diese Nutzungsbedingungen gelten bis zur K\u00fcndigung durch Sie oder uns. Sie k\u00f6nnen diese Nutzungsbedingungen jederzeit k\u00fcndigen, indem Sie uns mitteilen, dass Sie unsere Dienste nicht mehr nutzen m\u00f6chten oder wenn Sie die Nutzung unserer Website einstellen.<\/p>\n<p>Wenn Sie nach unserem alleinigen Ermessen nicht in der Lage sind oder wir vermuten, dass Sie eine Bedingung nicht erf\u00fcllt haben<\/p>\n<h2>ABSCHNITT 17: GESAMTE VEREINBARUNG<\/h2>\n<p>Unser Vers\u00e4umnis, ein Recht oder eine Bestimmung dieser Nutzungsbedingungen auszu\u00fcben oder durchzusetzen, bedeutet keinen Verzicht auf dieses Recht oder diese Bestimmung.<\/p>\n<p>Diese Nutzungsbedingungen und alle von uns auf dieser Website oder in Bezug auf den Service ver\u00f6ffentlichten Richtlinien oder Betriebsregeln stellen die gesamte Vereinbarung und das gesamte Verst\u00e4ndnis zwischen Ihnen und uns dar und regeln Ihre Nutzung des Service und ersetzen alle vorherigen oder aktuellen Vereinbarungen, Mitteilungen und Vorschl\u00e4ge . , ob m\u00fcndlich oder schriftlich, zwischen Ihnen und uns (einschlie\u00dflich, aber nicht beschr\u00e4nkt auf alle fr\u00fcheren Versionen der Nutzungsbedingungen).<\/p>\n<p>Unklarheiten bei der Auslegung dieser Nutzungsbedingungen sollten nicht gegen den Herausgeber ausgelegt werden.<\/p>\n<h2>ABSCHNITT 18: ANWENDBARES RECHT<\/h2>\n<p>Diese Nutzungsbedingungen und alle separaten Vereinbarungen, durch die wir Dienstleistungen f\u00fcr Sie erbringen, unterliegen den Gesetzen der Europ\u00e4ischen Union und werden in \u00dcbereinstimmung mit diesen ausgelegt.<\/p>\n<h2>ABSCHNITT 19: \u00c4NDERUNGEN DER DIENSTLEISTUNGSBEDINGUNGEN<\/h2>\n<p>Auf dieser Seite k\u00f6nnen Sie jederzeit die neueste Version der Nutzungsbedingungen einsehen.<\/p>\n<p>Wir behalten uns das Recht vor, nach eigenem Ermessen Teile dieser Nutzungsbedingungen zu aktualisieren, zu \u00e4ndern oder zu ersetzen, indem wir Aktualisierungen und \u00c4nderungen auf unserer Website ver\u00f6ffentlichen. Es liegt in Ihrer Verantwortung, unsere Website regelm\u00e4\u00dfig auf \u00c4nderungen zu \u00fcberpr\u00fcfen. Ihre fortgesetzte Nutzung oder Ihr Zugriff auf unsere Website oder den Service nach der Ver\u00f6ffentlichung von \u00c4nderungen dieser Nutzungsbedingungen gilt als Akzeptanz dieser \u00c4nderungen.<\/p>\n<h2>ABSCHNITT 20: KONTAKTINFORMATIONEN<\/h2>\n<p>Fragen zu den Nutzungsbedingungen senden Sie bitte an contact@sinoptix.eu.<\/p>\n<\/div><\/section><\/div>\n","protected":false},"excerpt":{"rendered":"","protected":false},"author":1,"featured_media":0,"parent":0,"menu_order":0,"comment_status":"closed","ping_status":"closed","template":"","meta":{"footnotes":""},"class_list":["post-9593","page","type-page","status-publish","hentry"],"_links":{"self":[{"href":"https:\/\/sinoptix.eu\/de\/wp-json\/wp\/v2\/pages\/9593","targetHints":{"allow":["GET"]}}],"collection":[{"href":"https:\/\/sinoptix.eu\/de\/wp-json\/wp\/v2\/pages"}],"about":[{"href":"https:\/\/sinoptix.eu\/de\/wp-json\/wp\/v2\/types\/page"}],"author":[{"embeddable":true,"href":"https:\/\/sinoptix.eu\/de\/wp-json\/wp\/v2\/users\/1"}],"replies":[{"embeddable":true,"href":"https:\/\/sinoptix.eu\/de\/wp-json\/wp\/v2\/comments?post=9593"}],"version-history":[{"count":3,"href":"https:\/\/sinoptix.eu\/de\/wp-json\/wp\/v2\/pages\/9593\/revisions"}],"predecessor-version":[{"id":17859,"href":"https:\/\/sinoptix.eu\/de\/wp-json\/wp\/v2\/pages\/9593\/revisions\/17859"}],"wp:attachment":[{"href":"https:\/\/sinoptix.eu\/de\/wp-json\/wp\/v2\/media?parent=9593"}],"curies":[{"name":"wp","href":"https:\/\/api.w.org\/{rel}","templated":true}]}}