{"id":14930,"date":"2023-05-22T09:29:45","date_gmt":"2023-05-22T09:29:45","guid":{"rendered":"https:\/\/sinoptix.eu\/optical-crystals\/"},"modified":"2025-10-10T03:28:25","modified_gmt":"2025-10-10T03:28:25","slug":"cristal-optique","status":"publish","type":"page","link":"https:\/\/sinoptix.eu\/fr\/cristal-optique\/","title":{"rendered":"Cristal optique"},"content":{"rendered":"<section  class='av_textblock_section av-lhyihvbs-0beb48be5a3ad0f3815c7996232538f6 '   itemscope=\"itemscope\" itemtype=\"https:\/\/schema.org\/CreativeWork\" ><div class='avia_textblock'  itemprop=\"text\" ><h1>Cristal optique<\/h1>\n<\/div><\/section>\n\n<style type=\"text\/css\" data-created_by=\"avia_inline_auto\" id=\"style-css-av-lhymwe2h-f0372dee44a95152a16c5485252a8997\">\n.avia-image-container.av-lhymwe2h-f0372dee44a95152a16c5485252a8997 img.avia_image{\nbox-shadow:none;\n}\n.avia-image-container.av-lhymwe2h-f0372dee44a95152a16c5485252a8997 .av-image-caption-overlay-center{\ncolor:#ffffff;\n}\n<\/style>\n<div  class='avia-image-container av-lhymwe2h-f0372dee44a95152a16c5485252a8997 av-styling- avia-align-center  avia-builder-el-1  el_after_av_textblock  el_before_av_textblock '   itemprop=\"image\" itemscope=\"itemscope\" itemtype=\"https:\/\/schema.org\/ImageObject\" ><div class=\"avia-image-container-inner\"><div class=\"avia-image-overlay-wrap\"><img decoding=\"async\" fetchpriority=\"high\" class='wp-image-14922 avia-img-lazy-loading-not-14922 avia_image ' src=\"https:\/\/sinoptix.eu\/wp-content\/uploads\/2023\/05\/optical-crystals-300x86.png\" alt='cristal optique' title='cristal-optique'  height=\"86\" width=\"300\"  itemprop=\"thumbnailUrl\" srcset=\"https:\/\/sinoptix.eu\/wp-content\/uploads\/2023\/05\/optical-crystals-300x86.png 300w, https:\/\/sinoptix.eu\/wp-content\/uploads\/2023\/05\/optical-crystals.png 694w\" sizes=\"(max-width: 300px) 100vw, 300px\" \/><\/div><\/div><\/div>\n<section  class='av_textblock_section av-lhyl2iq7-52b8eb15ffa7bcec06fd973659b30404 '   itemscope=\"itemscope\" itemtype=\"https:\/\/schema.org\/CreativeWork\" ><div class='avia_textblock'  itemprop=\"text\" ><p>Les cristaux sont des mat\u00e9riaux \u00e0 l&rsquo;\u00e9tat solide dont la structure mol\u00e9culaire se r\u00e9p\u00e8te \u00e0 l&rsquo;identique, formant une structure tridimensionnelle.<\/p>\n<h2>Cristaux optiques<\/h2>\n<p>Les cristaux optiques sont principalement cultiv\u00e9s en laboratoire et sont donc appel\u00e9s cristaux synth\u00e9tiques, par opposition aux cristaux naturels que l&rsquo;on peut trouver directement dans la nature.<\/p>\n<p>Chaque type de cristal pr\u00e9sente des propri\u00e9t\u00e9s optiques sp\u00e9cifiques, qui entra\u00eenent une modification active de la lumi\u00e8re qui les traverse.<\/p>\n<p>Ces caract\u00e9ristiques sont la raison pour laquelle ils sont utilis\u00e9s dans de nombreuses applications photoniques.<\/p>\n<h2>Les deux principaux types de cristaux optiques<\/h2>\n<p>Deux types principaux de modification de la lumi\u00e8re peuvent \u00eatre obtenus \u00e0 partir des cristaux optiques, qui correspondent \u00e0 deux types principaux de cristaux :<\/p>\n<h3>Cristaux laser<\/h3>\n<p>Les cristaux laser sont des cristaux synth\u00e9tiques sp\u00e9cialement con\u00e7us pour \u00eatre utilis\u00e9s dans les lasers. Ils constituent un m\u00e9dium de gain optique, ce qui signifie que les cristaux amplifient la lumi\u00e8re qui les traverse. Gr\u00e2ce \u00e0 leurs bonnes caract\u00e9ristiques de dissipation thermique, ils sont capables de supporter la puissance \u00e9lev\u00e9e g\u00e9n\u00e9r\u00e9e par les lasers.<\/p>\n<p>Les cristaux laser sont largement utilis\u00e9s dans les lasers \u00e0 pompage par diode, en tant qu&rsquo;amplificateur de la lumi\u00e8re de sortie de la diode.<\/p>\n<p>Les cristaux laser les plus courants sont les suivants : <a href=\"https:\/\/sinoptix.eu\/fr\/portfolio-item\/cristal-ndyag\/\">nd:YAG<\/a>, Ti:Sapphire et Er:YAG.<\/p>\n<p>La nomination des cristaux suit le sch\u00e9ma suivant :<\/p>\n<p><strong>dd:XX<\/strong><\/p>\n<p>O\u00f9 dd repr\u00e9sente le dopant et XX le mat\u00e9riau du cristal, par exemple Er:YAG est un cristal de Grenat d&rsquo;Aluminium et d&rsquo;Yttrium dop\u00e9 \u00e0 l&rsquo;erbium.<\/p>\n<h3>Cristaux non lin\u00e9aires<\/h3>\n<p>Contrairement aux cristaux laser, les cristaux non lin\u00e9aires ne fournissent pas de gains optiques, mais modifient les caract\u00e9ristiques de la lumi\u00e8re. Par exemple, ils peuvent modifier la fr\u00e9quence de la lumi\u00e8re.<\/p>\n<p>Les cristaux non lin\u00e9aires les plus courants sont le KTP, le BBO et le LBO.<\/p>\n<\/div><\/section>\n<div  class='avia-button-wrap av-lhynaqpb-edab0c135f7ba61685e95b50099739b5-wrap avia-button-center  avia-builder-el-3  el_after_av_textblock  avia-builder-el-last '><a href='https:\/\/sinoptix.eu\/fr\/contact\/'  class='avia-button av-lhynaqpb-edab0c135f7ba61685e95b50099739b5 av-link-btn avia-icon_select-yes-left-icon avia-size-small avia-position-center avia-color-theme-color'   aria-label=\"Devis de cristaux optiques\"><span class='avia_button_icon avia_button_icon_left avia-iconfont avia-font-entypo-fontello' data-av_icon='\ue805' data-av_iconfont='entypo-fontello' ><\/span><span class='avia_iconbox_title' >Devis de cristaux optiques<\/span><\/a><\/div>\n","protected":false},"excerpt":{"rendered":"","protected":false},"author":1,"featured_media":14922,"parent":0,"menu_order":0,"comment_status":"closed","ping_status":"closed","template":"","meta":{"footnotes":""},"class_list":["post-14930","page","type-page","status-publish","has-post-thumbnail","hentry"],"_links":{"self":[{"href":"https:\/\/sinoptix.eu\/fr\/wp-json\/wp\/v2\/pages\/14930","targetHints":{"allow":["GET"]}}],"collection":[{"href":"https:\/\/sinoptix.eu\/fr\/wp-json\/wp\/v2\/pages"}],"about":[{"href":"https:\/\/sinoptix.eu\/fr\/wp-json\/wp\/v2\/types\/page"}],"author":[{"embeddable":true,"href":"https:\/\/sinoptix.eu\/fr\/wp-json\/wp\/v2\/users\/1"}],"replies":[{"embeddable":true,"href":"https:\/\/sinoptix.eu\/fr\/wp-json\/wp\/v2\/comments?post=14930"}],"version-history":[{"count":3,"href":"https:\/\/sinoptix.eu\/fr\/wp-json\/wp\/v2\/pages\/14930\/revisions"}],"predecessor-version":[{"id":22419,"href":"https:\/\/sinoptix.eu\/fr\/wp-json\/wp\/v2\/pages\/14930\/revisions\/22419"}],"wp:featuredmedia":[{"embeddable":true,"href":"https:\/\/sinoptix.eu\/fr\/wp-json\/wp\/v2\/media\/14922"}],"wp:attachment":[{"href":"https:\/\/sinoptix.eu\/fr\/wp-json\/wp\/v2\/media?parent=14930"}],"curies":[{"name":"wp","href":"https:\/\/api.w.org\/{rel}","templated":true}]}}