{"id":15012,"date":"2023-05-31T09:20:50","date_gmt":"2023-05-31T09:20:50","guid":{"rendered":"https:\/\/sinoptix.eu\/cristal-optique\/non-linear-crystals\/"},"modified":"2023-05-31T09:47:22","modified_gmt":"2023-05-31T09:47:22","slug":"cristaux-non-lineaires","status":"publish","type":"page","link":"https:\/\/sinoptix.eu\/fr\/cristal-optique\/cristaux-non-lineaires\/","title":{"rendered":"Cristaux non-lin\u00e9aires"},"content":{"rendered":"<section  class='av_textblock_section av-libdbcs5-98aa3d0ba7d113ae7ecd08329f7ec0dc '   itemscope=\"itemscope\" itemtype=\"https:\/\/schema.org\/CreativeWork\" ><div class='avia_textblock'  itemprop=\"text\" ><h1>Cristaux non-lin\u00e9aires<\/h1>\n<\/div><\/section>\n<section  class='av_textblock_section av-libg4a1r-2f8ad9d0ad69f901ae87b37e0097430d '   itemscope=\"itemscope\" itemtype=\"https:\/\/schema.org\/CreativeWork\" ><div class='avia_textblock'  itemprop=\"text\" ><p>Les cristaux non lin\u00e9aires, \u00e9galement appel\u00e9s cristaux ONL (pour cristaux optiques non lin\u00e9aires), sont populaires dans la fabrication des lasers en raison de leur capacit\u00e9 \u00e0 modifier les propri\u00e9t\u00e9s de la lumi\u00e8re.<\/p>\n<p>Comme leur nom l&rsquo;indique, ils pr\u00e9sentent des propri\u00e9t\u00e9s optiques non lin\u00e9aires (voir l&rsquo;explication en bas de page) qui modifient les caract\u00e9ristiques de la lumi\u00e8re lorsqu&rsquo;elle traverse les cristaux.<\/p>\n<p>Les cristaux non lin\u00e9aires pr\u00e9sentent \u00e9galement une bir\u00e9fringence, ce qui signifie que l&rsquo;indice de r\u00e9fraction varie en fonction de la polarisation de la lumi\u00e8re. Il est important de respecter les conditions d&rsquo;adaptation de phase lors de leur utilisation.<\/p>\n<\/div><\/section>\n\n<style type=\"text\/css\" data-created_by=\"avia_inline_auto\" id=\"style-css-av-libdlhuc-dda81783d0221366ac94d543a796e7d1\">\n.avia-image-container.av-libdlhuc-dda81783d0221366ac94d543a796e7d1 img.avia_image{\nbox-shadow:none;\n}\n.avia-image-container.av-libdlhuc-dda81783d0221366ac94d543a796e7d1 .av-image-caption-overlay-center{\ncolor:#ffffff;\n}\n<\/style>\n<div  class='avia-image-container av-libdlhuc-dda81783d0221366ac94d543a796e7d1 av-styling- avia-align-center  avia-builder-el-2  el_after_av_textblock  el_before_av_textblock '   itemprop=\"image\" itemscope=\"itemscope\" itemtype=\"https:\/\/schema.org\/ImageObject\" ><div class=\"avia-image-container-inner\"><div class=\"avia-image-overlay-wrap\"><img decoding=\"async\" fetchpriority=\"high\" class='wp-image-15004 avia-img-lazy-loading-not-15004 avia_image ' src=\"https:\/\/sinoptix.eu\/wp-content\/uploads\/2023\/05\/Non-linear-crystals-300x204.jpg\" alt='non-linear crystals' title='Non-linear-crystals'  height=\"204\" width=\"300\"  itemprop=\"thumbnailUrl\" srcset=\"https:\/\/sinoptix.eu\/wp-content\/uploads\/2023\/05\/Non-linear-crystals-300x204.jpg 300w, https:\/\/sinoptix.eu\/wp-content\/uploads\/2023\/05\/Non-linear-crystals.jpg 339w\" sizes=\"(max-width: 300px) 100vw, 300px\" \/><\/div><\/div><\/div>\n<section  class='av_textblock_section av-libf41mr-411f2ec007e986d489813098ff50c51b '   itemscope=\"itemscope\" itemtype=\"https:\/\/schema.org\/CreativeWork\" ><div class='avia_textblock'  itemprop=\"text\" ><h2>Tableau des cristaux non lin\u00e9aires les plus courants que nous fournissons :<\/h2>\n<\/div><\/section>\n<div  class='avia-table av-c52m81k-162f7e01a86f3a2e5f81e0e4360889a6 main_color avia-pricing-table-container avia_pricing_default  avia-builder-el-4  el_after_av_textblock  el_before_av_textblock  avia-table-1'  itemscope=\"itemscope\" itemtype=\"https:\/\/schema.org\/Table\" ><div class=\"pricing-table-wrap\"><ul class='pricing-table '><li class='avia-heading-row'><div class='first-table-item'>Abr\u00e9viation<\/div><span class='pricing-extra'><\/span><\/li><li class=''>LBO<\/li><li class=''>BBO<\/li><li class=''>KTP<\/li><li class=''>LiNBO3<\/li><\/ul><\/div><div class=\"pricing-table-wrap\"><ul class='pricing-table '><li class='avia-heading-row'><div class='first-table-item'>Nom chimique<\/div><span class='pricing-extra'><\/span><\/li><li class=''>Triborate de lithium<\/li><li class=''>Borate de baryum b\u00eata<\/li><li class=''>phosphate de potassium et de titane<\/li><li class=''>Niobate de lithium<\/li><\/ul><\/div><div class=\"pricing-table-wrap\"><ul class='pricing-table '><li class='avia-heading-row'><div class='first-table-item'>D\u00e9tails<\/div><span class='pricing-extra'><\/span><\/li><li class=''>&#8211; bonne g\u00e9n\u00e9ration de seconde harmonique (SHG)<br \/>\n&#8211; bonne g\u00e9n\u00e9ration de fr\u00e9quences totales (SFG)<br \/>\n&#8211; Large gamme de transparence de 160nm \u00e0 2600nm<br \/>\n-bonne tenue au flux<br \/>\n&#8211; large angle d&rsquo;acceptation<\/li><li class=''>-Coefficient non lin\u00e9aire inf\u00e9rieur \u00e0 celui du LBO<br \/>\n-plage de transparence plus large que le LBO dans l&rsquo;infrarouge moyen<br \/>\n&#8211; absorption plus faible dans l&rsquo;UV et le visible que le LBO<br \/>\n&#8211; tenue au flux plus \u00e9lev\u00e9e que le LBO<\/li><li class=''>&#8211; Le coefficient non lin\u00e9aire \u00e0 1064 nm est 1,5 fois sup\u00e9rieur \u00e0 celui du BBO.<br \/>\n&#8211; La SHG \u00e0 1064 nm est de 80 %.<br \/>\n&#8211; tenue au flux inf\u00e9rieure \u00e0 celle des cristaux BBO<\/li><li class=''>-Grand coefficient \u00e9lectro-optique (E-O)<br \/>\n&#8211; Grand coefficient acousto-optique (A-O)<\/li><\/ul><\/div><div class=\"pricing-table-wrap\"><ul class='pricing-table '><li class='avia-heading-row'><div class='first-table-item'>usage<\/div><span class='pricing-extra'><\/span><\/li><li class=''>&#8211; doublement de la fr\u00e9quence du laser<br \/>\n&#8211; dispositif optique avanc\u00e9<\/li><li class=''>&#8211; doublement et triplement de la fr\u00e9quence des lasers<br \/>\n&#8211; dispositif optique avanc\u00e9<br \/>\n&#8211; Q-switch<\/li><li class=''>&#8211; m\u00e9lange de fr\u00e9quences de lasers Nd pour une sortie bleue<br \/>\n&#8211; doublement de fr\u00e9quence des lasers Nd pour une sortie verte\/rouge<br \/>\n&#8211; commutateurs optiques<\/li><li class=''>&#8211; doublement de fr\u00e9quence pour des longueurs d&rsquo;onde > 1\u00b5m<br \/>\n&#8211; Modulateurs \u00e9lectro-optiques<br \/>\n&#8211; Q-switch<\/li><\/ul><\/div><\/div>\n<section  class='av_textblock_section av-libfg7kp-74f8445d1adceead5a11ec3ff4198943 '   itemscope=\"itemscope\" itemtype=\"https:\/\/schema.org\/CreativeWork\" ><div class='avia_textblock'  itemprop=\"text\" ><h2>Etat des cristaux<\/h2>\n<p>Les cristaux peuvent \u00eatre fournis dans de nombreuses formes telles que des barres, des plaques ou des cubes. Des rev\u00eatements Anti-reflets et Haute R\u00e9flectivit\u00e9s peuvent \u00eatre appliqu\u00e9s sur des faces sp\u00e9cifiques.<\/p>\n<ul>\n<li>Distorsion du front d&rsquo;onde transmis : meilleure que Lambda \/4<\/li>\n<li>Surface utile : sup\u00e9rieure \u00e0 90%.<\/li>\n<li>Plan\u00e9it\u00e9 : lambda \/8<\/li>\n<li>Aspect : S&amp;D 20\/10<\/li>\n<li>Parall\u00e9lisme : &lt; 20 secondes d&rsquo;arc<\/li>\n<li>Perpendicularit\u00e9 : &lt; 5 minutes d&rsquo;arc<\/li>\n<li>Tol\u00e9rance d&rsquo;orientation : &lt; 0.5\u00b0<\/li>\n<\/ul>\n<h2>Qu&rsquo;est-ce que la non-lin\u00e9arit\u00e9 dans les cristaux optiques ?<\/h2>\n<p>L&rsquo;optique non lin\u00e9aire se r\u00e9f\u00e8re \u00e0 l&rsquo;optique pour laquelle la sortie de la lumi\u00e8re n&rsquo;est pas directement proportionnelle \u00e0 l&rsquo;intensit\u00e9 de la lumi\u00e8re incidente.<\/p>\n<p>Par exemple, si vous augmentez l&rsquo;intensit\u00e9 de la lumi\u00e8re incidente d&rsquo;une lumi\u00e8re optique lin\u00e9aire par un facteur de dix, vous remarquerez la m\u00eame augmentation proportionnelle (x10) de la sortie. Ce n&rsquo;est pas le cas pour l&rsquo;optique non lin\u00e9aire.<\/p>\n<p>Cette non-lin\u00e9arit\u00e9 peut entra\u00eener d&rsquo;autres changements dans les propri\u00e9t\u00e9s de la lumi\u00e8re, comme la conversion de fr\u00e9quence, la g\u00e9n\u00e9ration d&rsquo;harmoniques, l&rsquo;amplification non lin\u00e9aire, etc.<\/p>\n<p>Les caract\u00e9ristiques des cristaux non lin\u00e9aires sont li\u00e9es aux \u00e9l\u00e9ments cristallins eux-m\u00eames, il est donc important de choisir le bon cristal correspondant \u00e0 un besoin sp\u00e9cifique.<\/p>\n<\/div><\/section>\n","protected":false},"excerpt":{"rendered":"","protected":false},"author":1,"featured_media":15004,"parent":14930,"menu_order":0,"comment_status":"closed","ping_status":"closed","template":"","meta":{"footnotes":""},"class_list":["post-15012","page","type-page","status-publish","has-post-thumbnail","hentry"],"_links":{"self":[{"href":"https:\/\/sinoptix.eu\/fr\/wp-json\/wp\/v2\/pages\/15012","targetHints":{"allow":["GET"]}}],"collection":[{"href":"https:\/\/sinoptix.eu\/fr\/wp-json\/wp\/v2\/pages"}],"about":[{"href":"https:\/\/sinoptix.eu\/fr\/wp-json\/wp\/v2\/types\/page"}],"author":[{"embeddable":true,"href":"https:\/\/sinoptix.eu\/fr\/wp-json\/wp\/v2\/users\/1"}],"replies":[{"embeddable":true,"href":"https:\/\/sinoptix.eu\/fr\/wp-json\/wp\/v2\/comments?post=15012"}],"version-history":[{"count":4,"href":"https:\/\/sinoptix.eu\/fr\/wp-json\/wp\/v2\/pages\/15012\/revisions"}],"predecessor-version":[{"id":15018,"href":"https:\/\/sinoptix.eu\/fr\/wp-json\/wp\/v2\/pages\/15012\/revisions\/15018"}],"up":[{"embeddable":true,"href":"https:\/\/sinoptix.eu\/fr\/wp-json\/wp\/v2\/pages\/14930"}],"wp:featuredmedia":[{"embeddable":true,"href":"https:\/\/sinoptix.eu\/fr\/wp-json\/wp\/v2\/media\/15004"}],"wp:attachment":[{"href":"https:\/\/sinoptix.eu\/fr\/wp-json\/wp\/v2\/media?parent=15012"}],"curies":[{"name":"wp","href":"https:\/\/api.w.org\/{rel}","templated":true}]}}