{"id":19220,"date":"2024-09-24T08:37:49","date_gmt":"2024-09-24T08:37:49","guid":{"rendered":"https:\/\/sinoptix.eu\/optical-components\/composants-optiques-ir\/silicon-optical-components\/"},"modified":"2024-09-24T08:48:51","modified_gmt":"2024-09-24T08:48:51","slug":"composants-optiques-silicium","status":"publish","type":"page","link":"https:\/\/sinoptix.eu\/fr\/optical-components\/composants-optiques-ir\/composants-optiques-silicium\/","title":{"rendered":"Composants optiques en silicium"},"content":{"rendered":"<section  class='av_textblock_section av-m1g23zok-081c3d8a81e94cf79208667ee4c3032d '   itemscope=\"itemscope\" itemtype=\"https:\/\/schema.org\/CreativeWork\" ><div class='avia_textblock'  itemprop=\"text\" ><h1>Composants optiques en silicium<\/h1>\n<p><span style=\"color: #ba3726;\">SINOPTIX<\/span> fournit divers composants optiques en silicium de qualit\u00e9 optique. Le silicium est un \u00e9l\u00e9ment abondant sur terre avec des caract\u00e9ristiques optiques int\u00e9ressantes. Il est largement utilis\u00e9 comme mat\u00e9riau infrarouge pour les cam\u00e9ras IR, les capteurs et les lasers.<\/p>\n<\/div><\/section>\n<section  class='av_textblock_section av-m1g3mc12-0be4dd6c9cb2868ca34766d8832578dd '   itemscope=\"itemscope\" itemtype=\"https:\/\/schema.org\/CreativeWork\" ><div class='avia_textblock'  itemprop=\"text\" ><h2>Caract\u00e9ristiques du silicium<\/h2>\n<h3>Tableau des propri\u00e9t\u00e9s du silicium<\/h3>\n<table>\n<tbody>\n<tr>\n<td><strong>D\u00e9nomination mat\u00e9rielle<\/strong><\/td>\n<td>silicium<\/td>\n<\/tr>\n<tr>\n<td><strong>\u00e9l\u00e9ment chimique<\/strong><\/td>\n<td>Si<\/td>\n<\/tr>\n<tr>\n<td><strong>Indice de r\u00e9fraction<\/strong><\/td>\n<td>2,50<\/td>\n<\/tr>\n<tr>\n<td><strong>Port\u00e9e de transmission<\/strong><\/td>\n<td>1,2 \u03bcm \u00e0 8 \u03bcm<\/td>\n<\/tr>\n<tr>\n<td><strong>densit\u00e9<\/strong><\/td>\n<td>2,33 g\/cm3<\/td>\n<\/tr>\n<tr>\n<td><strong>duret\u00e9<\/strong><\/td>\n<td>1100 Knoop (MOHS 6.5)<\/td>\n<\/tr>\n<tr>\n<td><strong>Module de Young<\/strong><\/td>\n<td>130.9 GPa<\/td>\n<\/tr>\n<tr>\n<td><strong>Dilatation thermique<\/strong><\/td>\n<td>2,6 * 10-6 \u00b0K-1<\/td>\n<\/tr>\n<tr>\n<td><strong>Conductivit\u00e9 thermique<\/strong><\/td>\n<td>163 W\/(m*\u00b0K)<\/td>\n<\/tr>\n<tr>\n<td><strong>point de fusion<\/strong><\/td>\n<td>1690 \u00b0K<\/td>\n<\/tr>\n<\/tbody>\n<\/table>\n<p>Pour en savoir plus, veuillez consulter notre <a href=\"https:\/\/sinoptix.eu\/fr\/optiques-en-silicium-guide-achat\/\">guide complet sur les optiques en silicium<\/a>.<\/p>\n<\/div><\/section>\n<div id='avia-messagebox-' class='avia_message_box av_notification av-m1g4ahup-440556c1f08fdfcb80aafd71ab6ef0c5 avia-color-blue avia-size-normal avia-icon_select-yes avia-border-dashed  avia-builder-el-2  el_after_av_textblock  el_before_av_textblock ' ><span class='avia_message_box_title' >Note<\/span><div class=\"avia_message_box_content\"><span class='avia_message_box_icon avia-iconfont avia-font-entypo-fontello' data-av_icon='\ue83e' data-av_iconfont='entypo-fontello' ><\/span><p>+ La transmission du Si pur n\u2019est pas tr\u00e8s \u00e9lev\u00e9e, il est fortement conseill\u00e9 d\u2019ajouter un traitement antireflet sur l\u2019optique<br \/>\n+ Le Si a une transmission tr\u00e8s d\u00e9grad\u00e9e entre 9 et 20\u03bcm<\/p>\n<\/div><\/div>\n<section  class='av_textblock_section av-m1g3mucn-af30fb168f6f411c778520335fd0eb7b '   itemscope=\"itemscope\" itemtype=\"https:\/\/schema.org\/CreativeWork\" ><div class='avia_textblock'  itemprop=\"text\" ><h2>Capacit\u00e9s de production des composants optiques en silicium<\/h2>\n<h3>Capacit\u00e9s de fabrication<\/h3>\n<table>\n<tbody>\n<tr>\n<th>Propri\u00e9t\u00e9s<\/th>\n<th>Valeurs<\/th>\n<\/tr>\n<tr>\n<td><strong>Dimensions disponibles<\/strong><\/td>\n<td>Diam 3 \u00e0 D400mm<\/td>\n<\/tr>\n<tr>\n<td><strong>Tol\u00e9rances dimensionnelles<\/strong><\/td>\n<td>+\/-0,01 millim\u00e8tre<\/td>\n<\/tr>\n<tr>\n<td><strong>\u00e9paisseur<\/strong><\/td>\n<td>1 \u00e0 50 mm<\/td>\n<\/tr>\n<tr>\n<td><strong>Qualit\u00e9 de surface<\/strong><\/td>\n<td>S &amp; D : 60\/40 qualit\u00e9 normale ; 40\/20 haute qualit\u00e9<\/td>\n<\/tr>\n<tr>\n<td><strong>platitude<\/strong><\/td>\n<td>1\/2 lambda<\/td>\n<\/tr>\n<tr>\n<td><strong>parall\u00e9lisme<\/strong><\/td>\n<td>mieux que 10&Prime;<\/td>\n<\/tr>\n<tr>\n<td><strong>Rev\u00eatements<\/strong><\/td>\n<td>AR \/ BBAR \/ DLC<\/td>\n<\/tr>\n<\/tbody>\n<\/table>\n<h3>R\u00e9f\u00e9rences de composants optiques en silicium :<\/h3>\n<\/div><\/section>\n<div  class='flex_column av-1cxjmcb-498549edb94b8369e928fb7ef3890214 av_one_full  avia-builder-el-4  el_after_av_textblock  el_before_av_textblock  first flex_column_div  column-top-margin'     ><div  id=\"av-sc-portfolio-1\"  class=' grid-sort-container isotope   no_margin-container with-title-container grid-total-even grid-col-4 grid-links-' data-portfolio-id='1'><div data-ajax-id='11906' class=' grid-entry flex_column isotope-item all_sort no_margin post-entry post-entry-11906 grid-entry-overview grid-loop-1 grid-parity-odd  composants-optiques-silicium_sort  av_one_fourth first default_av_fullwidth '><article class='main_color inner-entry'  itemscope=\"itemscope\" itemtype=\"https:\/\/schema.org\/CreativeWork\" ><a href=\"https:\/\/sinoptix.eu\/fr\/portfolio-item\/hublot-ir-en-silicium\/\" title='Hublot IR en silicium'  data-rel='grid-1' class='grid-image avia-hover-fx'> <img decoding=\"async\" fetchpriority=\"high\" width=\"246\" height=\"185\" src=\"https:\/\/sinoptix.eu\/wp-content\/uploads\/2022\/02\/silicon-window-D108-246x185.jpg\" class=\"wp-image-11902 avia-img-lazy-loading-not-11902 attachment-portfolio_small size-portfolio_small wp-post-image\" alt=\"D108 silicon window with DLC coating\" \/><\/a><div class='grid-content'><div class='avia-arrow'><\/div><header class=\"entry-content-header\" aria-label=\"Portfolio : Hublot IR en silicium\"><h3 class='grid-entry-title entry-title '  itemprop=\"headline\" ><a href='https:\/\/sinoptix.eu\/fr\/portfolio-item\/hublot-ir-en-silicium\/' title='Hublot IR en silicium'>Hublot IR en silicium<\/a><\/h3><\/header><\/div><footer class=\"entry-footer\"><\/footer><\/article><\/div><div data-ajax-id='22345' class=' grid-entry flex_column isotope-item all_sort no_margin post-entry post-entry-22345 grid-entry-overview grid-loop-2 grid-parity-even  composants-optiques-silicium_sort  av_one_fourth  default_av_fullwidth '><article class='main_color inner-entry'  itemscope=\"itemscope\" itemtype=\"https:\/\/schema.org\/CreativeWork\" ><a href=\"https:\/\/sinoptix.eu\/fr\/portfolio-item\/high-resistivity-silicon-lens\/\" title='Lentille en silicium haute r\u00e9sistivit\u00e9'  data-rel='grid-1' class='grid-image avia-hover-fx'> <img decoding=\"async\" fetchpriority=\"high\" width=\"260\" height=\"185\" src=\"https:\/\/sinoptix.eu\/wp-content\/uploads\/2025\/09\/high-resistivity-silicon-260x185.jpg\" class=\"wp-image-22339 avia-img-lazy-loading-not-22339 attachment-portfolio_small size-portfolio_small wp-post-image\" alt=\"High resistivity silicon cylindrical lens\" \/><\/a><div class='grid-content'><div class='avia-arrow'><\/div><header class=\"entry-content-header\" aria-label=\"Portfolio : Lentille en silicium haute r\u00e9sistivit\u00e9\"><h3 class='grid-entry-title entry-title '  itemprop=\"headline\" ><a href='https:\/\/sinoptix.eu\/fr\/portfolio-item\/high-resistivity-silicon-lens\/' title='Lentille en silicium haute r\u00e9sistivit\u00e9'>Lentille en silicium haute r\u00e9sistivit\u00e9<\/a><\/h3><\/header><\/div><footer class=\"entry-footer\"><\/footer><\/article><\/div><div data-ajax-id='5597' class=' grid-entry flex_column isotope-item all_sort no_margin post-entry post-entry-5597 grid-entry-overview grid-loop-3 grid-parity-odd  composants-optiques-silicium_sort fenetres-optiques_sort  av_one_fourth  default_av_fullwidth '><article class='main_color inner-entry'  itemscope=\"itemscope\" itemtype=\"https:\/\/schema.org\/CreativeWork\" ><a href=\"https:\/\/sinoptix.eu\/fr\/portfolio-item\/fenetre-en-silicium-dlc\/\" title='hublot silicium avec traitement AR et DLC'  data-rel='grid-1' class='grid-image avia-hover-fx'> <img decoding=\"async\" fetchpriority=\"high\" width=\"247\" height=\"185\" src=\"https:\/\/sinoptix.eu\/wp-content\/uploads\/2020\/08\/P1150183.jpg\" class=\"wp-image-4057 avia-img-lazy-loading-not-4057 attachment-portfolio_small size-portfolio_small wp-post-image\" alt=\"\" \/><\/a><div class='grid-content'><div class='avia-arrow'><\/div><header class=\"entry-content-header\" aria-label=\"Portfolio : hublot silicium avec traitement AR et DLC\"><h3 class='grid-entry-title entry-title '  itemprop=\"headline\" ><a href='https:\/\/sinoptix.eu\/fr\/portfolio-item\/fenetre-en-silicium-dlc\/' title='hublot silicium avec traitement AR et DLC'>hublot silicium avec traitement AR et DLC<\/a><\/h3><\/header><\/div><footer class=\"entry-footer\"><\/footer><\/article><\/div><div data-ajax-id='5603' class=' grid-entry flex_column isotope-item all_sort no_margin post-entry post-entry-5603 grid-entry-overview grid-loop-4 grid-parity-even  composants-optiques-silicium_sort fenetres-optiques_sort  av_one_fourth  default_av_fullwidth '><article class='main_color inner-entry'  itemscope=\"itemscope\" itemtype=\"https:\/\/schema.org\/CreativeWork\" ><a href=\"https:\/\/sinoptix.eu\/fr\/portfolio-item\/fenetre-en-silicium\/\" title='Fen\u00eatre silicium pour application IR'  data-rel='grid-1' class='grid-image avia-hover-fx'> <img decoding=\"async\" fetchpriority=\"high\" width=\"247\" height=\"185\" src=\"https:\/\/sinoptix.eu\/wp-content\/uploads\/2020\/08\/P1140612.jpg\" class=\"wp-image-4030 avia-img-lazy-loading-not-4030 attachment-portfolio_small size-portfolio_small wp-post-image\" alt=\"\" \/><\/a><div class='grid-content'><div class='avia-arrow'><\/div><header class=\"entry-content-header\" aria-label=\"Portfolio : Fen\u00eatre silicium pour application IR\"><h3 class='grid-entry-title entry-title '  itemprop=\"headline\" ><a href='https:\/\/sinoptix.eu\/fr\/portfolio-item\/fenetre-en-silicium\/' title='Fen\u00eatre silicium pour application IR'>Fen\u00eatre silicium pour application IR<\/a><\/h3><\/header><\/div><footer class=\"entry-footer\"><\/footer><\/article><\/div><div data-ajax-id='15977' class=' grid-entry flex_column isotope-item all_sort no_margin post-entry post-entry-15977 grid-entry-overview grid-loop-5 grid-parity-odd  composants-optiques-silicium_sort wafers-fr_sort  av_one_fourth first default_av_fullwidth '><article class='main_color inner-entry'  itemscope=\"itemscope\" itemtype=\"https:\/\/schema.org\/CreativeWork\" ><a href=\"https:\/\/sinoptix.eu\/fr\/portfolio-item\/wafer-de-silicium-fz\/\" title='wafer de silicium FZ'  data-rel='grid-1' class='grid-image avia-hover-fx'> <img decoding=\"async\" fetchpriority=\"high\" width=\"260\" height=\"185\" src=\"https:\/\/sinoptix.eu\/wp-content\/uploads\/2023\/10\/FZ-silicon-wafer-260x185.jpg\" class=\"wp-image-15973 avia-img-lazy-loading-not-15973 attachment-portfolio_small size-portfolio_small wp-post-image\" alt=\"FZ silicon wafer\" \/><\/a><div class='grid-content'><div class='avia-arrow'><\/div><header class=\"entry-content-header\" aria-label=\"Portfolio : wafer de silicium FZ\"><h3 class='grid-entry-title entry-title '  itemprop=\"headline\" ><a href='https:\/\/sinoptix.eu\/fr\/portfolio-item\/wafer-de-silicium-fz\/' title='wafer de silicium FZ'>wafer de silicium FZ<\/a><\/h3><\/header><\/div><footer class=\"entry-footer\"><\/footer><\/article><\/div><div data-ajax-id='22958' class=' grid-entry flex_column isotope-item all_sort no_margin post-entry post-entry-22958 grid-entry-overview grid-loop-6 grid-parity-even  composants-optiques-silicium_sort  av_one_fourth  default_av_fullwidth '><article class='main_color inner-entry'  itemscope=\"itemscope\" itemtype=\"https:\/\/schema.org\/CreativeWork\" ><a href=\"https:\/\/sinoptix.eu\/fr\/portfolio-item\/fenetre-silicium-d150\/\" title='Fen\u00eatre Silicium D150'  data-rel='grid-1' class='grid-image avia-hover-fx'> <img decoding=\"async\" fetchpriority=\"high\" width=\"260\" height=\"185\" src=\"https:\/\/sinoptix.eu\/wp-content\/uploads\/2026\/01\/D150-Si-window-260x185.png\" class=\"wp-image-22954 avia-img-lazy-loading-not-22954 attachment-portfolio_small size-portfolio_small wp-post-image\" alt=\"D150 Si window\" srcset=\"https:\/\/sinoptix.eu\/wp-content\/uploads\/2026\/01\/D150-Si-window-260x185.png 260w, https:\/\/sinoptix.eu\/wp-content\/uploads\/2026\/01\/D150-Si-window-300x214.png 300w, https:\/\/sinoptix.eu\/wp-content\/uploads\/2026\/01\/D150-Si-window.png 600w\" sizes=\"(max-width: 260px) 100vw, 260px\" \/><\/a><div class='grid-content'><div class='avia-arrow'><\/div><header class=\"entry-content-header\" aria-label=\"Portfolio : Fen\u00eatre Silicium D150\"><h3 class='grid-entry-title entry-title '  itemprop=\"headline\" ><a href='https:\/\/sinoptix.eu\/fr\/portfolio-item\/fenetre-silicium-d150\/' title='Fen\u00eatre Silicium D150'>Fen\u00eatre Silicium D150<\/a><\/h3><\/header><\/div><footer class=\"entry-footer\"><\/footer><\/article><\/div><div data-ajax-id='15961' class=' grid-entry flex_column isotope-item all_sort no_margin post-entry post-entry-15961 grid-entry-overview grid-loop-7 grid-parity-odd  composants-optiques-silicium_sort wafers-fr_sort  av_one_fourth  default_av_fullwidth '><article class='main_color inner-entry'  itemscope=\"itemscope\" itemtype=\"https:\/\/schema.org\/CreativeWork\" ><a href=\"https:\/\/sinoptix.eu\/fr\/portfolio-item\/wafer-de-silicium-cz\/\" title='wafer de silicium CZ'  data-rel='grid-1' class='grid-image avia-hover-fx'> <img decoding=\"async\" fetchpriority=\"high\" width=\"260\" height=\"185\" src=\"https:\/\/sinoptix.eu\/wp-content\/uploads\/2023\/10\/CZ-Silicon-wafer-260x185.jpg\" class=\"wp-image-15957 avia-img-lazy-loading-not-15957 attachment-portfolio_small size-portfolio_small wp-post-image\" alt=\"CZ silicon wafer\" \/><\/a><div class='grid-content'><div class='avia-arrow'><\/div><header class=\"entry-content-header\" aria-label=\"Portfolio : wafer de silicium CZ\"><h3 class='grid-entry-title entry-title '  itemprop=\"headline\" ><a href='https:\/\/sinoptix.eu\/fr\/portfolio-item\/wafer-de-silicium-cz\/' title='wafer de silicium CZ'>wafer de silicium CZ<\/a><\/h3><\/header><\/div><footer class=\"entry-footer\"><\/footer><\/article><\/div><div data-ajax-id='22330' class=' grid-entry flex_column isotope-item all_sort no_margin post-entry post-entry-22330 grid-entry-overview grid-loop-8 grid-parity-even  post-entry-last  composants-optiques-silicium_sort  av_one_fourth  default_av_fullwidth '><article class='main_color inner-entry'  itemscope=\"itemscope\" itemtype=\"https:\/\/schema.org\/CreativeWork\" ><a href=\"https:\/\/sinoptix.eu\/fr\/portfolio-item\/hublot-si\/\" title='Hublot Si'  data-rel='grid-1' class='grid-image avia-hover-fx'> <img decoding=\"async\" fetchpriority=\"high\" width=\"260\" height=\"185\" src=\"https:\/\/sinoptix.eu\/wp-content\/uploads\/2025\/09\/Si-window-260x185.png\" class=\"wp-image-22326 avia-img-lazy-loading-not-22326 attachment-portfolio_small size-portfolio_small wp-post-image\" alt=\"Si window\" \/><\/a><div class='grid-content'><div class='avia-arrow'><\/div><header class=\"entry-content-header\" aria-label=\"Portfolio : Hublot Si\"><h3 class='grid-entry-title entry-title '  itemprop=\"headline\" ><a href='https:\/\/sinoptix.eu\/fr\/portfolio-item\/hublot-si\/' title='Hublot Si'>Hublot Si<\/a><\/h3><\/header><\/div><footer class=\"entry-footer\"><\/footer><\/article><\/div><\/div><\/div><section  class='av_textblock_section av-m1g3sb3j-73c7c1f9a7bf035c83910a4e79fdeffb '   itemscope=\"itemscope\" itemtype=\"https:\/\/schema.org\/CreativeWork\" ><div class='avia_textblock'  itemprop=\"text\" ><h2>Composants Si disponibles<\/h2>\n<p>Nous pouvons vous proposer ci-dessous des types de composants optiques :<\/p>\n<ul>\n<li><a href=\"https:\/\/sinoptix.eu\/fr\/portfolio-item\/hublot-ir-en-silicium\/\">Fen\u00eatres en silicium<\/a><\/li>\n<li>Lentilles en silicium<\/li>\n<li>Asph\u00e8res de silicium<\/li>\n<li>Prismes en silicium<\/li>\n<li><a href=\"https:\/\/sinoptix.eu\/fr\/portfolio-item\/wafer-de-silicium-cz\/\">Wafers de silicium CZ<\/a> \/ <a href=\"https:\/\/sinoptix.eu\/fr\/portfolio-item\/wafer-de-silicium-fz\/\">Wafers de silicium FZ<\/a><\/li>\n<\/ul>\n<\/div><\/section><\/p>\n\n<style type=\"text\/css\" data-created_by=\"avia_inline_auto\" id=\"style-css-av-m1g3t73v-b6e29683fdcdb4d20037f7d32744c9b1\">\n#top .hr.hr-invisible.av-m1g3t73v-b6e29683fdcdb4d20037f7d32744c9b1{\nheight:30px;\n}\n<\/style>\n<div  class='hr av-m1g3t73v-b6e29683fdcdb4d20037f7d32744c9b1 hr-invisible  avia-builder-el-7  el_after_av_textblock  el_before_av_button '><span class='hr-inner '><span class=\"hr-inner-style\"><\/span><\/span><\/div>\n<div  class='avia-button-wrap av-m1g3swlb-6b9fa08f4bd22ee3c2acf7099689b771-wrap avia-button-center  avia-builder-el-8  el_after_av_hr  avia-builder-el-last '><a href='https:\/\/sinoptix.eu\/fr\/contact\/'  class='avia-button av-m1g3swlb-6b9fa08f4bd22ee3c2acf7099689b771 av-link-btn avia-icon_select-yes-left-icon avia-size-small avia-position-center avia-color-theme-color'   aria-label=\"Devis de composant optique en silicium\"><span class='avia_button_icon avia_button_icon_left avia-iconfont avia-font-entypo-fontello' data-av_icon='\ue8ab' data-av_iconfont='entypo-fontello' ><\/span><span class='avia_iconbox_title' >Devis de composant optique en silicium<\/span><\/a><\/div>\n","protected":false},"excerpt":{"rendered":"","protected":false},"author":1,"featured_media":15957,"parent":5424,"menu_order":0,"comment_status":"closed","ping_status":"closed","template":"","meta":{"footnotes":""},"class_list":["post-19220","page","type-page","status-publish","has-post-thumbnail","hentry"],"_links":{"self":[{"href":"https:\/\/sinoptix.eu\/fr\/wp-json\/wp\/v2\/pages\/19220","targetHints":{"allow":["GET"]}}],"collection":[{"href":"https:\/\/sinoptix.eu\/fr\/wp-json\/wp\/v2\/pages"}],"about":[{"href":"https:\/\/sinoptix.eu\/fr\/wp-json\/wp\/v2\/types\/page"}],"author":[{"embeddable":true,"href":"https:\/\/sinoptix.eu\/fr\/wp-json\/wp\/v2\/users\/1"}],"replies":[{"embeddable":true,"href":"https:\/\/sinoptix.eu\/fr\/wp-json\/wp\/v2\/comments?post=19220"}],"version-history":[{"count":2,"href":"https:\/\/sinoptix.eu\/fr\/wp-json\/wp\/v2\/pages\/19220\/revisions"}],"predecessor-version":[{"id":19227,"href":"https:\/\/sinoptix.eu\/fr\/wp-json\/wp\/v2\/pages\/19220\/revisions\/19227"}],"up":[{"embeddable":true,"href":"https:\/\/sinoptix.eu\/fr\/wp-json\/wp\/v2\/pages\/5424"}],"wp:featuredmedia":[{"embeddable":true,"href":"https:\/\/sinoptix.eu\/fr\/wp-json\/wp\/v2\/media\/15957"}],"wp:attachment":[{"href":"https:\/\/sinoptix.eu\/fr\/wp-json\/wp\/v2\/media?parent=19220"}],"curies":[{"name":"wp","href":"https:\/\/api.w.org\/{rel}","templated":true}]}}