{"id":20842,"date":"2025-02-25T06:50:39","date_gmt":"2025-02-25T06:50:39","guid":{"rendered":"https:\/\/sinoptix.eu\/optical-components\/composants-optiques-ir\/zns-optical-components\/"},"modified":"2025-04-02T10:20:47","modified_gmt":"2025-04-02T10:20:47","slug":"composants-optiques-en-zns","status":"publish","type":"page","link":"https:\/\/sinoptix.eu\/fr\/optical-components\/composants-optiques-ir\/composants-optiques-en-zns\/","title":{"rendered":"Composants optiques en ZnS"},"content":{"rendered":"<section  class='av_textblock_section av-m1g922qw-e52a5fb5f70b3480dd9aad1389d477b0 '   itemscope=\"itemscope\" itemtype=\"https:\/\/schema.org\/CreativeWork\" ><div class='avia_textblock'  itemprop=\"text\" ><h1>Composants optiques en ZnS<\/h1>\n<p><span style=\"color: #ba3726;\">SINOPTIX<\/span> fournit divers composants optiques en sulfure de zinc de qualit\u00e9 optique. Le ZnS est une mati\u00e8re clair \u00e0 l\u00e9g\u00e8rement jaun\u00e2tre, partiellement transparente dans le visible, de deux qualit\u00e9s diff\u00e9rentes: multispectrale ou FLIR.<\/p>\n<\/div><\/section>\n\n<style type=\"text\/css\" data-created_by=\"avia_inline_auto\" id=\"style-css-av-m8zs00qy-45b30748409d691ab0f14732aff2672c\">\n.avia-image-container.av-m8zs00qy-45b30748409d691ab0f14732aff2672c img.avia_image{\nbox-shadow:none;\n}\n.avia-image-container.av-m8zs00qy-45b30748409d691ab0f14732aff2672c .av-image-caption-overlay-center{\ncolor:#ffffff;\n}\n<\/style>\n<div  class='avia-image-container av-m8zs00qy-45b30748409d691ab0f14732aff2672c av-styling- avia-align-center'   itemprop=\"image\" itemscope=\"itemscope\" itemtype=\"https:\/\/schema.org\/ImageObject\" ><div class=\"avia-image-container-inner\"><div class=\"avia-image-overlay-wrap\"><img decoding=\"async\" fetchpriority=\"high\" class='wp-image-20642 avia-img-lazy-loading-not-20642 avia_image ' src=\"https:\/\/sinoptix.eu\/wp-content\/uploads\/2025\/02\/ZnS-lens-300x225.jpg\" alt='ZnS lens' title='_cuva'  height=\"225\" width=\"300\"  itemprop=\"thumbnailUrl\" srcset=\"https:\/\/sinoptix.eu\/wp-content\/uploads\/2025\/02\/ZnS-lens-300x225.jpg 300w, https:\/\/sinoptix.eu\/wp-content\/uploads\/2025\/02\/ZnS-lens-1030x773.jpg 1030w, https:\/\/sinoptix.eu\/wp-content\/uploads\/2025\/02\/ZnS-lens-768x576.jpg 768w, https:\/\/sinoptix.eu\/wp-content\/uploads\/2025\/02\/ZnS-lens-1536x1152.jpg 1536w, https:\/\/sinoptix.eu\/wp-content\/uploads\/2025\/02\/ZnS-lens-2048x1536.jpg 2048w, https:\/\/sinoptix.eu\/wp-content\/uploads\/2025\/02\/ZnS-lens-1500x1125.jpg 1500w, https:\/\/sinoptix.eu\/wp-content\/uploads\/2025\/02\/ZnS-lens-705x529.jpg 705w\" sizes=\"(max-width: 300px) 100vw, 300px\" \/><\/div><\/div><\/div>\n<section  class='av_textblock_section av-m1g933fe-a6278f0913d849d86331b2c64d64af0a '   itemscope=\"itemscope\" itemtype=\"https:\/\/schema.org\/CreativeWork\" ><div class='avia_textblock'  itemprop=\"text\" ><h2>Caract\u00e9ristiques du sulfure de zinc<\/h2>\n<p>Les substrats en sulfure de zinc utilis\u00e9s par SINOPTIX\u00a0sont fabriqu\u00e9s par la technologie CVD (Chemical Vacuum Deposition) en Chine.<\/p>\n<h3>Tableau des propri\u00e9t\u00e9s du ZnS<\/h3>\n<table>\n<tbody>\n<tr>\n<td><strong>D\u00e9nomination de la mati\u00e8re<\/strong><\/td>\n<td>Sulfure de Zinc<\/td>\n<\/tr>\n<tr>\n<td><strong>El\u00e9ment chimique<\/strong><\/td>\n<td>ZnS<\/td>\n<\/tr>\n<tr>\n<td><strong>Indice de r\u00e9fraction<\/strong><\/td>\n<td>2,2 dans le visible\u00a0 (2,89 @ FLIR)<\/td>\n<\/tr>\n<tr>\n<td><strong>Champ de transmission<\/strong><\/td>\n<td>0,37 \u00b5m \u00e0 14\u00b5m<\/td>\n<\/tr>\n<tr>\n<td><strong>Densit\u00e9<\/strong><\/td>\n<td>4,09 g\/cm3<\/td>\n<\/tr>\n<tr>\n<td><strong>Duret\u00e9<\/strong><\/td>\n<td>210-240 kg\/mm2<\/td>\n<\/tr>\n<tr>\n<td><strong>Module de Young<\/strong><\/td>\n<td>74,5 GPa<\/td>\n<\/tr>\n<tr>\n<td><strong>Expansion thermique<\/strong><\/td>\n<td>6,8*10-6 \u00b0K-1<\/td>\n<\/tr>\n<tr>\n<td><strong>Conductivit\u00e9 thermique<\/strong><\/td>\n<td>16,7 W\/(m*\u00b0K)<\/td>\n<\/tr>\n<tr>\n<td><strong>Point de fusion<\/strong><\/td>\n<td>1293 \u00b0K\u00a0 (1020\u00b0C)<\/td>\n<\/tr>\n<\/tbody>\n<\/table>\n<p>Veuillez consulter notre <a href=\"https:\/\/sinoptix.eu\/zinc-sulfide-ir-optical-component-guide\/\">guide complet sur l&rsquo;optique ZnS<\/a> pour en savoir plus.<\/p>\n<\/div><\/section>\n\n<style type=\"text\/css\" data-created_by=\"avia_inline_auto\" id=\"style-css-av-m8zs0hf7-1604e5774409eb62b43500be07de7cff\">\n.avia-image-container.av-m8zs0hf7-1604e5774409eb62b43500be07de7cff img.avia_image{\nbox-shadow:none;\n}\n.avia-image-container.av-m8zs0hf7-1604e5774409eb62b43500be07de7cff .av-image-caption-overlay-center{\ncolor:#ffffff;\n}\n<\/style>\n<div  class='avia-image-container av-m8zs0hf7-1604e5774409eb62b43500be07de7cff av-styling- avia-align-center'   itemprop=\"image\" itemscope=\"itemscope\" itemtype=\"https:\/\/schema.org\/ImageObject\" ><div class=\"avia-image-container-inner\"><div class=\"avia-image-overlay-wrap\"><img decoding=\"async\" fetchpriority=\"high\" class='wp-image-20980 avia-img-lazy-loading-not-20980 avia_image ' src=\"https:\/\/sinoptix.eu\/wp-content\/uploads\/2025\/04\/ZnS-transmission-curve-SINOPTIX-300x180.png\" alt='ZnS transmission curve' title='ZnS-transmission-curve-SINOPTIX'  height=\"180\" width=\"300\"  itemprop=\"thumbnailUrl\" srcset=\"https:\/\/sinoptix.eu\/wp-content\/uploads\/2025\/04\/ZnS-transmission-curve-SINOPTIX-300x180.png 300w, https:\/\/sinoptix.eu\/wp-content\/uploads\/2025\/04\/ZnS-transmission-curve-SINOPTIX-1030x619.png 1030w, https:\/\/sinoptix.eu\/wp-content\/uploads\/2025\/04\/ZnS-transmission-curve-SINOPTIX-768x461.png 768w, https:\/\/sinoptix.eu\/wp-content\/uploads\/2025\/04\/ZnS-transmission-curve-SINOPTIX-1536x923.png 1536w, https:\/\/sinoptix.eu\/wp-content\/uploads\/2025\/04\/ZnS-transmission-curve-SINOPTIX-1500x901.png 1500w, https:\/\/sinoptix.eu\/wp-content\/uploads\/2025\/04\/ZnS-transmission-curve-SINOPTIX-705x424.png 705w, https:\/\/sinoptix.eu\/wp-content\/uploads\/2025\/04\/ZnS-transmission-curve-SINOPTIX.png 1653w\" sizes=\"(max-width: 300px) 100vw, 300px\" \/><\/div><\/div><\/div>\n<div id='avia-messagebox-' class='avia_message_box av_notification av-m1g9ai0v-f5ca22db925a22668cc0d3faf10496c9 avia-color-blue avia-size-normal avia-icon_select-yes avia-border-dashed  avia-builder-el-2  el_after_av_textblock  el_before_av_textblock ' ><span class='avia_message_box_title' >Note<\/span><div class=\"avia_message_box_content\"><span class='avia_message_box_icon avia-iconfont avia-font-entypo-fontello' data-av_icon='\ue83e' data-av_iconfont='entypo-fontello' ><\/span><p>2 grades de ZnS sont disponibles, assurez-vous de demander celui dont vous avez besoin.<\/p>\n<\/div><\/div>\n<section  class='av_textblock_section av-m1g9dc7k-a79fd36f4cdd77219f98cbda9f14a5e2 '   itemscope=\"itemscope\" itemtype=\"https:\/\/schema.org\/CreativeWork\" ><div class='avia_textblock'  itemprop=\"text\" ><h2>Capacit\u00e9s des composants optiques en sulfure de zinc<\/h2>\n<h3>Capacit\u00e9s de fabrication<\/h3>\n<table>\n<tbody>\n<tr>\n<th>Propri\u00e9t\u00e9s<\/th>\n<th>Valeurs<\/th>\n<\/tr>\n<tr>\n<td><strong>Dimensions disponibles<\/strong><\/td>\n<td>Diam 3 \u00e0 D200mm<\/td>\n<\/tr>\n<tr>\n<td><strong>Tol\u00e9rances dimensionnelles<\/strong><\/td>\n<td>+\/-0,05\u00a0mm<\/td>\n<\/tr>\n<tr>\n<td><strong>\u00c9paisseur<\/strong><\/td>\n<td>jusqu&rsquo;\u00e0 100\u00a0mm<\/td>\n<\/tr>\n<tr>\n<td><strong>Qualit\u00e9 de surface<\/strong><\/td>\n<td>S&#038;D\u00a0: 40\/20<\/td>\n<\/tr>\n<tr>\n<td><strong>Plan\u00e9it\u00e9<\/strong><\/td>\n<td>lambda\/2<\/td>\n<\/tr>\n<tr>\n<td><strong>Rugosit\u00e9<\/strong><\/td>\n<td>Lambda\/20\u00a0nm<\/td>\n<\/tr>\n<tr>\n<td><strong>Parall\u00e9lisme<\/strong><\/td>\n<td>mieux que 5\u2033<\/td>\n<\/tr>\n<tr>\n<td><strong>Tol\u00e9rance d&rsquo;\u00e9paisseur<\/strong><\/td>\n<td>+\/- 0,02\u00a0mm<\/td>\n<\/tr>\n<tr>\n<td><strong>Centration<\/strong><\/td>\n<td>30 \u00e0 60 secondes d&rsquo;arc<\/td>\n<\/tr>\n<tr>\n<td><strong>Rev\u00eatements<\/strong><\/td>\n<td>AR multispectral ou AR 7,5-12\u00a0\u00b5m (thermique)<\/td>\n<\/tr>\n<\/tbody>\n<\/table>\n<h3><\/h3>\n<h3>R\u00e9f\u00e9rences des composants optiques en ZnS SINOPTIX:<\/h3>\n<\/div><\/section>\n<div  class='flex_column av-1imcqh3-d847f2ae9f168575bf54a5b151a11a03 av_one_full  avia-builder-el-4  el_after_av_textblock  el_before_av_hr  first flex_column_div  column-top-margin'     ><div  id=\"av-sc-portfolio-1\"  class=' grid-sort-container isotope   no_margin-container with-title-container grid-total-odd grid-col-4 grid-links-' data-portfolio-id='1'><div data-ajax-id='20652' class=' grid-entry flex_column isotope-item all_sort no_margin post-entry post-entry-20652 grid-entry-overview grid-loop-1 grid-parity-odd  composants-optiques-zns_sort  av_one_fourth first default_av_fullwidth '><article class='main_color inner-entry'  itemscope=\"itemscope\" itemtype=\"https:\/\/schema.org\/CreativeWork\" ><a href=\"https:\/\/sinoptix.eu\/fr\/portfolio-item\/lentille-en-zns\/\" title='Lentille en ZnS'  data-rel='grid-1' class='grid-image avia-hover-fx'> <img decoding=\"async\" fetchpriority=\"high\" width=\"260\" height=\"185\" src=\"https:\/\/sinoptix.eu\/wp-content\/uploads\/2025\/02\/ZnS-lens-260x185.jpg\" class=\"wp-image-20642 avia-img-lazy-loading-not-20642 attachment-portfolio_small size-portfolio_small wp-post-image\" alt=\"ZnS lens\" \/><\/a><div class='grid-content'><div class='avia-arrow'><\/div><header class=\"entry-content-header\" aria-label=\"Portfolio : Lentille en ZnS\"><h3 class='grid-entry-title entry-title '  itemprop=\"headline\" ><a href='https:\/\/sinoptix.eu\/fr\/portfolio-item\/lentille-en-zns\/' title='Lentille en ZnS'>Lentille en ZnS<\/a><\/h3><\/header><\/div><footer class=\"entry-footer\"><\/footer><\/article><\/div><div data-ajax-id='21356' class=' grid-entry flex_column isotope-item all_sort no_margin post-entry post-entry-21356 grid-entry-overview grid-loop-2 grid-parity-even  composants-optiques-zns_sort  av_one_fourth  default_av_fullwidth '><article class='main_color inner-entry'  itemscope=\"itemscope\" itemtype=\"https:\/\/schema.org\/CreativeWork\" ><a href=\"https:\/\/sinoptix.eu\/fr\/portfolio-item\/fenetre-en-coin-en-zns\/\" title='Fen\u00eatre en coin en ZnS'  data-rel='grid-1' class='grid-image avia-hover-fx'> <img decoding=\"async\" fetchpriority=\"high\" width=\"260\" height=\"185\" src=\"https:\/\/sinoptix.eu\/wp-content\/uploads\/2025\/05\/ZnS-wedge-window-260x185.png\" class=\"wp-image-21351 avia-img-lazy-loading-not-21351 attachment-portfolio_small size-portfolio_small wp-post-image\" alt=\"ZnS wedge window\" \/><\/a><div class='grid-content'><div class='avia-arrow'><\/div><header class=\"entry-content-header\" aria-label=\"Portfolio : Fen\u00eatre en coin en ZnS\"><h3 class='grid-entry-title entry-title '  itemprop=\"headline\" ><a href='https:\/\/sinoptix.eu\/fr\/portfolio-item\/fenetre-en-coin-en-zns\/' title='Fen\u00eatre en coin en ZnS'>Fen\u00eatre en coin en ZnS<\/a><\/h3><\/header><\/div><footer class=\"entry-footer\"><\/footer><\/article><\/div><div data-ajax-id='22774' class=' grid-entry flex_column isotope-item all_sort no_margin post-entry post-entry-22774 grid-entry-overview grid-loop-3 grid-parity-odd  composants-optiques-zns_sort  av_one_fourth  default_av_fullwidth '><article class='main_color inner-entry'  itemscope=\"itemscope\" itemtype=\"https:\/\/schema.org\/CreativeWork\" ><a href=\"https:\/\/sinoptix.eu\/fr\/portfolio-item\/zns-par-tournage-a-pointe-diamantee\/\" title='Lentille en ZnS par tournage \u00e0 pointe diamant\u00e9e'  data-rel='grid-1' class='grid-image avia-hover-fx'> <img decoding=\"async\" fetchpriority=\"high\" width=\"260\" height=\"185\" src=\"https:\/\/sinoptix.eu\/wp-content\/uploads\/2025\/11\/SPDT-ZnS-lens-260x185.png\" class=\"wp-image-22770 avia-img-lazy-loading-not-22770 attachment-portfolio_small size-portfolio_small wp-post-image\" alt=\"SPDT ZnS lens\" \/><\/a><div class='grid-content'><div class='avia-arrow'><\/div><header class=\"entry-content-header\" aria-label=\"Portfolio : Lentille en ZnS par tournage \u00e0 pointe diamant\u00e9e\"><h3 class='grid-entry-title entry-title '  itemprop=\"headline\" ><a href='https:\/\/sinoptix.eu\/fr\/portfolio-item\/zns-par-tournage-a-pointe-diamantee\/' title='Lentille en ZnS par tournage \u00e0 pointe diamant\u00e9e'>Lentille en ZnS par tournage \u00e0 pointe diamant\u00e9e<\/a><\/h3><\/header><\/div><footer class=\"entry-footer\"><\/footer><\/article><\/div><div data-ajax-id='20884' class=' grid-entry flex_column isotope-item all_sort no_margin post-entry post-entry-20884 grid-entry-overview grid-loop-4 grid-parity-even  composants-optiques-zns_sort  av_one_fourth  default_av_fullwidth '><article class='main_color inner-entry'  itemscope=\"itemscope\" itemtype=\"https:\/\/schema.org\/CreativeWork\" ><a href=\"https:\/\/sinoptix.eu\/fr\/portfolio-item\/prisme-en-zns\/\" title='Prisme en ZnS'  data-rel='grid-1' class='grid-image avia-hover-fx'> <img decoding=\"async\" fetchpriority=\"high\" width=\"260\" height=\"185\" src=\"https:\/\/sinoptix.eu\/wp-content\/uploads\/2025\/02\/ZnS-prism-260x185.png\" class=\"wp-image-20878 avia-img-lazy-loading-not-20878 attachment-portfolio_small size-portfolio_small wp-post-image\" alt=\"ZnS prism\" \/><\/a><div class='grid-content'><div class='avia-arrow'><\/div><header class=\"entry-content-header\" aria-label=\"Portfolio : Prisme en ZnS\"><h3 class='grid-entry-title entry-title '  itemprop=\"headline\" ><a href='https:\/\/sinoptix.eu\/fr\/portfolio-item\/prisme-en-zns\/' title='Prisme en ZnS'>Prisme en ZnS<\/a><\/h3><\/header><\/div><footer class=\"entry-footer\"><\/footer><\/article><\/div><div data-ajax-id='20548' class=' grid-entry flex_column isotope-item all_sort no_margin post-entry post-entry-20548 grid-entry-overview grid-loop-5 grid-parity-odd  post-entry-last  composants-optiques-zns_sort  av_one_fourth first default_av_fullwidth '><article class='main_color inner-entry'  itemscope=\"itemscope\" itemtype=\"https:\/\/schema.org\/CreativeWork\" ><a href=\"https:\/\/sinoptix.eu\/fr\/portfolio-item\/fenetre-en-zns\/\" title='Fen\u00eatre en ZnS'  data-rel='grid-1' class='grid-image avia-hover-fx'> <img decoding=\"async\" fetchpriority=\"high\" width=\"260\" height=\"185\" src=\"https:\/\/sinoptix.eu\/wp-content\/uploads\/2025\/01\/ZnS-window-260x185.png\" class=\"wp-image-20544 avia-img-lazy-loading-not-20544 attachment-portfolio_small size-portfolio_small wp-post-image\" alt=\"ZnS window\" \/><\/a><div class='grid-content'><div class='avia-arrow'><\/div><header class=\"entry-content-header\" aria-label=\"Portfolio : Fen\u00eatre en ZnS\"><h3 class='grid-entry-title entry-title '  itemprop=\"headline\" ><a href='https:\/\/sinoptix.eu\/fr\/portfolio-item\/fenetre-en-zns\/' title='Fen\u00eatre en ZnS'>Fen\u00eatre en ZnS<\/a><\/h3><\/header><\/div><footer class=\"entry-footer\"><\/footer><\/article><\/div><\/div><\/div>\n\n<style type=\"text\/css\" data-created_by=\"avia_inline_auto\" id=\"style-css-av-s395tz-0105b4bf2c0fe42f1a6c02353352f134\">\n#top .hr.hr-invisible.av-s395tz-0105b4bf2c0fe42f1a6c02353352f134{\nheight:30px;\n}\n<\/style>\n<div  class='hr av-s395tz-0105b4bf2c0fe42f1a6c02353352f134 hr-invisible  avia-builder-el-6  el_after_av_one_full  el_before_av_textblock '><span class='hr-inner '><span class=\"hr-inner-style\"><\/span><\/span><\/div>\n<section  class='av_textblock_section av-m1g9ge6m-bd75231adca52ffd0cc046e563b95438 '   itemscope=\"itemscope\" itemtype=\"https:\/\/schema.org\/CreativeWork\" ><div class='avia_textblock'  itemprop=\"text\" ><h2>Composants disponibles en sulfure de zinc<\/h2>\n<p>Les composants ci-dessous sont couramment utilis\u00e9s dans le domaine de l&rsquo;imagerie thermique, de la m\u00e9decine, de la vision nocturne ou de la d\u00e9fense.<\/p>\n<h3>Nous pouvons proposer ci-dessous les types de composants optiques\u00a0:<\/h3>\n<ul>\n<li style=\"list-style-type: none;\">\n<ul>\n<li><a href=\"https:\/\/sinoptix.eu\/fr\/portfolio-item\/fenetre-en-zns\/\">Fen\u00eatres ZnS<\/a><\/li>\n<li><a href=\"https:\/\/sinoptix.eu\/fr\/portfolio-item\/zns-lens\/\">Lentilles ZnS<\/a><\/li>\n<li>D\u00f4mes ZnS<\/li>\n<li>Prismes ZnS<\/li>\n<\/ul>\n<\/li>\n<\/ul>\n<h3>Le sulfure de zinc comme solution pour les applications IR<\/h3>\n<p>Le ZnS poss\u00e8de une bonne transmission optique dans l&rsquo;IR thermique (8 \u00e0 12\u00b5m) et le moyen IR. La transmission optique peut \u00e9galement \u00eatre am\u00e9lior\u00e9e dans le domaine visible gr\u00e2ce \u00e0 la nuance ZnS multispectrale. C\u2019est donc un mat\u00e9riau tr\u00e8s int\u00e9ressant pour les cam\u00e9ras et capteurs IR\/Thermique.<\/p>\n<p>De plus, le mat\u00e9riau peut r\u00e9sister \u00e0 des conditions de travail difficiles, ce qui constitue un avantage pour les applications ext\u00e9rieures.<\/p>\n<\/div><\/section>\n\n<style type=\"text\/css\" data-created_by=\"avia_inline_auto\" id=\"style-css-av-vd0paf-1affda66146964dbee7ecff732b3af1c\">\n#top .hr.hr-invisible.av-vd0paf-1affda66146964dbee7ecff732b3af1c{\nheight:30px;\n}\n<\/style>\n<div  class='hr av-vd0paf-1affda66146964dbee7ecff732b3af1c hr-invisible  avia-builder-el-8  el_after_av_textblock  el_before_av_button '><span class='hr-inner '><span class=\"hr-inner-style\"><\/span><\/span><\/div>\n<div  class='avia-button-wrap av-m1g9gs73-b19c46fff3aaf0142885a5ac126f0709-wrap avia-button-center  avia-builder-el-9  el_after_av_hr  avia-builder-el-last '><a href='https:\/\/sinoptix.eu\/fr\/contact\/'  class='avia-button av-m1g9gs73-b19c46fff3aaf0142885a5ac126f0709 av-link-btn avia-icon_select-yes-left-icon avia-size-small avia-position-center avia-color-theme-color'   aria-label=\"Devis de composant optique en ZnS\"><span class='avia_button_icon avia_button_icon_left avia-iconfont avia-font-entypo-fontello' data-av_icon='\ue805' data-av_iconfont='entypo-fontello' ><\/span><span class='avia_iconbox_title' >Devis de composant optique en ZnS<\/span><\/a><\/div>\n","protected":false},"excerpt":{"rendered":"","protected":false},"author":1,"featured_media":20642,"parent":5424,"menu_order":0,"comment_status":"closed","ping_status":"closed","template":"","meta":{"footnotes":""},"class_list":["post-20842","page","type-page","status-publish","has-post-thumbnail","hentry"],"_links":{"self":[{"href":"https:\/\/sinoptix.eu\/fr\/wp-json\/wp\/v2\/pages\/20842","targetHints":{"allow":["GET"]}}],"collection":[{"href":"https:\/\/sinoptix.eu\/fr\/wp-json\/wp\/v2\/pages"}],"about":[{"href":"https:\/\/sinoptix.eu\/fr\/wp-json\/wp\/v2\/types\/page"}],"author":[{"embeddable":true,"href":"https:\/\/sinoptix.eu\/fr\/wp-json\/wp\/v2\/users\/1"}],"replies":[{"embeddable":true,"href":"https:\/\/sinoptix.eu\/fr\/wp-json\/wp\/v2\/comments?post=20842"}],"version-history":[{"count":3,"href":"https:\/\/sinoptix.eu\/fr\/wp-json\/wp\/v2\/pages\/20842\/revisions"}],"predecessor-version":[{"id":20984,"href":"https:\/\/sinoptix.eu\/fr\/wp-json\/wp\/v2\/pages\/20842\/revisions\/20984"}],"up":[{"embeddable":true,"href":"https:\/\/sinoptix.eu\/fr\/wp-json\/wp\/v2\/pages\/5424"}],"wp:featuredmedia":[{"embeddable":true,"href":"https:\/\/sinoptix.eu\/fr\/wp-json\/wp\/v2\/media\/20642"}],"wp:attachment":[{"href":"https:\/\/sinoptix.eu\/fr\/wp-json\/wp\/v2\/media?parent=20842"}],"curies":[{"name":"wp","href":"https:\/\/api.w.org\/{rel}","templated":true}]}}