{"id":3896,"date":"2020-08-29T07:02:53","date_gmt":"2020-08-29T07:02:53","guid":{"rendered":"http:\/\/sinoptix.eu\/about-us\/"},"modified":"2022-04-10T07:52:20","modified_gmt":"2022-04-10T07:52:20","slug":"about-us","status":"publish","type":"page","link":"https:\/\/sinoptix.eu\/fr\/about-us\/","title":{"rendered":"A propos"},"content":{"rendered":"<\/p>\n\n<style type=\"text\/css\" data-created_by=\"avia_inline_auto\" id=\"style-css-av-kefbht3o-750334927d767a835a7b2f5ec60d822a\">\n.avia-image-container.av-kefbht3o-750334927d767a835a7b2f5ec60d822a img.avia_image{\nbox-shadow:none;\n}\n.avia-image-container.av-kefbht3o-750334927d767a835a7b2f5ec60d822a .av-image-caption-overlay-center{\ncolor:#ffffff;\n}\n<\/style>\n<div  id=\"banner-about-us\"  class='avia-image-container av-kefbht3o-750334927d767a835a7b2f5ec60d822a av-styling- avia-align-center  avia-builder-el-0  el_before_av_textblock  avia-builder-el-first '   itemprop=\"image\" itemscope=\"itemscope\" itemtype=\"https:\/\/schema.org\/ImageObject\" ><div class=\"avia-image-container-inner\"><div class=\"avia-image-overlay-wrap\"><img decoding=\"async\" fetchpriority=\"high\" class='wp-image-3897 avia-img-lazy-loading-not-3897 avia_image ' src=\"https:\/\/sinoptix.eu\/wp-content\/uploads\/2020\/08\/About-us-page.jpg\" alt='' title='About-us-page'  height=\"319\" width=\"930\"  itemprop=\"thumbnailUrl\"  \/><\/div><\/div><\/div>\n<section  id=\"main-title-about-us\"  class='av_textblock_section av-kefbnb4u-ff62b88a8bbd3e3c5cc8eb6f50576074 '   itemscope=\"itemscope\" itemtype=\"https:\/\/schema.org\/CreativeWork\" ><div class='avia_textblock'  itemprop=\"text\" ><h1 style=\"text-align: center;\"><strong>\u00a0SINOPTIX<\/strong> EN QUELQUES MOTS<\/h1>\n<\/div><\/section>\n\n<style type=\"text\/css\" data-created_by=\"avia_inline_auto\" id=\"style-css-av-kefckjll-f0727cbabd3323dd2768d2de0c66e27f\">\n#top .hr.av-kefckjll-f0727cbabd3323dd2768d2de0c66e27f{\nmargin-top:0;\nmargin-bottom:20px;\n}\n.hr.av-kefckjll-f0727cbabd3323dd2768d2de0c66e27f .hr-inner{\nwidth:100%;\n}\n<\/style>\n<div  class='hr av-kefckjll-f0727cbabd3323dd2768d2de0c66e27f hr-custom  avia-builder-el-2  el_after_av_textblock  el_before_av_textblock  hr-center hr-icon-no'><span class='hr-inner inner-border-av-border-thin'><span class=\"hr-inner-style\"><\/span><\/span><\/div>\n<section  id=\"content-about-us\"  class='av_textblock_section av-kefbol7k-88498d203bc4d62a2c155cb6cefda88c '   itemscope=\"itemscope\" itemtype=\"https:\/\/schema.org\/CreativeWork\" ><div class='avia_textblock'  itemprop=\"text\" ><div class=\"dynamic_textarea_p dynamic_element dynamic_el_5\">\n<div align=\"justify\">\n<p>Sinoptix r\u00e9pond au besoin grandissant des soci\u00e9t\u00e9s de disposer de solutions fiables \u00e0 prix comp\u00e9titif en Chine.<\/p>\n<p>Cr\u00e9\u00e9e en France en 2006 et op\u00e9r\u00e9e depuis la Chine, la soci\u00e9t\u00e9 Sinoptix a depuis toujours pour objectif d\u2019\u00e9couter ses clients et \u00eatre au plus pr\u00eat de ses fournisseurs pour garantir le bon d\u00e9roulement des projets d\u2019achat de nos clients.<\/p>\n<p>Le d\u00e9veloppement de Sinoptix s\u2019est bas\u00e9 sur la mise en place de partenariats avec des fournisseurs de confiance afin d\u2019offrir une r\u00e9activit\u00e9 et une comp\u00e9titivit\u00e9 des prix \u00e0 nos clients.<\/p>\n<p>En 2010, Sinoptix a rejoint la soci\u00e9t\u00e9 belge AGC Business Consulting, \u00e9galement op\u00e9r\u00e9e depuis Shanghai. L\u2019int\u00e9gration des \u00e9quipes et des \u00e9quipements a b\u00e9n\u00e9fici\u00e9 aux deux soci\u00e9t\u00e9s et a renforc\u00e9 la capacit\u00e9 de Sinoptix de prendre en charge des projets complexes.<\/p>\n<p>En 2011, Sinoptix a mis en place un nouveau d\u00e9partement appel\u00e9 Sinoptix-Distribution, sp\u00e9cialis\u00e9 dans la distribution d\u2019\u00e9quipements de haute technologie de soci\u00e9t\u00e9s occidentales en Chine.<\/p>\n<p>La vaste exp\u00e9rience de Sinoptix dans l\u2019industrie optique et dans celle du travail du verre ainsi que le large portefeuille de fournisseurs de qualit\u00e9 dont nous disposons permet \u00e0 nos clients de b\u00e9n\u00e9ficier de solutions pour leurs projets sur petits et grands volumes, d\u2019avoir des temps de livraison plus courts, de b\u00e9n\u00e9ficier des meilleurs prix sur le march\u00e9 tout en disposant d\u2019une garantie sur la qualit\u00e9 de leurs produits avant le d\u00e9part de la Chine.<\/p>\n<\/div>\n<\/div>\n<div class=\"hr dynamic_element dynamic_el_6\"><\/div>\n<\/div><\/section>\n\n<style type=\"text\/css\" data-created_by=\"avia_inline_auto\" id=\"style-css-av-kefcbyjc-aa95dbfe16f27c3168b1ad200c2c09d0\">\n#top .hr.av-kefcbyjc-aa95dbfe16f27c3168b1ad200c2c09d0{\nmargin-top:0px;\nmargin-bottom:30px;\n}\n.hr.av-kefcbyjc-aa95dbfe16f27c3168b1ad200c2c09d0 .hr-inner{\nwidth:100%;\n}\n<\/style>\n<div  class='hr av-kefcbyjc-aa95dbfe16f27c3168b1ad200c2c09d0 hr-custom  avia-builder-el-4  el_after_av_textblock  el_before_av_textblock  hr-center hr-icon-no'><span class='hr-inner inner-border-av-border-thin'><span class=\"hr-inner-style\"><\/span><\/span><\/div>\n<section  class='av_textblock_section av-kefbppwf-c0d2545963ab6409001bde1215d183be '   itemscope=\"itemscope\" itemtype=\"https:\/\/schema.org\/CreativeWork\" ><div class='avia_textblock'  itemprop=\"text\" ><h2 style=\"text-align: center;\">Nos Atouts<\/h2>\n<\/div><\/section>\n\n<style type=\"text\/css\" data-created_by=\"avia_inline_auto\" id=\"style-css-av-5h9uc8-c1b180b97040e7052feb436dcc864aae\">\n.flex_column.av-5h9uc8-c1b180b97040e7052feb436dcc864aae{\nborder-radius:0px 0px 0px 0px;\npadding:0px 0px 0px 0px;\n}\n<\/style>\n<div  class='flex_column av-5h9uc8-c1b180b97040e7052feb436dcc864aae av_one_third  avia-builder-el-6  el_after_av_textblock  el_before_av_one_third  first flex_column_div av-zero-column-padding  column-top-margin'     ><p>\n<style type=\"text\/css\" data-created_by=\"avia_inline_auto\" id=\"style-css-av-kefby9xl-8417ae6e1b6ec4db909a1ea326cfccdc\">\n.avia-image-container.av-kefby9xl-8417ae6e1b6ec4db909a1ea326cfccdc img.avia_image{\nbox-shadow:none;\n}\n.avia-image-container.av-kefby9xl-8417ae6e1b6ec4db909a1ea326cfccdc .av-image-caption-overlay-center{\ncolor:#ffffff;\n}\n<\/style>\n<div  class='avia-image-container av-kefby9xl-8417ae6e1b6ec4db909a1ea326cfccdc av-styling- avia-align-center  avia-builder-el-7  el_before_av_heading  avia-builder-el-first '   itemprop=\"image\" itemscope=\"itemscope\" itemtype=\"https:\/\/schema.org\/ImageObject\" ><div class=\"avia-image-container-inner\"><div class=\"avia-image-overlay-wrap\"><img decoding=\"async\" fetchpriority=\"high\" class='wp-image-6635 avia-img-lazy-loading-not-6635 avia_image ' src=\"https:\/\/sinoptix.eu\/wp-content\/uploads\/2020\/11\/team-1.png\" alt='' title='team-1'  height=\"263\" width=\"279\"  itemprop=\"thumbnailUrl\"  \/><\/div><\/div><\/div><br \/>\n\n<style type=\"text\/css\" data-created_by=\"avia_inline_auto\" id=\"style-css-av-4gxz94-f8e7ff8c7f348be56cab791f9e2fd5a6\">\n#top .av-special-heading.av-4gxz94-f8e7ff8c7f348be56cab791f9e2fd5a6{\nmargin:20px 0 0 0;\npadding-bottom:0;\n}\nbody .av-special-heading.av-4gxz94-f8e7ff8c7f348be56cab791f9e2fd5a6 .av-special-heading-tag .heading-char{\nfont-size:25px;\n}\n.av-special-heading.av-4gxz94-f8e7ff8c7f348be56cab791f9e2fd5a6 .av-subheading{\nfont-size:15px;\n}\n<\/style>\n<div  class='av-special-heading av-4gxz94-f8e7ff8c7f348be56cab791f9e2fd5a6 av-special-heading-h3 blockquote modern-quote modern-centered  avia-builder-el-8  el_after_av_image  el_before_av_hr '><h3 class='av-special-heading-tag '  itemprop=\"headline\"  >L\u2019\u00c9QUIPE<\/h3><div class=\"special-heading-border\"><div class=\"special-heading-inner-border\"><\/div><\/div><\/div><br \/>\n\n<style type=\"text\/css\" data-created_by=\"avia_inline_auto\" id=\"style-css-av-kefc0grk-359f7eff5a5771eb908ab8e441732ec1\">\n#top .hr.av-kefc0grk-359f7eff5a5771eb908ab8e441732ec1{\nmargin-top:15px;\nmargin-bottom:15px;\n}\n.hr.av-kefc0grk-359f7eff5a5771eb908ab8e441732ec1 .hr-inner{\nwidth:50px;\nborder-color:#ba3726;\nmax-width:45%;\n}\n.hr.av-kefc0grk-359f7eff5a5771eb908ab8e441732ec1 .av-seperator-icon{\ncolor:#ba3726;\n}\n.hr.av-kefc0grk-359f7eff5a5771eb908ab8e441732ec1 .av-seperator-icon.avia-svg-icon svg:first-child{\nfill:#ba3726;\nstroke:#ba3726;\n}\n<\/style>\n<div  class='hr av-kefc0grk-359f7eff5a5771eb908ab8e441732ec1 hr-custom  avia-builder-el-9  el_after_av_heading  el_before_av_textblock  hr-center hr-icon-yes'><span class='hr-inner inner-border-av-border-fat'><span class=\"hr-inner-style\"><\/span><\/span><span class='av-seperator-icon avia-iconfont avia-font-entypo-fontello' data-av_icon='\ue80b' data-av_iconfont='entypo-fontello' ><\/span><span class='hr-inner inner-border-av-border-fat'><span class=\"hr-inner-style\"><\/span><\/span><\/div><br \/>\n<section  class='av_textblock_section av-kefc1eej-28b7786c6bf4d9fc5e1104c371f6608d '   itemscope=\"itemscope\" itemtype=\"https:\/\/schema.org\/CreativeWork\" ><div class='avia_textblock'  itemprop=\"text\" ><p style=\"text-align: left;\">Une bonne compr\u00e9hension des besoins de nos clients est cruciale, c\u2019est pourquoi Sinoptix combine une \u00e9quipe multiculturelle et multilingue compos\u00e9e d\u2019ing\u00e9nieurs chinois et europ\u00e9ens. Nous vous garantissons donc la bonne compr\u00e9hension de vos besoins aussi bien techniques que commerciaux, de pair avec l\u2019offre de notre expertise, notre transparence et notre r\u00e9activit\u00e9.<\/p>\n<\/div><\/section><\/p><\/div>\n\n<style type=\"text\/css\" data-created_by=\"avia_inline_auto\" id=\"style-css-av-4nhqns-00dbe12a29116e5556f951b86e533e1a\">\n.flex_column.av-4nhqns-00dbe12a29116e5556f951b86e533e1a{\nborder-radius:0px 0px 0px 0px;\npadding:0px 0px 0px 0px;\n}\n<\/style>\n<div  class='flex_column av-4nhqns-00dbe12a29116e5556f951b86e533e1a av_one_third  avia-builder-el-11  el_after_av_one_third  el_before_av_one_third  flex_column_div av-zero-column-padding  column-top-margin'     ><p>\n<style type=\"text\/css\" data-created_by=\"avia_inline_auto\" id=\"style-css-av-kefby9xl-399e6d7d81283f803cae4ca3f40a1a22\">\n.avia-image-container.av-kefby9xl-399e6d7d81283f803cae4ca3f40a1a22 img.avia_image{\nbox-shadow:none;\n}\n.avia-image-container.av-kefby9xl-399e6d7d81283f803cae4ca3f40a1a22 .av-image-caption-overlay-center{\ncolor:#ffffff;\n}\n<\/style>\n<div  class='avia-image-container av-kefby9xl-399e6d7d81283f803cae4ca3f40a1a22 av-styling- avia-align-center  avia-builder-el-12  el_before_av_heading  avia-builder-el-first '   itemprop=\"image\" itemscope=\"itemscope\" itemtype=\"https:\/\/schema.org\/ImageObject\" ><div class=\"avia-image-container-inner\"><div class=\"avia-image-overlay-wrap\"><img decoding=\"async\" fetchpriority=\"high\" class='wp-image-6643 avia-img-lazy-loading-not-6643 avia_image ' src=\"https:\/\/sinoptix.eu\/wp-content\/uploads\/2020\/08\/factories.png\" alt='optical coating' title='factories'  height=\"263\" width=\"279\"  itemprop=\"thumbnailUrl\"  \/><\/div><\/div><\/div><br \/>\n\n<style type=\"text\/css\" data-created_by=\"avia_inline_auto\" id=\"style-css-av-f1a14-9d65e6ad0f4a341c6e6dc2c5f28213be\">\n#top .av-special-heading.av-f1a14-9d65e6ad0f4a341c6e6dc2c5f28213be{\nmargin:20px 0 0 0;\npadding-bottom:0;\n}\nbody .av-special-heading.av-f1a14-9d65e6ad0f4a341c6e6dc2c5f28213be .av-special-heading-tag .heading-char{\nfont-size:25px;\n}\n.av-special-heading.av-f1a14-9d65e6ad0f4a341c6e6dc2c5f28213be .av-subheading{\nfont-size:15px;\n}\n<\/style>\n<div  class='av-special-heading av-f1a14-9d65e6ad0f4a341c6e6dc2c5f28213be av-special-heading-h3 blockquote modern-quote modern-centered  avia-builder-el-13  el_after_av_image  el_before_av_hr '><h3 class='av-special-heading-tag '  itemprop=\"headline\"  >NOS USINES<\/h3><div class=\"special-heading-border\"><div class=\"special-heading-inner-border\"><\/div><\/div><\/div><br \/>\n\n<style type=\"text\/css\" data-created_by=\"avia_inline_auto\" id=\"style-css-av-kefc0grk-45fc537e043e6d23e046e1030dad8984\">\n#top .hr.av-kefc0grk-45fc537e043e6d23e046e1030dad8984{\nmargin-top:15px;\nmargin-bottom:15px;\n}\n.hr.av-kefc0grk-45fc537e043e6d23e046e1030dad8984 .hr-inner{\nwidth:50px;\nborder-color:#ba3726;\nmax-width:45%;\n}\n.hr.av-kefc0grk-45fc537e043e6d23e046e1030dad8984 .av-seperator-icon{\ncolor:#ba3726;\n}\n.hr.av-kefc0grk-45fc537e043e6d23e046e1030dad8984 .av-seperator-icon.avia-svg-icon svg:first-child{\nfill:#ba3726;\nstroke:#ba3726;\n}\n<\/style>\n<div  class='hr av-kefc0grk-45fc537e043e6d23e046e1030dad8984 hr-custom  avia-builder-el-14  el_after_av_heading  el_before_av_textblock  hr-center hr-icon-yes'><span class='hr-inner inner-border-av-border-fat'><span class=\"hr-inner-style\"><\/span><\/span><span class='av-seperator-icon avia-iconfont avia-font-entypo-fontello' data-av_icon='\ue821' data-av_iconfont='entypo-fontello' ><\/span><span class='hr-inner inner-border-av-border-fat'><span class=\"hr-inner-style\"><\/span><\/span><\/div><br \/>\n<section  class='av_textblock_section av-kefc1eej-28b7786c6bf4d9fc5e1104c371f6608d '   itemscope=\"itemscope\" itemtype=\"https:\/\/schema.org\/CreativeWork\" ><div class='avia_textblock'  itemprop=\"text\" ><p style=\"text-align: left;\">Au fil des ann\u00e9es, Sinoptix a accumul\u00e9 une experience certaine et \u00e9tablit un solide r\u00e9seau de fournisseurs de qualit\u00e9 qui vous permet, en tant que client, d\u2019avoir acc\u00e8s \u00e0 des capacit\u00e9s de production tr\u00e8s sp\u00e9cifiques \u00e0 vos besoins m\u00eame si vos volumes sont limit\u00e9s.<\/p>\n<\/div><\/section><\/p><\/div>\n\n<style type=\"text\/css\" data-created_by=\"avia_inline_auto\" id=\"style-css-av-2hidug-5b2e8d7417f4296fe624bb2fa3177bc4\">\n.flex_column.av-2hidug-5b2e8d7417f4296fe624bb2fa3177bc4{\nborder-radius:0px 0px 0px 0px;\npadding:0px 0px 0px 0px;\n}\n<\/style>\n<div  class='flex_column av-2hidug-5b2e8d7417f4296fe624bb2fa3177bc4 av_one_third  avia-builder-el-16  el_after_av_one_third  avia-builder-el-last  flex_column_div av-zero-column-padding  column-top-margin'     ><p>\n<style type=\"text\/css\" data-created_by=\"avia_inline_auto\" id=\"style-css-av-kefby9xl-76c86b997ebc0fb75cba16142984597d\">\n.avia-image-container.av-kefby9xl-76c86b997ebc0fb75cba16142984597d img.avia_image{\nbox-shadow:none;\n}\n.avia-image-container.av-kefby9xl-76c86b997ebc0fb75cba16142984597d .av-image-caption-overlay-center{\ncolor:#ffffff;\n}\n<\/style>\n<div  class='avia-image-container av-kefby9xl-76c86b997ebc0fb75cba16142984597d av-styling- avia-align-center  avia-builder-el-17  el_before_av_heading  avia-builder-el-first '   itemprop=\"image\" itemscope=\"itemscope\" itemtype=\"https:\/\/schema.org\/ImageObject\" ><div class=\"avia-image-container-inner\"><div class=\"avia-image-overlay-wrap\"><img decoding=\"async\" fetchpriority=\"high\" class='wp-image-6906 avia-img-lazy-loading-not-6906 avia_image ' src=\"https:\/\/sinoptix.eu\/wp-content\/uploads\/2021\/01\/optical-analysis--300x225.png\" alt='optics-maping' title='interferom\u00e8tre-optique'  height=\"225\" width=\"300\"  itemprop=\"thumbnailUrl\" srcset=\"https:\/\/sinoptix.eu\/wp-content\/uploads\/2021\/01\/optical-analysis--300x225.png 300w, https:\/\/sinoptix.eu\/wp-content\/uploads\/2021\/01\/optical-analysis-.png 611w\" sizes=\"(max-width: 300px) 100vw, 300px\" \/><\/div><\/div><\/div><br \/>\n\n<style type=\"text\/css\" data-created_by=\"avia_inline_auto\" id=\"style-css-av-1uh4p4-800e12baa0c2111f7a5b5d48ffeb7b1e\">\n#top .av-special-heading.av-1uh4p4-800e12baa0c2111f7a5b5d48ffeb7b1e{\nmargin:20px 0 0 0;\npadding-bottom:0;\n}\nbody .av-special-heading.av-1uh4p4-800e12baa0c2111f7a5b5d48ffeb7b1e .av-special-heading-tag .heading-char{\nfont-size:25px;\n}\n.av-special-heading.av-1uh4p4-800e12baa0c2111f7a5b5d48ffeb7b1e .av-subheading{\nfont-size:15px;\n}\n<\/style>\n<div  class='av-special-heading av-1uh4p4-800e12baa0c2111f7a5b5d48ffeb7b1e av-special-heading-h3 blockquote modern-quote modern-centered  avia-builder-el-18  el_after_av_image  el_before_av_hr '><h3 class='av-special-heading-tag '  itemprop=\"headline\"  >CONTR\u00d4LE QUALIT\u00c9<\/h3><div class=\"special-heading-border\"><div class=\"special-heading-inner-border\"><\/div><\/div><\/div><br \/>\n\n<style type=\"text\/css\" data-created_by=\"avia_inline_auto\" id=\"style-css-av-kefc0grk-64f664d82d624921eb0629f1c5190967\">\n#top .hr.av-kefc0grk-64f664d82d624921eb0629f1c5190967{\nmargin-top:15px;\nmargin-bottom:15px;\n}\n.hr.av-kefc0grk-64f664d82d624921eb0629f1c5190967 .hr-inner{\nwidth:50px;\nborder-color:#ba3726;\nmax-width:45%;\n}\n.hr.av-kefc0grk-64f664d82d624921eb0629f1c5190967 .av-seperator-icon{\ncolor:#ba3726;\n}\n.hr.av-kefc0grk-64f664d82d624921eb0629f1c5190967 .av-seperator-icon.avia-svg-icon svg:first-child{\nfill:#ba3726;\nstroke:#ba3726;\n}\n<\/style>\n<div  class='hr av-kefc0grk-64f664d82d624921eb0629f1c5190967 hr-custom  avia-builder-el-19  el_after_av_heading  el_before_av_textblock  hr-center hr-icon-yes'><span class='hr-inner inner-border-av-border-fat'><span class=\"hr-inner-style\"><\/span><\/span><span class='av-seperator-icon avia-iconfont avia-font-entypo-fontello' data-av_icon='\ue803' data-av_iconfont='entypo-fontello' ><\/span><span class='hr-inner inner-border-av-border-fat'><span class=\"hr-inner-style\"><\/span><\/span><\/div><br \/>\n<section  class='av_textblock_section av-kefc1eej-28b7786c6bf4d9fc5e1104c371f6608d '   itemscope=\"itemscope\" itemtype=\"https:\/\/schema.org\/CreativeWork\" ><div class='avia_textblock'  itemprop=\"text\" ><p style=\"text-align: left;\">La qualit\u00e9 est la clef de la durabilit\u00e9, elle demande de l\u2019exp\u00e9rience, une certaine organisation ainsi que de la clart\u00e9. Nos contr\u00f4leurs form\u00e9s en interne sont responsables de contr\u00f4les effectu\u00e9s soit en interne soit sur site et vous garantissent que vos composants r\u00e9pondent \u00e0 vos besoins qualit\u00e9 avant de quitter la Chine afin de vous permettre une gestion sans accroc de votre cha\u00eene d\u2019approvisionnement.<\/p>\n<\/div><\/section><\/p><\/div>\n","protected":false},"excerpt":{"rendered":"","protected":false},"author":1,"featured_media":0,"parent":0,"menu_order":0,"comment_status":"closed","ping_status":"closed","template":"","meta":{"footnotes":""},"class_list":["post-3896","page","type-page","status-publish","hentry"],"_links":{"self":[{"href":"https:\/\/sinoptix.eu\/fr\/wp-json\/wp\/v2\/pages\/3896","targetHints":{"allow":["GET"]}}],"collection":[{"href":"https:\/\/sinoptix.eu\/fr\/wp-json\/wp\/v2\/pages"}],"about":[{"href":"https:\/\/sinoptix.eu\/fr\/wp-json\/wp\/v2\/types\/page"}],"author":[{"embeddable":true,"href":"https:\/\/sinoptix.eu\/fr\/wp-json\/wp\/v2\/users\/1"}],"replies":[{"embeddable":true,"href":"https:\/\/sinoptix.eu\/fr\/wp-json\/wp\/v2\/comments?post=3896"}],"version-history":[{"count":2,"href":"https:\/\/sinoptix.eu\/fr\/wp-json\/wp\/v2\/pages\/3896\/revisions"}],"predecessor-version":[{"id":12917,"href":"https:\/\/sinoptix.eu\/fr\/wp-json\/wp\/v2\/pages\/3896\/revisions\/12917"}],"wp:attachment":[{"href":"https:\/\/sinoptix.eu\/fr\/wp-json\/wp\/v2\/media?parent=3896"}],"curies":[{"name":"wp","href":"https:\/\/api.w.org\/{rel}","templated":true}]}}