{"id":4773,"date":"2020-09-02T12:31:46","date_gmt":"2020-09-02T12:31:46","guid":{"rendered":"http:\/\/sinoptix.eu\/news\/"},"modified":"2022-04-10T09:43:46","modified_gmt":"2022-04-10T09:43:46","slug":"news","status":"publish","type":"page","link":"https:\/\/sinoptix.eu\/fr\/news\/","title":{"rendered":"Informations techniques"},"content":{"rendered":"<\/p>\n<section  class='av_textblock_section av-kqgdkz2o-05fb58a0b40384ddb2f3551297d9e3f0 '   itemscope=\"itemscope\" itemtype=\"https:\/\/schema.org\/CreativeWork\" ><div class='avia_textblock'  itemprop=\"text\" ><h1>Ressources sur les composants optiques<\/h1>\n<p>Diff\u00e9rents articles SINOPTIX pour vous aider \u00e0 mieux comprendre la fabrication de composants optiques.<\/p>\n<\/div><\/section>\n<div  id=\"avia-magazine-1\"  class='av-magazine av-kwcxgz16-62862a6831384c36e8fb46ee9881c94c  avia-builder-el-1  el_after_av_textblock  avia-builder-el-last   avia-builder-el-1  el_after_av_textblock  avia-builder-el-last ' ><div class='av-magazine-group sort_all'><article class='av-magazine-entry av-magazine-entry-id-21272 av-magazine-format-standard av-magazine-type-post av-magazine-entry-1 av-magazine-entry-small '  itemscope=\"itemscope\" itemtype=\"https:\/\/schema.org\/CreativeWork\" ><div class=\"av-magazine-thumbnail\"><a href='https:\/\/sinoptix.eu\/fr\/scratch-and-dig-detail-de-la-specification\/' title='Lier vers : S\/D : d\u00e9tail de la sp\u00e9cification' class='av-magazine-thumbnail-link'><img decoding=\"async\" loading=\"lazy\" width=\"80\" height=\"80\" src=\"https:\/\/sinoptix.eu\/wp-content\/uploads\/2025\/04\/scratch-and-dig-1-80x80.jpg\" class=\"wp-image-21250 avia-img-lazy-loading-21250 attachment-thumbnail size-thumbnail wp-post-image\" alt=\"glass parts with scratches and digs\" srcset=\"https:\/\/sinoptix.eu\/wp-content\/uploads\/2025\/04\/scratch-and-dig-1-80x80.jpg 80w, https:\/\/sinoptix.eu\/wp-content\/uploads\/2025\/04\/scratch-and-dig-1-36x36.jpg 36w, https:\/\/sinoptix.eu\/wp-content\/uploads\/2025\/04\/scratch-and-dig-1-180x180.jpg 180w\" sizes=\"auto, (max-width: 80px) 100vw, 80px\" \/><\/a><\/div><div class=\"av-magazine-content-wrap\"><header class=\"entry-content-header\" aria-label=\"Articles : S\/D : d\u00e9tail de la sp\u00e9cification\"><time class='av-magazine-time updated'  itemprop=\"datePublished\" datetime=\"2025-04-28T04:39:35+00:00\" >28 avril 2025<\/time><h3 class='av-magazine-title entry-title '  itemprop=\"headline\" ><a href='https:\/\/sinoptix.eu\/fr\/scratch-and-dig-detail-de-la-specification\/' title='Lier vers : S\/D : d\u00e9tail de la sp\u00e9cification'>S\/D : d\u00e9tail de la sp\u00e9cification<\/a><\/h3><\/header><\/div><footer class=\"entry-footer\"><\/footer><\/article><article class='av-magazine-entry av-magazine-entry-id-20807 av-magazine-format-standard av-magazine-type-post av-magazine-entry-2 av-magazine-entry-small '  itemscope=\"itemscope\" itemtype=\"https:\/\/schema.org\/CreativeWork\" ><div class=\"av-magazine-thumbnail\"><a href='https:\/\/sinoptix.eu\/fr\/optiques-ir-en-zns-guide-dachat\/' title='Lier vers : Optiques IR en ZnS : guide d&rsquo;achat' class='av-magazine-thumbnail-link'><img decoding=\"async\" loading=\"lazy\" width=\"80\" height=\"80\" src=\"https:\/\/sinoptix.eu\/wp-content\/uploads\/2025\/02\/ZnS-optical-component-80x80.png\" class=\"wp-image-20789 avia-img-lazy-loading-20789 attachment-thumbnail size-thumbnail wp-post-image\" alt=\"ZnS optical component\" srcset=\"https:\/\/sinoptix.eu\/wp-content\/uploads\/2025\/02\/ZnS-optical-component-80x80.png 80w, https:\/\/sinoptix.eu\/wp-content\/uploads\/2025\/02\/ZnS-optical-component-36x36.png 36w, https:\/\/sinoptix.eu\/wp-content\/uploads\/2025\/02\/ZnS-optical-component-180x180.png 180w\" sizes=\"auto, (max-width: 80px) 100vw, 80px\" \/><\/a><\/div><div class=\"av-magazine-content-wrap\"><header class=\"entry-content-header\" aria-label=\"Articles : Optiques IR en ZnS : guide d&#039;achat\"><time class='av-magazine-time updated'  itemprop=\"datePublished\" datetime=\"2025-02-25T03:47:57+00:00\" >25 f\u00e9vrier 2025<\/time><h3 class='av-magazine-title entry-title '  itemprop=\"headline\" ><a href='https:\/\/sinoptix.eu\/fr\/optiques-ir-en-zns-guide-dachat\/' title='Lier vers : Optiques IR en ZnS : guide d&rsquo;achat'>Optiques IR en ZnS : guide d&rsquo;achat<\/a><\/h3><\/header><\/div><footer class=\"entry-footer\"><\/footer><\/article><article class='av-magazine-entry av-magazine-entry-id-19516 av-magazine-format-standard av-magazine-type-post av-magazine-entry-3 av-magazine-entry-small '  itemscope=\"itemscope\" itemtype=\"https:\/\/schema.org\/CreativeWork\" ><div class=\"av-magazine-thumbnail\"><a href='https:\/\/sinoptix.eu\/fr\/le-baf2-une-alternative-au-germanium\/' title='Lier vers : Infrarouge: le BaF2 une alternative au germanium ?' class='av-magazine-thumbnail-link'><img decoding=\"async\" loading=\"lazy\" width=\"80\" height=\"80\" src=\"https:\/\/sinoptix.eu\/wp-content\/uploads\/2024\/10\/IR-optics-BaF2-an-alternative-to-Germanium-1-80x80.png\" class=\"wp-image-19492 avia-img-lazy-loading-19492 attachment-thumbnail size-thumbnail wp-post-image\" alt=\"IR optics :\" srcset=\"https:\/\/sinoptix.eu\/wp-content\/uploads\/2024\/10\/IR-optics-BaF2-an-alternative-to-Germanium-1-80x80.png 80w, https:\/\/sinoptix.eu\/wp-content\/uploads\/2024\/10\/IR-optics-BaF2-an-alternative-to-Germanium-1-300x300.png 300w, https:\/\/sinoptix.eu\/wp-content\/uploads\/2024\/10\/IR-optics-BaF2-an-alternative-to-Germanium-1-1030x1030.png 1030w, https:\/\/sinoptix.eu\/wp-content\/uploads\/2024\/10\/IR-optics-BaF2-an-alternative-to-Germanium-1-768x768.png 768w, https:\/\/sinoptix.eu\/wp-content\/uploads\/2024\/10\/IR-optics-BaF2-an-alternative-to-Germanium-1-36x36.png 36w, https:\/\/sinoptix.eu\/wp-content\/uploads\/2024\/10\/IR-optics-BaF2-an-alternative-to-Germanium-1-180x180.png 180w, https:\/\/sinoptix.eu\/wp-content\/uploads\/2024\/10\/IR-optics-BaF2-an-alternative-to-Germanium-1-705x705.png 705w, https:\/\/sinoptix.eu\/wp-content\/uploads\/2024\/10\/IR-optics-BaF2-an-alternative-to-Germanium-1.png 1080w\" sizes=\"auto, (max-width: 80px) 100vw, 80px\" \/><\/a><\/div><div class=\"av-magazine-content-wrap\"><header class=\"entry-content-header\" aria-label=\"Articles : Infrarouge: le BaF2 une alternative au germanium ?\"><time class='av-magazine-time updated'  itemprop=\"datePublished\" datetime=\"2024-10-11T04:03:49+00:00\" >11 octobre 2024<\/time><h3 class='av-magazine-title entry-title '  itemprop=\"headline\" ><a href='https:\/\/sinoptix.eu\/fr\/le-baf2-une-alternative-au-germanium\/' title='Lier vers : Infrarouge: le BaF2 une alternative au germanium ?'>Infrarouge: le BaF2 une alternative au germanium ?<\/a><\/h3><\/header><\/div><footer class=\"entry-footer\"><\/footer><\/article><article class='av-magazine-entry av-magazine-entry-id-17585 av-magazine-format-standard av-magazine-type-post av-magazine-entry-4 av-magazine-entry-small '  itemscope=\"itemscope\" itemtype=\"https:\/\/schema.org\/CreativeWork\" ><div class=\"av-magazine-thumbnail\"><a href='https:\/\/sinoptix.eu\/fr\/matieres-pour-le-thz\/' title='Lier vers : Mati\u00e8res pour le THz : un guide complet' class='av-magazine-thumbnail-link'><img decoding=\"async\" loading=\"lazy\" width=\"80\" height=\"80\" src=\"https:\/\/sinoptix.eu\/wp-content\/uploads\/2024\/06\/THz-optical-materials-80x80.png\" class=\"wp-image-17566 avia-img-lazy-loading-17566 attachment-thumbnail size-thumbnail wp-post-image\" alt=\"Thz materials\" srcset=\"https:\/\/sinoptix.eu\/wp-content\/uploads\/2024\/06\/THz-optical-materials-80x80.png 80w, https:\/\/sinoptix.eu\/wp-content\/uploads\/2024\/06\/THz-optical-materials-36x36.png 36w, https:\/\/sinoptix.eu\/wp-content\/uploads\/2024\/06\/THz-optical-materials-180x180.png 180w\" sizes=\"auto, (max-width: 80px) 100vw, 80px\" \/><\/a><\/div><div class=\"av-magazine-content-wrap\"><header class=\"entry-content-header\" aria-label=\"Articles : Mati\u00e8res pour le THz : un guide complet\"><time class='av-magazine-time updated'  itemprop=\"datePublished\" datetime=\"2024-06-05T03:59:57+00:00\" >5 juin 2024<\/time><h3 class='av-magazine-title entry-title '  itemprop=\"headline\" ><a href='https:\/\/sinoptix.eu\/fr\/matieres-pour-le-thz\/' title='Lier vers : Mati\u00e8res pour le THz : un guide complet'>Mati\u00e8res pour le THz : un guide complet<\/a><\/h3><\/header><\/div><footer class=\"entry-footer\"><\/footer><\/article><article class='av-magazine-entry av-magazine-entry-id-15866 av-magazine-format-standard av-magazine-type-post av-magazine-entry-5 av-magazine-entry-small '  itemscope=\"itemscope\" itemtype=\"https:\/\/schema.org\/CreativeWork\" ><div class=\"av-magazine-thumbnail\"><a href='https:\/\/sinoptix.eu\/fr\/revetement-dlc-en-optique\/' title='Lier vers : Qu&rsquo;est que qu&rsquo;un rev\u00eatement DLC en optique ?' class='av-magazine-thumbnail-link'><img decoding=\"async\" loading=\"lazy\" width=\"80\" height=\"80\" src=\"https:\/\/sinoptix.eu\/wp-content\/uploads\/2023\/10\/DLC-coated-Ge-80x80.png\" class=\"wp-image-15846 avia-img-lazy-loading-15846 attachment-thumbnail size-thumbnail wp-post-image\" alt=\"DLC coated Ge window\" srcset=\"https:\/\/sinoptix.eu\/wp-content\/uploads\/2023\/10\/DLC-coated-Ge-80x80.png 80w, https:\/\/sinoptix.eu\/wp-content\/uploads\/2023\/10\/DLC-coated-Ge-36x36.png 36w, https:\/\/sinoptix.eu\/wp-content\/uploads\/2023\/10\/DLC-coated-Ge-180x180.png 180w\" sizes=\"auto, (max-width: 80px) 100vw, 80px\" \/><\/a><\/div><div class=\"av-magazine-content-wrap\"><header class=\"entry-content-header\" aria-label=\"Articles : Qu&#039;est que qu&#039;un rev\u00eatement DLC en optique ?\"><time class='av-magazine-time updated'  itemprop=\"datePublished\" datetime=\"2023-10-27T08:24:28+00:00\" >27 octobre 2023<\/time><h3 class='av-magazine-title entry-title '  itemprop=\"headline\" ><a href='https:\/\/sinoptix.eu\/fr\/revetement-dlc-en-optique\/' title='Lier vers : Qu&rsquo;est que qu&rsquo;un rev\u00eatement DLC en optique ?'>Qu&rsquo;est que qu&rsquo;un rev\u00eatement DLC en optique ?<\/a><\/h3><\/header><\/div><footer class=\"entry-footer\"><\/footer><\/article><article class='av-magazine-entry av-magazine-entry-id-15816 av-magazine-format-standard av-magazine-type-post av-magazine-entry-6 av-magazine-entry-small '  itemscope=\"itemscope\" itemtype=\"https:\/\/schema.org\/CreativeWork\" ><div class=\"av-magazine-thumbnail\"><a href='https:\/\/sinoptix.eu\/fr\/prisme-rvb-guide-achat\/' title='Lier vers : Prisme RVB : guide d&rsquo;achat' class='av-magazine-thumbnail-link'><img decoding=\"async\" loading=\"lazy\" width=\"80\" height=\"80\" src=\"https:\/\/sinoptix.eu\/wp-content\/uploads\/2023\/10\/RGB-prism-80x80.png\" class=\"wp-image-15795 avia-img-lazy-loading-15795 attachment-thumbnail size-thumbnail wp-post-image\" alt=\"RGB prism\" srcset=\"https:\/\/sinoptix.eu\/wp-content\/uploads\/2023\/10\/RGB-prism-80x80.png 80w, https:\/\/sinoptix.eu\/wp-content\/uploads\/2023\/10\/RGB-prism-36x36.png 36w\" sizes=\"auto, (max-width: 80px) 100vw, 80px\" \/><\/a><\/div><div class=\"av-magazine-content-wrap\"><header class=\"entry-content-header\" aria-label=\"Articles : Prisme RVB : guide d&#039;achat\"><time class='av-magazine-time updated'  itemprop=\"datePublished\" datetime=\"2023-10-18T08:51:12+00:00\" >18 octobre 2023<\/time><h3 class='av-magazine-title entry-title '  itemprop=\"headline\" ><a href='https:\/\/sinoptix.eu\/fr\/prisme-rvb-guide-achat\/' title='Lier vers : Prisme RVB : guide d&rsquo;achat'>Prisme RVB : guide d&rsquo;achat<\/a><\/h3><\/header><\/div><footer class=\"entry-footer\"><\/footer><\/article><article class='av-magazine-entry av-magazine-entry-id-15469 av-magazine-format-standard av-magazine-type-post av-magazine-entry-7 av-magazine-entry-small '  itemscope=\"itemscope\" itemtype=\"https:\/\/schema.org\/CreativeWork\" ><div class=\"av-magazine-thumbnail\"><a href='https:\/\/sinoptix.eu\/fr\/optiques-en-tpx-guide-dachat\/' title='Lier vers : Optiques en TPX : guide d&rsquo;achat' class='av-magazine-thumbnail-link'><img decoding=\"async\" loading=\"lazy\" width=\"80\" height=\"80\" src=\"https:\/\/sinoptix.eu\/wp-content\/uploads\/2023\/09\/TPX-lens-80x80.jpg\" class=\"wp-image-15422 avia-img-lazy-loading-15422 attachment-thumbnail size-thumbnail wp-post-image\" alt=\"TPX lens\" srcset=\"https:\/\/sinoptix.eu\/wp-content\/uploads\/2023\/09\/TPX-lens-80x80.jpg 80w, https:\/\/sinoptix.eu\/wp-content\/uploads\/2023\/09\/TPX-lens-36x36.jpg 36w, https:\/\/sinoptix.eu\/wp-content\/uploads\/2023\/09\/TPX-lens-180x180.jpg 180w\" sizes=\"auto, (max-width: 80px) 100vw, 80px\" \/><\/a><\/div><div class=\"av-magazine-content-wrap\"><header class=\"entry-content-header\" aria-label=\"Articles : Optiques en TPX : guide d&#039;achat\"><time class='av-magazine-time updated'  itemprop=\"datePublished\" datetime=\"2023-09-18T08:52:30+00:00\" >18 septembre 2023<\/time><h3 class='av-magazine-title entry-title '  itemprop=\"headline\" ><a href='https:\/\/sinoptix.eu\/fr\/optiques-en-tpx-guide-dachat\/' title='Lier vers : Optiques en TPX : guide d&rsquo;achat'>Optiques en TPX : guide d&rsquo;achat<\/a><\/h3><\/header><\/div><footer class=\"entry-footer\"><\/footer><\/article><article class='av-magazine-entry av-magazine-entry-id-14095 av-magazine-format-standard av-magazine-type-post av-magazine-entry-8 av-magazine-entry-small '  itemscope=\"itemscope\" itemtype=\"https:\/\/schema.org\/CreativeWork\" ><div class=\"av-magazine-thumbnail\"><a href='https:\/\/sinoptix.eu\/fr\/tournage-diamant-micro-optiques\/' title='Lier vers : Tournage \u00e0 pointe diamant de micro-optiques' class='av-magazine-thumbnail-link'><img decoding=\"async\" loading=\"lazy\" width=\"80\" height=\"80\" src=\"https:\/\/sinoptix.eu\/wp-content\/uploads\/2023\/02\/diamond-turning-micro-optics-80x80.png\" class=\"wp-image-14089 avia-img-lazy-loading-14089 attachment-thumbnail size-thumbnail wp-post-image\" alt=\"diamond turning micro optics\" srcset=\"https:\/\/sinoptix.eu\/wp-content\/uploads\/2023\/02\/diamond-turning-micro-optics-80x80.png 80w, https:\/\/sinoptix.eu\/wp-content\/uploads\/2023\/02\/diamond-turning-micro-optics-36x36.png 36w, https:\/\/sinoptix.eu\/wp-content\/uploads\/2023\/02\/diamond-turning-micro-optics-180x180.png 180w\" sizes=\"auto, (max-width: 80px) 100vw, 80px\" \/><\/a><\/div><div class=\"av-magazine-content-wrap\"><header class=\"entry-content-header\" aria-label=\"Articles : Tournage \u00e0 pointe diamant de micro-optiques\"><time class='av-magazine-time updated'  itemprop=\"datePublished\" datetime=\"2023-02-23T07:27:58+00:00\" >23 f\u00e9vrier 2023<\/time><h3 class='av-magazine-title entry-title '  itemprop=\"headline\" ><a href='https:\/\/sinoptix.eu\/fr\/tournage-diamant-micro-optiques\/' title='Lier vers : Tournage \u00e0 pointe diamant de micro-optiques'>Tournage \u00e0 pointe diamant de micro-optiques<\/a><\/h3><\/header><\/div><footer class=\"entry-footer\"><\/footer><\/article><article class='av-magazine-entry av-magazine-entry-id-13752 av-magazine-format-standard av-magazine-type-post av-magazine-entry-9 av-magazine-entry-small '  itemscope=\"itemscope\" itemtype=\"https:\/\/schema.org\/CreativeWork\" ><div class=\"av-magazine-thumbnail\"><a href='https:\/\/sinoptix.eu\/fr\/tableau-prix-verres-optiques\/' title='Lier vers : D\u00e9tails et r\u00e9f\u00e9rences de prix des verres optiques sur 1 tableau' class='av-magazine-thumbnail-link'><img decoding=\"async\" loading=\"lazy\" width=\"80\" height=\"80\" src=\"https:\/\/sinoptix.eu\/wp-content\/uploads\/2022\/11\/optical-glass-80x80.jpg\" class=\"wp-image-13726 avia-img-lazy-loading-13726 attachment-thumbnail size-thumbnail wp-post-image\" alt=\"optical glass\" srcset=\"https:\/\/sinoptix.eu\/wp-content\/uploads\/2022\/11\/optical-glass-80x80.jpg 80w, https:\/\/sinoptix.eu\/wp-content\/uploads\/2022\/11\/optical-glass-36x36.jpg 36w, https:\/\/sinoptix.eu\/wp-content\/uploads\/2022\/11\/optical-glass-180x178.jpg 180w\" sizes=\"auto, (max-width: 80px) 100vw, 80px\" \/><\/a><\/div><div class=\"av-magazine-content-wrap\"><header class=\"entry-content-header\" aria-label=\"Articles : D\u00e9tails et r\u00e9f\u00e9rences de prix des verres optiques sur 1 tableau\"><time class='av-magazine-time updated'  itemprop=\"datePublished\" datetime=\"2022-12-02T09:06:21+00:00\" >2 d\u00e9cembre 2022<\/time><h3 class='av-magazine-title entry-title '  itemprop=\"headline\" ><a href='https:\/\/sinoptix.eu\/fr\/tableau-prix-verres-optiques\/' title='Lier vers : D\u00e9tails et r\u00e9f\u00e9rences de prix des verres optiques sur 1 tableau'>D\u00e9tails et r\u00e9f\u00e9rences de prix des verres optiques sur 1 tableau<\/a><\/h3><\/header><\/div><footer class=\"entry-footer\"><\/footer><\/article><article class='av-magazine-entry av-magazine-entry-id-12103 av-magazine-format-standard av-magazine-type-post av-magazine-entry-10 av-magazine-entry-small '  itemscope=\"itemscope\" itemtype=\"https:\/\/schema.org\/CreativeWork\" ><div class=\"av-magazine-thumbnail\"><a href='https:\/\/sinoptix.eu\/fr\/optiques-en-silicium-guide-achat\/' title='Lier vers : Optiques en silicium : guide d&rsquo;achat' class='av-magazine-thumbnail-link'><img decoding=\"async\" loading=\"lazy\" width=\"80\" height=\"75\" src=\"https:\/\/sinoptix.eu\/wp-content\/uploads\/2020\/10\/optic1.png\" class=\"wp-image-6574 avia-img-lazy-loading-6574 attachment-thumbnail size-thumbnail wp-post-image\" alt=\"IR opt\" \/><\/a><\/div><div class=\"av-magazine-content-wrap\"><header class=\"entry-content-header\" aria-label=\"Articles : Optiques en silicium : guide d&#039;achat\"><time class='av-magazine-time updated'  itemprop=\"datePublished\" datetime=\"2022-03-09T08:12:49+00:00\" >9 mars 2022<\/time><h3 class='av-magazine-title entry-title '  itemprop=\"headline\" ><a href='https:\/\/sinoptix.eu\/fr\/optiques-en-silicium-guide-achat\/' title='Lier vers : Optiques en silicium : guide d&rsquo;achat'>Optiques en silicium : guide d&rsquo;achat<\/a><\/h3><\/header><\/div><footer class=\"entry-footer\"><\/footer><\/article><article class='av-magazine-entry av-magazine-entry-id-11684 av-magazine-format-standard av-magazine-type-post av-magazine-entry-11 av-magazine-entry-small '  itemscope=\"itemscope\" itemtype=\"https:\/\/schema.org\/CreativeWork\" ><div class=\"av-magazine-thumbnail\"><a href='https:\/\/sinoptix.eu\/fr\/verre-poli-mecanique-flamme\/' title='Lier vers : Verre : poli m\u00e9canique, poli flamme, quelle diff\u00e9rence ?' class='av-magazine-thumbnail-link'><img decoding=\"async\" loading=\"lazy\" width=\"80\" height=\"80\" src=\"https:\/\/sinoptix.eu\/wp-content\/uploads\/2022\/01\/Fire-polished-surface-80x80.jpg\" class=\"wp-image-11688 avia-img-lazy-loading-11688 attachment-thumbnail size-thumbnail wp-post-image\" alt=\"Quartz ring surface fire polished\" srcset=\"https:\/\/sinoptix.eu\/wp-content\/uploads\/2022\/01\/Fire-polished-surface-80x80.jpg 80w, https:\/\/sinoptix.eu\/wp-content\/uploads\/2022\/01\/Fire-polished-surface-36x36.jpg 36w, https:\/\/sinoptix.eu\/wp-content\/uploads\/2022\/01\/Fire-polished-surface-180x180.jpg 180w, https:\/\/sinoptix.eu\/wp-content\/uploads\/2022\/01\/Fire-polished-surface-624x630.jpg 624w\" sizes=\"auto, (max-width: 80px) 100vw, 80px\" \/><\/a><\/div><div class=\"av-magazine-content-wrap\"><header class=\"entry-content-header\" aria-label=\"Articles : Verre : poli m\u00e9canique, poli flamme, quelle diff\u00e9rence ?\"><time class='av-magazine-time updated'  itemprop=\"datePublished\" datetime=\"2022-01-24T08:09:43+00:00\" >24 janvier 2022<\/time><h3 class='av-magazine-title entry-title '  itemprop=\"headline\" ><a href='https:\/\/sinoptix.eu\/fr\/verre-poli-mecanique-flamme\/' title='Lier vers : Verre : poli m\u00e9canique, poli flamme, quelle diff\u00e9rence ?'>Verre : poli m\u00e9canique, poli flamme, quelle diff\u00e9rence ?<\/a><\/h3><\/header><\/div><footer class=\"entry-footer\"><\/footer><\/article><article class='av-magazine-entry av-magazine-entry-id-11221 av-magazine-format-standard av-magazine-type-post av-magazine-entry-12 av-magazine-entry-small '  itemscope=\"itemscope\" itemtype=\"https:\/\/schema.org\/CreativeWork\" ><div class=\"av-magazine-thumbnail\"><a href='https:\/\/sinoptix.eu\/fr\/iso-10110-guide-technique\/' title='Lier vers : ISO 10110 pour le design de composants optiques : guide technique' class='av-magazine-thumbnail-link'><img decoding=\"async\" loading=\"lazy\" width=\"80\" height=\"80\" src=\"https:\/\/sinoptix.eu\/wp-content\/uploads\/2021\/11\/ISO-10110-80x80.jpg\" class=\"wp-image-11184 avia-img-lazy-loading-11184 attachment-thumbnail size-thumbnail wp-post-image\" alt=\"optics design norm : ISO 10110\" srcset=\"https:\/\/sinoptix.eu\/wp-content\/uploads\/2021\/11\/ISO-10110-80x80.jpg 80w, https:\/\/sinoptix.eu\/wp-content\/uploads\/2021\/11\/ISO-10110-36x36.jpg 36w, https:\/\/sinoptix.eu\/wp-content\/uploads\/2021\/11\/ISO-10110-180x180.jpg 180w, https:\/\/sinoptix.eu\/wp-content\/uploads\/2021\/11\/ISO-10110-400x400.jpg 400w\" sizes=\"auto, (max-width: 80px) 100vw, 80px\" \/><\/a><\/div><div class=\"av-magazine-content-wrap\"><header class=\"entry-content-header\" aria-label=\"Articles : ISO 10110 pour le design de composants optiques : guide technique\"><time class='av-magazine-time updated'  itemprop=\"datePublished\" datetime=\"2021-11-23T09:17:51+00:00\" >23 novembre 2021<\/time><h3 class='av-magazine-title entry-title '  itemprop=\"headline\" ><a href='https:\/\/sinoptix.eu\/fr\/iso-10110-guide-technique\/' title='Lier vers : ISO 10110 pour le design de composants optiques : guide technique'>ISO 10110 pour le design de composants optiques : guide technique<\/a><\/h3><\/header><\/div><footer class=\"entry-footer\"><\/footer><\/article><article class='av-magazine-entry av-magazine-entry-id-11234 av-magazine-format-standard av-magazine-type-post av-magazine-entry-13 av-magazine-entry-small '  itemscope=\"itemscope\" itemtype=\"https:\/\/schema.org\/CreativeWork\" ><div class=\"av-magazine-thumbnail\"><a href='https:\/\/sinoptix.eu\/fr\/lame-d-onde-guide-achat\/' title='Lier vers : Lame d&rsquo;onde : guide d&rsquo;achat' class='av-magazine-thumbnail-link'><img decoding=\"async\" loading=\"lazy\" width=\"80\" height=\"55\" src=\"https:\/\/sinoptix.eu\/wp-content\/uploads\/2020\/08\/Quarter-wave-disc.jpg\" class=\"wp-image-4113 avia-img-lazy-loading-4113 attachment-thumbnail size-thumbnail wp-post-image\" alt=\"quarter wave plate\" \/><\/a><\/div><div class=\"av-magazine-content-wrap\"><header class=\"entry-content-header\" aria-label=\"Articles : Lame d&#039;onde : guide d&#039;achat\"><time class='av-magazine-time updated'  itemprop=\"datePublished\" datetime=\"2021-11-19T06:34:11+00:00\" >19 novembre 2021<\/time><h3 class='av-magazine-title entry-title '  itemprop=\"headline\" ><a href='https:\/\/sinoptix.eu\/fr\/lame-d-onde-guide-achat\/' title='Lier vers : Lame d&rsquo;onde : guide d&rsquo;achat'>Lame d&rsquo;onde : guide d&rsquo;achat<\/a><\/h3><\/header><\/div><footer class=\"entry-footer\"><\/footer><\/article><article class='av-magazine-entry av-magazine-entry-id-11253 av-magazine-format-standard av-magazine-type-post av-magazine-entry-14 av-magazine-entry-small '  itemscope=\"itemscope\" itemtype=\"https:\/\/schema.org\/CreativeWork\" ><div class=\"av-magazine-thumbnail\"><a href='https:\/\/sinoptix.eu\/fr\/miroir-parabolique-guide-achat\/' title='Lier vers : Miroir parabolique : guide achat' class='av-magazine-thumbnail-link'><img decoding=\"async\" loading=\"lazy\" width=\"80\" height=\"36\" src=\"https:\/\/sinoptix.eu\/wp-content\/uploads\/2020\/09\/off-axis-parabolic-mirror-2-e1637040467859.png\" class=\"wp-image-4306 avia-img-lazy-loading-4306 attachment-thumbnail size-thumbnail wp-post-image\" alt=\"off axis parabolic mirror\" \/><\/a><\/div><div class=\"av-magazine-content-wrap\"><header class=\"entry-content-header\" aria-label=\"Articles : Miroir parabolique : guide achat\"><time class='av-magazine-time updated'  itemprop=\"datePublished\" datetime=\"2021-11-16T06:38:59+00:00\" >16 novembre 2021<\/time><h3 class='av-magazine-title entry-title '  itemprop=\"headline\" ><a href='https:\/\/sinoptix.eu\/fr\/miroir-parabolique-guide-achat\/' title='Lier vers : Miroir parabolique : guide achat'>Miroir parabolique : guide achat<\/a><\/h3><\/header><\/div><footer class=\"entry-footer\"><\/footer><\/article><article class='av-magazine-entry av-magazine-entry-id-11267 av-magazine-format-standard av-magazine-type-post av-magazine-entry-15 av-magazine-entry-small '  itemscope=\"itemscope\" itemtype=\"https:\/\/schema.org\/CreativeWork\" ><div class=\"av-magazine-thumbnail\"><a href='https:\/\/sinoptix.eu\/fr\/uv-optics-complete-guide\/' title='Lier vers : Optique UV : guide d&rsquo;achat' class='av-magazine-thumbnail-link'><img decoding=\"async\" loading=\"lazy\" width=\"80\" height=\"80\" src=\"https:\/\/sinoptix.eu\/wp-content\/uploads\/2021\/11\/UV-optics-80x80.jpg\" class=\"wp-image-11095 avia-img-lazy-loading-11095 attachment-thumbnail size-thumbnail wp-post-image\" alt=\"UV optics picture\" srcset=\"https:\/\/sinoptix.eu\/wp-content\/uploads\/2021\/11\/UV-optics-80x80.jpg 80w, https:\/\/sinoptix.eu\/wp-content\/uploads\/2021\/11\/UV-optics-36x36.jpg 36w, https:\/\/sinoptix.eu\/wp-content\/uploads\/2021\/11\/UV-optics-180x180.jpg 180w\" sizes=\"auto, (max-width: 80px) 100vw, 80px\" \/><\/a><\/div><div class=\"av-magazine-content-wrap\"><header class=\"entry-content-header\" aria-label=\"Articles : Optique UV : guide d&#039;achat\"><time class='av-magazine-time updated'  itemprop=\"datePublished\" datetime=\"2021-11-15T10:02:46+00:00\" >15 novembre 2021<\/time><h3 class='av-magazine-title entry-title '  itemprop=\"headline\" ><a href='https:\/\/sinoptix.eu\/fr\/uv-optics-complete-guide\/' title='Lier vers : Optique UV : guide d&rsquo;achat'>Optique UV : guide d&rsquo;achat<\/a><\/h3><\/header><\/div><footer class=\"entry-footer\"><\/footer><\/article><\/div><div class='av-masonry-pagination av-masonry-pagination-pagination'><nav class='pagination'><span class='pagination-meta'>Page 1 sur 3<\/span><span class='current'>1<\/span><a href='https:\/\/sinoptix.eu\/fr\/wp-json\/wp\/v2\/pages\/4773\/?avia-element-paging=2' class='inactive next_page' >2<\/a><a href='https:\/\/sinoptix.eu\/fr\/wp-json\/wp\/v2\/pages\/4773\/?avia-element-paging=3' class='inactive' >3<\/a><\/nav>\n<\/div><\/div>\n","protected":false},"excerpt":{"rendered":"","protected":false},"author":1,"featured_media":0,"parent":0,"menu_order":0,"comment_status":"closed","ping_status":"closed","template":"","meta":{"footnotes":""},"class_list":["post-4773","page","type-page","status-publish","hentry"],"_links":{"self":[{"href":"https:\/\/sinoptix.eu\/fr\/wp-json\/wp\/v2\/pages\/4773","targetHints":{"allow":["GET"]}}],"collection":[{"href":"https:\/\/sinoptix.eu\/fr\/wp-json\/wp\/v2\/pages"}],"about":[{"href":"https:\/\/sinoptix.eu\/fr\/wp-json\/wp\/v2\/types\/page"}],"author":[{"embeddable":true,"href":"https:\/\/sinoptix.eu\/fr\/wp-json\/wp\/v2\/users\/1"}],"replies":[{"embeddable":true,"href":"https:\/\/sinoptix.eu\/fr\/wp-json\/wp\/v2\/comments?post=4773"}],"version-history":[{"count":6,"href":"https:\/\/sinoptix.eu\/fr\/wp-json\/wp\/v2\/pages\/4773\/revisions"}],"predecessor-version":[{"id":12944,"href":"https:\/\/sinoptix.eu\/fr\/wp-json\/wp\/v2\/pages\/4773\/revisions\/12944"}],"wp:attachment":[{"href":"https:\/\/sinoptix.eu\/fr\/wp-json\/wp\/v2\/media?parent=4773"}],"curies":[{"name":"wp","href":"https:\/\/api.w.org\/{rel}","templated":true}]}}