{"id":4954,"date":"2020-08-29T07:37:16","date_gmt":"2020-08-29T07:37:16","guid":{"rendered":"http:\/\/sinoptix.eu\/services\/"},"modified":"2024-09-23T04:02:43","modified_gmt":"2024-09-23T04:02:43","slug":"services","status":"publish","type":"page","link":"https:\/\/sinoptix.eu\/fr\/services\/","title":{"rendered":"Notre offre"},"content":{"rendered":"\n<style type=\"text\/css\" data-created_by=\"avia_inline_auto\" id=\"style-css-av-kefcp5se-c4d9a39c1af81fd9f9701ac5722a4388\">\n.avia-image-container.av-kefcp5se-c4d9a39c1af81fd9f9701ac5722a4388 img.avia_image{\nbox-shadow:none;\n}\n.avia-image-container.av-kefcp5se-c4d9a39c1af81fd9f9701ac5722a4388 .av-image-caption-overlay-center{\ncolor:#ffffff;\n}\n<\/style>\n<div  id=\"service-banner\"  class='avia-image-container av-kefcp5se-c4d9a39c1af81fd9f9701ac5722a4388 av-styling- avia-align-center  avia-builder-el-0  el_before_av_textblock  avia-builder-el-first '   itemprop=\"image\" itemscope=\"itemscope\" itemtype=\"https:\/\/schema.org\/ImageObject\" ><div class=\"avia-image-container-inner\"><div class=\"avia-image-overlay-wrap\"><img decoding=\"async\" fetchpriority=\"high\" class='wp-image-4955 avia-img-lazy-loading-not-4955 avia_image ' src=\"https:\/\/sinoptix.eu\/wp-content\/uploads\/2020\/08\/services_sinoptix.jpg\" alt='optics and technical glass components' title='services_sinoptix'  height=\"319\" width=\"930\"  itemprop=\"thumbnailUrl\"  \/><\/div><\/div><\/div>\n<section  id=\"main-title-services\"  class='av_textblock_section av-kefj9l32-ca3802063ba33c18ee11603104bb7658 '   itemscope=\"itemscope\" itemtype=\"https:\/\/schema.org\/CreativeWork\" ><div class='avia_textblock'  itemprop=\"text\" ><h1 class=\"av-special-heading-tag \" style=\"text-align: center;\">Fabrication de composants optiques et verre technique<\/h1>\n<p>Pour vos <a href=\"https:\/\/sinoptix.eu\/fr\/optical-components\/\">composants optiques<\/a> ou vos <a href=\"https:\/\/sinoptix.eu\/fr\/travail-du-verre\/\">composants en verre<\/a>, Sinoptix vous permet un gain de temps, d\u2019argent et vous assure la qualit\u00e9 demand\u00e9e. Si vous \u00eates \u00e0 la recherche d\u2019un partenaire pour votre production, que vous d\u00e9sirez sous-traiter une partie de votre production, ou que vous \u00eates \u00e0 la recherche d\u2019un sp\u00e9cialiste pour vous assister sur un projet qui d\u00e9passe vos capacit\u00e9s de production, Sinoptix est votre solution.<br \/>\nNotre vaste capacit\u00e9 de production vous permet d\u2019avoir acc\u00e8s \u00e0 une solution rapide tout en garantissant des co\u00fbts r\u00e9duits.<\/p>\n<\/div><\/section>\n<div  class='hr av-2mqzzn-3e58bf8273916b1febbcb49e74a984e6 hr-default  avia-builder-el-2  el_after_av_textblock  el_before_av_textblock '><span class='hr-inner '><span class=\"hr-inner-style\"><\/span><\/span><\/div>\n<section  class='av_textblock_section av-kefcsxyo-19aab54e7fff59435b624a59ac8d93f0 '   itemscope=\"itemscope\" itemtype=\"https:\/\/schema.org\/CreativeWork\" ><div class='avia_textblock'  itemprop=\"text\" ><h2 style=\"text-align: center;\">Deux sp\u00e9cialit\u00e9s autour de l&rsquo;optique et du travail du verre<\/h2>\n<\/div><\/section>\n\n<style type=\"text\/css\" data-created_by=\"avia_inline_auto\" id=\"style-css-av-kefd1jux-b8b7958461b73d4b06667009808e1dc1\">\n.flex_column.av-kefd1jux-b8b7958461b73d4b06667009808e1dc1{\nborder-radius:0px 0px 0px 0px;\npadding:0px 0px 0px 0px;\n}\n<\/style>\n<div  class='flex_column av-kefd1jux-b8b7958461b73d4b06667009808e1dc1 av_one_half  avia-builder-el-4  el_after_av_textblock  el_before_av_one_half  first flex_column_div av-zero-column-padding avia-link-column av-column-link  column-top-margin'    data-link-column-url=\"https:\/\/sinoptix.eu\/fr\/services\/optiques\/\"   ><a class=\"av-screen-reader-only\" href=https:\/\/sinoptix.eu\/fr\/services\/optiques\/ >Lier vers : Optiques<\/a><p>\n<style type=\"text\/css\" data-created_by=\"avia_inline_auto\" id=\"style-css-av-kefcx0q6-f76f6e348c20f60d55a826b188973061\">\n.avia-image-container.av-kefcx0q6-f76f6e348c20f60d55a826b188973061 img.avia_image{\nbox-shadow:none;\n}\n.avia-image-container.av-kefcx0q6-f76f6e348c20f60d55a826b188973061 .av-image-caption-overlay-center{\ncolor:#ffffff;\n}\n<\/style>\n<div  class='avia-image-container av-kefcx0q6-f76f6e348c20f60d55a826b188973061 av-styling- av-hover-grow av-hide-overflow avia-align-center  avia-builder-el-5  el_before_av_heading  avia-builder-el-first '   itemprop=\"image\" itemscope=\"itemscope\" itemtype=\"https:\/\/schema.org\/ImageObject\" ><div class=\"avia-image-container-inner\"><div class=\"avia-image-overlay-wrap\"><img decoding=\"async\" fetchpriority=\"high\" class='wp-image-12951 avia-img-lazy-loading-not-12951 avia_image ' src=\"https:\/\/sinoptix.eu\/wp-content\/uploads\/2020\/08\/slide1png.png\" alt='optical components picture' title='optical-components'  height=\"366\" width=\"494\"  itemprop=\"thumbnailUrl\"  \/><\/div><\/div><\/div><br \/>\n\n<style type=\"text\/css\" data-created_by=\"avia_inline_auto\" id=\"style-css-av-khwm8ubx-d374420e1c4f823de6bcc60b9a916622\">\n#top .av-special-heading.av-khwm8ubx-d374420e1c4f823de6bcc60b9a916622{\nmargin:20px 0 0 0;\npadding-bottom:0;\n}\nbody .av-special-heading.av-khwm8ubx-d374420e1c4f823de6bcc60b9a916622 .av-special-heading-tag .heading-char{\nfont-size:25px;\n}\n.av-special-heading.av-khwm8ubx-d374420e1c4f823de6bcc60b9a916622 .av-subheading{\nfont-size:15px;\n}\n<\/style>\n<div  class='av-special-heading av-khwm8ubx-d374420e1c4f823de6bcc60b9a916622 av-special-heading-h3 blockquote modern-quote modern-centered  avia-builder-el-6  el_after_av_image  el_before_av_hr  av-linked-heading'><h3 class='av-special-heading-tag '  itemprop=\"headline\"  ><a class=\"av-heading-link\" href=\"https:\/\/sinoptix.eu\/fr\/services\/optiques\/\" >OPTIQUE<\/a><\/h3><div class=\"special-heading-border\"><div class=\"special-heading-inner-border\"><\/div><\/div><\/div><br \/>\n\n<style type=\"text\/css\" data-created_by=\"avia_inline_auto\" id=\"style-css-av-kefd0x85-676b7d70e50c6475c0cc123f4321b1ba\">\n#top .hr.av-kefd0x85-676b7d70e50c6475c0cc123f4321b1ba{\nmargin-top:15px;\nmargin-bottom:15px;\n}\n.hr.av-kefd0x85-676b7d70e50c6475c0cc123f4321b1ba .hr-inner{\nwidth:50px;\nborder-color:#ba3726;\nmax-width:45%;\n}\n.hr.av-kefd0x85-676b7d70e50c6475c0cc123f4321b1ba .av-seperator-icon{\ncolor:#ba3726;\n}\n.hr.av-kefd0x85-676b7d70e50c6475c0cc123f4321b1ba .av-seperator-icon.avia-svg-icon svg:first-child{\nfill:#ba3726;\nstroke:#ba3726;\n}\n<\/style>\n<div  class='hr av-kefd0x85-676b7d70e50c6475c0cc123f4321b1ba hr-custom  avia-builder-el-7  el_after_av_heading  el_before_av_textblock  hr-center hr-icon-yes'><span class='hr-inner inner-border-av-border-fat'><span class=\"hr-inner-style\"><\/span><\/span><span class='av-seperator-icon avia-iconfont avia-font-entypo-fontello' data-av_icon='\ue82a' data-av_iconfont='entypo-fontello' ><\/span><span class='hr-inner inner-border-av-border-fat'><span class=\"hr-inner-style\"><\/span><\/span><\/div><br \/>\n<section  class='av_textblock_section av-kefd164q-af5388be91ca50d0218be46f2927bf6c '   itemscope=\"itemscope\" itemtype=\"https:\/\/schema.org\/CreativeWork\" ><div class='avia_textblock'  itemprop=\"text\" ><p>En fonction de vos sp\u00e9cifications, SINOPTIX organise la production, le contr\u00f4le qualit\u00e9 et la livraison partout dans le monde de vos <a href=\"https:\/\/sinoptix.eu\/fr\/optical-components\/\">composants optiques<\/a>. Que ce soit des <a href=\"https:\/\/sinoptix.eu\/fr\/optical-components\/lentilles-optiques\/\">lentilles de pr\u00e9cision<\/a> ou des <a href=\"https:\/\/sinoptix.eu\/fr\/opto-mecanique\/\">assemblages optiques<\/a>, de l&rsquo;<a href=\"https:\/\/sinoptix.eu\/fr\/optical-components\/plastic-optics\/lentilles-injection-plastique\/\">injection de lentilles plastiques<\/a> pour l&rsquo;\u00e9clairage \u00e0 la r\u00e9alisation de fen\u00eatre en <a href=\"https:\/\/sinoptix.eu\/fr\/optical-components\/composants-optiques-ir\/\">Germanium<\/a> ou de <a href=\"https:\/\/sinoptix.eu\/fr\/optical-components\/prismes\/\">prismes optiques<\/a> complexes, nous sommes le fournisseur dont vous avez besoin pour la r\u00e9alisation de produits de qualit\u00e9 tout en garantissant des co\u00fbts de production tr\u00e8s comp\u00e9titifs.<\/p>\n<\/div><\/section><br \/>\n<div  class='avia-button-wrap av-kefjblhn-10125d3c3d6ad34ac036b4afc0b9605f-wrap avia-button-center  avia-builder-el-9  el_after_av_textblock  avia-builder-el-last '><a href='https:\/\/sinoptix.eu\/fr\/services\/optiques\/'  class='avia-button av-kefjblhn-10125d3c3d6ad34ac036b4afc0b9605f av-link-btn avia-icon_select-no avia-size-small avia-position-center avia-color-theme-color-highlight'   aria-label=\"En Savoir Plus\"><span class='avia_iconbox_title' >En Savoir Plus<\/span><\/a><\/div><\/p><\/div>\n<style type=\"text\/css\" data-created_by=\"avia_inline_auto\" id=\"style-css-av-kefd1jux-5-6df35772bb0666f50d70dde60abc7fd4\">\n.flex_column.av-kefd1jux-5-6df35772bb0666f50d70dde60abc7fd4{\nborder-radius:0px 0px 0px 0px;\npadding:0px 0px 0px 0px;\n}\n<\/style>\n<div  class='flex_column av-kefd1jux-5-6df35772bb0666f50d70dde60abc7fd4 av_one_half  avia-builder-el-10  el_after_av_one_half  avia-builder-el-last  flex_column_div av-zero-column-padding avia-link-column av-column-link  column-top-margin'    data-link-column-url=\"https:\/\/sinoptix.eu\/fr\/services\/travail-du-verre\/\"   ><a class=\"av-screen-reader-only\" href=https:\/\/sinoptix.eu\/fr\/services\/travail-du-verre\/ >Lier vers : Travail du verre technique<\/a><p>\n<style type=\"text\/css\" data-created_by=\"avia_inline_auto\" id=\"style-css-av-kefcx0q6-4-89a521352ca71bbbdeede3ae1c573964\">\n.avia-image-container.av-kefcx0q6-4-89a521352ca71bbbdeede3ae1c573964 img.avia_image{\nbox-shadow:none;\n}\n.avia-image-container.av-kefcx0q6-4-89a521352ca71bbbdeede3ae1c573964 .av-image-caption-overlay-center{\ncolor:#ffffff;\n}\n<\/style>\n<div  class='avia-image-container av-kefcx0q6-4-89a521352ca71bbbdeede3ae1c573964 av-styling- av-hover-grow av-hide-overflow av-img-linked avia-align-center  avia-builder-el-11  el_before_av_heading  avia-builder-el-first '   itemprop=\"image\" itemscope=\"itemscope\" itemtype=\"https:\/\/schema.org\/ImageObject\" ><div class=\"avia-image-container-inner\"><div class=\"avia-image-overlay-wrap\"><a href=\"https:\/\/sinoptix.eu\/fr\/services\/travail-du-verre\/\" class='avia_image '  aria-label='glass-tubes'><img decoding=\"async\" fetchpriority=\"high\" class='wp-image-3322 avia-img-lazy-loading-not-3322 avia_image ' src=\"https:\/\/sinoptix.eu\/wp-content\/uploads\/2020\/08\/glass-tubes.png\" alt='' title='glass-tubes'  height=\"329\" width=\"453\"  itemprop=\"thumbnailUrl\"  \/><\/a><\/div><\/div><\/div><br \/>\n\n<style type=\"text\/css\" data-created_by=\"avia_inline_auto\" id=\"style-css-av-ayp2i-164a707bc18d9b238643d67fe24d7b6b\">\n#top .av-special-heading.av-ayp2i-164a707bc18d9b238643d67fe24d7b6b{\nmargin:20px 0 0 0;\npadding-bottom:0;\n}\nbody .av-special-heading.av-ayp2i-164a707bc18d9b238643d67fe24d7b6b .av-special-heading-tag .heading-char{\nfont-size:25px;\n}\n.av-special-heading.av-ayp2i-164a707bc18d9b238643d67fe24d7b6b .av-subheading{\nfont-size:15px;\n}\n<\/style>\n<div  class='av-special-heading av-ayp2i-164a707bc18d9b238643d67fe24d7b6b av-special-heading-h3 blockquote modern-quote modern-centered  avia-builder-el-12  el_after_av_image  el_before_av_hr  av-linked-heading'><h3 class='av-special-heading-tag '  itemprop=\"headline\"  ><a class=\"av-heading-link\" href=\"https:\/\/sinoptix.eu\/fr\/services\/travail-du-verre\/\" >TRAVAIL DU VERRE<\/a><\/h3><div class=\"special-heading-border\"><div class=\"special-heading-inner-border\"><\/div><\/div><\/div><br \/>\n\n<style type=\"text\/css\" data-created_by=\"avia_inline_auto\" id=\"style-css-av-kefd0x85-3-a61ae55bc8100a152c42c60245a35939\">\n#top .hr.av-kefd0x85-3-a61ae55bc8100a152c42c60245a35939{\nmargin-top:15px;\nmargin-bottom:15px;\n}\n.hr.av-kefd0x85-3-a61ae55bc8100a152c42c60245a35939 .hr-inner{\nwidth:50px;\nborder-color:#ba3726;\nmax-width:45%;\n}\n.hr.av-kefd0x85-3-a61ae55bc8100a152c42c60245a35939 .av-seperator-icon{\ncolor:#ba3726;\n}\n.hr.av-kefd0x85-3-a61ae55bc8100a152c42c60245a35939 .av-seperator-icon.avia-svg-icon svg:first-child{\nfill:#ba3726;\nstroke:#ba3726;\n}\n<\/style>\n<div  class='hr av-kefd0x85-3-a61ae55bc8100a152c42c60245a35939 hr-custom  avia-builder-el-13  el_after_av_heading  el_before_av_textblock  hr-center hr-icon-yes'><span class='hr-inner inner-border-av-border-fat'><span class=\"hr-inner-style\"><\/span><\/span><span class='av-seperator-icon avia-iconfont avia-font-entypo-fontello' data-av_icon='\ue849' data-av_iconfont='entypo-fontello' ><\/span><span class='hr-inner inner-border-av-border-fat'><span class=\"hr-inner-style\"><\/span><\/span><\/div><br \/>\n<section  class='av_textblock_section av-kefd164q-2-6901518460f278e64fbe7d66990f31c2 '   itemscope=\"itemscope\" itemtype=\"https:\/\/schema.org\/CreativeWork\" ><div class='avia_textblock'  itemprop=\"text\" ><p>En fonction de votre besoin, SINOPTIX organise la production, le contr\u00f4le qualit\u00e9 et la livraison partout dans le monde de vos <a href=\"https:\/\/sinoptix.eu\/fr\/travail-du-verre\/\">composants de verre technique<\/a>. Du simple <a href=\"https:\/\/sinoptix.eu\/fr\/portfolio-item\/tube-borosilicate-depoli\/\">tube en verre<\/a> aux <a href=\"https:\/\/sinoptix.eu\/fr\/portfolio-item\/support-commercial-verre-cristal-k9\/\">pi\u00e8ces en verre usin\u00e9es<\/a> ou encore \u00e0 la <a href=\"https:\/\/sinoptix.eu\/fr\/saphir-optique\/\">fen\u00eatre en saphir<\/a>, nous vous proposons une large gamme de techniques et de mati\u00e8res.\u00a0 SINOPTIX est le partenaire dont vous avez besoin pour la fabrication de composants en verre technique de haute qualit\u00e9 \u00e0 prix tr\u00e8s comp\u00e9titif.<\/p>\n<\/div><\/section><br \/>\n<div  class='avia-button-wrap av-kefjblhn-1-e8fa3b334a64ac9bcc755b89f3659ee3-wrap avia-button-center  avia-builder-el-15  el_after_av_textblock  avia-builder-el-last '><a href='https:\/\/sinoptix.eu\/fr\/services\/travail-du-verre\/'  class='avia-button av-kefjblhn-1-e8fa3b334a64ac9bcc755b89f3659ee3 av-link-btn avia-icon_select-no avia-size-small avia-position-center avia-color-theme-color-highlight'   aria-label=\"En Savoir Plus\"><span class='avia_iconbox_title' >En Savoir Plus<\/span><\/a><\/div><\/p><\/div><\/p>\n","protected":false},"excerpt":{"rendered":"","protected":false},"author":1,"featured_media":0,"parent":0,"menu_order":0,"comment_status":"closed","ping_status":"closed","template":"","meta":{"footnotes":""},"class_list":["post-4954","page","type-page","status-publish","hentry"],"_links":{"self":[{"href":"https:\/\/sinoptix.eu\/fr\/wp-json\/wp\/v2\/pages\/4954","targetHints":{"allow":["GET"]}}],"collection":[{"href":"https:\/\/sinoptix.eu\/fr\/wp-json\/wp\/v2\/pages"}],"about":[{"href":"https:\/\/sinoptix.eu\/fr\/wp-json\/wp\/v2\/types\/page"}],"author":[{"embeddable":true,"href":"https:\/\/sinoptix.eu\/fr\/wp-json\/wp\/v2\/users\/1"}],"replies":[{"embeddable":true,"href":"https:\/\/sinoptix.eu\/fr\/wp-json\/wp\/v2\/comments?post=4954"}],"version-history":[{"count":3,"href":"https:\/\/sinoptix.eu\/fr\/wp-json\/wp\/v2\/pages\/4954\/revisions"}],"predecessor-version":[{"id":19142,"href":"https:\/\/sinoptix.eu\/fr\/wp-json\/wp\/v2\/pages\/4954\/revisions\/19142"}],"wp:attachment":[{"href":"https:\/\/sinoptix.eu\/fr\/wp-json\/wp\/v2\/media?parent=4954"}],"curies":[{"name":"wp","href":"https:\/\/api.w.org\/{rel}","templated":true}]}}