{"id":4959,"date":"2020-08-29T11:46:43","date_gmt":"2020-08-29T11:46:43","guid":{"rendered":"http:\/\/sinoptix.eu\/services\/3669-2\/"},"modified":"2022-04-09T07:53:03","modified_gmt":"2022-04-09T07:53:03","slug":"travail-du-verre","status":"publish","type":"page","link":"https:\/\/sinoptix.eu\/fr\/services\/travail-du-verre\/","title":{"rendered":"Travail du verre technique"},"content":{"rendered":"<\/p>\n\n<style type=\"text\/css\" data-created_by=\"avia_inline_auto\" id=\"style-css-av-kefcp5se-550bc2555cc2d68da5dd96e433df697f\">\n.avia-image-container.av-kefcp5se-550bc2555cc2d68da5dd96e433df697f img.avia_image{\nbox-shadow:none;\n}\n.avia-image-container.av-kefcp5se-550bc2555cc2d68da5dd96e433df697f .av-image-caption-overlay-center{\ncolor:#ffffff;\n}\n<\/style>\n<div  id=\"service-banner\"  class='avia-image-container av-kefcp5se-550bc2555cc2d68da5dd96e433df697f av-styling- avia-align-center  avia-builder-el-0  el_before_av_textblock  avia-builder-el-first '   itemprop=\"image\" itemscope=\"itemscope\" itemtype=\"https:\/\/schema.org\/ImageObject\" ><div class=\"avia-image-container-inner\"><div class=\"avia-image-overlay-wrap\"><img decoding=\"async\" fetchpriority=\"high\" class='wp-image-4960 avia-img-lazy-loading-not-4960 avia_image ' src=\"https:\/\/sinoptix.eu\/wp-content\/uploads\/2020\/08\/Glass-Header.jpg\" alt='glass working' title='Glass-Header'  height=\"319\" width=\"930\"  itemprop=\"thumbnailUrl\"  \/><\/div><\/div><\/div>\n<section  id=\"main-title-services\"  class='av_textblock_section av-kefj9l32-ca3802063ba33c18ee11603104bb7658 '   itemscope=\"itemscope\" itemtype=\"https:\/\/schema.org\/CreativeWork\" ><div class='avia_textblock'  itemprop=\"text\" ><h1 class=\"av-special-heading-tag \" style=\"text-align: center;\">SOLUTIONS EN VERRE TECHNIQUE<\/h1>\n<p>Sinoptix vous propose une solution\u00a0\u00ab\u00a0tout-en-un\u00a0\u00bb pour vos besoins de composants en verre. Notre vaste champ de fournisseurs dans le soufflage, usinage et moulage du verre nous permet de vous offrir des solutions comp\u00e9titives et de qualit\u00e9 pour vos projets simples ou complexes. Nous travaillons avec les meilleurs verriers de Chine pour vous fournir une solution de confiance pour vos produits et organisons la livraison sur vos sites partout dans le monde.<\/p>\n<\/div><\/section>\n<div  class='hr av-2mqzzn-3e58bf8273916b1febbcb49e74a984e6 hr-default  avia-builder-el-2  el_after_av_textblock  el_before_av_textblock '><span class='hr-inner '><span class=\"hr-inner-style\"><\/span><\/span><\/div>\n<section  class='av_textblock_section av-kefcsxyo-afa3a5b6e6868537786458377f2439f3 '   itemscope=\"itemscope\" itemtype=\"https:\/\/schema.org\/CreativeWork\" ><div class='avia_textblock'  itemprop=\"text\" ><h2 style=\"text-align: center;\">Travail du verre sur mesure<\/h2>\n<\/div><\/section>\n\n<style type=\"text\/css\" data-created_by=\"avia_inline_auto\" id=\"style-css-av-kefd1jux-9cf8b8d32da900f388a5db16d451442f\">\n.flex_column.av-kefd1jux-9cf8b8d32da900f388a5db16d451442f{\nborder-radius:0px 0px 0px 0px;\npadding:0px 0px 0px 0px;\n}\n<\/style>\n<div  class='flex_column av-kefd1jux-9cf8b8d32da900f388a5db16d451442f av_one_third  avia-builder-el-4  el_after_av_textblock  el_before_av_one_third  first flex_column_div av-zero-column-padding  column-top-margin'     ><p>\n<style type=\"text\/css\" data-created_by=\"avia_inline_auto\" id=\"style-css-av-kefcx0q6-5e1b7043944d9ede6411791610a7a8a2\">\n.avia-image-container.av-kefcx0q6-5e1b7043944d9ede6411791610a7a8a2 img.avia_image{\nbox-shadow:none;\n}\n.avia-image-container.av-kefcx0q6-5e1b7043944d9ede6411791610a7a8a2 .av-image-caption-overlay-center{\ncolor:#ffffff;\n}\n<\/style>\n<div  class='avia-image-container av-kefcx0q6-5e1b7043944d9ede6411791610a7a8a2 av-styling- avia-align-center  avia-builder-el-5  el_before_av_icon_box  avia-builder-el-first '   itemprop=\"image\" itemscope=\"itemscope\" itemtype=\"https:\/\/schema.org\/ImageObject\" ><div class=\"avia-image-container-inner\"><div class=\"avia-image-overlay-wrap\"><img decoding=\"async\" fetchpriority=\"high\" class='wp-image-6559 avia-img-lazy-loading-not-6559 avia_image ' src=\"https:\/\/sinoptix.eu\/wp-content\/uploads\/2020\/10\/glass1.png\" alt='' title='glass1'  height=\"263\" width=\"279\"  itemprop=\"thumbnailUrl\"  \/><\/div><\/div><\/div><br \/>\n\n<style type=\"text\/css\" data-created_by=\"avia_inline_auto\" id=\"style-css-av-kefju6w9-7bf083354fd333a3a559fca262b9c8d4\">\n.iconbox.av-kefju6w9-7bf083354fd333a3a559fca262b9c8d4 .iconbox_icon{\nbackground-color:#ba3726;\nborder:1px solid #ba3726;\n}\n<\/style>\n<article  class='iconbox iconbox_top av-kefju6w9-7bf083354fd333a3a559fca262b9c8d4  avia-builder-el-6  el_after_av_image  el_before_av_hr  wrapper-services main_color'  itemscope=\"itemscope\" itemtype=\"https:\/\/schema.org\/CreativeWork\" ><div class=\"iconbox_content\"><header class=\"entry-content-header\" aria-label=\"Ic\u00f4ne : TYPES DE PROC\u00c9D\u00c9S\"><div class='iconbox_icon heading-color avia-iconfont avia-font-entypo-fontello' data-av_icon='\ue8d6' data-av_iconfont='entypo-fontello'  ><\/div><h3 class='iconbox_content_title header-service-title'  itemprop=\"headline\" >TYPES DE PROC\u00c9D\u00c9S<\/h3><\/header><div class='iconbox_content_container '  itemprop=\"text\" ><p style=\"text-align: center;\">Coul\u00e9e de verre<\/p>\n<p style=\"text-align: center;\">Verre souffl\u00e9<\/p>\n<p style=\"text-align: center;\">\u00a0Pressage du verre<\/p>\n<p style=\"text-align: center;\">\u00a0Usinage de verre<\/p>\n<p style=\"text-align: center;\">Tubes d\u2019extrusion de verre<\/p>\n<p style=\"text-align: center;\">Soudage verre<\/p>\n<\/div><\/div><footer class=\"entry-footer\"><\/footer><\/article><br \/>\n\n<style type=\"text\/css\" data-created_by=\"avia_inline_auto\" id=\"style-css-av-kefd0x85-676b7d70e50c6475c0cc123f4321b1ba\">\n#top .hr.av-kefd0x85-676b7d70e50c6475c0cc123f4321b1ba{\nmargin-top:15px;\nmargin-bottom:15px;\n}\n.hr.av-kefd0x85-676b7d70e50c6475c0cc123f4321b1ba .hr-inner{\nwidth:50px;\nborder-color:#ba3726;\nmax-width:45%;\n}\n.hr.av-kefd0x85-676b7d70e50c6475c0cc123f4321b1ba .av-seperator-icon{\ncolor:#ba3726;\n}\n.hr.av-kefd0x85-676b7d70e50c6475c0cc123f4321b1ba .av-seperator-icon.avia-svg-icon svg:first-child{\nfill:#ba3726;\nstroke:#ba3726;\n}\n<\/style>\n<div  class='hr av-kefd0x85-676b7d70e50c6475c0cc123f4321b1ba hr-custom  avia-builder-el-7  el_after_av_icon_box  el_before_av_textblock  hr-center hr-icon-yes'><span class='hr-inner inner-border-av-border-fat'><span class=\"hr-inner-style\"><\/span><\/span><span class='av-seperator-icon avia-iconfont avia-font-entypo-fontello' data-av_icon='\ue82a' data-av_iconfont='entypo-fontello' ><\/span><span class='hr-inner inner-border-av-border-fat'><span class=\"hr-inner-style\"><\/span><\/span><\/div><br \/>\n<section  class='av_textblock_section av-kefd164q-e056aa871d41cd13409b3f1aa6357f3a '   itemscope=\"itemscope\" itemtype=\"https:\/\/schema.org\/CreativeWork\" ><div class='avia_textblock'  itemprop=\"text\" ><p>Sinoptix fournit des pi\u00e8ces en verre standard et sur plan pour un vaste champ d\u2019applications. Nous vous permettons une solution comp\u00e9titive, de fabrication rapide, fabriqu\u00e9e en Chine et livr\u00e9e partout dans le monde.<\/p>\n<\/div><\/section><\/p><\/div>\n\n<style type=\"text\/css\" data-created_by=\"avia_inline_auto\" id=\"style-css-av-kefd1jux-52e5de8c4dab33a78af910de95133249\">\n.flex_column.av-kefd1jux-52e5de8c4dab33a78af910de95133249{\nborder-radius:0px 0px 0px 0px;\npadding:0px 0px 0px 0px;\n}\n<\/style>\n<div  class='flex_column av-kefd1jux-52e5de8c4dab33a78af910de95133249 av_one_third  avia-builder-el-9  el_after_av_one_third  el_before_av_one_third  flex_column_div av-zero-column-padding  column-top-margin'     ><p>\n<style type=\"text\/css\" data-created_by=\"avia_inline_auto\" id=\"style-css-av-kefcx0q6-87dfe2e8fee4a9f67804e380d4ace0f5\">\n.avia-image-container.av-kefcx0q6-87dfe2e8fee4a9f67804e380d4ace0f5 img.avia_image{\nbox-shadow:none;\n}\n.avia-image-container.av-kefcx0q6-87dfe2e8fee4a9f67804e380d4ace0f5 .av-image-caption-overlay-center{\ncolor:#ffffff;\n}\n<\/style>\n<div  class='avia-image-container av-kefcx0q6-87dfe2e8fee4a9f67804e380d4ace0f5 av-styling- avia-align-center  avia-builder-el-10  el_before_av_icon_box  avia-builder-el-first '   itemprop=\"image\" itemscope=\"itemscope\" itemtype=\"https:\/\/schema.org\/ImageObject\" ><div class=\"avia-image-container-inner\"><div class=\"avia-image-overlay-wrap\"><img decoding=\"async\" fetchpriority=\"high\" class='wp-image-6562 avia-img-lazy-loading-not-6562 avia_image ' src=\"https:\/\/sinoptix.eu\/wp-content\/uploads\/2020\/10\/glass2.png\" alt='borosilicate glass with colors' title='glass2'  height=\"263\" width=\"279\"  itemprop=\"thumbnailUrl\"  \/><\/div><\/div><\/div><br \/>\n\n<style type=\"text\/css\" data-created_by=\"avia_inline_auto\" id=\"style-css-av-kefju6w9-1faefa8d0ceae04a7b9a6b153dd77c66\">\n.iconbox.av-kefju6w9-1faefa8d0ceae04a7b9a6b153dd77c66 .iconbox_icon{\nbackground-color:#ba3726;\nborder:1px solid #ba3726;\n}\n<\/style>\n<article  class='iconbox iconbox_top av-kefju6w9-1faefa8d0ceae04a7b9a6b153dd77c66  avia-builder-el-11  el_after_av_image  el_before_av_hr  wrapper-services main_color'  itemscope=\"itemscope\" itemtype=\"https:\/\/schema.org\/CreativeWork\" ><div class=\"iconbox_content\"><header class=\"entry-content-header\" aria-label=\"Ic\u00f4ne : MATI\u00c8RES TRAVAILL\u00c9ES\"><div class='iconbox_icon heading-color avia-iconfont avia-font-entypo-fontello' data-av_icon='\ue84d' data-av_iconfont='entypo-fontello'  ><\/div><h3 class='iconbox_content_title header-service-title'  itemprop=\"headline\" >MATI\u00c8RES TRAVAILL\u00c9ES<\/h3><\/header><div class='iconbox_content_container '  itemprop=\"text\" ><p style=\"text-align: center;\">Borosilicate (Pyrex, Schott)<\/p>\n<p style=\"text-align: center;\">Verre Silica(SiO2)<\/p>\n<p style=\"text-align: center;\">Quartz<\/p>\n<p style=\"text-align: center;\">Verre plat<\/p>\n<p style=\"text-align: center;\">Silicon (Si)<\/p>\n<p style=\"text-align: center;\">Cristal<\/p>\n<p style=\"text-align: center;\">Verre color\u00e9<\/p>\n<p style=\"text-align: center;\">\n<\/div><\/div><footer class=\"entry-footer\"><\/footer><\/article><br \/>\n\n<style type=\"text\/css\" data-created_by=\"avia_inline_auto\" id=\"style-css-av-kefd0x85-676b7d70e50c6475c0cc123f4321b1ba\">\n#top .hr.av-kefd0x85-676b7d70e50c6475c0cc123f4321b1ba{\nmargin-top:15px;\nmargin-bottom:15px;\n}\n.hr.av-kefd0x85-676b7d70e50c6475c0cc123f4321b1ba .hr-inner{\nwidth:50px;\nborder-color:#ba3726;\nmax-width:45%;\n}\n.hr.av-kefd0x85-676b7d70e50c6475c0cc123f4321b1ba .av-seperator-icon{\ncolor:#ba3726;\n}\n.hr.av-kefd0x85-676b7d70e50c6475c0cc123f4321b1ba .av-seperator-icon.avia-svg-icon svg:first-child{\nfill:#ba3726;\nstroke:#ba3726;\n}\n<\/style>\n<div  class='hr av-kefd0x85-676b7d70e50c6475c0cc123f4321b1ba hr-custom  avia-builder-el-12  el_after_av_icon_box  el_before_av_textblock  hr-center hr-icon-yes'><span class='hr-inner inner-border-av-border-fat'><span class=\"hr-inner-style\"><\/span><\/span><span class='av-seperator-icon avia-iconfont avia-font-entypo-fontello' data-av_icon='\ue82a' data-av_iconfont='entypo-fontello' ><\/span><span class='hr-inner inner-border-av-border-fat'><span class=\"hr-inner-style\"><\/span><\/span><\/div><br \/>\n<section  class='av_textblock_section av-kefd164q-e056aa871d41cd13409b3f1aa6357f3a '   itemscope=\"itemscope\" itemtype=\"https:\/\/schema.org\/CreativeWork\" ><div class='avia_textblock'  itemprop=\"text\" ><p>Nous travaillons de nombreuses mati\u00e8res en fonction de vos besoins, nous pouvons \u00e9galement vous aider \u00e0 identifier les mati\u00e8res correspondant le mieux \u00e0 vos contraintes ou vous proposer des \u00e9quivalents aux mati\u00e8res propos\u00e9es, afin d\u2019assurer la solution la plus \u00e9conomique \u00e0 vos projets.<\/p>\n<\/div><\/section><\/p><\/div>\n\n<style type=\"text\/css\" data-created_by=\"avia_inline_auto\" id=\"style-css-av-kefd1jux-52e5de8c4dab33a78af910de95133249\">\n.flex_column.av-kefd1jux-52e5de8c4dab33a78af910de95133249{\nborder-radius:0px 0px 0px 0px;\npadding:0px 0px 0px 0px;\n}\n<\/style>\n<div  class='flex_column av-kefd1jux-52e5de8c4dab33a78af910de95133249 av_one_third  avia-builder-el-14  el_after_av_one_third  el_before_av_button  flex_column_div av-zero-column-padding  column-top-margin'     ><p>\n<style type=\"text\/css\" data-created_by=\"avia_inline_auto\" id=\"style-css-av-kefcx0q6-49f4f6ba8e1b94a9e7c0276166d57aca\">\n.avia-image-container.av-kefcx0q6-49f4f6ba8e1b94a9e7c0276166d57aca img.avia_image{\nbox-shadow:none;\n}\n.avia-image-container.av-kefcx0q6-49f4f6ba8e1b94a9e7c0276166d57aca .av-image-caption-overlay-center{\ncolor:#ffffff;\n}\n<\/style>\n<div  class='avia-image-container av-kefcx0q6-49f4f6ba8e1b94a9e7c0276166d57aca av-styling- avia-align-center  avia-builder-el-15  el_before_av_icon_box  avia-builder-el-first '   itemprop=\"image\" itemscope=\"itemscope\" itemtype=\"https:\/\/schema.org\/ImageObject\" ><div class=\"avia-image-container-inner\"><div class=\"avia-image-overlay-wrap\"><img decoding=\"async\" fetchpriority=\"high\" class='wp-image-6565 avia-img-lazy-loading-not-6565 avia_image ' src=\"https:\/\/sinoptix.eu\/wp-content\/uploads\/2020\/10\/glass3.png\" alt='' title='glass3'  height=\"263\" width=\"277\"  itemprop=\"thumbnailUrl\"  \/><\/div><\/div><\/div><br \/>\n\n<style type=\"text\/css\" data-created_by=\"avia_inline_auto\" id=\"style-css-av-kefju6w9-655da3f5de0d43e642f468295f53ec94\">\n.iconbox.av-kefju6w9-655da3f5de0d43e642f468295f53ec94 .iconbox_icon{\nbackground-color:#ba3726;\nborder:1px solid #ba3726;\n}\n<\/style>\n<article  class='iconbox iconbox_top av-kefju6w9-655da3f5de0d43e642f468295f53ec94  avia-builder-el-16  el_after_av_image  el_before_av_hr  wrapper-services main_color'  itemscope=\"itemscope\" itemtype=\"https:\/\/schema.org\/CreativeWork\" ><div class=\"iconbox_content\"><header class=\"entry-content-header\" aria-label=\"Ic\u00f4ne : FINITION\"><div class='iconbox_icon heading-color avia-iconfont avia-font-entypo-fontello' data-av_icon='\ue849' data-av_iconfont='entypo-fontello'  ><\/div><h3 class='iconbox_content_title header-service-title'  itemprop=\"headline\" >FINITION<\/h3><\/header><div class='iconbox_content_container '  itemprop=\"text\" ><p style=\"text-align: center;\">Polissage<\/p>\n<p style=\"text-align: center;\">Sablage<\/p>\n<p style=\"text-align: center;\">Gravage<\/p>\n<p style=\"text-align: center;\">S\u00e9rigraphie<\/p>\n<p style=\"text-align: center;\">Argenture<\/p>\n<p><br class=\"avia-permanent-lb\" \/><br class=\"avia-permanent-lb\" \/><\/p>\n<\/div><\/div><footer class=\"entry-footer\"><\/footer><\/article><br \/>\n\n<style type=\"text\/css\" data-created_by=\"avia_inline_auto\" id=\"style-css-av-kefd0x85-676b7d70e50c6475c0cc123f4321b1ba\">\n#top .hr.av-kefd0x85-676b7d70e50c6475c0cc123f4321b1ba{\nmargin-top:15px;\nmargin-bottom:15px;\n}\n.hr.av-kefd0x85-676b7d70e50c6475c0cc123f4321b1ba .hr-inner{\nwidth:50px;\nborder-color:#ba3726;\nmax-width:45%;\n}\n.hr.av-kefd0x85-676b7d70e50c6475c0cc123f4321b1ba .av-seperator-icon{\ncolor:#ba3726;\n}\n.hr.av-kefd0x85-676b7d70e50c6475c0cc123f4321b1ba .av-seperator-icon.avia-svg-icon svg:first-child{\nfill:#ba3726;\nstroke:#ba3726;\n}\n<\/style>\n<div  class='hr av-kefd0x85-676b7d70e50c6475c0cc123f4321b1ba hr-custom  avia-builder-el-17  el_after_av_icon_box  el_before_av_textblock  hr-center hr-icon-yes'><span class='hr-inner inner-border-av-border-fat'><span class=\"hr-inner-style\"><\/span><\/span><span class='av-seperator-icon avia-iconfont avia-font-entypo-fontello' data-av_icon='\ue82a' data-av_iconfont='entypo-fontello' ><\/span><span class='hr-inner inner-border-av-border-fat'><span class=\"hr-inner-style\"><\/span><\/span><\/div><br \/>\n<section  class='av_textblock_section av-kefd164q-e056aa871d41cd13409b3f1aa6357f3a '   itemscope=\"itemscope\" itemtype=\"https:\/\/schema.org\/CreativeWork\" ><div class='avia_textblock'  itemprop=\"text\" ><div class=\"dynamic_textarea_p dynamic_element dynamic_el_8\">\n<div class=\"one_third flex_column\">\n<div align=\"justify\">Pour vous permettre de maximiser le gain de votre achat en Chine, nous vous permettons de recevoir des composants finis selon vos sp\u00e9cifications. Nous ne nous arr\u00eatons pas \u00e0 80\u00a0% de la r\u00e9alisation de vos pi\u00e8ces, mais nous effectuons \u00e9galement la finition pour vous \u00e9pargner les difficult\u00e9s et le stress d\u2019avoir \u00e0 jongler entre diff\u00e9rents fournisseurs.<\/div>\n<\/div>\n<\/div>\n<\/div><\/section><\/p><\/div>\n<div  id=\"contact-us-service\"  class='avia-button-wrap av-kefjblhn-2d43672e9b2c0d98501cd01444f5d379-wrap avia-button-center  avia-builder-el-19  el_after_av_one_third  avia-builder-el-last '><a href='https:\/\/sinoptix.eu\/fr\/contact\/'  class='avia-button av-kefjblhn-2d43672e9b2c0d98501cd01444f5d379 av-link-btn avia-icon_select-no avia-size-x-large avia-position-center avia-color-theme-color-highlight'   aria-label=\"Nous Contacter\"><span class='avia_iconbox_title' >Nous Contacter<\/span><\/a><\/div>\n","protected":false},"excerpt":{"rendered":"","protected":false},"author":1,"featured_media":0,"parent":4954,"menu_order":0,"comment_status":"closed","ping_status":"closed","template":"","meta":{"footnotes":""},"class_list":["post-4959","page","type-page","status-publish","hentry"],"_links":{"self":[{"href":"https:\/\/sinoptix.eu\/fr\/wp-json\/wp\/v2\/pages\/4959","targetHints":{"allow":["GET"]}}],"collection":[{"href":"https:\/\/sinoptix.eu\/fr\/wp-json\/wp\/v2\/pages"}],"about":[{"href":"https:\/\/sinoptix.eu\/fr\/wp-json\/wp\/v2\/types\/page"}],"author":[{"embeddable":true,"href":"https:\/\/sinoptix.eu\/fr\/wp-json\/wp\/v2\/users\/1"}],"replies":[{"embeddable":true,"href":"https:\/\/sinoptix.eu\/fr\/wp-json\/wp\/v2\/comments?post=4959"}],"version-history":[{"count":2,"href":"https:\/\/sinoptix.eu\/fr\/wp-json\/wp\/v2\/pages\/4959\/revisions"}],"predecessor-version":[{"id":12844,"href":"https:\/\/sinoptix.eu\/fr\/wp-json\/wp\/v2\/pages\/4959\/revisions\/12844"}],"up":[{"embeddable":true,"href":"https:\/\/sinoptix.eu\/fr\/wp-json\/wp\/v2\/pages\/4954"}],"wp:attachment":[{"href":"https:\/\/sinoptix.eu\/fr\/wp-json\/wp\/v2\/media?parent=4959"}],"curies":[{"name":"wp","href":"https:\/\/api.w.org\/{rel}","templated":true}]}}