{"id":4966,"date":"2020-08-29T10:52:58","date_gmt":"2020-08-29T10:52:58","guid":{"rendered":"http:\/\/sinoptix.eu\/services\/optics\/"},"modified":"2024-09-23T04:07:14","modified_gmt":"2024-09-23T04:07:14","slug":"optiques","status":"publish","type":"page","link":"https:\/\/sinoptix.eu\/fr\/services\/optiques\/","title":{"rendered":"Optiques"},"content":{"rendered":"\n<style type=\"text\/css\" data-created_by=\"avia_inline_auto\" id=\"style-css-av-kefcp5se-ba4c66b1efcd58b505e7ba8a9b217332\">\n.avia-image-container.av-kefcp5se-ba4c66b1efcd58b505e7ba8a9b217332 img.avia_image{\nbox-shadow:none;\n}\n.avia-image-container.av-kefcp5se-ba4c66b1efcd58b505e7ba8a9b217332 .av-image-caption-overlay-center{\ncolor:#ffffff;\n}\n<\/style>\n<div  id=\"service-banner\"  class='avia-image-container av-kefcp5se-ba4c66b1efcd58b505e7ba8a9b217332 av-styling- avia-align-center  avia-builder-el-0  el_before_av_textblock  avia-builder-el-first '   itemprop=\"image\" itemscope=\"itemscope\" itemtype=\"https:\/\/schema.org\/ImageObject\" ><div class=\"avia-image-container-inner\"><div class=\"avia-image-overlay-wrap\"><img decoding=\"async\" fetchpriority=\"high\" class='wp-image-4967 avia-img-lazy-loading-not-4967 avia_image ' src=\"https:\/\/sinoptix.eu\/wp-content\/uploads\/2020\/08\/Optics-Header.jpg\" alt='fournisseur-lentilles' title='lentilles-optiques'  height=\"319\" width=\"930\"  itemprop=\"thumbnailUrl\"  \/><\/div><\/div><\/div>\n<section  id=\"main-title-services\"  class='av_textblock_section av-kefj9l32-ca3802063ba33c18ee11603104bb7658 '   itemscope=\"itemscope\" itemtype=\"https:\/\/schema.org\/CreativeWork\" ><div class='avia_textblock'  itemprop=\"text\" ><h1 class=\"av-special-heading-tag \" style=\"text-align: center;\">Composants optiques<\/h1>\n<p>Sinoptix fournit une solution \u00ab tout-en-un \u00bb pour vos besoins de composants optiques en Chine. Notre vaste r\u00e9seau de fournisseurs audit\u00e9s dans le domaine de l\u2019optique nous permet de mettre en place des solutions rapides et efficaces pour vos besoins de <a href=\"https:\/\/sinoptix.eu\/fr\/optical-components\/\">composants optiques<\/a> standards ou sur plan. Nous s\u00e9lectionnons les meilleures solutions industrielles en Chine et offrons un choix important de composants, mati\u00e8res et traitements de surface, livr\u00e9s partout dans le monde.<\/p>\n<\/div><\/section>\n<div  class='hr av-2mqzzn-3e58bf8273916b1febbcb49e74a984e6 hr-default  avia-builder-el-2  el_after_av_textblock  el_before_av_textblock '><span class='hr-inner '><span class=\"hr-inner-style\"><\/span><\/span><\/div>\n<section  class='av_textblock_section av-kefcsxyo-19aab54e7fff59435b624a59ac8d93f0 '   itemscope=\"itemscope\" itemtype=\"https:\/\/schema.org\/CreativeWork\" ><div class='avia_textblock'  itemprop=\"text\" ><h2 style=\"text-align: center;\">Composants optiques sur mesure<\/h2>\n<p>SINOPTIX propose une gamme tr\u00e8s vari\u00e9e de composants d&rsquo;optique de pr\u00e9cision avec \u00e9galement un vaste choix de mati\u00e8res optiques et de traitements de surfaces optiques.<\/p>\n<\/div><\/section>\n\n<style type=\"text\/css\" data-created_by=\"avia_inline_auto\" id=\"style-css-av-kefd1jux-9cf8b8d32da900f388a5db16d451442f\">\n.flex_column.av-kefd1jux-9cf8b8d32da900f388a5db16d451442f{\nborder-radius:0px 0px 0px 0px;\npadding:0px 0px 0px 0px;\n}\n<\/style>\n<div  class='flex_column av-kefd1jux-9cf8b8d32da900f388a5db16d451442f av_one_third  avia-builder-el-4  el_after_av_textblock  el_before_av_one_third  first flex_column_div av-zero-column-padding  column-top-margin'     ><p>\n<style type=\"text\/css\" data-created_by=\"avia_inline_auto\" id=\"style-css-av-kefcx0q6-2e70a0d30b7696edc85d5562574cfcae\">\n.avia-image-container.av-kefcx0q6-2e70a0d30b7696edc85d5562574cfcae img.avia_image{\nbox-shadow:none;\n}\n.avia-image-container.av-kefcx0q6-2e70a0d30b7696edc85d5562574cfcae .av-image-caption-overlay-center{\ncolor:#ffffff;\n}\n<\/style>\n<div  class='avia-image-container av-kefcx0q6-2e70a0d30b7696edc85d5562574cfcae av-styling-circle av-img-linked avia-align-center  avia-builder-el-5  el_before_av_icon_box  avia-builder-el-first '   itemprop=\"image\" itemscope=\"itemscope\" itemtype=\"https:\/\/schema.org\/ImageObject\" ><div class=\"avia-image-container-inner\"><div class=\"avia-image-overlay-wrap\"><a href=\"https:\/\/sinoptix.eu\/fr\/optical-components\/\" class='avia_image '  aria-label='optic1'><img decoding=\"async\" fetchpriority=\"high\" class='wp-image-6574 avia-img-lazy-loading-not-6574 avia_image ' src=\"https:\/\/sinoptix.eu\/wp-content\/uploads\/2020\/10\/optic1.png\" alt='IR opt' title='optic1'  height=\"263\" width=\"279\"  itemprop=\"thumbnailUrl\"  \/><\/a><\/div><\/div><\/div><br \/>\n\n<style type=\"text\/css\" data-created_by=\"avia_inline_auto\" id=\"style-css-av-kefju6w9-de28cf1947476c406c55cdd25a4f0593\">\n.iconbox.av-kefju6w9-de28cf1947476c406c55cdd25a4f0593 .iconbox_icon{\nbackground-color:#ba3726;\nborder:1px solid #ba3726;\n}\n<\/style>\n<article  class='iconbox iconbox_top av-kefju6w9-de28cf1947476c406c55cdd25a4f0593  avia-builder-el-6  el_after_av_image  el_before_av_hr  wrapper-services main_color'  itemscope=\"itemscope\" itemtype=\"https:\/\/schema.org\/CreativeWork\" ><div class=\"iconbox_content\"><header class=\"entry-content-header\" aria-label=\"Ic\u00f4ne : TYPES D\u2019OPTIQUES\"><div class='iconbox_icon heading-color avia-iconfont avia-font-entypo-fontello' data-av_icon='\ue8d6' data-av_iconfont='entypo-fontello'  ><\/div><h3 class='iconbox_content_title header-service-title'  itemprop=\"headline\" >TYPES D\u2019OPTIQUES<\/h3><\/header><div class='iconbox_content_container '  itemprop=\"text\" ><p style=\"text-align: center;\"><a href=\"https:\/\/sinoptix.eu\/fr\/optical-components\/lentilles-optiques\/\">Lentilles<\/a><\/p>\n<p style=\"text-align: center;\">\u00a0Doublets<\/p>\n<p style=\"text-align: center;\"><a href=\"https:\/\/sinoptix.eu\/fr\/optical-components\/prismes\/\">Prismes<\/a><\/p>\n<p style=\"text-align: center;\"><a href=\"https:\/\/sinoptix.eu\/fr\/optical-components\/fenetres-optiques\/\">Fen\u00eatres<\/a><\/p>\n<p style=\"text-align: center;\">Miroirs<\/p>\n<p style=\"text-align: center;\"><a href=\"https:\/\/sinoptix.eu\/fr\/optical-components\/filtres-optiques\/\">Filtres<\/a><\/p>\n<p style=\"text-align: center;\"><a href=\"https:\/\/sinoptix.eu\/fr\/optical-components\/plastic-optics\/\">Collimateurs Led<\/a><\/p>\n<p style=\"text-align: center;\"><a href=\"https:\/\/sinoptix.eu\/fr\/optical-components\/composants-optiques-ir\/\">Optiques IR<\/a><\/p>\n<p style=\"text-align: center;\"><a href=\"https:\/\/sinoptix.eu\/fr\/composants-optiques-pour-lasers\/\">Optiques laser<\/a><\/p>\n<\/div><\/div><footer class=\"entry-footer\"><\/footer><\/article><br \/>\n\n<style type=\"text\/css\" data-created_by=\"avia_inline_auto\" id=\"style-css-av-kefd0x85-676b7d70e50c6475c0cc123f4321b1ba\">\n#top .hr.av-kefd0x85-676b7d70e50c6475c0cc123f4321b1ba{\nmargin-top:15px;\nmargin-bottom:15px;\n}\n.hr.av-kefd0x85-676b7d70e50c6475c0cc123f4321b1ba .hr-inner{\nwidth:50px;\nborder-color:#ba3726;\nmax-width:45%;\n}\n.hr.av-kefd0x85-676b7d70e50c6475c0cc123f4321b1ba .av-seperator-icon{\ncolor:#ba3726;\n}\n.hr.av-kefd0x85-676b7d70e50c6475c0cc123f4321b1ba .av-seperator-icon.avia-svg-icon svg:first-child{\nfill:#ba3726;\nstroke:#ba3726;\n}\n<\/style>\n<div  class='hr av-kefd0x85-676b7d70e50c6475c0cc123f4321b1ba hr-custom  avia-builder-el-7  el_after_av_icon_box  el_before_av_textblock  hr-center hr-icon-yes'><span class='hr-inner inner-border-av-border-fat'><span class=\"hr-inner-style\"><\/span><\/span><span class='av-seperator-icon avia-iconfont avia-font-entypo-fontello' data-av_icon='\ue82a' data-av_iconfont='entypo-fontello' ><\/span><span class='hr-inner inner-border-av-border-fat'><span class=\"hr-inner-style\"><\/span><\/span><\/div><br \/>\n<section  class='av_textblock_section av-kefd164q-e056aa871d41cd13409b3f1aa6357f3a '   itemscope=\"itemscope\" itemtype=\"https:\/\/schema.org\/CreativeWork\" ><div class='avia_textblock'  itemprop=\"text\" ><div class=\"one_third first flex_column\">\n<div align=\"justify\">Les capacit\u00e9s de Sinoptix en mati\u00e8re de fourniture de composants standards et sur plan touchent de nombreuses industries et un vaste champ d\u2019applications. Ceci nous permet de garantir au client un acc\u00e8s rapide et de qualit\u00e9 aux composants voulus.<\/div>\n<div align=\"justify\"><\/div>\n<\/div>\n<\/div><\/section><\/p><\/div>\n<style type=\"text\/css\" data-created_by=\"avia_inline_auto\" id=\"style-css-av-kefd1jux-10-1f6f29b67c97613e8392a7a1dc701be7\">\n.flex_column.av-kefd1jux-10-1f6f29b67c97613e8392a7a1dc701be7{\nborder-radius:0px 0px 0px 0px;\npadding:0px 0px 0px 0px;\n}\n<\/style>\n<div  class='flex_column av-kefd1jux-10-1f6f29b67c97613e8392a7a1dc701be7 av_one_third  avia-builder-el-9  el_after_av_one_third  el_before_av_one_third  flex_column_div av-zero-column-padding  column-top-margin'     ><p>\n<style type=\"text\/css\" data-created_by=\"avia_inline_auto\" id=\"style-css-av-kefcx0q6-9-f7675738757e1dd0139bd7423a5f8148\">\n.avia-image-container.av-kefcx0q6-9-f7675738757e1dd0139bd7423a5f8148 img.avia_image{\nbox-shadow:none;\n}\n.avia-image-container.av-kefcx0q6-9-f7675738757e1dd0139bd7423a5f8148 .av-image-caption-overlay-center{\ncolor:#ffffff;\n}\n<\/style>\n<div  class='avia-image-container av-kefcx0q6-9-f7675738757e1dd0139bd7423a5f8148 av-styling-circle av-img-linked avia-align-center  avia-builder-el-10  el_before_av_icon_box  avia-builder-el-first '   itemprop=\"image\" itemscope=\"itemscope\" itemtype=\"https:\/\/schema.org\/ImageObject\" ><div class=\"avia-image-container-inner\"><div class=\"avia-image-overlay-wrap\"><a href=\"https:\/\/sinoptix.eu\/fr\/optical-components\/\" class='avia_image '  aria-label='optic2'><img decoding=\"async\" fetchpriority=\"high\" class='wp-image-6568 avia-img-lazy-loading-not-6568 avia_image ' src=\"https:\/\/sinoptix.eu\/wp-content\/uploads\/2020\/10\/optic2.png\" alt='' title='optic2'  height=\"264\" width=\"279\"  itemprop=\"thumbnailUrl\"  \/><\/a><\/div><\/div><\/div><br \/>\n\n<style type=\"text\/css\" data-created_by=\"avia_inline_auto\" id=\"style-css-av-kefju6w9-8-a5f0a61f59ac8e63e08e31c11ba2bfe7\">\n.iconbox.av-kefju6w9-8-a5f0a61f59ac8e63e08e31c11ba2bfe7 .iconbox_icon{\nbackground-color:#ba3726;\nborder:1px solid #ba3726;\n}\n<\/style>\n<article  class='iconbox iconbox_top av-kefju6w9-8-a5f0a61f59ac8e63e08e31c11ba2bfe7  avia-builder-el-11  el_after_av_image  el_before_av_hr  wrapper-services main_color'  itemscope=\"itemscope\" itemtype=\"https:\/\/schema.org\/CreativeWork\" ><div class=\"iconbox_content\"><header class=\"entry-content-header\" aria-label=\"Ic\u00f4ne : MATI\u00c8RES\"><div class='iconbox_icon heading-color avia-iconfont avia-font-entypo-fontello' data-av_icon='\ue84d' data-av_iconfont='entypo-fontello'  ><\/div><h3 class='iconbox_content_title header-service-title'  itemprop=\"headline\" >MATI\u00c8RES<\/h3><\/header><div class='iconbox_content_container '  itemprop=\"text\" ><p style=\"text-align: center;\">Borosilicate glass (N-BK7 \/ H-K9L \/ N-Bak1)<\/p>\n<p style=\"text-align: center;\">Silicium (Si)<\/p>\n<p style=\"text-align: center;\">Germanium (Ge)<\/p>\n<p style=\"text-align: center;\">Zinc selenide<\/p>\n<p style=\"text-align: center;\">Sulfure de\u00a0 Zinc(ZnS)<\/p>\n<p style=\"text-align: center;\">Quartz (SiO2)<\/p>\n<p style=\"text-align: center;\">Fluorure de Manganes(MgF2)<\/p>\n<p style=\"text-align: center;\">Silice (SiO2)<\/p>\n<p style=\"text-align: center;\">Saphir<\/p>\n<\/div><\/div><footer class=\"entry-footer\"><\/footer><\/article><br \/>\n\n<style type=\"text\/css\" data-created_by=\"avia_inline_auto\" id=\"style-css-av-kefd0x85-7-af3ad96d3682deff578ea17dc01cf3e7\">\n#top .hr.av-kefd0x85-7-af3ad96d3682deff578ea17dc01cf3e7{\nmargin-top:15px;\nmargin-bottom:15px;\n}\n.hr.av-kefd0x85-7-af3ad96d3682deff578ea17dc01cf3e7 .hr-inner{\nwidth:50px;\nborder-color:#ba3726;\nmax-width:45%;\n}\n.hr.av-kefd0x85-7-af3ad96d3682deff578ea17dc01cf3e7 .av-seperator-icon{\ncolor:#ba3726;\n}\n.hr.av-kefd0x85-7-af3ad96d3682deff578ea17dc01cf3e7 .av-seperator-icon.avia-svg-icon svg:first-child{\nfill:#ba3726;\nstroke:#ba3726;\n}\n<\/style>\n<div  class='hr av-kefd0x85-7-af3ad96d3682deff578ea17dc01cf3e7 hr-custom  avia-builder-el-12  el_after_av_icon_box  el_before_av_textblock  hr-center hr-icon-yes'><span class='hr-inner inner-border-av-border-fat'><span class=\"hr-inner-style\"><\/span><\/span><span class='av-seperator-icon avia-iconfont avia-font-entypo-fontello' data-av_icon='\ue82a' data-av_iconfont='entypo-fontello' ><\/span><span class='hr-inner inner-border-av-border-fat'><span class=\"hr-inner-style\"><\/span><\/span><\/div><br \/>\n<section  class='av_textblock_section av-kefd164q-6-0c74758a0bd9c54d40e1506c24e50bd9 '   itemscope=\"itemscope\" itemtype=\"https:\/\/schema.org\/CreativeWork\" ><div class='avia_textblock'  itemprop=\"text\" ><div class=\"one_third flex_column\">\n<div align=\"justify\">La performance des composants est d\u00e9termin\u00e9e par la qualit\u00e9 de la mati\u00e8re utilis\u00e9e. Sinoptix propose un vaste champ de mati\u00e8res de premi\u00e8re qualit\u00e9 et garantit la tra\u00e7abilit\u00e9 et la stabilit\u00e9 de son approvisionnement.<\/div>\n<\/div>\n<div class=\"one_third flex_column\">\n<div class=\"iconbox_top\"><\/div>\n<\/div>\n<\/div><\/section><\/p><\/div><\/p>\n\n<style type=\"text\/css\" data-created_by=\"avia_inline_auto\" id=\"style-css-av-kefd1jux-5-34f3fcd6000089aaee2adddd94d0cac7\">\n.flex_column.av-kefd1jux-5-34f3fcd6000089aaee2adddd94d0cac7{\nborder-radius:0px 0px 0px 0px;\npadding:0px 0px 0px 0px;\n}\n<\/style>\n<div  class='flex_column av-kefd1jux-5-34f3fcd6000089aaee2adddd94d0cac7 av_one_third  avia-builder-el-14  el_after_av_one_third  el_before_av_button  flex_column_div av-zero-column-padding  column-top-margin'     ><p>\n<style type=\"text\/css\" data-created_by=\"avia_inline_auto\" id=\"style-css-av-kefcx0q6-4-0d24bfa105a2c82830cfc035718ccd3b\">\n.avia-image-container.av-kefcx0q6-4-0d24bfa105a2c82830cfc035718ccd3b img.avia_image{\nbox-shadow:none;\n}\n.avia-image-container.av-kefcx0q6-4-0d24bfa105a2c82830cfc035718ccd3b .av-image-caption-overlay-center{\ncolor:#ffffff;\n}\n<\/style>\n<div  class='avia-image-container av-kefcx0q6-4-0d24bfa105a2c82830cfc035718ccd3b av-styling-circle av-img-linked avia-align-center  avia-builder-el-15  el_before_av_icon_box  avia-builder-el-first '   itemprop=\"image\" itemscope=\"itemscope\" itemtype=\"https:\/\/schema.org\/ImageObject\" ><div class=\"avia-image-container-inner\"><div class=\"avia-image-overlay-wrap\"><a href=\"https:\/\/sinoptix.eu\/fr\/optical-components\/filtres-optiques\/\" class='avia_image '  aria-label='optic3'><img decoding=\"async\" fetchpriority=\"high\" class='wp-image-6571 avia-img-lazy-loading-not-6571 avia_image ' src=\"https:\/\/sinoptix.eu\/wp-content\/uploads\/2020\/10\/optic3.png\" alt='' title='optic3'  height=\"264\" width=\"277\"  itemprop=\"thumbnailUrl\"  \/><\/a><\/div><\/div><\/div><br \/>\n\n<style type=\"text\/css\" data-created_by=\"avia_inline_auto\" id=\"style-css-av-kefju6w9-3-49832b7af30c17e2699577a4c5252fe5\">\n.iconbox.av-kefju6w9-3-49832b7af30c17e2699577a4c5252fe5 .iconbox_icon{\nbackground-color:#ba3726;\nborder:1px solid #ba3726;\n}\n<\/style>\n<article  class='iconbox iconbox_top av-kefju6w9-3-49832b7af30c17e2699577a4c5252fe5  avia-builder-el-16  el_after_av_image  el_before_av_hr  wrapper-services main_color'  itemscope=\"itemscope\" itemtype=\"https:\/\/schema.org\/CreativeWork\" ><div class=\"iconbox_content\"><header class=\"entry-content-header\" aria-label=\"Ic\u00f4ne : TRAITEMENTS\"><div class='iconbox_icon heading-color avia-iconfont avia-font-entypo-fontello' data-av_icon='\ue849' data-av_iconfont='entypo-fontello'  ><\/div><h3 class='iconbox_content_title header-service-title'  itemprop=\"headline\" >TRAITEMENTS<\/h3><\/header><div class='iconbox_content_container '  itemprop=\"text\" ><p style=\"text-align: center;\">Traitement antireflets<\/p>\n<p style=\"text-align: center;\">Traitement haute r\u00e9flectivit\u00e9<\/p>\n<p style=\"text-align: center;\">Traitement de r\u00e9flexion partielle<\/p>\n<p style=\"text-align: center;\">Traitement de protection optique<\/p>\n<p style=\"text-align: center;\">Traitement en aluminium<\/p>\n<p style=\"text-align: center;\">Traitement m\u00e9talliques<\/p>\n<p style=\"text-align: center;\">Traitement en d\u2019or<\/p>\n<p style=\"text-align: center;\">Traitement de passe-bande<\/p>\n<p style=\"text-align: center;\">Traitement en carbone<\/p>\n<p style=\"text-align: center;\">\n<\/div><\/div><footer class=\"entry-footer\"><\/footer><\/article><br \/>\n\n<style type=\"text\/css\" data-created_by=\"avia_inline_auto\" id=\"style-css-av-kefd0x85-2-f1d07e854f251ad4056d2c607178a3d1\">\n#top .hr.av-kefd0x85-2-f1d07e854f251ad4056d2c607178a3d1{\nmargin-top:15px;\nmargin-bottom:15px;\n}\n.hr.av-kefd0x85-2-f1d07e854f251ad4056d2c607178a3d1 .hr-inner{\nwidth:50px;\nborder-color:#ba3726;\nmax-width:45%;\n}\n.hr.av-kefd0x85-2-f1d07e854f251ad4056d2c607178a3d1 .av-seperator-icon{\ncolor:#ba3726;\n}\n.hr.av-kefd0x85-2-f1d07e854f251ad4056d2c607178a3d1 .av-seperator-icon.avia-svg-icon svg:first-child{\nfill:#ba3726;\nstroke:#ba3726;\n}\n<\/style>\n<div  class='hr av-kefd0x85-2-f1d07e854f251ad4056d2c607178a3d1 hr-custom  avia-builder-el-17  el_after_av_icon_box  el_before_av_textblock  hr-center hr-icon-yes'><span class='hr-inner inner-border-av-border-fat'><span class=\"hr-inner-style\"><\/span><\/span><span class='av-seperator-icon avia-iconfont avia-font-entypo-fontello' data-av_icon='\ue82a' data-av_iconfont='entypo-fontello' ><\/span><span class='hr-inner inner-border-av-border-fat'><span class=\"hr-inner-style\"><\/span><\/span><\/div><br \/>\n<section  class='av_textblock_section av-kefd164q-1-de3dbde62e2356e3737845fda18dffdc '   itemscope=\"itemscope\" itemtype=\"https:\/\/schema.org\/CreativeWork\" ><div class='avia_textblock'  itemprop=\"text\" ><p>Nous proposons tous types de traitements sur vos optiques, du simple traitement antireflet aux traitements passe-bande complexes. Nous utilisons les usines les mieux \u00e9quip\u00e9es et organis\u00e9es de Chine pour vous garantir les r\u00e9sultats dont vous avez besoin.<\/p>\n<\/div><\/section><\/p><\/div>\n<div  id=\"contact-us-service\"  class='avia-button-wrap av-kefjblhn-83a160eb3d0514420ce8babb02f55753-wrap avia-button-center  avia-builder-el-19  el_after_av_one_third  avia-builder-el-last '><a href='https:\/\/sinoptix.eu\/fr\/contact\/'  class='avia-button av-kefjblhn-83a160eb3d0514420ce8babb02f55753 av-link-btn avia-icon_select-no avia-size-x-large avia-position-center avia-color-theme-color-highlight'   aria-label=\"Nous contacter\"><span class='avia_iconbox_title' >Nous contacter<\/span><\/a><\/div>\n","protected":false},"excerpt":{"rendered":"","protected":false},"author":1,"featured_media":0,"parent":4954,"menu_order":0,"comment_status":"closed","ping_status":"closed","template":"","meta":{"footnotes":""},"class_list":["post-4966","page","type-page","status-publish","hentry"],"_links":{"self":[{"href":"https:\/\/sinoptix.eu\/fr\/wp-json\/wp\/v2\/pages\/4966","targetHints":{"allow":["GET"]}}],"collection":[{"href":"https:\/\/sinoptix.eu\/fr\/wp-json\/wp\/v2\/pages"}],"about":[{"href":"https:\/\/sinoptix.eu\/fr\/wp-json\/wp\/v2\/types\/page"}],"author":[{"embeddable":true,"href":"https:\/\/sinoptix.eu\/fr\/wp-json\/wp\/v2\/users\/1"}],"replies":[{"embeddable":true,"href":"https:\/\/sinoptix.eu\/fr\/wp-json\/wp\/v2\/comments?post=4966"}],"version-history":[{"count":3,"href":"https:\/\/sinoptix.eu\/fr\/wp-json\/wp\/v2\/pages\/4966\/revisions"}],"predecessor-version":[{"id":19146,"href":"https:\/\/sinoptix.eu\/fr\/wp-json\/wp\/v2\/pages\/4966\/revisions\/19146"}],"up":[{"embeddable":true,"href":"https:\/\/sinoptix.eu\/fr\/wp-json\/wp\/v2\/pages\/4954"}],"wp:attachment":[{"href":"https:\/\/sinoptix.eu\/fr\/wp-json\/wp\/v2\/media?parent=4966"}],"curies":[{"name":"wp","href":"https:\/\/api.w.org\/{rel}","templated":true}]}}