{"id":4987,"date":"2020-08-25T13:59:58","date_gmt":"2020-08-25T13:59:58","guid":{"rendered":"http:\/\/sinoptix.eu\/faq\/"},"modified":"2022-07-13T04:02:44","modified_gmt":"2022-07-13T04:02:44","slug":"faq","status":"publish","type":"page","link":"https:\/\/sinoptix.eu\/fr\/faq\/","title":{"rendered":"Faq Sinoptix"},"content":{"rendered":"\n<style type=\"text\/css\" data-created_by=\"avia_inline_auto\" id=\"style-css-av-snezod-e0895db6155e32e6d7e3b237799485c7\">\n.flex_column.av-snezod-e0895db6155e32e6d7e3b237799485c7{\nborder-radius:0px 0px 0px 0px;\npadding:0px 0px 0px 0px;\n}\n<\/style>\n<div  class='flex_column av-snezod-e0895db6155e32e6d7e3b237799485c7 av_one_full  avia-builder-el-0  avia-builder-el-no-sibling  first flex_column_div av-zero-column-padding  '     ><p>\n<style type=\"text\/css\" data-created_by=\"avia_inline_auto\" id=\"style-css-av-kea04ctj-1a74e602c0ef4d2277fb7edfcb55e569\">\n.avia-image-container.av-kea04ctj-1a74e602c0ef4d2277fb7edfcb55e569 img.avia_image{\nbox-shadow:none;\n}\n.avia-image-container.av-kea04ctj-1a74e602c0ef4d2277fb7edfcb55e569 .av-image-caption-overlay-center{\ncolor:#ffffff;\n}\n<\/style>\n<div  id=\"faq-banner\"  class='avia-image-container av-kea04ctj-1a74e602c0ef4d2277fb7edfcb55e569 av-styling- avia-align-center  avia-builder-el-1  el_before_av_textblock  avia-builder-el-first '   itemprop=\"image\" itemscope=\"itemscope\" itemtype=\"https:\/\/schema.org\/ImageObject\" ><div class=\"avia-image-container-inner\"><div class=\"avia-image-overlay-wrap\"><img decoding=\"async\" fetchpriority=\"high\" class='wp-image-4988 avia-img-lazy-loading-not-4988 avia_image ' src=\"https:\/\/sinoptix.eu\/wp-content\/uploads\/2020\/08\/slide.jpg\" alt='' title='slide'  height=\"376\" width=\"930\"  itemprop=\"thumbnailUrl\"  \/><\/div><\/div><\/div><br \/>\n<section  id=\"main-title-faq\"  class='av_textblock_section av-kefmee0r-344fc9ad34de8cc62b29305a80c8a76e '   itemscope=\"itemscope\" itemtype=\"https:\/\/schema.org\/CreativeWork\" ><div class='avia_textblock'  itemprop=\"text\" ><h1 style=\"text-align: center;\">FAQ<\/h1>\n<\/div><\/section><br \/>\n\n<style type=\"text\/css\" data-created_by=\"avia_inline_auto\" id=\"style-css-av-kea0m8ws-83ef80a6a3c5740170a3867cf5dad905\">\n#top .togglecontainer.av-kea0m8ws-83ef80a6a3c5740170a3867cf5dad905 p.toggler.activeTitle{\ncolor:#ba3726;\nborder-color:#ba3726;\n}\n#top .togglecontainer.av-kea0m8ws-83ef80a6a3c5740170a3867cf5dad905 p.toggler:not(.activeTitle):hover{\ncolor:#ffffff;\nbackground-color:#ba3726;\n}\n#top .togglecontainer.av-kea0m8ws-83ef80a6a3c5740170a3867cf5dad905 p.toggler:not(.activeTitle):hover .toggle_icon, #top .togglecontainer.av-kea0m8ws-83ef80a6a3c5740170a3867cf5dad905 p.toggler:not(.activeTitle):hover .toggle_icon *{\nborder-color:#ffffff !important;\n}\n<\/style>\n<div  id=\"faq\"  class='togglecontainer av-kea0m8ws-83ef80a6a3c5740170a3867cf5dad905 av-minimal-toggle  avia-builder-el-3  el_after_av_textblock  el_before_av_textblock  toggle_close_all hasCurrentStyle' >\n<section class='av_toggle_section av-qmuxbf-2e3c020b6cb9d32a4a163f9c336a8a52'  itemscope=\"itemscope\" itemtype=\"https:\/\/schema.org\/CreativeWork\" ><div role=\"tablist\" class=\"single_toggle\" data-tags=\"{Tout} \"  ><p id='toggle-toggle-id-1' data-fake-id='#toggle-id-1' class='toggler  activeTitle av-title-above '  itemprop=\"headline\"  role='tab' tabindex='0' aria-controls='toggle-id-1' data-slide-speed=\"200\" data-title=\"Pourquoi Sinoptix ?\" data-title-open=\"\" data-aria_collapsed=\"Cliquez pour \u00e9tendre : Pourquoi Sinoptix ?\" data-aria_expanded=\"Cliquez pour r\u00e9duire : Pourquoi Sinoptix ?\">Pourquoi Sinoptix ?<span class=\"toggle_icon\"><span class=\"vert_icon\"><\/span><span class=\"hor_icon\"><\/span><\/span><\/p><div id='toggle-id-1' aria-labelledby='toggle-toggle-id-1' role='region' class='toggle_wrap  active_tc av-title-above' style='display:block;' ><div class='toggle_content invers-color '  itemprop=\"text\" ><p>Lentilles, prismes, fen\u00eatres, doublets, filtres, lentilles toro\u00efdes, verre moul\u00e9, souffl\u00e9, color\u00e9 et bien plus. Tous ces composants peuvent \u00eatre fournis par Sinoptix. Notre \u00e9quipe internationale analyse vos sp\u00e9cifications, suit la r\u00e9alisation de vos pi\u00e8ces pas \u00e0 pas et notre contr\u00f4le final vous garantit la qualit\u00e9 d\u00e9sir\u00e9e. Un seul contact depuis la demande de prix jusqu\u2019\u00e0 la livraison sur votre site et le service apr\u00e8s-vente pour tous vos composants optiques ou verriers.<\/p>\n<\/div><\/div><\/div><\/section>\n<section class='av_toggle_section av-pw2f3f-14af99daab53e4e269ce1d784acf5211'  itemscope=\"itemscope\" itemtype=\"https:\/\/schema.org\/CreativeWork\" ><div role=\"tablist\" class=\"single_toggle\" data-tags=\"{Tout} \"  ><p id='toggle-toggle-id-2' data-fake-id='#toggle-id-2' class='toggler  av-title-above '  itemprop=\"headline\"  role='tab' tabindex='0' aria-controls='toggle-id-2' data-slide-speed=\"200\" data-title=\"Comment pouvez-vous m\u2019aider \u00e0 r\u00e9aliser mon projet ?\" data-title-open=\"\" data-aria_collapsed=\"Cliquez pour \u00e9tendre : Comment pouvez-vous m\u2019aider \u00e0 r\u00e9aliser mon projet ?\" data-aria_expanded=\"Cliquez pour r\u00e9duire : Comment pouvez-vous m\u2019aider \u00e0 r\u00e9aliser mon projet ?\">Comment pouvez-vous m\u2019aider \u00e0 r\u00e9aliser mon projet ?<span class=\"toggle_icon\"><span class=\"vert_icon\"><\/span><span class=\"hor_icon\"><\/span><\/span><\/p><div id='toggle-id-2' aria-labelledby='toggle-toggle-id-2' role='region' class='toggle_wrap  av-title-above'  ><div class='toggle_content invers-color '  itemprop=\"text\" ><p>L\u2019exp\u00e9rience de notre \u00e9quipe, notre organisation et notre connaissance du march\u00e9 chinois nous permettent de vous offrir les meilleures solutions pour la fabrication de vos pi\u00e8ces. Nous nous occupons de tout et surtout de la qualit\u00e9 de vos composants.<\/p>\n<\/div><\/div><\/div><\/section>\n<section class='av_toggle_section av-ool4sb-a77008b9929bafe4646577bfd4034ebe'  itemscope=\"itemscope\" itemtype=\"https:\/\/schema.org\/CreativeWork\" ><div role=\"tablist\" class=\"single_toggle\" data-tags=\"{Tout} \"  ><p id='toggle-toggle-id-3' data-fake-id='#toggle-id-3' class='toggler  av-title-above '  itemprop=\"headline\"  role='tab' tabindex='0' aria-controls='toggle-id-3' data-slide-speed=\"200\" data-title=\" Quels composants Sinoptix peut-elle fournir ?\" data-title-open=\"\" data-aria_collapsed=\"Cliquez pour \u00e9tendre :  Quels composants Sinoptix peut-elle fournir ?\" data-aria_expanded=\"Cliquez pour r\u00e9duire :  Quels composants Sinoptix peut-elle fournir ?\"> Quels composants Sinoptix peut-elle fournir ?<span class=\"toggle_icon\"><span class=\"vert_icon\"><\/span><span class=\"hor_icon\"><\/span><\/span><\/p><div id='toggle-id-3' aria-labelledby='toggle-toggle-id-3' role='region' class='toggle_wrap  av-title-above'  ><div class='toggle_content invers-color '  itemprop=\"text\" ><p>Nous sommes sp\u00e9cialis\u00e9s dans la fabrication sur plan de composants optiques et pi\u00e8ces en verre. Nous travaillons avec un panel compos\u00e9 des meilleurs fournisseurs chinois (80 fournisseurs actifs tri\u00e9s sur le volet), cela signifie que nos capacit\u00e9s sont tr\u00e8s vastes. Pour plus d\u2019information, veuillez t\u00e9l\u00e9charger nos fiches techniques ou nous envoyer votre demande de devis gratuit.<\/p>\n<\/div><\/div><\/div><\/section>\n<section class='av_toggle_section av-22sd57-fa0e4688dd3293479950e0a3cf5a000a'  itemscope=\"itemscope\" itemtype=\"https:\/\/schema.org\/CreativeWork\" ><div role=\"tablist\" class=\"single_toggle\" data-tags=\"{Tout} \"  ><p id='toggle-toggle-id-4' data-fake-id='#toggle-id-4' class='toggler  av-title-above '  itemprop=\"headline\"  role='tab' tabindex='0' aria-controls='toggle-id-4' data-slide-speed=\"200\" data-title=\"Quels sont vos d\u00e9lais de livraison ?\" data-title-open=\"\" data-aria_collapsed=\"Cliquez pour \u00e9tendre : Quels sont vos d\u00e9lais de livraison ?\" data-aria_expanded=\"Cliquez pour r\u00e9duire : Quels sont vos d\u00e9lais de livraison ?\">Quels sont vos d\u00e9lais de livraison ?<span class=\"toggle_icon\"><span class=\"vert_icon\"><\/span><span class=\"hor_icon\"><\/span><\/span><\/p><div id='toggle-id-4' aria-labelledby='toggle-toggle-id-4' role='region' class='toggle_wrap  av-title-above'  ><div class='toggle_content invers-color '  itemprop=\"text\" ><p>Les d\u00e9lais de livraison sont tr\u00e8s variables et d\u00e9pendent des projets et de leur complexit\u00e9. Cependant, en r\u00e8gle g\u00e9n\u00e9rale, les d\u00e9lais sont de dix jours pour des composants standards et il faut compter environ 30 jours pour des projets plus complexes.<\/p>\n<\/div><\/div><\/div><\/section>\n<section class='av_toggle_section av-j0y8qz-5f3b6a7c9ebf82536fffa61c94018432'  itemscope=\"itemscope\" itemtype=\"https:\/\/schema.org\/CreativeWork\" ><div role=\"tablist\" class=\"single_toggle\" data-tags=\"{Tout} \"  ><p id='toggle-toggle-id-5' data-fake-id='#toggle-id-5' class='toggler  av-title-above '  itemprop=\"headline\"  role='tab' tabindex='0' aria-controls='toggle-id-5' data-slide-speed=\"200\" data-title=\"Quand vais-je recevoir mon offre de prix ?\" data-title-open=\"\" data-aria_collapsed=\"Cliquez pour \u00e9tendre : Quand vais-je recevoir mon offre de prix ?\" data-aria_expanded=\"Cliquez pour r\u00e9duire : Quand vais-je recevoir mon offre de prix ?\">Quand vais-je recevoir mon offre de prix ?<span class=\"toggle_icon\"><span class=\"vert_icon\"><\/span><span class=\"hor_icon\"><\/span><\/span><\/p><div id='toggle-id-5' aria-labelledby='toggle-toggle-id-5' role='region' class='toggle_wrap  av-title-above'  ><div class='toggle_content invers-color '  itemprop=\"text\" ><div>En fonction de votre demande et apr\u00e8s clarification de toutes vos sp\u00e9cifications, les offres sont propos\u00e9es entre deux et cinq jours.<\/div>\n<div class=\"hr \"><\/div>\n<\/div><\/div><\/div><\/section>\n<section class='av_toggle_section av-gxmwq3-acc9bd1b317c543fb08285c86603a22f'  itemscope=\"itemscope\" itemtype=\"https:\/\/schema.org\/CreativeWork\" ><div role=\"tablist\" class=\"single_toggle\" data-tags=\"{Tout} \"  ><p id='toggle-toggle-id-6' data-fake-id='#toggle-id-6' class='toggler  av-title-above '  itemprop=\"headline\"  role='tab' tabindex='0' aria-controls='toggle-id-6' data-slide-speed=\"200\" data-title=\"Quels sont vos termes de livraison ?\" data-title-open=\"\" data-aria_collapsed=\"Cliquez pour \u00e9tendre : Quels sont vos termes de livraison ?\" data-aria_expanded=\"Cliquez pour r\u00e9duire : Quels sont vos termes de livraison ?\">Quels sont vos termes de livraison ?<span class=\"toggle_icon\"><span class=\"vert_icon\"><\/span><span class=\"hor_icon\"><\/span><\/span><\/p><div id='toggle-id-6' aria-labelledby='toggle-toggle-id-6' role='region' class='toggle_wrap  av-title-above'  ><div class='toggle_content invers-color '  itemprop=\"text\" ><p>La plupart des acteurs chinois proposent des prix FOB, n\u00e9anmoins Sinoptix organise la livraison depuis la Chine \u00e0 votre site en Europe ou partout dans le monde sous les termes DAP (livraison sur site) ou DDP (livraison sur site, taxes incluses).<\/p>\n<\/div><\/div><\/div><\/section>\n<section class='av_toggle_section av-f7t99n-6cb0a430a344cbd73fbe0226bef2df08'  itemscope=\"itemscope\" itemtype=\"https:\/\/schema.org\/CreativeWork\" ><div role=\"tablist\" class=\"single_toggle\" data-tags=\"{Tout} \"  ><p id='toggle-toggle-id-7' data-fake-id='#toggle-id-7' class='toggler  av-title-above '  itemprop=\"headline\"  role='tab' tabindex='0' aria-controls='toggle-id-7' data-slide-speed=\"200\" data-title=\"O\u00f9 puis-je envoyer ma demande de prix (RFQ) ?\" data-title-open=\"\" data-aria_collapsed=\"Cliquez pour \u00e9tendre : O\u00f9 puis-je envoyer ma demande de prix (RFQ) ?\" data-aria_expanded=\"Cliquez pour r\u00e9duire : O\u00f9 puis-je envoyer ma demande de prix (RFQ) ?\">O\u00f9 puis-je envoyer ma demande de prix (RFQ) ?<span class=\"toggle_icon\"><span class=\"vert_icon\"><\/span><span class=\"hor_icon\"><\/span><\/span><\/p><div id='toggle-id-7' aria-labelledby='toggle-toggle-id-7' role='region' class='toggle_wrap  av-title-above'  ><div class='toggle_content invers-color '  itemprop=\"text\" ><p>Vous pouvez envoyer vos demandes de prix gr\u00e2ce \u00e0 notre formulaire en ligne avec vos sch\u00e9mas techniques, sp\u00e9cifications et quantit\u00e9s estim\u00e9es. Nous vous contacterons rapidement avec une offre. Vous pouvez \u00e9galement envoyer un email directement \u00e0\u00a0<a href=\"mailto:contact@sinoptix.fr?cc=info@asiaglobalconsulting.com\">contact@sinoptix.fr<\/a><\/p>\n<\/div><\/div><\/div><\/section>\n<section class='av_toggle_section av-1esdqz-6aaf1f8cd8d3086c48d6bb17535cdd58'  itemscope=\"itemscope\" itemtype=\"https:\/\/schema.org\/CreativeWork\" ><div role=\"tablist\" class=\"single_toggle\" data-tags=\"{Tout} \"  ><p id='toggle-toggle-id-8' data-fake-id='#toggle-id-8' class='toggler  av-title-above '  itemprop=\"headline\"  role='tab' tabindex='0' aria-controls='toggle-id-8' data-slide-speed=\"200\" data-title=\"\u00cates-vous une soci\u00e9t\u00e9 chinoise ?\" data-title-open=\"\" data-aria_collapsed=\"Cliquez pour \u00e9tendre : \u00cates-vous une soci\u00e9t\u00e9 chinoise ?\" data-aria_expanded=\"Cliquez pour r\u00e9duire : \u00cates-vous une soci\u00e9t\u00e9 chinoise ?\">\u00cates-vous une soci\u00e9t\u00e9 chinoise ?<span class=\"toggle_icon\"><span class=\"vert_icon\"><\/span><span class=\"hor_icon\"><\/span><\/span><\/p><div id='toggle-id-8' aria-labelledby='toggle-toggle-id-8' role='region' class='toggle_wrap  av-title-above'  ><div class='toggle_content invers-color '  itemprop=\"text\" ><p>Sinoptix est une marque commerciale de AGC Business Consulting, soci\u00e9t\u00e9 de droit belge dont les bureaux op\u00e9rationnels sont bas\u00e9s \u00e0 Shanghai et Qingdao au plus proche des projets. Nous disposons n\u00e9anmoins d\u2019une filiale \u00e0 droit 100\u00a0% chinois qui nous permet de facturer en RMB \u00e0 nos clients pr\u00e9sents sur le territoire chinois.<\/p>\n<\/div><\/div><\/div><\/section>\n<section class='av_toggle_section av-d0adzv-2d1ccbb16b86f770d1cc4cb994dc6efb'  itemscope=\"itemscope\" itemtype=\"https:\/\/schema.org\/CreativeWork\" ><div role=\"tablist\" class=\"single_toggle\" data-tags=\"{Tout} \"  ><p id='toggle-toggle-id-9' data-fake-id='#toggle-id-9' class='toggler  av-title-above '  itemprop=\"headline\"  role='tab' tabindex='0' aria-controls='toggle-id-9' data-slide-speed=\"200\" data-title=\"Puis-je visiter les locaux de Sinoptix ?\" data-title-open=\"\" data-aria_collapsed=\"Cliquez pour \u00e9tendre : Puis-je visiter les locaux de Sinoptix ?\" data-aria_expanded=\"Cliquez pour r\u00e9duire : Puis-je visiter les locaux de Sinoptix ?\">Puis-je visiter les locaux de Sinoptix ?<span class=\"toggle_icon\"><span class=\"vert_icon\"><\/span><span class=\"hor_icon\"><\/span><\/span><\/p><div id='toggle-id-9' aria-labelledby='toggle-toggle-id-9' role='region' class='toggle_wrap  av-title-above'  ><div class='toggle_content invers-color '  itemprop=\"text\" ><p>Nous accueillons tout visiteur \u00e0 venir dans nos bureaux de Shanghai. Contactez-nous directement pour convenir d\u2019un rendez-vous si vous d\u00e9sirez effectuer une visite d\u2019usine.<\/p>\n<\/div><\/div><\/div><\/section>\n<section class='av_toggle_section av-bfmzsb-471e62966d9a077934769c16645c506d'  itemscope=\"itemscope\" itemtype=\"https:\/\/schema.org\/CreativeWork\" ><div role=\"tablist\" class=\"single_toggle\" data-tags=\"{Tout} \"  ><p id='toggle-toggle-id-10' data-fake-id='#toggle-id-10' class='toggler  av-title-above '  itemprop=\"headline\"  role='tab' tabindex='0' aria-controls='toggle-id-10' data-slide-speed=\"200\" data-title=\"Dans quelle industrie se sp\u00e9cialise Sinoptix ?\" data-title-open=\"\" data-aria_collapsed=\"Cliquez pour \u00e9tendre : Dans quelle industrie se sp\u00e9cialise Sinoptix ?\" data-aria_expanded=\"Cliquez pour r\u00e9duire : Dans quelle industrie se sp\u00e9cialise Sinoptix ?\">Dans quelle industrie se sp\u00e9cialise Sinoptix ?<span class=\"toggle_icon\"><span class=\"vert_icon\"><\/span><span class=\"hor_icon\"><\/span><\/span><\/p><div id='toggle-id-10' aria-labelledby='toggle-toggle-id-10' role='region' class='toggle_wrap  av-title-above'  ><div class='toggle_content invers-color '  itemprop=\"text\" ><div>Sinoptix est impliqu\u00e9e dans la plupart des industries\u00a0: industrie optique, lasers, \u00e9lectronique, a\u00e9ronautique, automobile, ferroviaire, etc.<\/div>\n<\/div><\/div><\/div><\/section>\n<section class='av_toggle_section av-8vflbv-59ed7cf383a61237eae71cddd339baeb'  itemscope=\"itemscope\" itemtype=\"https:\/\/schema.org\/CreativeWork\" ><div role=\"tablist\" class=\"single_toggle\" data-tags=\"{Tout} \"  ><p id='toggle-toggle-id-11' data-fake-id='#toggle-id-11' class='toggler  av-title-above '  itemprop=\"headline\"  role='tab' tabindex='0' aria-controls='toggle-id-11' data-slide-speed=\"200\" data-title=\"Qu\u2019en est-il de la protection de la propri\u00e9t\u00e9 intellectuelle en Chine ?\" data-title-open=\"\" data-aria_collapsed=\"Cliquez pour \u00e9tendre : Qu\u2019en est-il de la protection de la propri\u00e9t\u00e9 intellectuelle en Chine ?\" data-aria_expanded=\"Cliquez pour r\u00e9duire : Qu\u2019en est-il de la protection de la propri\u00e9t\u00e9 intellectuelle en Chine ?\">Qu\u2019en est-il de la protection de la propri\u00e9t\u00e9 intellectuelle en Chine ?<span class=\"toggle_icon\"><span class=\"vert_icon\"><\/span><span class=\"hor_icon\"><\/span><\/span><\/p><div id='toggle-id-11' aria-labelledby='toggle-toggle-id-11' role='region' class='toggle_wrap  av-title-above'  ><div class='toggle_content invers-color '  itemprop=\"text\" ><p>Garder la confidentialit\u00e9 des informations de nos clients est vital, donc pour Sinoptix, la signature de contrats de confidentialit\u00e9 (NDA) avant de travailler sur un projet est une \u00e9tape habituelle et standard.<\/p>\n<\/div><\/div><\/div><\/section>\n<section class='av_toggle_section av-78ir0r-5883b9b11df18fb4425cb02dfd925ceb'  itemscope=\"itemscope\" itemtype=\"https:\/\/schema.org\/CreativeWork\" ><div role=\"tablist\" class=\"single_toggle\" data-tags=\"{Tout} \"  ><p id='toggle-toggle-id-12' data-fake-id='#toggle-id-12' class='toggler  av-title-above '  itemprop=\"headline\"  role='tab' tabindex='0' aria-controls='toggle-id-12' data-slide-speed=\"200\" data-title=\"Pouvez-vous effectuer des prototypes ?\" data-title-open=\"\" data-aria_collapsed=\"Cliquez pour \u00e9tendre : Pouvez-vous effectuer des prototypes ?\" data-aria_expanded=\"Cliquez pour r\u00e9duire : Pouvez-vous effectuer des prototypes ?\">Pouvez-vous effectuer des prototypes ?<span class=\"toggle_icon\"><span class=\"vert_icon\"><\/span><span class=\"hor_icon\"><\/span><\/span><\/p><div id='toggle-id-12' aria-labelledby='toggle-toggle-id-12' role='region' class='toggle_wrap  av-title-above'  ><div class='toggle_content invers-color '  itemprop=\"text\" ><p>Oui, nous proposons des prototypes et des \u00e9chantillons comme premi\u00e8re \u00e9tape de la collaboration avec un client.<\/p>\n<\/div><\/div><\/div><\/section>\n<section class='av_toggle_section av-5riqqz-08b25afc498c333d60114e0a22bf443a'  itemscope=\"itemscope\" itemtype=\"https:\/\/schema.org\/CreativeWork\" ><div role=\"tablist\" class=\"single_toggle\" data-tags=\"{Tout} \"  ><p id='toggle-toggle-id-13' data-fake-id='#toggle-id-13' class='toggler  av-title-above '  itemprop=\"headline\"  role='tab' tabindex='0' aria-controls='toggle-id-13' data-slide-speed=\"200\" data-title=\"Comment Sinoptix va-t-elle me permettre de r\u00e9duire mes co\u00fbts ?\" data-title-open=\"\" data-aria_collapsed=\"Cliquez pour \u00e9tendre : Comment Sinoptix va-t-elle me permettre de r\u00e9duire mes co\u00fbts ?\" data-aria_expanded=\"Cliquez pour r\u00e9duire : Comment Sinoptix va-t-elle me permettre de r\u00e9duire mes co\u00fbts ?\">Comment Sinoptix va-t-elle me permettre de r\u00e9duire mes co\u00fbts ?<span class=\"toggle_icon\"><span class=\"vert_icon\"><\/span><span class=\"hor_icon\"><\/span><\/span><\/p><div id='toggle-id-13' aria-labelledby='toggle-toggle-id-13' role='region' class='toggle_wrap  av-title-above'  ><div class='toggle_content invers-color '  itemprop=\"text\" ><p>Avec une existence de plus de dix ans, Sinoptix a acc\u00e8s \u00e0 des capacit\u00e9s de production exclusives et poss\u00e8de des accords particuliers afin d\u2019avoir des prix tr\u00e8s comp\u00e9titifs. Nous offrons en g\u00e9n\u00e9ral \u00e0 nos clients des gains d\u2019achat compris entre -20 et -40\u00a0%.<\/p>\n<\/div><\/div><\/div><\/section>\n<section class='av_toggle_section av-4lbytn-43eaa361839acb1113fb2ee7f48b254e'  itemscope=\"itemscope\" itemtype=\"https:\/\/schema.org\/CreativeWork\" ><div role=\"tablist\" class=\"single_toggle\" data-tags=\"{Tout} \"  ><p id='toggle-toggle-id-14' data-fake-id='#toggle-id-14' class='toggler  av-title-above '  itemprop=\"headline\"  role='tab' tabindex='0' aria-controls='toggle-id-14' data-slide-speed=\"200\" data-title=\"Qui sont vos clients ?\" data-title-open=\"\" data-aria_collapsed=\"Cliquez pour \u00e9tendre : Qui sont vos clients ?\" data-aria_expanded=\"Cliquez pour r\u00e9duire : Qui sont vos clients ?\">Qui sont vos clients ?<span class=\"toggle_icon\"><span class=\"vert_icon\"><\/span><span class=\"hor_icon\"><\/span><\/span><\/p><div id='toggle-id-14' aria-labelledby='toggle-toggle-id-14' role='region' class='toggle_wrap  av-title-above'  ><div class='toggle_content invers-color '  itemprop=\"text\" ><p>Sinoptix travaille avec des clients tr\u00e8s vari\u00e9s, mais \u00e0 grande majorit\u00e9 des PME\/PMI europ\u00e9ennes \u00e0 qui nous proposons la possibilit\u00e9 d\u2019avoir un bureau d\u2019achat en Chine sans avoir \u00e0 en payer les co\u00fbts fixes. Nous proposons \u00e9galement aux plus grandes soci\u00e9t\u00e9s une flexibilit\u00e9 et une sp\u00e9cialisation technique dont elles peuvent manquer avec leur personnel pr\u00e9sent en Chine.<br \/>\nNous pouvons vous fournir des r\u00e9f\u00e9rences sur demande.<\/p>\n<\/div><\/div><\/div><\/section>\n<section class='av_toggle_section av-313kqj-c6c6a0c18753fe1b4e6e14ae4dcd0a1b'  itemscope=\"itemscope\" itemtype=\"https:\/\/schema.org\/CreativeWork\" ><div role=\"tablist\" class=\"single_toggle\" data-tags=\"{Tout} \"  ><p id='toggle-toggle-id-15' data-fake-id='#toggle-id-15' class='toggler  av-title-above '  itemprop=\"headline\"  role='tab' tabindex='0' aria-controls='toggle-id-15' data-slide-speed=\"200\" data-title=\"Quels types de probl\u00e8mes pouvons-nous \u00e9viter en travaillant avec Sinoptix ?\" data-title-open=\"\" data-aria_collapsed=\"Cliquez pour \u00e9tendre : Quels types de probl\u00e8mes pouvons-nous \u00e9viter en travaillant avec Sinoptix ?\" data-aria_expanded=\"Cliquez pour r\u00e9duire : Quels types de probl\u00e8mes pouvons-nous \u00e9viter en travaillant avec Sinoptix ?\">Quels types de probl\u00e8mes pouvons-nous \u00e9viter en travaillant avec Sinoptix ?<span class=\"toggle_icon\"><span class=\"vert_icon\"><\/span><span class=\"hor_icon\"><\/span><\/span><\/p><div id='toggle-id-15' aria-labelledby='toggle-toggle-id-15' role='region' class='toggle_wrap  av-title-above'  ><div class='toggle_content invers-color '  itemprop=\"text\" ><p>Nous vous permettons d\u2019\u00e9viter tout le processus de recherche de fournisseur et leur audit. Vous pouvez \u00e9galement \u00e9viter les probl\u00e8mes culturels de communication et d\u2019incompr\u00e9hension. Nous vous proposons des solutions comp\u00e9titives, flexibles, avec la garantie de produits de bonne qualit\u00e9, tout en r\u00e9duisant le stress li\u00e9 \u00e0 la sous-traitance \u00e0 distance. La solution que nous proposons est \u00e9quivalente \u00e0 celle d\u2019avoir un bureau d\u2019achat en Chine sans \u00e0 en avoir \u00e0 supporter les co\u00fbts fixes.<\/p>\n<\/div><\/div><\/div><\/section>\n<\/div><br \/>\n<section  class='av_textblock_section av-kea13lbl-e923f0ff23efd2ee98f21faad1fb8f79 '   itemscope=\"itemscope\" itemtype=\"https:\/\/schema.org\/CreativeWork\" ><div class='avia_textblock'  itemprop=\"text\" ><p style=\"text-align: center; padding: 25px 0;\">If you did not find the answer to your question, send us an email and we will answer as soon as possible.<\/p>\n<\/div><\/section><br \/>\n<div  class='avia-button-wrap av-kea158h6-2cf80fd61b2b20952cd37017e44b8003-wrap avia-button-center  avia-builder-el-5  el_after_av_textblock  avia-builder-el-last '><a href='https:\/\/sinoptix.eu\/fr\/contact\/'  class='avia-button av-kea158h6-2cf80fd61b2b20952cd37017e44b8003 av-link-btn avia-icon_select-no avia-size-x-large avia-position-center avia-color-theme-color-highlight'   aria-label=\"Nous Contacter\"><span class='avia_iconbox_title' >Nous Contacter<\/span><\/a><\/div><\/p><\/div>\n","protected":false},"excerpt":{"rendered":"","protected":false},"author":1,"featured_media":0,"parent":0,"menu_order":0,"comment_status":"closed","ping_status":"closed","template":"","meta":{"footnotes":""},"class_list":["post-4987","page","type-page","status-publish","hentry"],"_links":{"self":[{"href":"https:\/\/sinoptix.eu\/fr\/wp-json\/wp\/v2\/pages\/4987","targetHints":{"allow":["GET"]}}],"collection":[{"href":"https:\/\/sinoptix.eu\/fr\/wp-json\/wp\/v2\/pages"}],"about":[{"href":"https:\/\/sinoptix.eu\/fr\/wp-json\/wp\/v2\/types\/page"}],"author":[{"embeddable":true,"href":"https:\/\/sinoptix.eu\/fr\/wp-json\/wp\/v2\/users\/1"}],"replies":[{"embeddable":true,"href":"https:\/\/sinoptix.eu\/fr\/wp-json\/wp\/v2\/comments?post=4987"}],"version-history":[{"count":4,"href":"https:\/\/sinoptix.eu\/fr\/wp-json\/wp\/v2\/pages\/4987\/revisions"}],"predecessor-version":[{"id":13152,"href":"https:\/\/sinoptix.eu\/fr\/wp-json\/wp\/v2\/pages\/4987\/revisions\/13152"}],"wp:attachment":[{"href":"https:\/\/sinoptix.eu\/fr\/wp-json\/wp\/v2\/media?parent=4987"}],"curies":[{"name":"wp","href":"https:\/\/api.w.org\/{rel}","templated":true}]}}