{"id":4993,"date":"2020-09-02T07:59:06","date_gmt":"2020-09-02T07:59:06","guid":{"rendered":"http:\/\/sinoptix.eu\/contact-us\/"},"modified":"2026-01-15T08:58:58","modified_gmt":"2026-01-15T08:58:58","slug":"contact","status":"publish","type":"page","link":"https:\/\/sinoptix.eu\/fr\/contact\/","title":{"rendered":"Demande de prix"},"content":{"rendered":"<div  class='flex_column av-4u01e9-24bdc1c5d4dcceff94df254c3b29dca0 av_three_fourth  avia-builder-el-0  el_before_av_one_fourth  avia-builder-el-first  first flex_column_div  '     ><section  id=\"main-title-about-us\"  class='av_textblock_section av-kefbnb4u-3b7b064eaabc1daaefa2a6d56dba87a2 '   itemscope=\"itemscope\" itemtype=\"https:\/\/schema.org\/CreativeWork\" ><div class='avia_textblock'  itemprop=\"text\" ><h1 style=\"text-align: center;\">Demande de prix en ligne pour vos composants optiques<\/h1>\n<p style=\"text-align: center;\">Des informations d\u00e9taill\u00e9es sur votre projet acc\u00e9l\u00e8rent le processus de remise de prix!<\/p>\n<\/div><\/section><br \/>\n\n<style type=\"text\/css\" data-created_by=\"avia_inline_auto\" id=\"style-css-av-1vb5sh-fcea6385ef369f0701d9a969938d38da\">\n#top .hr.av-1vb5sh-fcea6385ef369f0701d9a969938d38da{\nmargin-top:0px;\nmargin-bottom:30px;\n}\n.hr.av-1vb5sh-fcea6385ef369f0701d9a969938d38da .hr-inner{\nwidth:50px;\nborder-color:#b02b2c;\nmax-width:45%;\n}\n.hr.av-1vb5sh-fcea6385ef369f0701d9a969938d38da .av-seperator-icon{\ncolor:#b02b2c;\n}\n.hr.av-1vb5sh-fcea6385ef369f0701d9a969938d38da .av-seperator-icon.avia-svg-icon svg:first-child{\nfill:#b02b2c;\nstroke:#b02b2c;\n}\n<\/style>\n<div  class='hr av-1vb5sh-fcea6385ef369f0701d9a969938d38da hr-custom  avia-builder-el-2  el_after_av_textblock  el_before_av_codeblock  hr-center hr-icon-yes'><span class='hr-inner inner-border-av-border-thin'><span class=\"hr-inner-style\"><\/span><\/span><span class='av-seperator-icon avia-iconfont avia-font-entypo-fontello' data-av_icon='\ue83a' data-av_iconfont='entypo-fontello' ><\/span><span class='hr-inner inner-border-av-border-thin'><span class=\"hr-inner-style\"><\/span><\/span><\/div><br \/>\n<\/p><\/div><div  class='flex_column av-8yoi9-13ffca64edd8219c45d61b2ee651e804 av_one_fourth  avia-builder-el-4  el_after_av_three_fourth  avia-builder-el-last  flex_column_div  '     ><p>\n<style type=\"text\/css\" data-created_by=\"avia_inline_auto\" id=\"style-css-av-mbj66xx8-ad209f04ed9c8af40f28ce226cf750ef\">\n.avia-image-container.av-mbj66xx8-ad209f04ed9c8af40f28ce226cf750ef img.avia_image{\nbox-shadow:none;\n}\n.avia-image-container.av-mbj66xx8-ad209f04ed9c8af40f28ce226cf750ef .av-image-caption-overlay-center{\ncolor:#ffffff;\n}\n<\/style>\n<div  class='avia-image-container av-mbj66xx8-ad209f04ed9c8af40f28ce226cf750ef av-styling- avia-align-center  avia-builder-el-5  el_before_av_hr  avia-builder-el-first '   itemprop=\"image\" itemscope=\"itemscope\" itemtype=\"https:\/\/schema.org\/ImageObject\" ><div class=\"avia-image-container-inner\"><div class=\"avia-image-overlay-wrap\"><img decoding=\"async\" fetchpriority=\"high\" class='wp-image-14110 avia-img-lazy-loading-not-14110 avia_image ' src=\"https:\/\/sinoptix.eu\/wp-content\/uploads\/2023\/02\/dichroic-x-cube-300x225.jpg\" alt='Dicrhoic x-cube' title='dichroic-x-cube'  height=\"225\" width=\"300\"  itemprop=\"thumbnailUrl\" srcset=\"https:\/\/sinoptix.eu\/wp-content\/uploads\/2023\/02\/dichroic-x-cube-300x225.jpg 300w, https:\/\/sinoptix.eu\/wp-content\/uploads\/2023\/02\/dichroic-x-cube-1030x773.jpg 1030w, https:\/\/sinoptix.eu\/wp-content\/uploads\/2023\/02\/dichroic-x-cube-768x576.jpg 768w, https:\/\/sinoptix.eu\/wp-content\/uploads\/2023\/02\/dichroic-x-cube-1536x1152.jpg 1536w, https:\/\/sinoptix.eu\/wp-content\/uploads\/2023\/02\/dichroic-x-cube-1500x1125.jpg 1500w, https:\/\/sinoptix.eu\/wp-content\/uploads\/2023\/02\/dichroic-x-cube-705x529.jpg 705w, https:\/\/sinoptix.eu\/wp-content\/uploads\/2023\/02\/dichroic-x-cube.jpg 1706w\" sizes=\"(max-width: 300px) 100vw, 300px\" \/><\/div><\/div><\/div><br \/>\n\n<style type=\"text\/css\" data-created_by=\"avia_inline_auto\" id=\"style-css-av-mbj679t0-8cc494dd9604e207d2fd6ef947f44be3\">\n#top .hr.hr-invisible.av-mbj679t0-8cc494dd9604e207d2fd6ef947f44be3{\nheight:50px;\n}\n<\/style>\n<div  class='hr av-mbj679t0-8cc494dd9604e207d2fd6ef947f44be3 hr-invisible  avia-builder-el-6  el_after_av_image  el_before_av_textblock '><span class='hr-inner '><span class=\"hr-inner-style\"><\/span><\/span><\/div><br \/>\n<section  class='av_textblock_section av-mbj68mj8-8e72d5e45917a9e168541d24a1437451 '   itemscope=\"itemscope\" itemtype=\"https:\/\/schema.org\/CreativeWork\" ><div class='avia_textblock'  itemprop=\"text\" ><h3 style=\"text-align: center;\"><span style=\"color: #ba3726;\">Comment travailler avec SINOPTIX ?<\/span><\/h3>\n<\/div><\/section><br \/>\n\n<style type=\"text\/css\" data-created_by=\"avia_inline_auto\" id=\"style-css-av-mbj69j67-1a0e11975c8b07aac673a28222c3b74d\">\n#top .avia-icon-list-container.av-mbj69j67-1a0e11975c8b07aac673a28222c3b74d .iconlist_icon{\nbackground-color:#ba3726;\n}\n#top #wrap_all .avia-icon-list-container.av-mbj69j67-1a0e11975c8b07aac673a28222c3b74d .av_iconlist_title{\ncolor:#ba3726;\n}\n<\/style>\n<div  class='avia-icon-list-container av-mbj69j67-1a0e11975c8b07aac673a28222c3b74d  avia-builder-el-8  el_after_av_textblock  avia-builder-el-last '><ul class='avia-icon-list avia_animate_when_almost_visible avia-icon-list-left av-iconlist-big av-mbj69j67-1a0e11975c8b07aac673a28222c3b74d avia-iconlist-animate'>\n<li><div class='iconlist_icon av-mbj6anuc-44f660c9dcf9e7e61893b43236eb9ec5 avia-font-svg_entypo-fontello avia-svg-icon avia-font-svg_entypo-fontello'><span class='av-icon-char' data-av_svg_icon='monitor' data-av_iconset='svg_entypo-fontello'><svg version=\"1.1\" xmlns=\"http:\/\/www.w3.org\/2000\/svg\" width=\"32\" height=\"32\" viewBox=\"0 0 32 32\" preserveAspectRatio=\"xMidYMid meet\" aria-labelledby='av-svg-title-1' aria-describedby='av-svg-desc-1' role=\"graphics-symbol\" aria-hidden=\"true\">\n<title id='av-svg-title-1'>Monitor<\/title>\n<desc id='av-svg-desc-1'>Monitor<\/desc>\n<path d=\"M28.8 1.92q1.344 0 2.272 0.96t0.928 2.24v17.6q0 1.344-0.928 2.464t-2.208 1.376l-6.976 1.408 2.752 1.216q1.6 0.896-0.64 0.896h-16q-3.136 0 1.024-1.664l1.152-0.448-7.040-1.408q-1.28-0.256-2.208-1.376t-0.928-2.464v-17.6q0-1.28 0.96-2.24t2.24-0.96h25.6zM28.8 22.592v-17.792h-25.6v17.792h25.6z\"><\/path>\n<\/svg><\/span><\/div><article class=\"article-icon-entry \"  itemscope=\"itemscope\" itemtype=\"https:\/\/schema.org\/CreativeWork\" ><div class=\"iconlist_content_wrap\"><header class=\"entry-content-header\" aria-label=\"Ic\u00f4ne : Demande de devis en ligne\"><h4 class='av_iconlist_title iconlist_title  av_inherit_color'  itemprop=\"headline\" >Demande de devis en ligne<\/h4><\/header><div class='iconlist_content '  itemprop=\"text\" ><p>Remplissez le formulaire avec le d\u00e9tail de vos besoins<\/p>\n<\/div><\/div><footer class=\"entry-footer\"><\/footer><\/article><div class=\"iconlist-timeline\"><\/div><\/li>\n<li><div class='iconlist_icon av-mbj6bg5c-1d27f2d257309710cee8d30fdf2ac022 avia-font-entypo-fontello avia-iconfont avia-font-entypo-fontello'><span class='av-icon-char' data-av_icon='\ue82d' data-av_iconfont='entypo-fontello' aria-hidden=\"true\"><\/span><\/div><article class=\"article-icon-entry \"  itemscope=\"itemscope\" itemtype=\"https:\/\/schema.org\/CreativeWork\" ><div class=\"iconlist_content_wrap\"><header class=\"entry-content-header\" aria-label=\"Ic\u00f4ne : Offre\"><h4 class='av_iconlist_title iconlist_title  av_inherit_color'  itemprop=\"headline\" >Offre<\/h4><\/header><div class='iconlist_content '  itemprop=\"text\" ><p>Recevez une offre d\u00e9taill\u00e9e sous 48 heures<\/p>\n<\/div><\/div><footer class=\"entry-footer\"><\/footer><\/article><div class=\"iconlist-timeline\"><\/div><\/li>\n<li><div class='iconlist_icon av-mbj6c8l4-d71cf6d632b49df2354207091650fbab avia-font-svg_entypo-fontello avia-svg-icon avia-font-svg_entypo-fontello'><span class='av-icon-char' data-av_svg_icon='mail' data-av_iconset='svg_entypo-fontello'><svg version=\"1.1\" xmlns=\"http:\/\/www.w3.org\/2000\/svg\" width=\"29\" height=\"32\" viewBox=\"0 0 29 32\" preserveAspectRatio=\"xMidYMid meet\" aria-labelledby='av-svg-title-2' aria-describedby='av-svg-desc-2' role=\"graphics-symbol\" aria-hidden=\"true\">\n<title id='av-svg-title-2'>Mail<\/title>\n<desc id='av-svg-desc-2'>Mail<\/desc>\n<path d=\"M0.96 8.448q-1.024-0.576-0.896-1.28 0.064-0.448 0.832-0.448h27.072q1.216 0 0.64 1.024-0.256 0.448-0.768 0.704-0.448 0.192-6.144 3.264t-5.824 3.136q-0.512 0.32-1.472 0.32-0.896 0-1.472-0.32-0.128-0.064-5.824-3.136t-6.144-3.264zM28.16 11.648q0.64-0.32 0.64 0.32v11.776q0 0.512-0.544 1.024t-1.056 0.512h-25.6q-0.512 0-1.056-0.512t-0.544-1.024v-11.776q0-0.64 0.64-0.32l12.288 6.4q0.576 0.32 1.472 0.32t1.472-0.32z\"><\/path>\n<\/svg><\/span><\/div><article class=\"article-icon-entry \"  itemscope=\"itemscope\" itemtype=\"https:\/\/schema.org\/CreativeWork\" ><div class=\"iconlist_content_wrap\"><header class=\"entry-content-header\" aria-label=\"Ic\u00f4ne : Commande\"><h4 class='av_iconlist_title iconlist_title  av_inherit_color'  itemprop=\"headline\" >Commande<\/h4><\/header><div class='iconlist_content '  itemprop=\"text\" ><p>Envoyez-nous votre commande par email<\/p>\n<\/div><\/div><footer class=\"entry-footer\"><\/footer><\/article><div class=\"iconlist-timeline\"><\/div><\/li>\n<li><div class='iconlist_icon av-mbj6deyc-ac369d96359662cf4350a776c952923e avia-font-svg_entypo-fontello avia-svg-icon avia-font-svg_entypo-fontello'><span class='av-icon-char' data-av_svg_icon='credit-card' data-av_iconset='svg_entypo-fontello'><svg version=\"1.1\" xmlns=\"http:\/\/www.w3.org\/2000\/svg\" width=\"32\" height=\"32\" viewBox=\"0 0 32 32\" preserveAspectRatio=\"xMidYMid meet\" aria-labelledby='av-svg-title-3' aria-describedby='av-svg-desc-3' role=\"graphics-symbol\" aria-hidden=\"true\">\n<title id='av-svg-title-3'>Credit-card<\/title>\n<desc id='av-svg-desc-3'>Credit-card<\/desc>\n<path d=\"M28.8 4.8q1.344 0 2.272 0.96t0.928 2.24v16q0 1.344-0.928 2.272t-2.272 0.928h-25.6q-1.28 0-2.24-0.928t-0.96-2.272v-16q0-1.28 0.96-2.24t2.24-0.96h25.6zM28.8 24v-9.6h-25.6v9.6h25.6zM28.8 9.6v-1.6h-25.6v1.6h25.6zM6.4 17.792h0.96v0.96h-0.96v-0.96zM12.16 19.712h0.96v-0.96h0.96v-0.96h1.92v0.96h-0.96v0.96h-0.96v0.96h-1.92v-0.96zM16 20.672h-0.96v-0.96h0.96v0.96zM11.2 20.672h-1.92v-0.96h1.92v0.96zM12.16 18.752v0.96h-0.96v-1.92h1.92v0.96h-0.96zM8.32 19.712v0.96h-1.92v-0.96h0.96v-0.96h0.96v-0.96h1.92v0.96h-0.96v0.96h-0.96z\"><\/path>\n<\/svg><\/span><\/div><article class=\"article-icon-entry \"  itemscope=\"itemscope\" itemtype=\"https:\/\/schema.org\/CreativeWork\" ><div class=\"iconlist_content_wrap\"><header class=\"entry-content-header\" aria-label=\"Ic\u00f4ne : Effectuez le paiement\"><h4 class='av_iconlist_title iconlist_title  av_inherit_color'  itemprop=\"headline\" >Effectuez le paiement<\/h4><\/header><div class='iconlist_content '  itemprop=\"text\" ><p>Payez par transfert bancaire, carte de cr\u00e9dit ou Paypal<\/p>\n<\/div><\/div><footer class=\"entry-footer\"><\/footer><\/article><div class=\"iconlist-timeline\"><\/div><\/li>\n<li><div class='iconlist_icon av-mbj6es4f-2f92e8588e70abe98a72ef080f4fa6eb avia-font-svg_entypo-fontello avia-svg-icon avia-font-svg_entypo-fontello'><span class='av-icon-char' data-av_svg_icon='cd' data-av_iconset='svg_entypo-fontello'><svg version=\"1.1\" xmlns=\"http:\/\/www.w3.org\/2000\/svg\" width=\"29\" height=\"32\" viewBox=\"0 0 29 32\" preserveAspectRatio=\"xMidYMid meet\" aria-labelledby='av-svg-title-4' aria-describedby='av-svg-desc-4' role=\"graphics-symbol\" aria-hidden=\"true\">\n<title id='av-svg-title-4'>Cd<\/title>\n<desc id='av-svg-desc-4'>Cd<\/desc>\n<path d=\"M14.72 1.28q6.080 0 10.4 4.32t4.32 10.4-4.32 10.4-10.4 4.32-10.4-4.32-4.32-10.4 4.32-10.4 10.4-4.32zM14.72 20.8q1.984 0 3.392-1.408t1.408-3.392q0-2.048-1.376-3.424t-3.424-1.376q-1.984 0-3.392 1.408t-1.408 3.392 1.408 3.392 3.392 1.408z\"><\/path>\n<\/svg><\/span><\/div><article class=\"article-icon-entry \"  itemscope=\"itemscope\" itemtype=\"https:\/\/schema.org\/CreativeWork\" ><div class=\"iconlist_content_wrap\"><header class=\"entry-content-header\" aria-label=\"Ic\u00f4ne : Fabrication de vos optiques\"><h4 class='av_iconlist_title iconlist_title  av_inherit_color'  itemprop=\"headline\" >Fabrication de vos optiques<\/h4><\/header><div class='iconlist_content '  itemprop=\"text\" ><p>Le d\u00e9lai habituel de fabrication est de 4 semaines<\/p>\n<\/div><\/div><footer class=\"entry-footer\"><\/footer><\/article><div class=\"iconlist-timeline\"><\/div><\/li>\n<li><div class='iconlist_icon av-mbj6fur0-91fd770c4f1e36fa6f2176d3e6a241f4 avia-font-svg_entypo-fontello avia-svg-icon avia-font-svg_entypo-fontello'><span class='av-icon-char' data-av_svg_icon='target' data-av_iconset='svg_entypo-fontello'><svg version=\"1.1\" xmlns=\"http:\/\/www.w3.org\/2000\/svg\" width=\"28\" height=\"32\" viewBox=\"0 0 28 32\" preserveAspectRatio=\"xMidYMid meet\" aria-labelledby='av-svg-title-5' aria-describedby='av-svg-desc-5' role=\"graphics-symbol\" aria-hidden=\"true\">\n<title id='av-svg-title-5'>Target<\/title>\n<desc id='av-svg-desc-5'>Target<\/desc>\n<path d=\"M13.76 2.24q5.696 0 9.728 4.032t4.032 9.728-4.032 9.728-9.728 4.032-9.728-4.032-4.032-9.728 4.032-9.728 9.728-4.032zM14.912 27.136q3.968-0.448 6.784-3.264t3.2-6.784h-6.144v-2.24h6.144q-0.384-3.968-3.2-6.784t-6.784-3.264v6.208h-2.24v-6.208q-3.968 0.448-6.816 3.264t-3.232 6.784h6.208v2.24h-6.208q0.384 3.968 3.232 6.784t6.816 3.264v-6.208h2.24v6.208z\"><\/path>\n<\/svg><\/span><\/div><article class=\"article-icon-entry \"  itemscope=\"itemscope\" itemtype=\"https:\/\/schema.org\/CreativeWork\" ><div class=\"iconlist_content_wrap\"><header class=\"entry-content-header\" aria-label=\"Ic\u00f4ne : Contr\u00f4le qualit\u00e9\"><h4 class='av_iconlist_title iconlist_title  av_inherit_color'  itemprop=\"headline\" >Contr\u00f4le qualit\u00e9<\/h4><\/header><div class='iconlist_content '  itemprop=\"text\" ><p>100% des optiques sont control\u00e9es<\/p>\n<\/div><\/div><footer class=\"entry-footer\"><\/footer><\/article><div class=\"iconlist-timeline\"><\/div><\/li>\n<li><div class='iconlist_icon av-mbj6hall-a8e83ea91f1f4a0854e2d84b119b8c0b avia-font-entypo-fontello avia-iconfont avia-font-entypo-fontello'><span class='av-icon-char' data-av_icon='\ue8b6' data-av_iconfont='entypo-fontello' aria-hidden=\"true\"><\/span><\/div><article class=\"article-icon-entry \"  itemscope=\"itemscope\" itemtype=\"https:\/\/schema.org\/CreativeWork\" ><div class=\"iconlist_content_wrap\"><header class=\"entry-content-header\" aria-label=\"Ic\u00f4ne : Exp\u00e9dition internationale\"><h4 class='av_iconlist_title iconlist_title  av_inherit_color'  itemprop=\"headline\" >Exp\u00e9dition internationale<\/h4><\/header><div class='iconlist_content '  itemprop=\"text\" ><p>Livraison sur votre site inclue dans notre offre (DAP ou DDP)<\/p>\n<\/div><\/div><footer class=\"entry-footer\"><\/footer><\/article><div class=\"iconlist-timeline\"><\/div><\/li>\n<\/ul><\/div><\/p><\/div><\/p>\n","protected":false},"excerpt":{"rendered":"","protected":false},"author":1,"featured_media":14896,"parent":0,"menu_order":0,"comment_status":"closed","ping_status":"closed","template":"","meta":{"footnotes":""},"class_list":["post-4993","page","type-page","status-publish","has-post-thumbnail","hentry"],"_links":{"self":[{"href":"https:\/\/sinoptix.eu\/fr\/wp-json\/wp\/v2\/pages\/4993","targetHints":{"allow":["GET"]}}],"collection":[{"href":"https:\/\/sinoptix.eu\/fr\/wp-json\/wp\/v2\/pages"}],"about":[{"href":"https:\/\/sinoptix.eu\/fr\/wp-json\/wp\/v2\/types\/page"}],"author":[{"embeddable":true,"href":"https:\/\/sinoptix.eu\/fr\/wp-json\/wp\/v2\/users\/1"}],"replies":[{"embeddable":true,"href":"https:\/\/sinoptix.eu\/fr\/wp-json\/wp\/v2\/comments?post=4993"}],"version-history":[{"count":3,"href":"https:\/\/sinoptix.eu\/fr\/wp-json\/wp\/v2\/pages\/4993\/revisions"}],"predecessor-version":[{"id":23010,"href":"https:\/\/sinoptix.eu\/fr\/wp-json\/wp\/v2\/pages\/4993\/revisions\/23010"}],"wp:featuredmedia":[{"embeddable":true,"href":"https:\/\/sinoptix.eu\/fr\/wp-json\/wp\/v2\/media\/14896"}],"wp:attachment":[{"href":"https:\/\/sinoptix.eu\/fr\/wp-json\/wp\/v2\/media?parent=4993"}],"curies":[{"name":"wp","href":"https:\/\/api.w.org\/{rel}","templated":true}]}}