{"id":5058,"date":"2020-09-03T03:56:27","date_gmt":"2020-09-03T03:56:27","guid":{"rendered":"http:\/\/sinoptix.eu\/faq\/privacy-policy\/"},"modified":"2021-03-04T03:58:30","modified_gmt":"2021-03-04T03:58:30","slug":"respect-de-la-vie-privee","status":"publish","type":"page","link":"https:\/\/sinoptix.eu\/fr\/respect-de-la-vie-privee\/","title":{"rendered":"Respect de la vie priv\u00e9e"},"content":{"rendered":"<section  class='av_textblock_section av-kema0vjo-862e98188a2cb771abf79d3571bfe758 '   itemscope=\"itemscope\" itemtype=\"https:\/\/schema.org\/CreativeWork\" ><div class='avia_textblock'  itemprop=\"text\" ><h1>Respect de la vie priv\u00e9e<\/h1>\n<h2>Qui sommes nous ?<\/h2>\n<p>Notre site internet est : https:\/\/asiaglobalconsulting.com. Nous sommes une soci\u00e9t\u00e9 de droit Belge avec une pr\u00e9sence op\u00e9rationnelle en Chine.<\/p>\n<h2>Quelles donn\u00e9es personnelles collectons nous et pour quel usage ?<\/h2>\n<h3>Commentaires<\/h3>\n<p>Quand des visiteurs laissent des commentaires sur le site, nous gardons les donn\u00e9es laiss\u00e9es dans le questionnaire, l\u2019IP du visiteur ainsi que le navigateur utilis\u00e9.<\/p>\n<h3>Media<\/h3>\n<p>Si vous t\u00e9l\u00e9chargez des images sur le site, vous devez \u00e9viter les images incluant la localisation (EXIF GPS). Les visiteurs du site peuvent t\u00e9l\u00e9charger et extraire la localisation de n\u2019importe quelle image sur le site.<\/p>\n<h3>Questionnaire de contact<\/h3>\n<h3>Cookies<\/h3>\n<p>Si vous laissez des commentaires sur le site vous pouvez choisie de laisser votre nom, email et adresse dans les cookies. Ceci est pour la facilit\u00e9 de ne pas le faire \u00e0 chaque fois que vous laissez un nouveau commentaire. Les cookies sont conserv\u00e9s un an.<\/p>\n<p>Si vous \u00e9ditez ou publiez un article, un cookie additionnel va \u00eatre r\u00e9serv\u00e9 dans votre navigateur. Ce cookie n\u2019inclus aucune donn\u00e9e personnelle et indique simplement l\u2019ID de l\u2019article que vous avez \u00e9dit\u00e9. Il expire apr\u00e8s un jour.<\/p>\n<h3>Donn\u00e9es provenant d\u2019autres sites<\/h3>\n<p>Les articles de ce site peuvent contenir des donn\u00e9es d\u2019autres sites (vid\u00e9os, images, articles, etc.). Ces articles se comportent de la m\u00eame mani\u00e8re que leur site original. Ces sites peuvent collecter vos informations, se r\u00e9f\u00e9rer \u00e0 leur conditions d\u2019utilisation.<\/p>\n<h3>Analytics<\/h3>\n<h2>Avec qui nous partageons vos informations<\/h2>\n<p>Personne.<\/p>\n<h2>Combien de temps nous gardons vos informations.<\/h2>\n<p>Si vous laissez un commentaire, il restera gard\u00e9 ind\u00e9finiment.<\/p>\n<h2>Quels droits avez-vous sur vos informations.<\/h2>\n<p>Vous pouvez demander \u00e0 ce que nous effacions toute les informations que nous disposons sur vous, ceci n\u2019incluant pas les information devant \u00eatre gard\u00e9es pour des aspects, l\u00e9gaux, de s\u00e9curit\u00e9 ou administratifs.<\/p>\n<h2>Quand envoyons nous vos informations.<\/h2>\n<p>Les commentaires des visiteurs sont v\u00e9rifi\u00e9s via un anti-spam automatique.<\/p>\n<h2>Vos informations de contact.<\/h2>\n<p>Les informations que vous fournissez via le questionnaire de contact seront sauf contre ordre de votre part gard\u00e9 dans la base de donn\u00e9e clients de notre soci\u00e9t\u00e9 et pourrons faire l\u2019objet de mani\u00e8re tr\u00e8s raisonn\u00e9e de mailing d\u2019information sur l\u2019actualit\u00e9 de notre soci\u00e9t\u00e9s.<\/p>\n<h2>Informations additionnelles.<\/h2>\n<h3>Comment nous prot\u00e9geons vos informations<\/h3>\n<p>Elles sont gard\u00e9es en interne dans la soci\u00e9t\u00e9.<\/p>\n<h3>Quelle proc\u00e9dure disposons nous pour toute fuite d\u2019information ?<\/h3>\n<p>Gestion au cas par cas.<\/p>\n<h3>Quels parties tierces re\u00e7oivent des informations?<\/h3>\n<p>Google Analytics et Google Adwords.<\/p>\n<h3>Conformit\u00e9 r\u00e9gulatoire<\/h3>\n<p>Conforme \u00e0 la loi RGPD<\/p>\n<\/div><\/section>\n","protected":false},"excerpt":{"rendered":"","protected":false},"author":1,"featured_media":0,"parent":0,"menu_order":0,"comment_status":"closed","ping_status":"closed","template":"","meta":{"footnotes":""},"class_list":["post-5058","page","type-page","status-publish","hentry"],"_links":{"self":[{"href":"https:\/\/sinoptix.eu\/fr\/wp-json\/wp\/v2\/pages\/5058","targetHints":{"allow":["GET"]}}],"collection":[{"href":"https:\/\/sinoptix.eu\/fr\/wp-json\/wp\/v2\/pages"}],"about":[{"href":"https:\/\/sinoptix.eu\/fr\/wp-json\/wp\/v2\/types\/page"}],"author":[{"embeddable":true,"href":"https:\/\/sinoptix.eu\/fr\/wp-json\/wp\/v2\/users\/1"}],"replies":[{"embeddable":true,"href":"https:\/\/sinoptix.eu\/fr\/wp-json\/wp\/v2\/comments?post=5058"}],"version-history":[{"count":0,"href":"https:\/\/sinoptix.eu\/fr\/wp-json\/wp\/v2\/pages\/5058\/revisions"}],"wp:attachment":[{"href":"https:\/\/sinoptix.eu\/fr\/wp-json\/wp\/v2\/media?parent=5058"}],"curies":[{"name":"wp","href":"https:\/\/api.w.org\/{rel}","templated":true}]}}