{"id":7427,"date":"2021-02-07T05:34:38","date_gmt":"2021-02-07T05:34:38","guid":{"rendered":"https:\/\/sinoptix.eu\/?page_id=7427"},"modified":"2022-04-10T07:53:19","modified_gmt":"2022-04-10T07:53:19","slug":"news-2","status":"publish","type":"page","link":"https:\/\/sinoptix.eu\/fr\/about-us\/news-2\/","title":{"rendered":"Informations"},"content":{"rendered":"<\/p>\n<section  class='av_textblock_section av-kqgdgwvp-6735bb4b63d580375cb4ff881e3ec3ee '   itemscope=\"itemscope\" itemtype=\"https:\/\/schema.org\/CreativeWork\" ><div class='avia_textblock'  itemprop=\"text\" ><h1>Informations<\/h1>\n<p>Les derni\u00e8res nouvelles relatives \u00e0 Sinoptix, actualit\u00e9 et salons.<\/p>\n<\/div><\/section>\n<div  data-slideshow-options=\"{&quot;animation&quot;:&quot;fade&quot;,&quot;autoplay&quot;:false,&quot;loop_autoplay&quot;:&quot;once&quot;,&quot;interval&quot;:5,&quot;loop_manual&quot;:&quot;manual-endless&quot;,&quot;autoplay_stopper&quot;:false,&quot;noNavigation&quot;:false,&quot;show_slide_delay&quot;:90}\" class='avia-content-slider avia-content-grid-active avia-content-slider1 avia-content-slider-odd  avia-builder-el-1  el_after_av_textblock  avia-builder-el-last  av-slideshow-ui av-control-default   av-no-slider-navigation av-slideshow-manual av-loop-once av-loop-manual-endless '  itemscope=\"itemscope\" itemtype=\"https:\/\/schema.org\/Blog\" ><div class=\"avia-content-slider-inner\"><div class=\"slide-entry-wrap\"><article class='slide-entry flex_column  post-entry post-entry-22217 slide-entry-overview slide-loop-1 slide-parity-odd  av_one_third first real-thumbnail posttype-post post-format-standard'  itemscope=\"itemscope\" itemtype=\"https:\/\/schema.org\/CreativeWork\" ><a href='https:\/\/sinoptix.eu\/fr\/la-chine-interdit-elle-lexportation-de-germanium\/' data-rel='slide-1' class='slide-image' title='La Chine interdit-elle l\u2019exportation de germanium ?'><img decoding=\"async\" fetchpriority=\"high\" width=\"495\" height=\"400\" src=\"https:\/\/sinoptix.eu\/wp-content\/uploads\/2025\/09\/China-Ge-495x400.png\" class=\"wp-image-22193 avia-img-lazy-loading-not-22193 attachment-portfolio size-portfolio wp-post-image\" alt=\"Does China bans Germanium export ?\" srcset=\"https:\/\/sinoptix.eu\/wp-content\/uploads\/2025\/09\/China-Ge-495x400.png 495w, https:\/\/sinoptix.eu\/wp-content\/uploads\/2025\/09\/China-Ge-845x684.png 845w\" sizes=\"(max-width: 495px) 100vw, 495px\" \/><\/a><div class=\"slide-content\"><header class=\"entry-content-header\" aria-label=\"Slide: La Chine interdit-elle l\u2019exportation de germanium ?\"><span class=\"blog-categories minor-meta\"><a href=\"https:\/\/sinoptix.eu\/fr\/category\/informations-generales\/\" rel=\"tag\">Informations g\u00e9n\u00e9rales<\/a> <\/span><h3 class='slide-entry-title entry-title '  itemprop=\"headline\" ><a href='https:\/\/sinoptix.eu\/fr\/la-chine-interdit-elle-lexportation-de-germanium\/' title='La Chine interdit-elle l\u2019exportation de germanium ?'>La Chine interdit-elle l\u2019exportation de germanium ?<\/a><\/h3><span class=\"av-vertical-delimiter\"><\/span><\/header><div class='slide-entry-excerpt entry-content'  itemprop=\"text\" >\n\n\n\n\n\n\n\n\n\n\n\n\n\n\n\n\n\n\n\n<\/div><\/div><footer class=\"entry-footer\"><div class=\"slide-meta\"><time class='slide-meta-time updated'  itemprop=\"datePublished\" datetime=\"2025-09-16T07:25:27+00:00\" >16 septembre 2025<\/time><\/div><\/footer><span class='hidden'>\n\t\t\t\t<span class='av-structured-data'  itemprop=\"image\" itemscope=\"itemscope\" itemtype=\"https:\/\/schema.org\/ImageObject\" >\n\t\t\t\t\t\t<span itemprop='url'>https:\/\/sinoptix.eu\/wp-content\/uploads\/2025\/09\/China-Ge.png<\/span>\n\t\t\t\t\t\t<span itemprop='height'>1080<\/span>\n\t\t\t\t\t\t<span itemprop='width'>1080<\/span>\n\t\t\t\t<\/span>\n\t\t\t\t<span class='av-structured-data'  itemprop=\"publisher\" itemtype=\"https:\/\/schema.org\/Organization\" itemscope=\"itemscope\" >\n\t\t\t\t\t\t<span itemprop='name'>Boris BOULLOT<\/span>\n\t\t\t\t\t\t<span itemprop='logo' itemscope itemtype='https:\/\/schema.org\/ImageObject'>\n\t\t\t\t\t\t\t<span itemprop='url'>https:\/\/sinoptix.eu\/wp-content\/uploads\/2023\/03\/sinoptix-web-1-300x86.png<\/span>\n\t\t\t\t\t\t<\/span>\n\t\t\t\t<\/span><span class='av-structured-data'  itemprop=\"author\" itemscope=\"itemscope\" itemtype=\"https:\/\/schema.org\/Person\" ><span itemprop='name'>Boris BOULLOT<\/span><\/span><span class='av-structured-data'  itemprop=\"datePublished\" datetime=\"2021-02-07T05:34:38+00:00\" >2025-09-16 07:25:27<\/span><span class='av-structured-data'  itemprop=\"dateModified\" itemtype=\"https:\/\/schema.org\/dateModified\" >2025-09-18 08:33:42<\/span><span class='av-structured-data'  itemprop=\"mainEntityOfPage\" itemtype=\"https:\/\/schema.org\/mainEntityOfPage\" ><span itemprop='name'>La Chine interdit-elle l\u2019exportation de germanium ?<\/span><\/span><\/span><\/article><article class='slide-entry flex_column  post-entry post-entry-21518 slide-entry-overview slide-loop-2 slide-parity-even  av_one_third  real-thumbnail posttype-post post-format-standard'  itemscope=\"itemscope\" itemtype=\"https:\/\/schema.org\/CreativeWork\" ><a href='https:\/\/sinoptix.eu\/fr\/laser-world-of-photonics-2025\/' data-rel='slide-1' class='slide-image' title='Laser World of Photonics 2025'><img decoding=\"async\" fetchpriority=\"high\" width=\"351\" height=\"144\" src=\"https:\/\/sinoptix.eu\/wp-content\/uploads\/2025\/05\/LWOP-Logo-3.png\" class=\"wp-image-21487 avia-img-lazy-loading-not-21487 attachment-portfolio size-portfolio wp-post-image\" alt=\"\" srcset=\"https:\/\/sinoptix.eu\/wp-content\/uploads\/2025\/05\/LWOP-Logo-3.png 351w, https:\/\/sinoptix.eu\/wp-content\/uploads\/2025\/05\/LWOP-Logo-3-300x123.png 300w\" sizes=\"(max-width: 351px) 100vw, 351px\" \/><\/a><div class=\"slide-content\"><header class=\"entry-content-header\" aria-label=\"Slide: Laser World of Photonics 2025\"><span class=\"blog-categories minor-meta\"><a href=\"https:\/\/sinoptix.eu\/fr\/category\/informations-generales\/\" rel=\"tag\">Informations g\u00e9n\u00e9rales<\/a>, <a href=\"https:\/\/sinoptix.eu\/fr\/category\/news-fr\/\" rel=\"tag\">News<\/a> <\/span><h3 class='slide-entry-title entry-title '  itemprop=\"headline\" ><a href='https:\/\/sinoptix.eu\/fr\/laser-world-of-photonics-2025\/' title='Laser World of Photonics 2025'>Laser World of Photonics 2025<\/a><\/h3><span class=\"av-vertical-delimiter\"><\/span><\/header><div class='slide-entry-excerpt entry-content'  itemprop=\"text\" >\n\n<\/div><\/div><footer class=\"entry-footer\"><div class=\"slide-meta\"><time class='slide-meta-time updated'  itemprop=\"datePublished\" datetime=\"2025-05-30T04:02:20+00:00\" >30 mai 2025<\/time><\/div><\/footer><span class='hidden'>\n\t\t\t\t<span class='av-structured-data'  itemprop=\"image\" itemscope=\"itemscope\" itemtype=\"https:\/\/schema.org\/ImageObject\" >\n\t\t\t\t\t\t<span itemprop='url'>https:\/\/sinoptix.eu\/wp-content\/uploads\/2025\/05\/LWOP-Logo-3.png<\/span>\n\t\t\t\t\t\t<span itemprop='height'>144<\/span>\n\t\t\t\t\t\t<span itemprop='width'>351<\/span>\n\t\t\t\t<\/span>\n\t\t\t\t<span class='av-structured-data'  itemprop=\"publisher\" itemtype=\"https:\/\/schema.org\/Organization\" itemscope=\"itemscope\" >\n\t\t\t\t\t\t<span itemprop='name'>Alfons JOEDECKE<\/span>\n\t\t\t\t\t\t<span itemprop='logo' itemscope itemtype='https:\/\/schema.org\/ImageObject'>\n\t\t\t\t\t\t\t<span itemprop='url'>https:\/\/sinoptix.eu\/wp-content\/uploads\/2023\/03\/sinoptix-web-1-300x86.png<\/span>\n\t\t\t\t\t\t<\/span>\n\t\t\t\t<\/span><span class='av-structured-data'  itemprop=\"author\" itemscope=\"itemscope\" itemtype=\"https:\/\/schema.org\/Person\" ><span itemprop='name'>Alfons JOEDECKE<\/span><\/span><span class='av-structured-data'  itemprop=\"datePublished\" datetime=\"2021-02-07T05:34:38+00:00\" >2025-05-30 04:02:20<\/span><span class='av-structured-data'  itemprop=\"dateModified\" itemtype=\"https:\/\/schema.org\/dateModified\" >2025-05-30 04:04:57<\/span><span class='av-structured-data'  itemprop=\"mainEntityOfPage\" itemtype=\"https:\/\/schema.org\/mainEntityOfPage\" ><span itemprop='name'>Laser World of Photonics 2025<\/span><\/span><\/span><\/article><article class='slide-entry flex_column  post-entry post-entry-4754 slide-entry-overview slide-loop-3 slide-parity-odd  post-entry-last  av_one_third  real-thumbnail posttype-post post-format-standard'  itemscope=\"itemscope\" itemtype=\"https:\/\/schema.org\/CreativeWork\" ><a href='https:\/\/sinoptix.eu\/fr\/stand-sinoptix-lwop-munich-2019\/' data-rel='slide-1' class='slide-image' title='Stand SINOPTIX, LWOP Munich 2019'><img decoding=\"async\" fetchpriority=\"high\" width=\"495\" height=\"371\" src=\"https:\/\/sinoptix.eu\/wp-content\/uploads\/2020\/09\/image1.jpeg\" class=\"wp-image-4779 avia-img-lazy-loading-not-4779 attachment-portfolio size-portfolio wp-post-image\" alt=\"\" \/><\/a><div class=\"slide-content\"><header class=\"entry-content-header\" aria-label=\"Slide: Stand SINOPTIX, LWOP Munich 2019\"><span class=\"blog-categories minor-meta\"><a href=\"https:\/\/sinoptix.eu\/fr\/category\/informations-generales\/\" rel=\"tag\">Informations g\u00e9n\u00e9rales<\/a> <\/span><h3 class='slide-entry-title entry-title '  itemprop=\"headline\" ><a href='https:\/\/sinoptix.eu\/fr\/stand-sinoptix-lwop-munich-2019\/' title='Stand SINOPTIX, LWOP Munich 2019'>Stand SINOPTIX, LWOP Munich 2019<\/a><\/h3><span class=\"av-vertical-delimiter\"><\/span><\/header><div class='slide-entry-excerpt entry-content'  itemprop=\"text\" >\n\n<\/div><\/div><footer class=\"entry-footer\"><div class=\"slide-meta\"><time class='slide-meta-time updated'  itemprop=\"datePublished\" datetime=\"2019-06-29T12:17:07+00:00\" >29 juin 2019<\/time><\/div><\/footer><span class='hidden'>\n\t\t\t\t<span class='av-structured-data'  itemprop=\"image\" itemscope=\"itemscope\" itemtype=\"https:\/\/schema.org\/ImageObject\" >\n\t\t\t\t\t\t<span itemprop='url'>https:\/\/sinoptix.eu\/wp-content\/uploads\/2020\/09\/image1.jpeg<\/span>\n\t\t\t\t\t\t<span itemprop='height'>1512<\/span>\n\t\t\t\t\t\t<span itemprop='width'>2016<\/span>\n\t\t\t\t<\/span>\n\t\t\t\t<span class='av-structured-data'  itemprop=\"publisher\" itemtype=\"https:\/\/schema.org\/Organization\" itemscope=\"itemscope\" >\n\t\t\t\t\t\t<span itemprop='name'>Boris BOULLOT<\/span>\n\t\t\t\t\t\t<span itemprop='logo' itemscope itemtype='https:\/\/schema.org\/ImageObject'>\n\t\t\t\t\t\t\t<span itemprop='url'>https:\/\/sinoptix.eu\/wp-content\/uploads\/2023\/03\/sinoptix-web-1-300x86.png<\/span>\n\t\t\t\t\t\t<\/span>\n\t\t\t\t<\/span><span class='av-structured-data'  itemprop=\"author\" itemscope=\"itemscope\" itemtype=\"https:\/\/schema.org\/Person\" ><span itemprop='name'>Boris BOULLOT<\/span><\/span><span class='av-structured-data'  itemprop=\"datePublished\" datetime=\"2021-02-07T05:34:38+00:00\" >2019-06-29 12:17:07<\/span><span class='av-structured-data'  itemprop=\"dateModified\" itemtype=\"https:\/\/schema.org\/dateModified\" >2020-09-03 04:38:33<\/span><span class='av-structured-data'  itemprop=\"mainEntityOfPage\" itemtype=\"https:\/\/schema.org\/mainEntityOfPage\" ><span itemprop='name'>Stand SINOPTIX, LWOP Munich 2019<\/span><\/span><\/span><\/article><\/div><\/div><div class='pagination-wrap pagination-slider'><nav class='pagination'><span class='pagination-meta'>Page 1 sur 3<\/span><span class='current'>1<\/span><a href='https:\/\/sinoptix.eu\/fr\/wp-json\/wp\/v2\/pages\/7427\/?avia-element-paging=2' class='inactive next_page' >2<\/a><a href='https:\/\/sinoptix.eu\/fr\/wp-json\/wp\/v2\/pages\/7427\/?avia-element-paging=3' class='inactive' >3<\/a><\/nav>\n<\/div><\/div>\n","protected":false},"excerpt":{"rendered":"","protected":false},"author":1,"featured_media":0,"parent":3896,"menu_order":0,"comment_status":"closed","ping_status":"closed","template":"","meta":{"footnotes":""},"class_list":["post-7427","page","type-page","status-publish","hentry"],"_links":{"self":[{"href":"https:\/\/sinoptix.eu\/fr\/wp-json\/wp\/v2\/pages\/7427","targetHints":{"allow":["GET"]}}],"collection":[{"href":"https:\/\/sinoptix.eu\/fr\/wp-json\/wp\/v2\/pages"}],"about":[{"href":"https:\/\/sinoptix.eu\/fr\/wp-json\/wp\/v2\/types\/page"}],"author":[{"embeddable":true,"href":"https:\/\/sinoptix.eu\/fr\/wp-json\/wp\/v2\/users\/1"}],"replies":[{"embeddable":true,"href":"https:\/\/sinoptix.eu\/fr\/wp-json\/wp\/v2\/comments?post=7427"}],"version-history":[{"count":2,"href":"https:\/\/sinoptix.eu\/fr\/wp-json\/wp\/v2\/pages\/7427\/revisions"}],"predecessor-version":[{"id":12919,"href":"https:\/\/sinoptix.eu\/fr\/wp-json\/wp\/v2\/pages\/7427\/revisions\/12919"}],"up":[{"embeddable":true,"href":"https:\/\/sinoptix.eu\/fr\/wp-json\/wp\/v2\/pages\/3896"}],"wp:attachment":[{"href":"https:\/\/sinoptix.eu\/fr\/wp-json\/wp\/v2\/media?parent=7427"}],"curies":[{"name":"wp","href":"https:\/\/api.w.org\/{rel}","templated":true}]}}