{"id":9592,"date":"2021-05-19T04:01:59","date_gmt":"2021-05-19T04:01:59","guid":{"rendered":"https:\/\/sinoptix.eu\/terms-of-service\/"},"modified":"2021-05-19T04:14:17","modified_gmt":"2021-05-19T04:14:17","slug":"terms-of-service","status":"publish","type":"page","link":"https:\/\/sinoptix.eu\/fr\/terms-of-service\/","title":{"rendered":"Conditions d&rsquo;utilisation"},"content":{"rendered":"\n<style type=\"text\/css\" data-created_by=\"avia_inline_auto\" id=\"style-css-av-2ztdm9-0cdf26a3850b84f8e19d0458dd7dfe6f\">\n.flex_column.av-2ztdm9-0cdf26a3850b84f8e19d0458dd7dfe6f{\nborder-radius:0px 0px 0px 0px;\npadding:0px 0px 0px 0px;\n}\n<\/style>\n<div  class='flex_column av-2ztdm9-0cdf26a3850b84f8e19d0458dd7dfe6f av_one_full  avia-builder-el-0  avia-builder-el-no-sibling  first flex_column_div av-zero-column-padding  '     ><section  class='av_textblock_section av-kouxtywc-5db76b780347b8867df4ca81e252d371 '   itemscope=\"itemscope\" itemtype=\"https:\/\/schema.org\/CreativeWork\" ><div class='avia_textblock'  itemprop=\"text\" ><h1>CONDITIONS D&rsquo;UTILISATION<br \/>\nAPER\u00c7U<\/h1>\n<p>Ce site Web est exploit\u00e9 par AGC BUSINESS CONSULTING Group. Dans tout le site, les termes \u00abnous\u00bb, \u00abnotre\u00bb et \u00abnotre\u00bb d\u00e9signent indistinctement AGC BUSINESS CONSULTING Group et SINOPTIX. Nous proposons ce site Web, y compris toutes les informations, tous les outils et tous les services qui y sont disponibles pour vous, l&rsquo;utilisateur, sous r\u00e9serve de votre acceptation de tous les termes, conditions, politiques et avis \u00e9nonc\u00e9s ici.<\/p>\n<p>En visitant notre site et \/ ou en achetant quelque chose chez nous, vous vous engagez dans notre \u00abService\u00bb et acceptez d&rsquo;\u00eatre li\u00e9 par les termes et conditions suivants (\u00abConditions d&rsquo;utilisation\u00bb, \u00abConditions\u00bb), y compris ces termes et conditions et politiques suppl\u00e9mentaires r\u00e9f\u00e9renc\u00e9 ici et \/ ou disponible par lien hypertexte. Ces conditions d&rsquo;utilisation s&rsquo;appliquent \u00e0 tous les utilisateurs du site, y compris, sans limitation, les utilisateurs qui sont des navigateurs, des fournisseurs, des clients, des marchands et \/ ou des contributeurs de contenu.<\/p>\n<p>Veuillez lire attentivement ces conditions d&rsquo;utilisation avant d&rsquo;acc\u00e9der ou d&rsquo;utiliser notre site Web. En acc\u00e9dant ou en utilisant n&rsquo;importe quelle partie du site, vous acceptez d&rsquo;\u00eatre li\u00e9 par ces conditions d&rsquo;utilisation. Si vous n&rsquo;acceptez pas tous les termes et conditions de cet accord, vous ne pouvez pas acc\u00e9der au site Web ou utiliser des services. Si ces conditions d&rsquo;utilisation sont consid\u00e9r\u00e9es comme une offre, l&rsquo;acceptation est express\u00e9ment limit\u00e9e \u00e0 ces conditions d&rsquo;utilisation.<\/p>\n<h2>SECTION 1: CONDITIONS DE LA BOUTIQUE EN LIGNE<\/h2>\n<p>En acceptant ces conditions d&rsquo;utilisation, vous d\u00e9clarez que vous avez au moins l&rsquo;\u00e2ge de la majorit\u00e9 dans votre \u00e9tat ou province de r\u00e9sidence, ou que vous avez l&rsquo;\u00e2ge de la majorit\u00e9 dans votre \u00e9tat ou province de r\u00e9sidence et que vous nous avez donn\u00e9 votre consentement \u00e0 permettre \u00e0 l&rsquo;un de vos mineurs \u00e0 charge d&rsquo;utiliser ce site.<\/p>\n<p>Vous ne pouvez pas utiliser nos produits \u00e0 des fins ill\u00e9gales ou non autoris\u00e9es et vous ne pouvez pas non plus, dans l&rsquo;utilisation du Service, violer les lois de votre juridiction (y compris, mais sans s&rsquo;y limiter, les lois sur les droits d&rsquo;auteur).<\/p>\n<p>Vous ne devez pas transmettre de vers ou de virus ou tout code de nature destructrice.<\/p>\n<p>Une violation ou une violation de l&rsquo;une des Conditions entra\u00eenera la r\u00e9siliation imm\u00e9diate de vos Services.<\/p>\n<h2>SECTION 2: CONDITIONS G\u00c9N\u00c9RALES<\/h2>\n<p>Nous nous r\u00e9servons le droit de refuser le service \u00e0 quiconque pour quelque raison que ce soit \u00e0 tout moment.<\/p>\n<p>Vous comprenez que votre contenu (\u00e0 l&rsquo;exclusion des informations de carte de cr\u00e9dit), peut \u00eatre transf\u00e9r\u00e9 non crypt\u00e9 et impliquer (a) des transmissions sur divers r\u00e9seaux; et (b) des changements pour se conformer et s&rsquo;adapter aux exigences techniques des r\u00e9seaux ou dispositifs de connexion. Les informations de carte de cr\u00e9dit sont toujours crypt\u00e9es lors du transfert sur les r\u00e9seaux.<\/p>\n<p>Vous acceptez de ne pas reproduire, dupliquer, copier, vendre, revendre ou exploiter toute partie du service, l&rsquo;utilisation du service ou l&rsquo;acc\u00e8s au service ou \u00e0 tout contact sur le site Web par lequel le service est fourni, sans autorisation \u00e9crite expresse de notre part. .<\/p>\n<p>Les en-t\u00eates utilis\u00e9s dans cet accord sont inclus pour des raisons de commodit\u00e9 uniquement et ne limiteront ni n&rsquo;affecteront autrement ces Conditions.<\/p>\n<h2>SECTION 3: EXACTITUDE, EXHAUSTIVIT\u00c9 ET ACTUALIT\u00c9 DES INFORMATIONS<\/h2>\n<p>Nous ne sommes pas responsables si les informations mises \u00e0 disposition sur ce site ne sont pas exactes, compl\u00e8tes ou \u00e0 jour. Le contenu de ce site est fourni uniquement \u00e0 titre d&rsquo;information g\u00e9n\u00e9rale et ne doit pas \u00eatre invoqu\u00e9 ou utilis\u00e9 comme seule base pour prendre des d\u00e9cisions sans consulter des sources d&rsquo;informations primaires, plus pr\u00e9cises, plus compl\u00e8tes ou plus opportunes. Toute confiance dans le contenu de ce site est \u00e0 vos propres risques.<\/p>\n<p>Ce site peut contenir certaines informations historiques. Les informations historiques, n\u00e9cessairement, ne sont pas \u00e0 jour et sont fournies \u00e0 titre indicatif uniquement. Nous nous r\u00e9servons le droit de modifier le contenu de ce site \u00e0 tout moment, mais nous n&rsquo;avons aucune obligation de mettre \u00e0 jour les informations de notre site. Vous acceptez qu&rsquo;il est de votre responsabilit\u00e9 de surveiller les modifications apport\u00e9es \u00e0 notre site.<\/p>\n<h2>SECTION 4: MODIFICATIONS DU SERVICE ET DES PRIX<\/h2>\n<p>Les prix de nos produits sont sujets \u00e0 changement sans pr\u00e9avis.<\/p>\n<p>Nous nous r\u00e9servons le droit \u00e0 tout moment de modifier ou d&rsquo;interrompre le Service (ou toute partie ou contenu de celui-ci) sans pr\u00e9avis \u00e0 tout moment.<\/p>\n<p>Nous ne serons pas responsables envers vous ou envers un tiers pour toute modification, changement de prix, suspension ou interruption du Service.<\/p>\n<h2>SECTION 5: PRODUITS OU SERVICES<\/h2>\n<p>Certains produits ou services peuvent \u00eatre disponibles exclusivement en ligne sur le site Web. Ces produits ou services peuvent avoir des quantit\u00e9s limit\u00e9es et ne peuvent faire l&rsquo;objet d&rsquo;un retour ou d&rsquo;un \u00e9change que conform\u00e9ment \u00e0 notre politique de retour.<\/p>\n<p>Nous nous sommes efforc\u00e9s d&rsquo;afficher le plus fid\u00e8lement possible les couleurs et les images de nos produits qui apparaissent en magasin. Nous ne pouvons garantir que l&rsquo;affichage de n&rsquo;importe quelle couleur sur votre \u00e9cran d&rsquo;ordinateur sera pr\u00e9cis.<\/p>\n<p>Nous nous r\u00e9servons le droit, mais ne sommes pas oblig\u00e9s, de limiter les ventes de nos produits ou services \u00e0 toute personne, r\u00e9gion g\u00e9ographique ou juridiction. Nous pouvons exercer ce droit au cas par cas. Nous nous r\u00e9servons le droit de limiter les quantit\u00e9s de tous produits ou services que nous proposons. Toutes les descriptions de produits ou les prix des produits peuvent \u00eatre modifi\u00e9s \u00e0 tout moment sans pr\u00e9avis, \u00e0 notre seule discr\u00e9tion. Nous nous r\u00e9servons le droit d&rsquo;interrompre tout produit \u00e0 tout moment.<\/p>\n<h2>SECTION 6: EXACTITUDE DE LA FACTURATION ET DES INFORMATIONS DE COMPTE<\/h2>\n<p>Nous nous r\u00e9servons le droit de refuser toute commande que vous passez avec nous. Nous pouvons, \u00e0 notre seule discr\u00e9tion, limiter ou annuler les quantit\u00e9s achet\u00e9es par personne, par foyer ou par commande. Ces restrictions peuvent inclure les commandes pass\u00e9es par ou sous le m\u00eame compte client, la m\u00eame carte de cr\u00e9dit et \/ ou les commandes utilisant la m\u00eame adresse de facturation et \/ ou de livraison. Dans le cas o\u00f9 nous modifions ou annulons une commande, nous pouvons tenter de vous en informer en contactant l&rsquo;e-mail et \/ ou l&rsquo;adresse de facturation \/ le num\u00e9ro de t\u00e9l\u00e9phone fournis au moment de la commande. Nous nous r\u00e9servons le droit de limiter ou d&rsquo;interdire les commandes qui, \u00e0 notre seul jugement, semblent \u00eatre pass\u00e9es par des revendeurs, revendeurs ou distributeurs.<\/p>\n<p>Vous acceptez de fournir des informations d&rsquo;achat et de compte actuelles, compl\u00e8tes et exactes pour tous les achats effectu\u00e9s dans notre magasin. Vous acceptez de mettre \u00e0 jour rapidement votre compte et d&rsquo;autres informations, y compris votre adresse e-mail, vos num\u00e9ros de carte de cr\u00e9dit et les dates d&rsquo;expiration, afin que nous puissions effectuer vos transactions et vous contacter si n\u00e9cessaire.<\/p>\n<h2>SECTION 7: OUTILS OPTIONNELS<\/h2>\n<p>Nous pouvons vous donner acc\u00e8s \u00e0 des outils tiers sur lesquels nous ne surveillons ni n&rsquo;avons aucun contr\u00f4le ni aucune contribution.<\/p>\n<p>Vous reconnaissez et acceptez que nous fournissons l&rsquo;acc\u00e8s \u00e0 ces outils \u00abtels quels\u00bb et \u00abtels que disponibles\u00bb sans aucune garantie, repr\u00e9sentation ou condition de quelque nature que ce soit et sans aucune approbation. Nous d\u00e9clinons toute responsabilit\u00e9 d\u00e9coulant de ou li\u00e9e \u00e0 votre utilisation d&rsquo;outils tiers optionnels.<\/p>\n<p>Toute utilisation par vous des outils optionnels propos\u00e9s sur le site est enti\u00e8rement \u00e0 vos risques et p\u00e9rils et \u00e0 votre discr\u00e9tion et vous devez vous assurer que vous connaissez et approuvez les conditions dans lesquelles les outils sont fournis par le (s) fournisseur (s) tiers concern\u00e9 (s).<\/p>\n<p>Nous pouvons \u00e9galement, \u00e0 l&rsquo;avenir, proposer de nouveaux services et \/ ou fonctionnalit\u00e9s via le site Web (y compris la publication de nouveaux outils et ressources). Ces nouvelles fonctionnalit\u00e9s et \/ ou services seront \u00e9galement soumis aux pr\u00e9sentes Conditions d&rsquo;utilisation.<\/p>\n<h2>SECTION 8: LIENS DE TIERS<\/h2>\n<p>Certains contenus, produits et services disponibles via notre Service peuvent inclure des \u00e9l\u00e9ments provenant de tiers.<\/p>\n<p>Les liens de tiers sur ce site peuvent vous diriger vers des sites Web tiers qui ne sont pas affili\u00e9s \u00e0 nous. Nous ne sommes pas responsables de l&rsquo;examen ou de l&rsquo;\u00e9valuation du contenu ou de l&rsquo;exactitude et nous ne garantissons pas et n&rsquo;aurons aucune responsabilit\u00e9 pour tout mat\u00e9riel ou site Web tiers, ou pour tout autre mat\u00e9riel, produit ou service de tiers.<\/p>\n<p>Nous ne sommes pas responsables des pr\u00e9judices ou dommages li\u00e9s \u00e0 l&rsquo;achat ou \u00e0 l&rsquo;utilisation de biens, services, ressources, contenu ou toute autre transaction effectu\u00e9e en relation avec des sites Web tiers. Veuillez lire attentivement les politiques et pratiques des tiers et assurez-vous de les comprendre avant de vous engager dans une transaction. Les plaintes, r\u00e9clamations, pr\u00e9occupations ou questions concernant les produits tiers doivent \u00eatre adress\u00e9es au tiers.<\/p>\n<h2>SECTION 9: COMMENTAIRES DES UTILISATEURS, COMMENTAIRES ET AUTRES SOUMISSIONS<\/h2>\n<p>Si, \u00e0 notre demande, vous envoyez certaines soumissions sp\u00e9cifiques (par exemple des inscriptions au concours) ou sans demande de notre part, vous envoyez des id\u00e9es cr\u00e9atives, des suggestions, des propositions, des plans ou d&rsquo;autres documents, que ce soit en ligne, par e-mail, par courrier postal ou autrement. (collectivement, \u00ab\u00a0 commentaires \u00a0\u00bb), vous acceptez que nous puissions, \u00e0 tout moment, sans restriction, \u00e9diter, copier, publier, distribuer, traduire et autrement utiliser sur tout support les commentaires que vous nous transmettez. Nous ne sommes et ne serons pas tenus (1) de maintenir la confidentialit\u00e9 des commentaires; (2) de payer une compensation pour tout commentaire; ou (3) pour r\u00e9pondre \u00e0 tout commentaire.<\/p>\n<p>Nous pouvons, mais n&rsquo;avons aucune obligation de surveiller, modifier ou supprimer le contenu que nous d\u00e9terminons \u00e0 notre seule discr\u00e9tion comme \u00e9tant ill\u00e9gal, offensant, mena\u00e7ant, calomnieux, diffamatoire, pornographique, obsc\u00e8ne ou autrement r\u00e9pr\u00e9hensible ou enfreint la propri\u00e9t\u00e9 intellectuelle d&rsquo;une partie ou les pr\u00e9sentes conditions d&rsquo;utilisation. .<\/p>\n<p>Vous acceptez que vos commentaires ne violeront aucun droit d&rsquo;un tiers, y compris les droits d&rsquo;auteur, les marques de commerce, la confidentialit\u00e9, la personnalit\u00e9 ou tout autre droit personnel ou de propri\u00e9t\u00e9. Vous acceptez en outre que vos commentaires ne contiendront pas de mat\u00e9riel diffamatoire ou autrement ill\u00e9gal, abusif ou obsc\u00e8ne, ni ne contiendront aucun virus informatique ou autre logiciel malveillant qui pourrait de quelque mani\u00e8re que ce soit affecter le fonctionnement du Service ou de tout site Web associ\u00e9. Vous ne pouvez pas utiliser une fausse adresse e-mail, pr\u00e9tendre \u00eatre quelqu&rsquo;un d&rsquo;autre que vous-m\u00eame, ou nous induire en erreur ou induire des tiers en erreur quant \u00e0 l&rsquo;origine de tout commentaire. Vous \u00eates seul responsable de tous les commentaires que vous faites et de leur exactitude. Nous n&rsquo;assumons aucune responsabilit\u00e9 et n&rsquo;assumons aucune responsabilit\u00e9 pour les commentaires publi\u00e9s par vous ou par un tiers.<\/p>\n<h2>SECTION 10: INFORMATIONS PERSONNELLES<\/h2>\n<p>Votre soumission d&rsquo;informations personnelles via le magasin est r\u00e9gie par notre politique de confidentialit\u00e9. Pour consulter notre politique de confidentialit\u00e9.<\/p>\n<h2>SECTION 11: ERREURS, INEXACTITUDES ET OMISSIONS<\/h2>\n<p>Parfois, il peut y avoir des informations sur notre site ou dans le service qui contiennent des erreurs typographiques, des inexactitudes ou des omissions qui peuvent se rapporter \u00e0 des descriptions de produits, prix.<\/p>\n<h2>SECTION 12: UTILISATIONS INTERDITES<\/h2>\n<p>En plus des autres interdictions \u00e9nonc\u00e9es dans les Conditions d&rsquo;utilisation, il vous est interdit d&rsquo;utiliser le site ou son contenu: (a) \u00e0 des fins ill\u00e9gales; (b) pour solliciter d&rsquo;autres personnes \u00e0 accomplir ou \u00e0 participer \u00e0 des actes illicites; (c) pour enfreindre les r\u00e8glements, r\u00e8gles, lois ou ordonnances locales internationales, f\u00e9d\u00e9rales, provinciales ou \u00e9tatiques; (d) pour enfreindre ou violer nos droits de propri\u00e9t\u00e9 intellectuelle ou les droits de propri\u00e9t\u00e9 intellectuelle d&rsquo;autrui; (e) harceler, abuser, insulter, nuire, diffamer, calomnier, d\u00e9nigrer, intimider ou discriminer en fonction du sexe, de l&rsquo;orientation sexuelle, de la religion, de l&rsquo;appartenance ethnique, de la race, de l&rsquo;\u00e2ge, de l&rsquo;origine nationale ou du handicap; (f) de soumettre des informations fausses ou trompeuses; (g) pour t\u00e9l\u00e9charger ou transmettre des virus ou tout autre type de code malveillant qui sera ou pourrait \u00eatre utilis\u00e9 de quelque mani\u00e8re que ce soit qui affectera la fonctionnalit\u00e9 ou le fonctionnement du Service ou de tout site Web associ\u00e9, d&rsquo;autres sites Web ou Internet; (h) pour collecter ou suivre les informations personnelles d&rsquo;autrui; (i) pour spammer, hame\u00e7onner, exploiter, pr\u00e9texte, spider, crawler ou gratter; (j) \u00e0 des fins obsc\u00e8nes ou immorales; ou (k) pour interf\u00e9rer avec ou contourner les fonctionnalit\u00e9s de s\u00e9curit\u00e9 du Service ou de tout site Web associ\u00e9, d&rsquo;autres sites Web ou d&rsquo;Internet. Nous nous r\u00e9servons le droit de mettre fin \u00e0 votre utilisation du Service ou de tout site Web associ\u00e9 pour violation de l&rsquo;une des utilisations interdites.<\/p>\n<h2>SECTION 13: EXCLUSION DE RESPONSABILIT\u00c9 OU GARANTIES; LIMITATION DE RESPONSABILIT\u00c9<\/h2>\n<p>Nous ne garantissons pas, ne repr\u00e9sentons ni ne garantissons que votre utilisation de notre service sera ininterrompue, opportune, s\u00e9curis\u00e9e ou sans erreur.<\/p>\n<p>Nous ne garantissons pas que les r\u00e9sultats pouvant \u00eatre obtenus de l&rsquo;utilisation du service seront exacts ou fiables.<\/p>\n<p>Vous acceptez que de temps \u00e0 autre, nous puissions supprimer le service pour des p\u00e9riodes ind\u00e9finies ou annuler le service \u00e0 tout moment, sans pr\u00e9avis.<\/p>\n<p>Vous acceptez express\u00e9ment que votre utilisation ou votre incapacit\u00e9 \u00e0 utiliser le service est \u00e0 vos risques et p\u00e9rils. Le service et tous les produits et services qui vous sont fournis par le biais du service sont (sauf indication expresse de notre part) fournis \u00ab\u00a0 tels quels \u00a0\u00bb et \u00ab\u00a0 tels que disponibles \u00a0\u00bb pour votre utilisation, sans aucune repr\u00e9sentation, garantie ou condition de quelque nature que ce soit, expresse ou implicite, y compris toutes les garanties ou conditions implicites de qualit\u00e9 marchande, de qualit\u00e9 marchande, d&rsquo;ad\u00e9quation \u00e0 un usage particulier, de durabilit\u00e9, de titre et de non-contrefa\u00e7on.<\/p>\n<p>En aucun cas, nous, nos administrateurs, dirigeants, employ\u00e9s, affili\u00e9s, agents, sous-traitants, stagiaires, fournisseurs ou prestataires de services ne serons responsables de toute blessure, perte, r\u00e9clamation ou tout dommage direct, indirect, accidentel, punitif, sp\u00e9cial ou cons\u00e9cutif. de toute nature, y compris, sans limitation, la perte de profits, la perte de revenus, la perte d&rsquo;\u00e9conomies, la perte de donn\u00e9es, les co\u00fbts de remplacement ou tout dommage similaire, qu&rsquo;il soit bas\u00e9 sur un contrat, un d\u00e9lit (y compris la n\u00e9gligence), une responsabilit\u00e9 stricte ou autre, d\u00e9coulant de votre utilisation de tout service ou tout produit achet\u00e9 en utilisant le service, ou pour toute autre r\u00e9clamation li\u00e9e de quelque mani\u00e8re que ce soit \u00e0 votre utilisation du service ou de tout produit, y compris, mais sans s&rsquo;y limiter, toute erreur ou omission dans tout contenu, ou toute perte ou les dommages de toute nature subis du fait de l&rsquo;utilisation du service ou de tout contenu (ou produit) affich\u00e9, transmis ou autrement rendu disponible via le service, m\u00eame s&rsquo;il est inform\u00e9 de leur possibilit\u00e9. \u00c9tant donn\u00e9 que certains \u00e9tats ou juridictions n&rsquo;autorisent pas l&rsquo;exclusion ou la limitation de responsabilit\u00e9 pour les dommages indirects ou accessoires, dans ces \u00e9tats ou juridictions, notre responsabilit\u00e9 sera limit\u00e9e dans la mesure maximale autoris\u00e9e par la loi.<\/p>\n<h2>SECTION 14: INDEMNISATION<\/h2>\n<p>Vous acceptez d&rsquo;indemniser, de d\u00e9fendre et de d\u00e9gager de toute responsabilit\u00e9 notre soci\u00e9t\u00e9 et notre soci\u00e9t\u00e9 m\u00e8re, filiales, soci\u00e9t\u00e9s affili\u00e9es, partenaires, dirigeants, administrateurs, agents, sous-traitants, prestataires de services, sous-traitants, fournisseurs, stagiaires et employ\u00e9s, \u00e0 l&rsquo;abri de toute r\u00e9clamation ou demande, y compris des avocats raisonnables. les frais, factur\u00e9s par un tiers en raison de ou d\u00e9coulant de votre violation des pr\u00e9sentes Conditions d&rsquo;utilisation ou des documents qu&rsquo;elles incorporent par r\u00e9f\u00e9rence, ou de votre violation de toute loi ou des droits d&rsquo;un tiers.<\/p>\n<h2>SECTION 15: DIVISIBILIT\u00c9<\/h2>\n<p>Dans le cas o\u00f9 une disposition des pr\u00e9sentes Conditions d&rsquo;utilisation est jug\u00e9e ill\u00e9gale, nulle ou inapplicable, cette disposition sera n\u00e9anmoins ex\u00e9cutoire dans toute la mesure permise par la loi applicable, et la partie inapplicable sera r\u00e9put\u00e9e \u00eatre s\u00e9par\u00e9e des pr\u00e9sentes Conditions de Service, une telle d\u00e9termination n&rsquo;affectera pas la validit\u00e9 et l&rsquo;applicabilit\u00e9 des autres dispositions restantes.<\/p>\n<h2>SECTION 16: R\u00c9SILIATION<\/h2>\n<p>Les obligations et responsabilit\u00e9s des parties engag\u00e9es avant la date de r\u00e9siliation survivront \u00e0 la r\u00e9siliation de cet accord \u00e0 toutes fins.<\/p>\n<p>Ces conditions d&rsquo;utilisation sont en vigueur \u00e0 moins que et jusqu&rsquo;\u00e0 leur r\u00e9siliation par vous ou par nous. Vous pouvez r\u00e9silier ces conditions d&rsquo;utilisation \u00e0 tout moment en nous notifiant que vous ne souhaitez plus utiliser nos services, ou lorsque vous cessez d&rsquo;utiliser notre site.<\/p>\n<p>Si, \u00e0 notre seul jugement, vous ne parvenez pas, ou nous soup\u00e7onnons que vous avez \u00e9chou\u00e9, \u00e0 vous conformer \u00e0 une condition<\/p>\n<h2>SECTION 17: INT\u00c9GRALIT\u00c9 DE L&rsquo;ACCORD<\/h2>\n<p>Le d\u00e9faut de notre part d&rsquo;exercer ou d&rsquo;appliquer un droit ou une disposition des pr\u00e9sentes Conditions d&rsquo;utilisation ne constitue pas une renonciation \u00e0 ce droit ou \u00e0 cette disposition.<\/p>\n<p>Les pr\u00e9sentes conditions d&rsquo;utilisation et toutes les politiques ou r\u00e8gles de fonctionnement publi\u00e9es par nous sur ce site ou en ce qui concerne le service constituent l&rsquo;int\u00e9gralit\u00e9 de l&rsquo;accord et de la compr\u00e9hension entre vous et nous et r\u00e9gissent votre utilisation du service, rempla\u00e7ant tous les accords, communications et propositions ant\u00e9rieurs ou contemporains. , que ce soit oralement ou par \u00e9crit, entre vous et nous (y compris, mais sans s&rsquo;y limiter, toutes les versions ant\u00e9rieures des Conditions d&rsquo;utilisation).<\/p>\n<p>Toute ambigu\u00eft\u00e9 dans l&rsquo;interpr\u00e9tation des pr\u00e9sentes conditions d&rsquo;utilisation ne doit pas \u00eatre interpr\u00e9t\u00e9e \u00e0 l&rsquo;encontre du r\u00e9dacteur.<\/p>\n<h2>SECTION 18: LOI APPLICABLE<\/h2>\n<p>Les pr\u00e9sentes conditions d&rsquo;utilisation et tout accord s\u00e9par\u00e9 par lequel nous vous fournissons des services sont r\u00e9gis et interpr\u00e9t\u00e9s conform\u00e9ment aux lois de l&rsquo;Union europ\u00e9enne.<\/p>\n<h2>SECTION 19: MODIFICATIONS DES CONDITIONS DE SERVICE<\/h2>\n<p>Vous pouvez consulter la version la plus r\u00e9cente des conditions d&rsquo;utilisation \u00e0 tout moment sur cette page.<\/p>\n<p>Nous nous r\u00e9servons le droit, \u00e0 notre seule discr\u00e9tion, de mettre \u00e0 jour, de modifier ou de remplacer toute partie de ces Conditions d&rsquo;utilisation en publiant des mises \u00e0 jour et des modifications sur notre site Web. Il est de votre responsabilit\u00e9 de v\u00e9rifier p\u00e9riodiquement notre site Web pour les changements. Votre utilisation continue ou l&rsquo;acc\u00e8s \u00e0 notre site Web ou au Service apr\u00e8s la publication de toute modification des pr\u00e9sentes Conditions d&rsquo;utilisation constitue une acceptation de ces modifications.<\/p>\n<h2>SECTION 20: COORDONN\u00c9ES<\/h2>\n<p>Les questions sur les conditions d&rsquo;utilisation doivent nous \u00eatre envoy\u00e9es \u00e0 contact@sinoptix.eu.<\/p>\n<\/div><\/section><\/div>\n","protected":false},"excerpt":{"rendered":"","protected":false},"author":1,"featured_media":0,"parent":0,"menu_order":0,"comment_status":"closed","ping_status":"closed","template":"","meta":{"footnotes":""},"class_list":["post-9592","page","type-page","status-publish","hentry"],"_links":{"self":[{"href":"https:\/\/sinoptix.eu\/fr\/wp-json\/wp\/v2\/pages\/9592","targetHints":{"allow":["GET"]}}],"collection":[{"href":"https:\/\/sinoptix.eu\/fr\/wp-json\/wp\/v2\/pages"}],"about":[{"href":"https:\/\/sinoptix.eu\/fr\/wp-json\/wp\/v2\/types\/page"}],"author":[{"embeddable":true,"href":"https:\/\/sinoptix.eu\/fr\/wp-json\/wp\/v2\/users\/1"}],"replies":[{"embeddable":true,"href":"https:\/\/sinoptix.eu\/fr\/wp-json\/wp\/v2\/comments?post=9592"}],"version-history":[{"count":0,"href":"https:\/\/sinoptix.eu\/fr\/wp-json\/wp\/v2\/pages\/9592\/revisions"}],"wp:attachment":[{"href":"https:\/\/sinoptix.eu\/fr\/wp-json\/wp\/v2\/media?parent=9592"}],"curies":[{"name":"wp","href":"https:\/\/api.w.org\/{rel}","templated":true}]}}